{"id":2079,"date":"2025-10-03T10:34:30","date_gmt":"2025-10-03T13:34:30","guid":{"rendered":"https:\/\/sites.usp.br\/historiaconectada\/?page_id=2079"},"modified":"2025-10-03T10:50:54","modified_gmt":"2025-10-03T13:50:54","slug":"chamadas-abertas","status":"publish","type":"page","link":"https:\/\/sites.usp.br\/historiaconectada\/chamadas-abertas\/","title":{"rendered":"Chamadas Abertas"},"content":{"rendered":"\t\t<div data-elementor-type=\"wp-page\" data-elementor-id=\"2079\" class=\"elementor elementor-2079\" data-elementor-post-type=\"page\">\n\t\t\t\t\t\t<section class=\"elementor-section elementor-top-section elementor-element elementor-element-81f2a4d elementor-section-boxed elementor-section-height-default elementor-section-height-default\" data-id=\"81f2a4d\" data-element_type=\"section\">\n\t\t\t\t\t\t<div class=\"elementor-container elementor-column-gap-default\">\n\t\t\t\t\t<div class=\"elementor-column elementor-col-100 elementor-top-column elementor-element elementor-element-40a2d8f\" data-id=\"40a2d8f\" data-element_type=\"column\">\n\t\t\t<div class=\"elementor-widget-wrap elementor-element-populated\">\n\t\t\t\t\t\t<div class=\"elementor-element elementor-element-9c9882b elementor-widget elementor-widget-heading\" data-id=\"9c9882b\" data-element_type=\"widget\" data-widget_type=\"heading.default\">\n\t\t\t\t<div class=\"elementor-widget-container\">\n\t\t\t<h2 class=\"elementor-heading-title elementor-size-default\">Dossi\u00ea Tem\u00e1tico  \u201cConstru\u00e7\u00e3o de comunidades e circula\u00e7\u00e3o no Mediterr\u00e2neo medieval\u201d,  Revista Angelus Novus (A3)<\/h2>\t\t<\/div>\n\t\t\t\t<\/div>\n\t\t\t\t<section class=\"elementor-section elementor-inner-section elementor-element elementor-element-bbf45cc elementor-section-boxed elementor-section-height-default elementor-section-height-default\" data-id=\"bbf45cc\" data-element_type=\"section\">\n\t\t\t\t\t\t<div class=\"elementor-container elementor-column-gap-default\">\n\t\t\t\t\t<div class=\"elementor-column elementor-col-50 elementor-inner-column elementor-element elementor-element-c187cbc\" data-id=\"c187cbc\" data-element_type=\"column\">\n\t\t\t<div class=\"elementor-widget-wrap\">\n\t\t\t\t\t\t\t<\/div>\n\t\t<\/div>\n\t\t\t\t<div class=\"elementor-column elementor-col-50 elementor-inner-column elementor-element elementor-element-f42a3f1\" data-id=\"f42a3f1\" data-element_type=\"column\">\n\t\t\t<div class=\"elementor-widget-wrap elementor-element-populated\">\n\t\t\t\t\t\t<div class=\"elementor-element elementor-element-113ab44 elementor-widget elementor-widget-text-editor\" data-id=\"113ab44\" data-element_type=\"widget\" data-widget_type=\"text-editor.default\">\n\t\t\t\t<div class=\"elementor-widget-container\">\n\t\t\t\t\t\t\t<p><b>Organizadores: <\/b>Arthur Rocha M. R. Teixeira (Unicamp); Diego Aparecido de Souza Pereira (Unicamp); Isabela Alves Silva (USP).<\/p><p><b>Sobre a chamada:<\/b> Este dossi\u00ea visa acolher estudos sobre a integra\u00e7\u00e3o de comunidades e espa\u00e7os a partir da circula\u00e7\u00e3o de pessoas, objetos e saberes na bacia do Mediterr\u00e2neo entre os s\u00e9culos V e XVII. Partimos da perspectiva da Hist\u00f3ria Conectada, que busca superar os limites impostos por recortes nacionais e euroc\u00eantricos e destacar redes e conex\u00f5es entre as comunidades passadas. Interessa-nos compreender como a circula\u00e7\u00e3o \u2014 volunt\u00e1ria ou involunt\u00e1ria, mercantil ou simb\u00f3lica \u2014 pode transformar o valor, o uso e o sentido daquilo que circula e afetar as formas de sociabilidade, os espa\u00e7os e os sistemas de conhecimento. As contribui\u00e7\u00f5es devem explorar a circula\u00e7\u00e3o de pessoas ou de cria\u00e7\u00f5es materiais e imateriais, como os bens de propriedade, as pr\u00e1ticas religiosas e\/ou pol\u00edticas, os modelos art\u00edsticos, as imagens e os saberes, e se atentar para os poss\u00edveis processos de apropria\u00e7\u00e3o, hibridiza\u00e7\u00e3o e ressignifica\u00e7\u00e3o. A proposta \u00e9 esclarecer como essas din\u00e2micas atuam na constitui\u00e7\u00e3o de comunidades e na constru\u00e7\u00e3o de espa\u00e7os diversos, tais como o claustro, os lugares sagrados, os itiner\u00e1rios do poder e as rotas comerciais e diplom\u00e1ticas. Tamb\u00e9m ser\u00e3o bem-vindas an\u00e1lises que evidenciem as condi\u00e7\u00f5es que viabilizam ou que restringem a circula\u00e7\u00e3o e os deslocamentos do que circula, sejam eles locais, regionais ou intercontinentais.<\/p><p><b>Submiss\u00f5es: <\/b><span style=\"font-weight: 400;\">A Revista Angelus Novus aceita trabalhos de pesquisadores graduados, mestrandos, mestres, doutorandos e doutores. As submiss\u00f5es podem ser feitas pelo site do peri\u00f3dico: <a href=\"https:\/\/revistas.usp.br\/ran\/index\" target=\"_blank\" rel=\"noopener\">https:\/\/revistas.usp.br\/ran\/index<\/a><\/span><\/p><p><strong>Prazo para submiss\u00f5es:<\/strong> At\u00e9 03 de Novembro de 2025.<\/p>\t\t\t\t\t\t<\/div>\n\t\t\t\t<\/div>\n\t\t\t\t\t<\/div>\n\t\t<\/div>\n\t\t\t\t\t<\/div>\n\t\t<\/section>\n\t\t\t\t<div class=\"elementor-element elementor-element-cad3965 elementor-widget elementor-widget-spacer\" data-id=\"cad3965\" data-element_type=\"widget\" data-widget_type=\"spacer.default\">\n\t\t\t\t<div class=\"elementor-widget-container\">\n\t\t\t\t\t<div class=\"elementor-spacer\">\n\t\t\t<div class=\"elementor-spacer-inner\"><\/div>\n\t\t<\/div>\n\t\t\t\t<\/div>\n\t\t\t\t<\/div>\n\t\t\t\t\t<\/div>\n\t\t<\/div>\n\t\t\t\t\t<\/div>\n\t\t<\/section>\n\t\t\t\t<\/div>\n\t\t","protected":false},"excerpt":{"rendered":"<p>Dossi\u00ea Tem\u00e1tico \u201cConstru\u00e7\u00e3o de comunidades e circula\u00e7\u00e3o no Mediterr\u00e2neo medieval\u201d, Revista Angelus Novus (A3) Organizadores: Arthur Rocha M. R. Teixeira (Unicamp); Diego Aparecido de Souza Pereira (Unicamp); Isabela Alves Silva [&hellip;]<\/p>\n","protected":false},"author":24180,"featured_media":0,"parent":0,"menu_order":0,"comment_status":"closed","ping_status":"closed","template":"","meta":{"footnotes":"","_links_to":"","_links_to_target":""},"class_list":["post-2079","page","type-page","status-publish","hentry","entry"],"_links":{"self":[{"href":"https:\/\/sites.usp.br\/historiaconectada\/wp-json\/wp\/v2\/pages\/2079","targetHints":{"allow":["GET"]}}],"collection":[{"href":"https:\/\/sites.usp.br\/historiaconectada\/wp-json\/wp\/v2\/pages"}],"about":[{"href":"https:\/\/sites.usp.br\/historiaconectada\/wp-json\/wp\/v2\/types\/page"}],"author":[{"embeddable":true,"href":"https:\/\/sites.usp.br\/historiaconectada\/wp-json\/wp\/v2\/users\/24180"}],"replies":[{"embeddable":true,"href":"https:\/\/sites.usp.br\/historiaconectada\/wp-json\/wp\/v2\/comments?post=2079"}],"version-history":[{"count":4,"href":"https:\/\/sites.usp.br\/historiaconectada\/wp-json\/wp\/v2\/pages\/2079\/revisions"}],"predecessor-version":[{"id":2088,"href":"https:\/\/sites.usp.br\/historiaconectada\/wp-json\/wp\/v2\/pages\/2079\/revisions\/2088"}],"wp:attachment":[{"href":"https:\/\/sites.usp.br\/historiaconectada\/wp-json\/wp\/v2\/media?parent=2079"}],"curies":[{"name":"wp","href":"https:\/\/api.w.org\/{rel}","templated":true}]}}