{"id":2521,"date":"2026-03-31T01:49:00","date_gmt":"2026-03-31T04:49:00","guid":{"rendered":"https:\/\/sites.usp.br\/historiaconectada\/?page_id=2521"},"modified":"2026-03-31T02:44:33","modified_gmt":"2026-03-31T05:44:33","slug":"alterar-senha","status":"publish","type":"page","link":"https:\/\/sites.usp.br\/historiaconectada\/alterar-senha\/","title":{"rendered":"Alterar Senha"},"content":{"rendered":"\t\t<div data-elementor-type=\"wp-page\" data-elementor-id=\"2521\" class=\"elementor elementor-2521\" data-elementor-post-type=\"page\">\n\t\t\t\t\t\t<section class=\"elementor-section elementor-top-section elementor-element elementor-element-b7ee330 elementor-section-boxed elementor-section-height-default elementor-section-height-default\" data-id=\"b7ee330\" data-element_type=\"section\">\n\t\t\t\t\t\t<div class=\"elementor-container elementor-column-gap-default\">\n\t\t\t\t\t<div class=\"elementor-column elementor-col-100 elementor-top-column elementor-element elementor-element-f403c59\" data-id=\"f403c59\" data-element_type=\"column\">\n\t\t\t<div class=\"elementor-widget-wrap elementor-element-populated\">\n\t\t\t\t\t\t<div class=\"elementor-element elementor-element-aaef71a elementor-widget elementor-widget-html\" data-id=\"aaef71a\" data-element_type=\"widget\" data-widget_type=\"html.default\">\n\t\t\t\t<div class=\"elementor-widget-container\">\n\t\t\t<div class=\"box-senha-final\" style=\"max-width: 600px; margin: 40px auto; padding: 40px; border: 1px solid #d1d1d1; border-radius: 12px; background: #fff; box-shadow: 0px 10px 25px rgba(0,0,0,0.1); font-family: sans-serif;\">\r\n    \r\n    <h3 id=\"titulo-hc\" style=\"text-align: center; color: #003366; margin-bottom: 30px; font-size: 24px;\">Alterar Senha<\/h3>\r\n\r\n    <div id=\"plugin-invisivel\" style=\"display:none !important;\">\r\n        <div class=\"swpm_profile_not_logged_in_msg\">Voc\u00ea n\u00e3o est\u00e1 conectado.<\/div>\r\n    <\/div>\r\n\r\n    <div id=\"meu-form-container\">\r\n        <form id=\"form-fake\">\r\n            <div style=\"margin-bottom: 20px;\">\r\n                <label style=\"display:block; margin-bottom:8px; color:#333; font-weight: bold;\">Nova Senha<\/label>\r\n                <input type=\"password\" id=\"nova-senha\" required style=\"width:100%; padding:14px; border:1px solid #ccc; border-radius:8px; box-sizing:border-box; font-size: 16px;\">\r\n            <\/div>\r\n\r\n            <div style=\"margin-bottom: 25px;\">\r\n                <label style=\"display:block; margin-bottom:8px; color:#333; font-weight: bold;\">Confirmar Nova Senha<\/label>\r\n                <input type=\"password\" id=\"confirma-senha\" required style=\"width:100%; padding:14px; border:1px solid #ccc; border-radius:8px; box-sizing:border-box; font-size: 16px;\">\r\n            <\/div>\r\n\r\n            <button type=\"submit\" id=\"btn-fake\" style=\"width:100%; background:#003366; color:white; padding:18px; border:none; border-radius:8px; font-weight:bold; cursor:pointer; text-transform:uppercase; font-size: 16px;\">\r\n                ATUALIZAR SENHA\r\n            <\/button>\r\n        <\/form>\r\n    <\/div>\r\n\r\n    <div id=\"msg-sucesso-hc\" style=\"display:none; text-align:center; padding: 20px; border: 1px solid #c8e6c9; background: #f1f8e9; border-radius: 8px; color: #2e7d32; font-weight: bold;\">\r\n        <span style=\"font-size: 24px; display: block; margin-bottom: 10px;\">\u2705<\/span>\r\n        Senha alterada com sucesso!\r\n        <br><br>\r\n        <a href=\"https:\/\/sites.usp.br\/historiaconectada\/\" style=\"color: #003366; text-decoration: underline; font-size: 14px;\">Ir para o In\u00edcio<\/a>\r\n    <\/div>\r\n<\/div>\r\n\r\n<script>\r\ndocument.getElementById('form-fake').addEventListener('submit', function(e) {\r\n    e.preventDefault();\r\n    \r\n    var p1 = document.getElementById('nova-senha').value;\r\n    var p2 = document.getElementById('confirma-senha').value;\r\n    \r\n    if (p1 !== p2) {\r\n        alert(\"As senhas n\u00e3o coincidem!\");\r\n        return;\r\n    }\r\n\r\n    \/\/ A M\u00c1GICA: Pegamos os valores do seu form e jogamos nos campos escondidos do plugin\r\n    var camposPlugin = document.querySelectorAll('#plugin-invisivel input[type=\"password\"]');\r\n    if (camposPlugin.length >= 2) {\r\n        camposPlugin[0].value = p1;\r\n        camposPlugin[1].value = p1; \/\/ O plugin as vezes pede a senha atual, mas no profile edit ele aceita a nova nos dois\r\n    }\r\n\r\n    \/\/ Disparamos o clique no bot\u00e3o real do plugin que est\u00e1 escondido\r\n    var btnReal = document.querySelector('#plugin-invisivel input[type=\"submit\"]');\r\n    if (btnReal) {\r\n        btnReal.click();\r\n    }\r\n});\r\n\r\n\/\/ Verifica se a p\u00e1gina recarregou com sucesso (par\u00e2metro do plugin)\r\nwindow.addEventListener('load', function() {\r\n    if (window.location.href.indexOf('profile_updated=1') > -1) {\r\n        document.getElementById('meu-form-container').style.display = 'none';\r\n        document.getElementById('titulo-hc').innerText = \"Tudo pronto!\";\r\n        document.getElementById('msg-sucesso-hc').style.display = 'block';\r\n    }\r\n});\r\n<\/script>\t\t<\/div>\n\t\t\t\t<\/div>\n\t\t\t\t\t<\/div>\n\t\t<\/div>\n\t\t\t\t\t<\/div>\n\t\t<\/section>\n\t\t\t\t<\/div>\n\t\t","protected":false},"excerpt":{"rendered":"<p>Alterar Senha Nova Senha Confirmar Nova Senha ATUALIZAR SENHA \u2705 Senha alterada com sucesso! Ir para o In\u00edcio<\/p>\n","protected":false},"author":24180,"featured_media":0,"parent":0,"menu_order":0,"comment_status":"closed","ping_status":"closed","template":"","meta":{"footnotes":"","_links_to":"","_links_to_target":""},"class_list":["post-2521","page","type-page","status-publish","hentry","entry"],"_links":{"self":[{"href":"https:\/\/sites.usp.br\/historiaconectada\/wp-json\/wp\/v2\/pages\/2521","targetHints":{"allow":["GET"]}}],"collection":[{"href":"https:\/\/sites.usp.br\/historiaconectada\/wp-json\/wp\/v2\/pages"}],"about":[{"href":"https:\/\/sites.usp.br\/historiaconectada\/wp-json\/wp\/v2\/types\/page"}],"author":[{"embeddable":true,"href":"https:\/\/sites.usp.br\/historiaconectada\/wp-json\/wp\/v2\/users\/24180"}],"replies":[{"embeddable":true,"href":"https:\/\/sites.usp.br\/historiaconectada\/wp-json\/wp\/v2\/comments?post=2521"}],"version-history":[{"count":4,"href":"https:\/\/sites.usp.br\/historiaconectada\/wp-json\/wp\/v2\/pages\/2521\/revisions"}],"predecessor-version":[{"id":2582,"href":"https:\/\/sites.usp.br\/historiaconectada\/wp-json\/wp\/v2\/pages\/2521\/revisions\/2582"}],"wp:attachment":[{"href":"https:\/\/sites.usp.br\/historiaconectada\/wp-json\/wp\/v2\/media?parent=2521"}],"curies":[{"name":"wp","href":"https:\/\/api.w.org\/{rel}","templated":true}]}}