{"id":526,"date":"2024-02-06T14:15:04","date_gmt":"2024-02-06T16:15:04","guid":{"rendered":"https:\/\/sites.usp.br\/historiaconectada\/?page_id=526"},"modified":"2024-10-30T21:48:25","modified_gmt":"2024-10-31T00:48:25","slug":"pesquisadores-principais","status":"publish","type":"page","link":"https:\/\/sites.usp.br\/historiaconectada\/pesquisadores-principais\/","title":{"rendered":"Pesquisadores Principais"},"content":{"rendered":"\t\t<div data-elementor-type=\"wp-page\" data-elementor-id=\"526\" class=\"elementor elementor-526\" data-elementor-post-type=\"page\">\n\t\t\t\t\t\t<section class=\"elementor-section elementor-top-section elementor-element elementor-element-a1af191 elementor-section-boxed elementor-section-height-default elementor-section-height-default\" data-id=\"a1af191\" data-element_type=\"section\">\n\t\t\t\t\t\t<div class=\"elementor-container elementor-column-gap-default\">\n\t\t\t\t\t<div class=\"elementor-column elementor-col-100 elementor-top-column elementor-element elementor-element-3618307\" data-id=\"3618307\" data-element_type=\"column\">\n\t\t\t<div class=\"elementor-widget-wrap elementor-element-populated\">\n\t\t\t\t\t\t<div class=\"elementor-element elementor-element-1f85ce9 elementor-widget elementor-widget-heading\" data-id=\"1f85ce9\" data-element_type=\"widget\" data-widget_type=\"heading.default\">\n\t\t\t\t<div class=\"elementor-widget-container\">\n\t\t\t<h4 class=\"elementor-heading-title elementor-size-default\">Marcelo C\u00e2ndido da Silva<\/h4>\t\t<\/div>\n\t\t\t\t<\/div>\n\t\t\t\t<div class=\"elementor-element elementor-element-079f940 elementor-widget elementor-widget-heading\" data-id=\"079f940\" data-element_type=\"widget\" data-widget_type=\"heading.default\">\n\t\t\t\t<div class=\"elementor-widget-container\">\n\t\t\t<h2 class=\"elementor-heading-title elementor-size-default\">Crises ambientais, pobreza e fome no Mediterr\u00e2neo (s\u00e9culos VIII-XI)<\/h2>\t\t<\/div>\n\t\t\t\t<\/div>\n\t\t\t\t<div class=\"elementor-element elementor-element-4e1c440 elementor-widget elementor-widget-text-editor\" data-id=\"4e1c440\" data-element_type=\"widget\" data-widget_type=\"text-editor.default\">\n\t\t\t\t<div class=\"elementor-widget-container\">\n\t\t\t\t\t\t\t<p><strong>Eixo:<\/strong> Espa\u00e7o e Comunidades\/M\u00e9todos Digitais<\/p>\t\t\t\t\t\t<\/div>\n\t\t\t\t<\/div>\n\t\t\t\t<div class=\"elementor-element elementor-element-656f218 elementor-widget elementor-widget-text-editor\" data-id=\"656f218\" data-element_type=\"widget\" data-widget_type=\"text-editor.default\">\n\t\t\t\t<div class=\"elementor-widget-container\">\n\t\t\t\t\t\t\t<p><strong>Resumo do projeto individual:<\/strong> A bacia do Mediterr\u00e2neo foi atingida, ao longo de toda a Alta Idade M\u00e9dia, por crises alimentares cujo alcance geogr\u00e1fico n\u00e3o correspondia \u00e0s fronteiras pol\u00edticas ou culturais da regi\u00e3o. Os textos escritos do per\u00edodo associam frequentemente tais crises aos fen\u00f4menos clim\u00e1ticos (seca, inunda\u00e7\u00f5es, invernos rigorosos etc.). Nos \u00faltimos anos, no entanto, os historiadores t\u00eam chamado a aten\u00e7\u00e3o para a import\u00e2ncia de fatores s\u00f3cio-pol\u00edticos, como a pobreza e as hierarquias sociais, para se entender o fen\u00f4meno da fome. Todavia, a quest\u00e3o do peso relativo dos fatores ambientais e dos fatores pol\u00edticos na explica\u00e7\u00e3o da fome permanece em aberto para o mundo p\u00f3s-romano. A documenta\u00e7\u00e3o escrita est\u00e1 repleta de men\u00e7\u00f5es a fen\u00f4menos clim\u00e1ticos e \u00e0 pobreza, bem como \u00e0s respostas \u00e0 crise; nos relat\u00f3rios de escava\u00e7\u00e3o, temos dados preciosos sobre as hierarquias sociais e as condi\u00e7\u00f5es de vida das elites e das popula\u00e7\u00f5es subalternas; finalmente, os proxies clim\u00e1ticos fornecem um quadro de um detalhamento in\u00e9dito das experi\u00eancias ambientais do per\u00edodo. A an\u00e1lise em conjunto desses dados, sobretudo no que se refere \u00e0 G\u00e1lia, \u00e0 Pen\u00ednsula It\u00e1lica e \u00e0 Pen\u00ednsula Ib\u00e9rica entre os s\u00e9culos VIII e XI, nos ajudar\u00e1 a compreender o quadro de resili\u00eancia e de vulnerabilidade das sociedades mediterr\u00e2nicas diante da fome. Este projeto pretende: a) cotejar as refer\u00eancias \u00e0 fome e aos fen\u00f4menos clim\u00e1ticos presentes nas cr\u00f4nicas, anais, hist\u00f3rias, ep\u00edstolas e hagiografias do per\u00edodo com informa\u00e7\u00f5es oriundas dos enterramentos e da climatologia; b) tra\u00e7ar, a partir do cruzamento de dados fornecidos pelos relatos escritos, pela arqueologia funer\u00e1ria e pela paleoclimatologia, um panorama das diferentes condi\u00e7\u00f5es de distribui\u00e7\u00e3o e de acesso aos g\u00eaneros aliment\u00edcios; c) identificar os diferentes tipos de rea\u00e7\u00f5es \u00e0s crises alimentares, levando em conta a identidade de seus agentes promotores, sua origem geogr\u00e1fica, suas pr\u00e1ticas de gest\u00e3o.&nbsp;<\/p>\t\t\t\t\t\t<\/div>\n\t\t\t\t<\/div>\n\t\t\t\t<section class=\"elementor-section elementor-inner-section elementor-element elementor-element-b86860f elementor-section-boxed elementor-section-height-default elementor-section-height-default\" data-id=\"b86860f\" data-element_type=\"section\">\n\t\t\t\t\t\t<div class=\"elementor-container elementor-column-gap-default\">\n\t\t\t\t\t<div class=\"elementor-column elementor-col-50 elementor-inner-column elementor-element elementor-element-35e6a6e\" data-id=\"35e6a6e\" data-element_type=\"column\">\n\t\t\t<div class=\"elementor-widget-wrap elementor-element-populated\">\n\t\t\t\t\t\t<div class=\"elementor-element elementor-element-867664c elementor-widget elementor-widget-image\" data-id=\"867664c\" data-element_type=\"widget\" data-widget_type=\"image.default\">\n\t\t\t\t<div class=\"elementor-widget-container\">\n\t\t\t\t\t\t\t\t\t\t<figure class=\"wp-caption\">\n\t\t\t\t\t\t\t\t\t\t\t<a href=\"https:\/\/usp-br.academia.edu\/MarceloC\u00e2ndidodaSilva\" target=\"_blank\">\n\t\t\t\t\t\t\t<img decoding=\"async\" src=\"https:\/\/sites.usp.br\/historiaconectada\/wp-content\/uploads\/sites\/1314\/2024\/02\/academia.edu_.png\" title=\"academia.edu\" alt=\"Icone para acesso ao Academia.edu.\" class=\"elementor-animation-shrink\" loading=\"lazy\" \/>\t\t\t\t\t\t\t\t<\/a>\n\t\t\t\t\t\t\t\t\t\t\t<figcaption class=\"widget-image-caption wp-caption-text\">Academia.edu<\/figcaption>\n\t\t\t\t\t\t\t\t\t\t<\/figure>\n\t\t\t\t\t\t\t<\/div>\n\t\t\t\t<\/div>\n\t\t\t\t\t<\/div>\n\t\t<\/div>\n\t\t\t\t<div class=\"elementor-column elementor-col-50 elementor-inner-column elementor-element elementor-element-9103018\" data-id=\"9103018\" data-element_type=\"column\">\n\t\t\t<div class=\"elementor-widget-wrap elementor-element-populated\">\n\t\t\t\t\t\t<div class=\"elementor-element elementor-element-fad0c06 elementor-widget elementor-widget-image\" data-id=\"fad0c06\" data-element_type=\"widget\" data-widget_type=\"image.default\">\n\t\t\t\t<div class=\"elementor-widget-container\">\n\t\t\t\t\t\t\t\t\t\t<figure class=\"wp-caption\">\n\t\t\t\t\t\t\t\t\t\t\t<a href=\"http:\/\/lattes.cnpq.br\/1658785104998931\" target=\"_blank\">\n\t\t\t\t\t\t\t<img decoding=\"async\" src=\"https:\/\/sites.usp.br\/historiaconectada\/wp-content\/uploads\/sites\/1314\/2024\/02\/lattes.png\" title=\"lattes\" alt=\"\u00cdcone para acesso ao Lattes.\" class=\"elementor-animation-shrink\" loading=\"lazy\" \/>\t\t\t\t\t\t\t\t<\/a>\n\t\t\t\t\t\t\t\t\t\t\t<figcaption class=\"widget-image-caption wp-caption-text\">Lattes<\/figcaption>\n\t\t\t\t\t\t\t\t\t\t<\/figure>\n\t\t\t\t\t\t\t<\/div>\n\t\t\t\t<\/div>\n\t\t\t\t\t<\/div>\n\t\t<\/div>\n\t\t\t\t\t<\/div>\n\t\t<\/section>\n\t\t\t\t<section class=\"elementor-section elementor-inner-section elementor-element elementor-element-c72df30 elementor-section-boxed elementor-section-height-default elementor-section-height-default\" data-id=\"c72df30\" data-element_type=\"section\">\n\t\t\t\t\t\t<div class=\"elementor-container elementor-column-gap-default\">\n\t\t\t\t\t<div class=\"elementor-column elementor-col-100 elementor-inner-column elementor-element elementor-element-e8a7134\" data-id=\"e8a7134\" data-element_type=\"column\">\n\t\t\t<div class=\"elementor-widget-wrap elementor-element-populated\">\n\t\t\t\t\t\t<div class=\"elementor-element elementor-element-574c88b elementor-widget-divider--view-line elementor-widget elementor-widget-divider\" data-id=\"574c88b\" data-element_type=\"widget\" data-widget_type=\"divider.default\">\n\t\t\t\t<div class=\"elementor-widget-container\">\n\t\t\t\t\t<div class=\"elementor-divider\">\n\t\t\t<span class=\"elementor-divider-separator\">\n\t\t\t\t\t\t<\/span>\n\t\t<\/div>\n\t\t\t\t<\/div>\n\t\t\t\t<\/div>\n\t\t\t\t\t<\/div>\n\t\t<\/div>\n\t\t\t\t\t<\/div>\n\t\t<\/section>\n\t\t\t\t\t<\/div>\n\t\t<\/div>\n\t\t\t\t\t<\/div>\n\t\t<\/section>\n\t\t\t\t<section class=\"elementor-section elementor-top-section elementor-element elementor-element-2c0bde3 elementor-section-boxed elementor-section-height-default elementor-section-height-default\" data-id=\"2c0bde3\" data-element_type=\"section\">\n\t\t\t\t\t\t<div class=\"elementor-container elementor-column-gap-default\">\n\t\t\t\t\t<div class=\"elementor-column elementor-col-100 elementor-top-column elementor-element elementor-element-e6b3bb0\" data-id=\"e6b3bb0\" data-element_type=\"column\">\n\t\t\t<div class=\"elementor-widget-wrap elementor-element-populated\">\n\t\t\t\t\t\t<div class=\"elementor-element elementor-element-d53517c elementor-widget elementor-widget-heading\" data-id=\"d53517c\" data-element_type=\"widget\" data-widget_type=\"heading.default\">\n\t\t\t\t<div class=\"elementor-widget-container\">\n\t\t\t<h4 class=\"elementor-heading-title elementor-size-default\">Ana Paula Torres Megiani<\/h4>\t\t<\/div>\n\t\t\t\t<\/div>\n\t\t\t\t<div class=\"elementor-element elementor-element-79b7463 elementor-widget elementor-widget-heading\" data-id=\"79b7463\" data-element_type=\"widget\" data-widget_type=\"heading.default\">\n\t\t\t\t<div class=\"elementor-widget-container\">\n\t\t\t<h2 class=\"elementor-heading-title elementor-size-default\">Cultura escrita em perspectiva global:&nbsp;<div>a circula\u00e7\u00e3o de not\u00edcias entre o Mediterr\u00e2neo e o mundo ib\u00e9rico. S\u00e9cs. XV-XVII <\/div><\/h2>\t\t<\/div>\n\t\t\t\t<\/div>\n\t\t\t\t<div class=\"elementor-element elementor-element-c38b783 elementor-widget elementor-widget-text-editor\" data-id=\"c38b783\" data-element_type=\"widget\" data-widget_type=\"text-editor.default\">\n\t\t\t\t<div class=\"elementor-widget-container\">\n\t\t\t\t\t\t\t<p><strong>Eixo:<\/strong> <span style=\"font-weight: 400;\">Comunica\u00e7\u00e3o e Circula\u00e7\u00e3o<\/span><\/p>\t\t\t\t\t\t<\/div>\n\t\t\t\t<\/div>\n\t\t\t\t<div class=\"elementor-element elementor-element-7a3393f elementor-widget elementor-widget-text-editor\" data-id=\"7a3393f\" data-element_type=\"widget\" data-widget_type=\"text-editor.default\">\n\t\t\t\t<div class=\"elementor-widget-container\">\n\t\t\t\t\t\t\t<p><strong>Resumo do projeto individual: <\/strong>Este projeto tem por objetivo refletir acerca da circula\u00e7\u00e3o de not\u00edcias \u2013 impressas e\/ou manuscritas \u2013 entre Portugal e Espanha e seus vastos dom\u00ednios, durante os s\u00e9culos XV e XVII. As not\u00edcias que circularam em formas de Relaciones de Sucesos, Anais, Gazetas, Merc\u00farios e outras, foram respons\u00e1veis pela constru\u00e7\u00e3o de um conjunto de representa\u00e7\u00f5es dos poderes constitu\u00eddos e desempenharam papel fundamental na constitui\u00e7\u00e3o de um cultura pol\u00edtica de longa dist\u00e2ncia, dado que tais pap\u00e9is circularam por todas as partes do globo, configurando um plano de v\u00ednculo entre as metr\u00f3poles e suas col\u00f4nias definindo o que Benedict Anderson denominou como ra\u00edzes culturais de suas comunidades imaginadas. As not\u00edcias foram reunidas e colecionadas por homens de letras, cl\u00e9rigos nobres e funcion\u00e1rios da coroa, e podem ser encontradas atualmente em acervos de bibliotecas e arquivos. Alguns desses \u201ccolecionadores de not\u00edcias\u201d j\u00e1 come\u00e7aram a ser estudados por n\u00f3s, como s\u00e3o os casos dos portugueses Manuel Severim de Faria (1583-1655), chantre eborense e Jer\u00f3nimo Mascarenhas (1600-1669), do bispo de Seg\u00f3via e confessor da rainha D. Mariana de \u00c1ustria, esposa de Felipe IV de Espanha. A partir das miscel\u00e2neas reunidas por ambos \u00e9 poss\u00edvel conhecer uma ampla gama de not\u00edcias impressas e manuscritas que circularam entre os reinos de Portugal e Espanha e suas conquistas entre os s\u00e9culos XV e XVII. Seus acervos encontram-se dispon\u00edveis em diferentes institui\u00e7\u00f5es, bibliotecas de arquivos portugueses, espanh\u00f3is e tamb\u00e9m brasileiros como o IHGB, IHGP e a BN Rio.\u00a0<\/p>\t\t\t\t\t\t<\/div>\n\t\t\t\t<\/div>\n\t\t\t\t<section class=\"elementor-section elementor-inner-section elementor-element elementor-element-07566a1 elementor-section-boxed elementor-section-height-default elementor-section-height-default\" data-id=\"07566a1\" data-element_type=\"section\">\n\t\t\t\t\t\t<div class=\"elementor-container elementor-column-gap-default\">\n\t\t\t\t\t<div class=\"elementor-column elementor-col-50 elementor-inner-column elementor-element elementor-element-b9d7779\" data-id=\"b9d7779\" data-element_type=\"column\">\n\t\t\t<div class=\"elementor-widget-wrap elementor-element-populated\">\n\t\t\t\t\t\t<div class=\"elementor-element elementor-element-83a8244 elementor-widget elementor-widget-image\" data-id=\"83a8244\" data-element_type=\"widget\" data-widget_type=\"image.default\">\n\t\t\t\t<div class=\"elementor-widget-container\">\n\t\t\t\t\t\t\t\t\t\t<figure class=\"wp-caption\">\n\t\t\t\t\t\t\t\t\t\t\t<a href=\"https:\/\/usp-br1.academia.edu\/AnaPaulaMegiani\" target=\"_blank\">\n\t\t\t\t\t\t\t<img decoding=\"async\" src=\"https:\/\/sites.usp.br\/historiaconectada\/wp-content\/uploads\/sites\/1314\/2024\/02\/academia.edu_.png\" title=\"academia.edu\" alt=\"Icone para acesso ao Academia.edu.\" class=\"elementor-animation-shrink\" loading=\"lazy\" \/>\t\t\t\t\t\t\t\t<\/a>\n\t\t\t\t\t\t\t\t\t\t\t<figcaption class=\"widget-image-caption wp-caption-text\">Academia.edu<\/figcaption>\n\t\t\t\t\t\t\t\t\t\t<\/figure>\n\t\t\t\t\t\t\t<\/div>\n\t\t\t\t<\/div>\n\t\t\t\t\t<\/div>\n\t\t<\/div>\n\t\t\t\t<div class=\"elementor-column elementor-col-50 elementor-inner-column elementor-element elementor-element-0338698\" data-id=\"0338698\" data-element_type=\"column\">\n\t\t\t<div class=\"elementor-widget-wrap elementor-element-populated\">\n\t\t\t\t\t\t<div class=\"elementor-element elementor-element-bb199ef elementor-widget elementor-widget-image\" data-id=\"bb199ef\" data-element_type=\"widget\" data-widget_type=\"image.default\">\n\t\t\t\t<div class=\"elementor-widget-container\">\n\t\t\t\t\t\t\t\t\t\t<figure class=\"wp-caption\">\n\t\t\t\t\t\t\t\t\t\t\t<a href=\"http:\/\/lattes.cnpq.br\/8185840471398727\" target=\"_blank\">\n\t\t\t\t\t\t\t<img decoding=\"async\" src=\"https:\/\/sites.usp.br\/historiaconectada\/wp-content\/uploads\/sites\/1314\/2024\/02\/lattes.png\" title=\"lattes\" alt=\"\u00cdcone para acesso ao Lattes.\" loading=\"lazy\" \/>\t\t\t\t\t\t\t\t<\/a>\n\t\t\t\t\t\t\t\t\t\t\t<figcaption class=\"widget-image-caption wp-caption-text\">Lattes<\/figcaption>\n\t\t\t\t\t\t\t\t\t\t<\/figure>\n\t\t\t\t\t\t\t<\/div>\n\t\t\t\t<\/div>\n\t\t\t\t\t<\/div>\n\t\t<\/div>\n\t\t\t\t\t<\/div>\n\t\t<\/section>\n\t\t\t\t<section class=\"elementor-section elementor-inner-section elementor-element elementor-element-ad92861 elementor-section-boxed elementor-section-height-default elementor-section-height-default\" data-id=\"ad92861\" data-element_type=\"section\">\n\t\t\t\t\t\t<div class=\"elementor-container elementor-column-gap-default\">\n\t\t\t\t\t<div class=\"elementor-column elementor-col-100 elementor-inner-column elementor-element elementor-element-1ef1624\" data-id=\"1ef1624\" data-element_type=\"column\">\n\t\t\t<div class=\"elementor-widget-wrap elementor-element-populated\">\n\t\t\t\t\t\t<div class=\"elementor-element elementor-element-507cfdc elementor-widget-divider--view-line elementor-widget elementor-widget-divider\" data-id=\"507cfdc\" data-element_type=\"widget\" data-widget_type=\"divider.default\">\n\t\t\t\t<div class=\"elementor-widget-container\">\n\t\t\t\t\t<div class=\"elementor-divider\">\n\t\t\t<span class=\"elementor-divider-separator\">\n\t\t\t\t\t\t<\/span>\n\t\t<\/div>\n\t\t\t\t<\/div>\n\t\t\t\t<\/div>\n\t\t\t\t\t<\/div>\n\t\t<\/div>\n\t\t\t\t\t<\/div>\n\t\t<\/section>\n\t\t\t\t\t<\/div>\n\t\t<\/div>\n\t\t\t\t\t<\/div>\n\t\t<\/section>\n\t\t\t\t<section class=\"elementor-section elementor-top-section elementor-element elementor-element-47e7c03 elementor-section-boxed elementor-section-height-default elementor-section-height-default\" data-id=\"47e7c03\" data-element_type=\"section\">\n\t\t\t\t\t\t<div class=\"elementor-container elementor-column-gap-default\">\n\t\t\t\t\t<div class=\"elementor-column elementor-col-100 elementor-top-column elementor-element elementor-element-4d165ef\" data-id=\"4d165ef\" data-element_type=\"column\">\n\t\t\t<div class=\"elementor-widget-wrap elementor-element-populated\">\n\t\t\t\t\t\t<div class=\"elementor-element elementor-element-2bdbd6e elementor-widget elementor-widget-heading\" data-id=\"2bdbd6e\" data-element_type=\"widget\" data-widget_type=\"heading.default\">\n\t\t\t\t<div class=\"elementor-widget-container\">\n\t\t\t<h4 class=\"elementor-heading-title elementor-size-default\">N\u00e9ri de Barros Almeida<\/h4>\t\t<\/div>\n\t\t\t\t<\/div>\n\t\t\t\t<div class=\"elementor-element elementor-element-84afc0b elementor-widget elementor-widget-heading\" data-id=\"84afc0b\" data-element_type=\"widget\" data-widget_type=\"heading.default\">\n\t\t\t\t<div class=\"elementor-widget-container\">\n\t\t\t<h2 class=\"elementor-heading-title elementor-size-default\">Crise, resili\u00eancia e mem\u00f3ria de fen\u00f4menos ambientais na Bacia do Mediterr\u00e2neo&nbsp;<div>(s\u00e9culos XII-XV)<\/div><\/h2>\t\t<\/div>\n\t\t\t\t<\/div>\n\t\t\t\t<div class=\"elementor-element elementor-element-6689956 elementor-widget elementor-widget-text-editor\" data-id=\"6689956\" data-element_type=\"widget\" data-widget_type=\"text-editor.default\">\n\t\t\t\t<div class=\"elementor-widget-container\">\n\t\t\t\t\t\t\t<p><strong>Eixo:<\/strong> Espa\u00e7o e Circula\u00e7\u00e3o<\/p>\t\t\t\t\t\t<\/div>\n\t\t\t\t<\/div>\n\t\t\t\t<div class=\"elementor-element elementor-element-60ccfe5 elementor-widget elementor-widget-text-editor\" data-id=\"60ccfe5\" data-element_type=\"widget\" data-widget_type=\"text-editor.default\">\n\t\t\t\t<div class=\"elementor-widget-container\">\n\t\t\t\t\t\t\t<p><strong style=\"font-size: 14px; font-style: normal; font-variant-caps: normal; caret-color: #000000; color: #000000; text-align: start;\">Resumo do projeto individual:\u00a0<\/strong>Se a natureza das crises ambientais do passado tem bem pouco a nos ensinar, tendo em vista a especificidade lim\u00edtrofe do que experimentamos hoje, no plano sociol\u00f3gico, podemos almejar compreender a rea\u00e7\u00e3o das sociedades diante das macro-injun\u00e7\u00f5es do mundo natural. Portanto, n\u00e3o se trata aqui de buscar a presen\u00e7a do mundo natural, em particular da emerg\u00eancia de dados clim\u00e1ticos, do ponto de vista da subjetividade individual, mas de seu impacto coletivo. O que se percebe e como se percebe, por meio de que valores tais percep\u00e7\u00f5es s\u00e3o avaliadas e de que forma elas s\u00e3o incorporadas \u00e0 mem\u00f3ria coletiva interessam como ferramentas de rea\u00e7\u00e3o \u00e0s crises ambientais e seus desdobramentos sociais. Os dados hist\u00f3ricos da rela\u00e7\u00e3o entre sociedade e clima ser\u00e3o buscados em documentos memorial\u00edsticos, notadamente hist\u00f3rias, cr\u00f4nicas e relatos de viagens, produzidas na Bacia do Mediterr\u00e2neo. A aten\u00e7\u00e3o ao quadro mediterr\u00e2nico altera significativamente a abordagem dos s\u00e9culos finais da Idade M\u00e9dia. Ele tem a vantagem de nos manter em um quadro de experi\u00eancias clim\u00e1ticas conectadas cujo impacto comum aumenta com os deslocamentos sistem\u00e1ticos a partir das cruzadas. Ela tamb\u00e9m nos coloca em contato com uma experi\u00eancia com a diversidade que pode nos permitir ver melhor, atrav\u00e9s dessa \u201cperiferia\u201d historiogr\u00e1fica, os sentidos que irrigam o cerne da ideia de conquista moderna que envolvem o controle concomitante de sociedades e do meio ambiente. A an\u00e1lise comparativa do dossi\u00ea constitu\u00eddo por obras de autores crist\u00e3os ocidentais, orientais e mu\u00e7ulmanos, entre os s\u00e9culos XIII e o in\u00edcio do s\u00e9culo XV, pretende identificar a) a correspond\u00eancia entre dados documentais e mudan\u00e7as clim\u00e1ticas apontadas pelas ci\u00eancias naturais e a partir deles verificar a ocorr\u00eancia de b) crises e per\u00edodos de prosperidade, c) mudan\u00e7as de sensibilidade no registro dos dados e seus fatores explicativos d) conflitos e formas de resolu\u00e7\u00e3o de conflitos sociais bem como e) mudan\u00e7as de padr\u00e3o das atitudes em rela\u00e7\u00e3o ao que \u00e9 considerado \u201cex\u00f3geno\u201d, \u201clim\u00edtrofe\u201d, \u201cestranho\u201d e \u201cestrangeiro\u201d, tendo em vista que o fen\u00f4meno social determinante do per\u00edodo \u00e9 exatamente o aumento da abrang\u00eancia geogr\u00e1fica e da diversidade dos contatos humanos. Embora a diversidade de condi\u00e7\u00f5es sociol\u00f3gicas n\u00e3o permita compara\u00e7\u00f5es abusivas, pretendemos investigar em que medida, contrariando a pr\u00f3pria ess\u00eancia da cultura competitiva que nos \u00faltimos cem anos acelerou a deteriora\u00e7\u00e3o do meio ambiente, as sociedades da Bacia do Mediterr\u00e2neo exibem formas de adapta\u00e7\u00e3o e mitiga\u00e7\u00e3o baseadas na coopera\u00e7\u00e3o altru\u00edsta, ou seja, na for\u00e7a da empatia e, tamb\u00e9m, quais fatores operaram negativamente sobre ela.\u00a0<\/p>\t\t\t\t\t\t<\/div>\n\t\t\t\t<\/div>\n\t\t\t\t<section class=\"elementor-section elementor-inner-section elementor-element elementor-element-473f027 elementor-section-boxed elementor-section-height-default elementor-section-height-default\" data-id=\"473f027\" data-element_type=\"section\">\n\t\t\t\t\t\t<div class=\"elementor-container elementor-column-gap-default\">\n\t\t\t\t\t<div class=\"elementor-column elementor-col-50 elementor-inner-column elementor-element elementor-element-ef18a43\" data-id=\"ef18a43\" data-element_type=\"column\">\n\t\t\t<div class=\"elementor-widget-wrap elementor-element-populated\">\n\t\t\t\t\t\t<div class=\"elementor-element elementor-element-ff1d678 elementor-widget elementor-widget-image\" data-id=\"ff1d678\" data-element_type=\"widget\" data-widget_type=\"image.default\">\n\t\t\t\t<div class=\"elementor-widget-container\">\n\t\t\t\t\t\t\t\t\t\t<figure class=\"wp-caption\">\n\t\t\t\t\t\t\t\t\t\t\t<a href=\"https:\/\/unicamp.academia.edu\/N%C3%A9rideBarrosAlmeida\" target=\"_blank\">\n\t\t\t\t\t\t\t<img decoding=\"async\" src=\"https:\/\/sites.usp.br\/historiaconectada\/wp-content\/uploads\/sites\/1314\/2024\/02\/academia.edu_.png\" title=\"academia.edu\" alt=\"Icone para acesso ao Academia.edu.\" class=\"elementor-animation-shrink\" loading=\"lazy\" \/>\t\t\t\t\t\t\t\t<\/a>\n\t\t\t\t\t\t\t\t\t\t\t<figcaption class=\"widget-image-caption wp-caption-text\">Academia.edu<\/figcaption>\n\t\t\t\t\t\t\t\t\t\t<\/figure>\n\t\t\t\t\t\t\t<\/div>\n\t\t\t\t<\/div>\n\t\t\t\t\t<\/div>\n\t\t<\/div>\n\t\t\t\t<div class=\"elementor-column elementor-col-50 elementor-inner-column elementor-element elementor-element-adf1371\" data-id=\"adf1371\" data-element_type=\"column\">\n\t\t\t<div class=\"elementor-widget-wrap elementor-element-populated\">\n\t\t\t\t\t\t<div class=\"elementor-element elementor-element-891c561 elementor-widget elementor-widget-image\" data-id=\"891c561\" data-element_type=\"widget\" data-widget_type=\"image.default\">\n\t\t\t\t<div class=\"elementor-widget-container\">\n\t\t\t\t\t\t\t\t\t\t<figure class=\"wp-caption\">\n\t\t\t\t\t\t\t\t\t\t\t<a href=\"http:\/\/lattes.cnpq.br\/1550011196761207\" target=\"_blank\">\n\t\t\t\t\t\t\t<img decoding=\"async\" src=\"https:\/\/sites.usp.br\/historiaconectada\/wp-content\/uploads\/sites\/1314\/2024\/02\/lattes.png\" title=\"lattes\" alt=\"\u00cdcone para acesso ao Lattes.\" class=\"elementor-animation-shrink\" loading=\"lazy\" \/>\t\t\t\t\t\t\t\t<\/a>\n\t\t\t\t\t\t\t\t\t\t\t<figcaption class=\"widget-image-caption wp-caption-text\">Lattes<\/figcaption>\n\t\t\t\t\t\t\t\t\t\t<\/figure>\n\t\t\t\t\t\t\t<\/div>\n\t\t\t\t<\/div>\n\t\t\t\t\t<\/div>\n\t\t<\/div>\n\t\t\t\t\t<\/div>\n\t\t<\/section>\n\t\t\t\t\t<\/div>\n\t\t<\/div>\n\t\t\t\t\t<\/div>\n\t\t<\/section>\n\t\t\t\t<\/div>\n\t\t","protected":false},"excerpt":{"rendered":"<p>Marcelo C\u00e2ndido da Silva Crises ambientais, pobreza e fome no Mediterr\u00e2neo (s\u00e9culos VIII-XI) Eixo: Espa\u00e7o e Comunidades\/M\u00e9todos Digitais Resumo do projeto individual: A bacia do Mediterr\u00e2neo foi atingida, ao longo [&hellip;]<\/p>\n","protected":false},"author":23710,"featured_media":0,"parent":0,"menu_order":0,"comment_status":"closed","ping_status":"closed","template":"","meta":{"footnotes":"","_links_to":"","_links_to_target":""},"class_list":["post-526","page","type-page","status-publish","hentry","entry"],"_links":{"self":[{"href":"https:\/\/sites.usp.br\/historiaconectada\/wp-json\/wp\/v2\/pages\/526","targetHints":{"allow":["GET"]}}],"collection":[{"href":"https:\/\/sites.usp.br\/historiaconectada\/wp-json\/wp\/v2\/pages"}],"about":[{"href":"https:\/\/sites.usp.br\/historiaconectada\/wp-json\/wp\/v2\/types\/page"}],"author":[{"embeddable":true,"href":"https:\/\/sites.usp.br\/historiaconectada\/wp-json\/wp\/v2\/users\/23710"}],"replies":[{"embeddable":true,"href":"https:\/\/sites.usp.br\/historiaconectada\/wp-json\/wp\/v2\/comments?post=526"}],"version-history":[{"count":4,"href":"https:\/\/sites.usp.br\/historiaconectada\/wp-json\/wp\/v2\/pages\/526\/revisions"}],"predecessor-version":[{"id":1736,"href":"https:\/\/sites.usp.br\/historiaconectada\/wp-json\/wp\/v2\/pages\/526\/revisions\/1736"}],"wp:attachment":[{"href":"https:\/\/sites.usp.br\/historiaconectada\/wp-json\/wp\/v2\/media?parent=526"}],"curies":[{"name":"wp","href":"https:\/\/api.w.org\/{rel}","templated":true}]}}