{"id":579,"date":"2024-02-07T12:28:23","date_gmt":"2024-02-07T14:28:23","guid":{"rendered":"https:\/\/sites.usp.br\/historiaconectada\/?page_id=579"},"modified":"2024-02-28T16:13:23","modified_gmt":"2024-02-28T19:13:23","slug":"no-prelo","status":"publish","type":"page","link":"https:\/\/sites.usp.br\/historiaconectada\/no-prelo\/","title":{"rendered":"No prelo"},"content":{"rendered":"\t\t<div data-elementor-type=\"wp-page\" data-elementor-id=\"579\" class=\"elementor elementor-579\" data-elementor-post-type=\"page\">\n\t\t\t\t\t\t<section class=\"elementor-section elementor-top-section elementor-element elementor-element-2cbc1c7 elementor-section-boxed elementor-section-height-default elementor-section-height-default\" data-id=\"2cbc1c7\" data-element_type=\"section\">\n\t\t\t\t\t\t<div class=\"elementor-container elementor-column-gap-default\">\n\t\t\t\t\t<div class=\"elementor-column elementor-col-100 elementor-top-column elementor-element elementor-element-b38006b\" data-id=\"b38006b\" data-element_type=\"column\">\n\t\t\t<div class=\"elementor-widget-wrap elementor-element-populated\">\n\t\t\t\t\t\t<div class=\"elementor-element elementor-element-a675354 elementor-widget elementor-widget-heading\" data-id=\"a675354\" data-element_type=\"widget\" data-widget_type=\"heading.default\">\n\t\t\t\t<div class=\"elementor-widget-container\">\n\t\t\t<h2 class=\"elementor-heading-title elementor-size-default\">Dossi\u00ea Tem\u00e1tico  \u201cClimate Change, Vulnerability, and Resilience in the Medieval Mediterranean\u201d,  Tempo (A1)<\/h2>\t\t<\/div>\n\t\t\t\t<\/div>\n\t\t\t\t<section class=\"elementor-section elementor-inner-section elementor-element elementor-element-f1387e5 elementor-section-boxed elementor-section-height-default elementor-section-height-default\" data-id=\"f1387e5\" data-element_type=\"section\">\n\t\t\t\t\t\t<div class=\"elementor-container elementor-column-gap-default\">\n\t\t\t\t\t<div class=\"elementor-column elementor-col-50 elementor-inner-column elementor-element elementor-element-0232bd9\" data-id=\"0232bd9\" data-element_type=\"column\">\n\t\t\t<div class=\"elementor-widget-wrap\">\n\t\t\t\t\t\t\t<\/div>\n\t\t<\/div>\n\t\t\t\t<div class=\"elementor-column elementor-col-50 elementor-inner-column elementor-element elementor-element-42ba5bc\" data-id=\"42ba5bc\" data-element_type=\"column\">\n\t\t\t<div class=\"elementor-widget-wrap elementor-element-populated\">\n\t\t\t\t\t\t<div class=\"elementor-element elementor-element-92d5294 elementor-widget elementor-widget-text-editor\" data-id=\"92d5294\" data-element_type=\"widget\" data-widget_type=\"text-editor.default\">\n\t\t\t\t<div class=\"elementor-widget-container\">\n\t\t\t\t\t\t\t<p><b>Organizadores: <\/b><span style=\"font-weight: 400;\">Marcelo C\u00e2ndido da Silva (USP) e Timothy Newfield (Georgetown University).<\/span><\/p><p><b>Autores:<\/b><span style=\"font-weight: 400;\"> David Patterson (Princeton University); John Haldon (Princeton University); Kathleen Pribyl (University of East Anglia); N\u00e9ri de Barros Almeida (UNICAMP); Vinicius Carvalho (UNICAMP).<\/span><\/p><p><b>Previs\u00e3o de publica\u00e7\u00e3o: <\/b><span style=\"font-weight: 400;\">Primeiro semestre de 2024.<\/span><\/p>\t\t\t\t\t\t<\/div>\n\t\t\t\t<\/div>\n\t\t\t\t\t<\/div>\n\t\t<\/div>\n\t\t\t\t\t<\/div>\n\t\t<\/section>\n\t\t\t\t<div class=\"elementor-element elementor-element-83b1085 elementor-widget elementor-widget-spacer\" data-id=\"83b1085\" data-element_type=\"widget\" data-widget_type=\"spacer.default\">\n\t\t\t\t<div class=\"elementor-widget-container\">\n\t\t\t\t\t<div class=\"elementor-spacer\">\n\t\t\t<div class=\"elementor-spacer-inner\"><\/div>\n\t\t<\/div>\n\t\t\t\t<\/div>\n\t\t\t\t<\/div>\n\t\t\t\t\t<\/div>\n\t\t<\/div>\n\t\t\t\t\t<\/div>\n\t\t<\/section>\n\t\t\t\t<section class=\"elementor-section elementor-top-section elementor-element elementor-element-b55f7ba elementor-section-boxed elementor-section-height-default elementor-section-height-default\" data-id=\"b55f7ba\" data-element_type=\"section\">\n\t\t\t\t\t\t<div class=\"elementor-container elementor-column-gap-default\">\n\t\t\t\t\t<div class=\"elementor-column elementor-col-100 elementor-top-column elementor-element elementor-element-fe9f90b\" data-id=\"fe9f90b\" data-element_type=\"column\">\n\t\t\t<div class=\"elementor-widget-wrap elementor-element-populated\">\n\t\t\t\t\t\t<div class=\"elementor-element elementor-element-60b49be elementor-widget elementor-widget-heading\" data-id=\"60b49be\" data-element_type=\"widget\" data-widget_type=\"heading.default\">\n\t\t\t\t<div class=\"elementor-widget-container\">\n\t\t\t<h2 class=\"elementor-heading-title elementor-size-default\">Dossi\u00ea Tem\u00e1tico  \u201cHist\u00f3ria Conectada: inova\u00e7\u00f5es digitais na produ\u00e7\u00e3o de conhecimento hist\u00f3rico \u201d, Varia Historia (A1) <\/h2>\t\t<\/div>\n\t\t\t\t<\/div>\n\t\t\t\t<section class=\"elementor-section elementor-inner-section elementor-element elementor-element-074e62f elementor-section-boxed elementor-section-height-default elementor-section-height-default\" data-id=\"074e62f\" data-element_type=\"section\">\n\t\t\t\t\t\t<div class=\"elementor-container elementor-column-gap-default\">\n\t\t\t\t\t<div class=\"elementor-column elementor-col-50 elementor-inner-column elementor-element elementor-element-2462775\" data-id=\"2462775\" data-element_type=\"column\">\n\t\t\t<div class=\"elementor-widget-wrap\">\n\t\t\t\t\t\t\t<\/div>\n\t\t<\/div>\n\t\t\t\t<div class=\"elementor-column elementor-col-50 elementor-inner-column elementor-element elementor-element-df85f84\" data-id=\"df85f84\" data-element_type=\"column\">\n\t\t\t<div class=\"elementor-widget-wrap elementor-element-populated\">\n\t\t\t\t\t\t<div class=\"elementor-element elementor-element-5c63141 elementor-widget elementor-widget-text-editor\" data-id=\"5c63141\" data-element_type=\"widget\" data-widget_type=\"text-editor.default\">\n\t\t\t\t<div class=\"elementor-widget-container\">\n\t\t\t\t\t\t\t<p><b>Organizadores:<\/b><span style=\"font-weight: 400;\">Maria Cristina Pereira (USP) e Sylvie Joye (Universit\u00e9 de Lorraine).<\/span><\/p><p><b>Autores:<\/b><span style=\"font-weight: 400;\"> Alex da Silva Martire (FURG); Aline Benvegn\u00fa dos Santos (USP e Universit\u00e9 de Rennes 2); Pierre Chastang e (Universit\u00e9 de Versailles) e Sergio Torres (University of Luxembourg); Renato Rodrigues da Silva (UFF); Thiago Juarez Ribeiro da Silva (UFG); M\u00e1rcio Augusto Diniz (UFG e Icahn School of Medicine at Mount Sinai); Victor Sobreira (Col\u00e9gio Santa Cruz &#8211; SP); Vinicius Marino Carvalho (UNICAMP).<\/span><\/p><p><b>Previs\u00e3o de publica\u00e7\u00e3o: <\/b><span style=\"font-weight: 400;\">Segundo semestre de 2024.<\/span><\/p>\t\t\t\t\t\t<\/div>\n\t\t\t\t<\/div>\n\t\t\t\t\t<\/div>\n\t\t<\/div>\n\t\t\t\t\t<\/div>\n\t\t<\/section>\n\t\t\t\t<div class=\"elementor-element elementor-element-9f93006 elementor-widget elementor-widget-spacer\" data-id=\"9f93006\" data-element_type=\"widget\" data-widget_type=\"spacer.default\">\n\t\t\t\t<div class=\"elementor-widget-container\">\n\t\t\t\t\t<div class=\"elementor-spacer\">\n\t\t\t<div class=\"elementor-spacer-inner\"><\/div>\n\t\t<\/div>\n\t\t\t\t<\/div>\n\t\t\t\t<\/div>\n\t\t\t\t\t<\/div>\n\t\t<\/div>\n\t\t\t\t\t<\/div>\n\t\t<\/section>\n\t\t\t\t<section class=\"elementor-section elementor-top-section elementor-element elementor-element-ab132b4 elementor-section-boxed elementor-section-height-default elementor-section-height-default\" data-id=\"ab132b4\" data-element_type=\"section\">\n\t\t\t\t\t\t<div class=\"elementor-container elementor-column-gap-default\">\n\t\t\t\t\t<div class=\"elementor-column elementor-col-100 elementor-top-column elementor-element elementor-element-cf8dd2b\" data-id=\"cf8dd2b\" data-element_type=\"column\">\n\t\t\t<div class=\"elementor-widget-wrap elementor-element-populated\">\n\t\t\t\t\t\t<div class=\"elementor-element elementor-element-c202435 elementor-widget elementor-widget-heading\" data-id=\"c202435\" data-element_type=\"widget\" data-widget_type=\"heading.default\">\n\t\t\t\t<div class=\"elementor-widget-container\">\n\t\t\t<h2 class=\"elementor-heading-title elementor-size-default\">Dossi\u00ea Tem\u00e1tico \u201cA mem\u00f3ria das crises de mortalidade nas sociedades medievais\u201d, Revista de Hist\u00f3ria da USP (A1) <br><\/h2>\t\t<\/div>\n\t\t\t\t<\/div>\n\t\t\t\t<section class=\"elementor-section elementor-inner-section elementor-element elementor-element-e4b1840 elementor-section-boxed elementor-section-height-default elementor-section-height-default\" data-id=\"e4b1840\" data-element_type=\"section\">\n\t\t\t\t\t\t<div class=\"elementor-container elementor-column-gap-default\">\n\t\t\t\t\t<div class=\"elementor-column elementor-col-50 elementor-inner-column elementor-element elementor-element-55319f2\" data-id=\"55319f2\" data-element_type=\"column\">\n\t\t\t<div class=\"elementor-widget-wrap\">\n\t\t\t\t\t\t\t<\/div>\n\t\t<\/div>\n\t\t\t\t<div class=\"elementor-column elementor-col-50 elementor-inner-column elementor-element elementor-element-6c44ccd\" data-id=\"6c44ccd\" data-element_type=\"column\">\n\t\t\t<div class=\"elementor-widget-wrap elementor-element-populated\">\n\t\t\t\t\t\t<div class=\"elementor-element elementor-element-836a6f8 elementor-widget elementor-widget-text-editor\" data-id=\"836a6f8\" data-element_type=\"widget\" data-widget_type=\"text-editor.default\">\n\t\t\t\t<div class=\"elementor-widget-container\">\n\t\t\t\t\t\t\t<p><b>Organizadores: <\/b><span style=\"font-weight: 400;\">Marcelo C\u00e2ndido da Silva (USP), Alexis Wilkin (Universit\u00e9 Libre de Bruxelles), Pere Benito i Moncl\u00fas (Universitat di Lleida) e Dominique Castex (Universit\u00e9 Bordeaux).<\/span><\/p><p><b>Autores:<\/b><\/p><p><b>Previs\u00e3o de publica\u00e7\u00e3o:<\/b><\/p>\t\t\t\t\t\t<\/div>\n\t\t\t\t<\/div>\n\t\t\t\t\t<\/div>\n\t\t<\/div>\n\t\t\t\t\t<\/div>\n\t\t<\/section>\n\t\t\t\t<div class=\"elementor-element elementor-element-579d87b elementor-widget elementor-widget-spacer\" data-id=\"579d87b\" data-element_type=\"widget\" data-widget_type=\"spacer.default\">\n\t\t\t\t<div class=\"elementor-widget-container\">\n\t\t\t\t\t<div class=\"elementor-spacer\">\n\t\t\t<div class=\"elementor-spacer-inner\"><\/div>\n\t\t<\/div>\n\t\t\t\t<\/div>\n\t\t\t\t<\/div>\n\t\t\t\t\t<\/div>\n\t\t<\/div>\n\t\t\t\t\t<\/div>\n\t\t<\/section>\n\t\t\t\t<section class=\"elementor-section elementor-top-section elementor-element elementor-element-fc33095 elementor-section-boxed elementor-section-height-default elementor-section-height-default\" data-id=\"fc33095\" data-element_type=\"section\">\n\t\t\t\t\t\t<div class=\"elementor-container elementor-column-gap-default\">\n\t\t\t\t\t<div class=\"elementor-column elementor-col-100 elementor-top-column elementor-element elementor-element-8a625d3\" data-id=\"8a625d3\" data-element_type=\"column\">\n\t\t\t<div class=\"elementor-widget-wrap elementor-element-populated\">\n\t\t\t\t\t\t<div class=\"elementor-element elementor-element-b68028c elementor-widget elementor-widget-heading\" data-id=\"b68028c\" data-element_type=\"widget\" data-widget_type=\"heading.default\">\n\t\t\t\t<div class=\"elementor-widget-container\">\n\t\t\t<h2 class=\"elementor-heading-title elementor-size-default\">Dossi\u00ea Tem\u00e1tico \u201c\u00c9valuer les personnes et les choses\u201d, R\u00e9vue M\u00e9di\u00e9vales<\/h2>\t\t<\/div>\n\t\t\t\t<\/div>\n\t\t\t\t<section class=\"elementor-section elementor-inner-section elementor-element elementor-element-681e6d1 elementor-section-boxed elementor-section-height-default elementor-section-height-default\" data-id=\"681e6d1\" data-element_type=\"section\">\n\t\t\t\t\t\t<div class=\"elementor-container elementor-column-gap-default\">\n\t\t\t\t\t<div class=\"elementor-column elementor-col-50 elementor-inner-column elementor-element elementor-element-9ff0bbd\" data-id=\"9ff0bbd\" data-element_type=\"column\">\n\t\t\t<div class=\"elementor-widget-wrap\">\n\t\t\t\t\t\t\t<\/div>\n\t\t<\/div>\n\t\t\t\t<div class=\"elementor-column elementor-col-50 elementor-inner-column elementor-element elementor-element-a43d213\" data-id=\"a43d213\" data-element_type=\"column\">\n\t\t\t<div class=\"elementor-widget-wrap elementor-element-populated\">\n\t\t\t\t\t\t<div class=\"elementor-element elementor-element-c85f66d elementor-widget elementor-widget-text-editor\" data-id=\"c85f66d\" data-element_type=\"widget\" data-widget_type=\"text-editor.default\">\n\t\t\t\t<div class=\"elementor-widget-container\">\n\t\t\t\t\t\t\t<p><b>Organizadores:<\/b><span style=\"font-weight: 400;\"> Marcelo C\u00e2ndido da Silva (USP) e Paola Miceli (Universidad de Buenos Aires)<\/span><\/p><p><span style=\"font-weight: 400;\"><strong>Autores:<\/strong> Adrien Bayard (Universit\u00e9 d\u2019Artois); Armando Fauaz (Universidad Nacional de Costa Rica); Marcelo C\u00e2ndido da Silva (USP); Maria Filomena Coelho (UnB); Paola Miceli (Universidad de Buenos Aires)<\/span><\/p><p><b>Previs\u00e3o de publica\u00e7\u00e3o:<\/b> <span style=\"font-weight: 400;\">Segundo semestre de 2024<\/span><\/p>\t\t\t\t\t\t<\/div>\n\t\t\t\t<\/div>\n\t\t\t\t\t<\/div>\n\t\t<\/div>\n\t\t\t\t\t<\/div>\n\t\t<\/section>\n\t\t\t\t<div class=\"elementor-element elementor-element-9a9ac2b elementor-widget elementor-widget-spacer\" data-id=\"9a9ac2b\" data-element_type=\"widget\" data-widget_type=\"spacer.default\">\n\t\t\t\t<div class=\"elementor-widget-container\">\n\t\t\t\t\t<div class=\"elementor-spacer\">\n\t\t\t<div class=\"elementor-spacer-inner\"><\/div>\n\t\t<\/div>\n\t\t\t\t<\/div>\n\t\t\t\t<\/div>\n\t\t\t\t\t<\/div>\n\t\t<\/div>\n\t\t\t\t\t<\/div>\n\t\t<\/section>\n\t\t\t\t<\/div>\n\t\t","protected":false},"excerpt":{"rendered":"<p>Dossi\u00ea Tem\u00e1tico \u201cClimate Change, Vulnerability, and Resilience in the Medieval Mediterranean\u201d, Tempo (A1) Organizadores: Marcelo C\u00e2ndido da Silva (USP) e Timothy Newfield (Georgetown University). Autores: David Patterson (Princeton University); John [&hellip;]<\/p>\n","protected":false},"author":23710,"featured_media":0,"parent":0,"menu_order":0,"comment_status":"closed","ping_status":"closed","template":"","meta":{"footnotes":"","_links_to":"","_links_to_target":""},"class_list":["post-579","page","type-page","status-publish","hentry","entry"],"_links":{"self":[{"href":"https:\/\/sites.usp.br\/historiaconectada\/wp-json\/wp\/v2\/pages\/579","targetHints":{"allow":["GET"]}}],"collection":[{"href":"https:\/\/sites.usp.br\/historiaconectada\/wp-json\/wp\/v2\/pages"}],"about":[{"href":"https:\/\/sites.usp.br\/historiaconectada\/wp-json\/wp\/v2\/types\/page"}],"author":[{"embeddable":true,"href":"https:\/\/sites.usp.br\/historiaconectada\/wp-json\/wp\/v2\/users\/23710"}],"replies":[{"embeddable":true,"href":"https:\/\/sites.usp.br\/historiaconectada\/wp-json\/wp\/v2\/comments?post=579"}],"version-history":[{"count":4,"href":"https:\/\/sites.usp.br\/historiaconectada\/wp-json\/wp\/v2\/pages\/579\/revisions"}],"predecessor-version":[{"id":1035,"href":"https:\/\/sites.usp.br\/historiaconectada\/wp-json\/wp\/v2\/pages\/579\/revisions\/1035"}],"wp:attachment":[{"href":"https:\/\/sites.usp.br\/historiaconectada\/wp-json\/wp\/v2\/media?parent=579"}],"curies":[{"name":"wp","href":"https:\/\/api.w.org\/{rel}","templated":true}]}}