{"id":594,"date":"2024-02-07T12:46:41","date_gmt":"2024-02-07T14:46:41","guid":{"rendered":"https:\/\/sites.usp.br\/historiaconectada\/?page_id=594"},"modified":"2025-05-19T17:40:53","modified_gmt":"2025-05-19T20:40:53","slug":"eventos","status":"publish","type":"page","link":"https:\/\/sites.usp.br\/historiaconectada\/eventos\/","title":{"rendered":"Eventos"},"content":{"rendered":"\t\t<div data-elementor-type=\"wp-page\" data-elementor-id=\"594\" class=\"elementor elementor-594\" data-elementor-post-type=\"page\">\n\t\t\t\t\t\t<section class=\"elementor-section elementor-top-section elementor-element elementor-element-6349493 elementor-section-boxed elementor-section-height-default elementor-section-height-default\" data-id=\"6349493\" data-element_type=\"section\">\n\t\t\t\t\t\t<div class=\"elementor-container elementor-column-gap-default\">\n\t\t\t\t\t<div class=\"elementor-column elementor-col-100 elementor-top-column elementor-element elementor-element-0ccbd05\" data-id=\"0ccbd05\" data-element_type=\"column\">\n\t\t\t<div class=\"elementor-widget-wrap elementor-element-populated\">\n\t\t\t\t\t\t<div class=\"elementor-element elementor-element-0ad263d elementor-widget elementor-widget-heading\" data-id=\"0ad263d\" data-element_type=\"widget\" data-widget_type=\"heading.default\">\n\t\t\t\t<div class=\"elementor-widget-container\">\n\t\t\t<h2 class=\"elementor-heading-title elementor-size-default\">Eventos<\/h2>\t\t<\/div>\n\t\t\t\t<\/div>\n\t\t\t\t<div class=\"elementor-element elementor-element-4a1a2f2 elementor-widget elementor-widget-text-editor\" data-id=\"4a1a2f2\" data-element_type=\"widget\" data-widget_type=\"text-editor.default\">\n\t\t\t\t<div class=\"elementor-widget-container\">\n\t\t\t\t\t\t\t<h6>Col\u00f3quios Internacionais<\/h6><ul><li>&#8220;\u00c9pid\u00e9mies et crises de mortalit\u00e9 dans l\u2019Europe m\u00e9di\u00e9vale et moderne. La m\u00e9moire des crises sanitaires et de subsistance&#8221;.\u00a0Universit\u00e9 Libre de Bruxelles. Organizadores: Marcelo C\u00e2ndido da Silva;\u00a0Alexis Wilkin; Dominique Castex; e Pere Benito i Moncl\u00fas &#8211; 20, 21 e 22\u00a0 de setembro de 2023.<\/li><\/ul><h6><strong>Jornadas:<\/strong><\/h6><ul><li>VI Jornadas de Estudos Medievais (LEME) &#8211; \u00a0Pensar a Idade M\u00e9dia a partir da Hist\u00f3ria Conectada &#8211; 15, 16 e 17 de agosto de 2023.\u00a0<\/li><\/ul><h6>\u00a0Semin\u00e1rios:<\/h6><ul><li>\u00a0Semin\u00e1rio de Pesquisas de P\u00f3s-gradua\u00e7\u00e3o do LATHIM-USP: \u201cA erudi\u00e7\u00e3o moderna sobre fontes medievais\u201d. Organizadores: Maria Cristina C. L. Pereira; Andr\u00e9 Pelegrinelli; Pedro de Oliveira e Silva.\u00a0<span style=\"font-family: Cabin, sans-serif; font-size: 16px; font-style: normal; font-variant-ligatures: normal; font-variant-caps: normal; font-weight: 400;\">Universidade de S\u00e3o Paulo &#8211; 2 de dezembro de 2023.<\/span><\/li><\/ul><h6><strong><span style=\"font-family: Cabin, sans-serif; font-size: 16px; font-style: normal; font-variant-ligatures: normal; font-variant-caps: normal;\">Palestras:<\/span><\/strong><\/h6><ul><li style=\"text-align: left;\">\u00a0Ciclo de palestras: \u201cFrancisco de Assis: Escritos e Hist\u00f3ria\u201d. Organizador: Andr\u00e9 Pelegrinelli. Institui\u00e7\u00f5es parceiras:\u00a0Laborat\u00f3rio de Teoria e Hist\u00f3ria das M\u00eddias Medievais (LATHIMM-USP); Programa de Estudos Medievais (PEM-UFRJ); Scuola Superiore di<br \/>Studi Medievali e Francescani (Pontificia Universit\u00e0 Antonianum); Dottorato di Ricerca in Storia, Antropologia, Religioni (Sapienza Universit\u00e0 di Roma); o Instituto Teol\u00f3gico Franciscano &#8211; Mar\u00e7o a Setembro de 2023.<\/li><\/ul><h6>Semin\u00e1rios <strong>Projeto<\/strong> Tem\u00e1tico:<\/h6><ul><li>I Semin\u00e1rio de Avalia\u00e7\u00e3o do Projeto Tem\u00e1tico: 1 de dezembro de 2023;<\/li><li>II Semin\u00e1rio de Avalia\u00e7\u00e3o do Projeto Tem\u00e1tico: 12 de junho de 2024.<\/li><\/ul><h6>\u00a0<\/h6>\t\t\t\t\t\t<\/div>\n\t\t\t\t<\/div>\n\t\t\t\t<div class=\"elementor-element elementor-element-0c369c0 elementor-widget-divider--view-line elementor-widget elementor-widget-divider\" data-id=\"0c369c0\" data-element_type=\"widget\" data-widget_type=\"divider.default\">\n\t\t\t\t<div class=\"elementor-widget-container\">\n\t\t\t\t\t<div class=\"elementor-divider\">\n\t\t\t<span class=\"elementor-divider-separator\">\n\t\t\t\t\t\t<\/span>\n\t\t<\/div>\n\t\t\t\t<\/div>\n\t\t\t\t<\/div>\n\t\t\t\t<div class=\"elementor-element elementor-element-7e8f3b3 elementor-widget elementor-widget-heading\" data-id=\"7e8f3b3\" data-element_type=\"widget\" data-widget_type=\"heading.default\">\n\t\t\t\t<div class=\"elementor-widget-container\">\n\t\t\t<h2 class=\"elementor-heading-title elementor-size-default\">Oficinas<\/h2>\t\t<\/div>\n\t\t\t\t<\/div>\n\t\t\t\t<div class=\"elementor-element elementor-element-b523c09 elementor-widget elementor-widget-text-editor\" data-id=\"b523c09\" data-element_type=\"widget\" data-widget_type=\"text-editor.default\">\n\t\t\t\t<div class=\"elementor-widget-container\">\n\t\t\t\t\t\t\t<ul><li>&#8220;Cartografia e geolocaliza\u00e7\u00e3o de eventos&#8221; &#8211; Jos\u00e9 Fonseca (USP) \u2013 7 de agosto de 2023; \u00a0 \u00a0<\/li><li>\u201cIntrodu\u00e7\u00e3o \u00e0 an\u00e1lise de Dados Geoespaciais: Plataforma Multimapas\u201d &#8211; Gesiel Lopes (USP) \u2013 18 de setembro de 2023; \u00a0 \u00a0<\/li><li>&#8220;A divulga\u00e7\u00e3o cient\u00edfica em hist\u00f3ria: reflex\u00f5es e pr\u00e1ticas a partir do podcast Hist\u00f3ria Pirata&#8221; &#8211; Daniel Carvalho (UnB) e Rafael Verdasca (Unicamp) &#8211; 27 de outubro de 2023; \u00a0 \u00a0<\/li><li>\u201cArquivos medievais ib\u00e9ricos e \u2018nacionalismo met\u00f3dico\u2019\u201d &#8211; Maria Filomena Coelho (UnB) \u2013 17 de novembro de 2023; \u00a0\u00a0<\/li><li>\u201cGest\u00e3o de Dados\u201d &#8211; Aline Benvegn\u00fa (USP) \u00a0\u2013 24 de janeiro de 2024.<\/li><li>Introdu\u00e7\u00e3o \u00e0 Unity para intera\u00e7\u00f5es digitais em tempo real na Hist\u00f3ria &#8211; Alex Martire<br \/>(FURG) &#8211; 21, 22 e 23 de fevereiro de 2024;<\/li><li>A ABNT e a normaliza\u00e7\u00e3o dos trabalhos acad\u00eamicos &#8211; Isabela Alves (FFLCH\/USP) &#8211; 18 de<br \/>mar\u00e7o de 2024;<\/li><li>Introdu\u00e7\u00e3o ao Prezi: ferramentas e discuss\u00f5es metodol\u00f3gicas &#8211; Renato Rodrigues (UFF)<br \/>&#8211; 25 de abril de 2024;\u00a0<\/li><li>A \u00c1frica e os africanos nos acervos do Vaticano: s\u00e9culos XVI-XVII &#8211; Jos\u00e9 Rivair Macedo (UFRGS) &#8211; 20 de maio de 2024.<\/li><\/ul>\t\t\t\t\t\t<\/div>\n\t\t\t\t<\/div>\n\t\t\t\t<div class=\"elementor-element elementor-element-32ef61f elementor-widget-divider--view-line elementor-widget elementor-widget-divider\" data-id=\"32ef61f\" data-element_type=\"widget\" data-widget_type=\"divider.default\">\n\t\t\t\t<div class=\"elementor-widget-container\">\n\t\t\t\t\t<div class=\"elementor-divider\">\n\t\t\t<span class=\"elementor-divider-separator\">\n\t\t\t\t\t\t<\/span>\n\t\t<\/div>\n\t\t\t\t<\/div>\n\t\t\t\t<\/div>\n\t\t\t\t<div class=\"elementor-element elementor-element-67331f5 elementor-widget elementor-widget-heading\" data-id=\"67331f5\" data-element_type=\"widget\" data-widget_type=\"heading.default\">\n\t\t\t\t<div class=\"elementor-widget-container\">\n\t\t\t<h2 class=\"elementor-heading-title elementor-size-default\">Reuni\u00f5es Gerais<\/h2>\t\t<\/div>\n\t\t\t\t<\/div>\n\t\t\t\t<div class=\"elementor-element elementor-element-bfbe24c elementor-widget elementor-widget-text-editor\" data-id=\"bfbe24c\" data-element_type=\"widget\" data-widget_type=\"text-editor.default\">\n\t\t\t\t<div class=\"elementor-widget-container\">\n\t\t\t\t\t\t\t<ul><li>Apresenta\u00e7\u00e3o do Projeto Tem\u00e1tico &#8211; 01 de agosto de 2023;<\/li><li>Temas Conectores &#8211; 8 de agosto de 2023.<span style=\"font-size: 14px;\">\u00a0<\/span><\/li><li>Corpora documentais do Projeto Tem\u00e1tico &#8211; 15 de agosto de 2023;\u00a0<\/li><li>Mediterr\u00e2neo &#8211; 12 de setembro de 2023;\u00a0<\/li><li>Glocaliza\u00e7\u00e3o &#8211; 03 de outubro de 2023;\u00a0<\/li><li>17 de outubro de 2023;\u00a0<\/li><li>07 de novembro de 2023;\u00a0<\/li><li>21 de novembro de 2023;\u00a0<\/li><li>12 de dezembro de 2023;<\/li><li>20 de fevereiro de 2024;<\/li><li>5 de mar\u00e7o de 2024;<\/li><li>19 de mar\u00e7o de 2024;<\/li><li>02 de abril de 2024;<\/li><li>16 de abril de 2024;<\/li><li>30 de abril de 2024;<\/li><li>14 de maio de 2024;<\/li><li>28 de maio de 2024;<\/li><li>11 de junho de 2024;<\/li><\/ul>\t\t\t\t\t\t<\/div>\n\t\t\t\t<\/div>\n\t\t\t\t<div class=\"elementor-element elementor-element-175f743 elementor-widget-divider--view-line elementor-widget elementor-widget-divider\" data-id=\"175f743\" data-element_type=\"widget\" data-widget_type=\"divider.default\">\n\t\t\t\t<div class=\"elementor-widget-container\">\n\t\t\t\t\t<div class=\"elementor-divider\">\n\t\t\t<span class=\"elementor-divider-separator\">\n\t\t\t\t\t\t<\/span>\n\t\t<\/div>\n\t\t\t\t<\/div>\n\t\t\t\t<\/div>\n\t\t\t\t<div class=\"elementor-element elementor-element-862ec04 elementor-widget elementor-widget-heading\" data-id=\"862ec04\" data-element_type=\"widget\" data-widget_type=\"heading.default\">\n\t\t\t\t<div class=\"elementor-widget-container\">\n\t\t\t<h2 class=\"elementor-heading-title elementor-size-default\">Reuni\u00f5es de Eixo<\/h2>\t\t<\/div>\n\t\t\t\t<\/div>\n\t\t\t\t<div class=\"elementor-element elementor-element-de29d04 elementor-widget elementor-widget-heading\" data-id=\"de29d04\" data-element_type=\"widget\" data-widget_type=\"heading.default\">\n\t\t\t\t<div class=\"elementor-widget-container\">\n\t\t\t<h4 class=\"elementor-heading-title elementor-size-default\">Espa\u00e7o e Comunidades<\/h4>\t\t<\/div>\n\t\t\t\t<\/div>\n\t\t\t\t<div class=\"elementor-element elementor-element-2a8b0a0 elementor-widget elementor-widget-text-editor\" data-id=\"2a8b0a0\" data-element_type=\"widget\" data-widget_type=\"text-editor.default\">\n\t\t\t\t<div class=\"elementor-widget-container\">\n\t\t\t\t\t\t\t<ul><li>04 de setembro de 2023;<\/li><li>09 de outubro de 2023;\u00a0<\/li><li>06 de novembro de 2023;\u00a0<\/li><li>11 de dezembro de 2023;<\/li><li>27 de fevereiro de 2024;<\/li><li>12 de mar\u00e7o de 2024;<\/li><li>26 de mar\u00e7o de 2024;<\/li><li>9 de abril de 2024;<\/li><li>23 de abril de 2024;<\/li><li>7 de maio de 2024;<\/li><li>28 de maio de 2024;<\/li><\/ul>\t\t\t\t\t\t<\/div>\n\t\t\t\t<\/div>\n\t\t\t\t<div class=\"elementor-element elementor-element-1cd1d6a elementor-widget elementor-widget-spacer\" data-id=\"1cd1d6a\" data-element_type=\"widget\" data-widget_type=\"spacer.default\">\n\t\t\t\t<div class=\"elementor-widget-container\">\n\t\t\t\t\t<div class=\"elementor-spacer\">\n\t\t\t<div class=\"elementor-spacer-inner\"><\/div>\n\t\t<\/div>\n\t\t\t\t<\/div>\n\t\t\t\t<\/div>\n\t\t\t\t<div class=\"elementor-element elementor-element-570d67e elementor-widget elementor-widget-heading\" data-id=\"570d67e\" data-element_type=\"widget\" data-widget_type=\"heading.default\">\n\t\t\t\t<div class=\"elementor-widget-container\">\n\t\t\t<h4 class=\"elementor-heading-title elementor-size-default\">Espa\u00e7o e Circula\u00e7\u00e3o<\/h4>\t\t<\/div>\n\t\t\t\t<\/div>\n\t\t\t\t<div class=\"elementor-element elementor-element-82b640f elementor-widget elementor-widget-text-editor\" data-id=\"82b640f\" data-element_type=\"widget\" data-widget_type=\"text-editor.default\">\n\t\t\t\t<div class=\"elementor-widget-container\">\n\t\t\t\t\t\t\t<ul><li>10 de outubro de 2023;\u00a0<\/li><li>14 de novembro de 2023;\u00a0<\/li><li>12 de dezembro de 2023;<\/li><li>12 de mar\u00e7o de 2024;<\/li><li>14 de maio de 2024;<\/li><li>21 de maio de 2024;<\/li><\/ul>\t\t\t\t\t\t<\/div>\n\t\t\t\t<\/div>\n\t\t\t\t<div class=\"elementor-element elementor-element-7addfe8 elementor-widget elementor-widget-spacer\" data-id=\"7addfe8\" data-element_type=\"widget\" data-widget_type=\"spacer.default\">\n\t\t\t\t<div class=\"elementor-widget-container\">\n\t\t\t\t\t<div class=\"elementor-spacer\">\n\t\t\t<div class=\"elementor-spacer-inner\"><\/div>\n\t\t<\/div>\n\t\t\t\t<\/div>\n\t\t\t\t<\/div>\n\t\t\t\t<div class=\"elementor-element elementor-element-ddc96fc elementor-widget elementor-widget-heading\" data-id=\"ddc96fc\" data-element_type=\"widget\" data-widget_type=\"heading.default\">\n\t\t\t\t<div class=\"elementor-widget-container\">\n\t\t\t<h4 class=\"elementor-heading-title elementor-size-default\">Comunica\u00e7\u00e3o e Circula\u00e7\u00e3o<\/h4>\t\t<\/div>\n\t\t\t\t<\/div>\n\t\t\t\t<div class=\"elementor-element elementor-element-48e59a1 elementor-widget elementor-widget-text-editor\" data-id=\"48e59a1\" data-element_type=\"widget\" data-widget_type=\"text-editor.default\">\n\t\t\t\t<div class=\"elementor-widget-container\">\n\t\t\t\t\t\t\t<ul><li>26 de setembro de 2023;\u00a0<\/li><li>04 de outubro de 2023;\u00a0<\/li><li>28 de novembro de 2023;<\/li><li>20 de fevereiro de 2024;<\/li><li>\u00a019 de mar\u00e7o de 2024;<\/li><li>16 de abril de 2024;<\/li><\/ul>\t\t\t\t\t\t<\/div>\n\t\t\t\t<\/div>\n\t\t\t\t<div class=\"elementor-element elementor-element-a5d97e3 elementor-widget elementor-widget-spacer\" data-id=\"a5d97e3\" data-element_type=\"widget\" data-widget_type=\"spacer.default\">\n\t\t\t\t<div class=\"elementor-widget-container\">\n\t\t\t\t\t<div class=\"elementor-spacer\">\n\t\t\t<div class=\"elementor-spacer-inner\"><\/div>\n\t\t<\/div>\n\t\t\t\t<\/div>\n\t\t\t\t<\/div>\n\t\t\t\t<div class=\"elementor-element elementor-element-6a3e4c8 elementor-widget elementor-widget-heading\" data-id=\"6a3e4c8\" data-element_type=\"widget\" data-widget_type=\"heading.default\">\n\t\t\t\t<div class=\"elementor-widget-container\">\n\t\t\t<h4 class=\"elementor-heading-title elementor-size-default\">M\u00e9todos Digitais<\/h4>\t\t<\/div>\n\t\t\t\t<\/div>\n\t\t\t\t<div class=\"elementor-element elementor-element-224e1d0 elementor-widget elementor-widget-text-editor\" data-id=\"224e1d0\" data-element_type=\"widget\" data-widget_type=\"text-editor.default\">\n\t\t\t\t<div class=\"elementor-widget-container\">\n\t\t\t\t\t\t\t<ul><li>09 de outubro de 2023;<\/li><li>06 de novembro de 2023;<\/li><li>27 de fevereiro de 2024;<\/li><li>26 de mer\u00e7o de 2024;<\/li><li>23 de abril de 2024;<\/li><li>28 de maio de 2024;<\/li><\/ul>\t\t\t\t\t\t<\/div>\n\t\t\t\t<\/div>\n\t\t\t\t<div class=\"elementor-element elementor-element-1f20e44 elementor-widget-divider--view-line elementor-widget elementor-widget-divider\" data-id=\"1f20e44\" data-element_type=\"widget\" data-widget_type=\"divider.default\">\n\t\t\t\t<div class=\"elementor-widget-container\">\n\t\t\t\t\t<div class=\"elementor-divider\">\n\t\t\t<span class=\"elementor-divider-separator\">\n\t\t\t\t\t\t<\/span>\n\t\t<\/div>\n\t\t\t\t<\/div>\n\t\t\t\t<\/div>\n\t\t\t\t<div class=\"elementor-element elementor-element-7f00ab7 elementor-widget elementor-widget-heading\" data-id=\"7f00ab7\" data-element_type=\"widget\" data-widget_type=\"heading.default\">\n\t\t\t\t<div class=\"elementor-widget-container\">\n\t\t\t<h2 class=\"elementor-heading-title elementor-size-default\">Cursos de Gradua\u00e7\u00e3o<\/h2>\t\t<\/div>\n\t\t\t\t<\/div>\n\t\t\t\t<div class=\"elementor-element elementor-element-c016b17 elementor-widget elementor-widget-text-editor\" data-id=\"c016b17\" data-element_type=\"widget\" data-widget_type=\"text-editor.default\">\n\t\t\t\t<div class=\"elementor-widget-container\">\n\t\t\t\t\t\t\t<p>FLH5540 &#8211; Espanha e Portugal: Dois mundos em conex\u00e3o (1580-1688) &#8211; 2\u00ba semestre de 2023. Periodicidade: toda quinta-feira entre 17 de agosto e 07 de dezembro de 2023\u00a0<\/p><p><strong>Descri\u00e7\u00e3o:<\/strong> Esta disciplina pretende oferecer aos estudantes subs\u00eddios bibliogr\u00e1ficos e documentais para os estudos das rela\u00e7\u00f5es pol\u00edticas, sociais, \u00e9tnico-culturais, religiosas, jur\u00eddicas, econ\u00f4micas, territoriais, estabelecidas entre os dois reinos e seus dom\u00ednios ultramarinos.<\/p>\t\t\t\t\t\t<\/div>\n\t\t\t\t<\/div>\n\t\t\t\t<div class=\"elementor-element elementor-element-a10c384 elementor-widget elementor-widget-spacer\" data-id=\"a10c384\" data-element_type=\"widget\" data-widget_type=\"spacer.default\">\n\t\t\t\t<div class=\"elementor-widget-container\">\n\t\t\t\t\t<div class=\"elementor-spacer\">\n\t\t\t<div class=\"elementor-spacer-inner\"><\/div>\n\t\t<\/div>\n\t\t\t\t<\/div>\n\t\t\t\t<\/div>\n\t\t\t\t\t<\/div>\n\t\t<\/div>\n\t\t\t\t\t<\/div>\n\t\t<\/section>\n\t\t\t\t<\/div>\n\t\t","protected":false},"excerpt":{"rendered":"<p>Eventos Col\u00f3quios Internacionais &#8220;\u00c9pid\u00e9mies et crises de mortalit\u00e9 dans l\u2019Europe m\u00e9di\u00e9vale et moderne. La m\u00e9moire des crises sanitaires et de subsistance&#8221;.\u00a0Universit\u00e9 Libre de Bruxelles. Organizadores: Marcelo C\u00e2ndido da Silva;\u00a0Alexis Wilkin; [&hellip;]<\/p>\n","protected":false},"author":23710,"featured_media":0,"parent":0,"menu_order":0,"comment_status":"closed","ping_status":"closed","template":"","meta":{"footnotes":"","_links_to":"","_links_to_target":""},"class_list":["post-594","page","type-page","status-publish","hentry","entry"],"_links":{"self":[{"href":"https:\/\/sites.usp.br\/historiaconectada\/wp-json\/wp\/v2\/pages\/594","targetHints":{"allow":["GET"]}}],"collection":[{"href":"https:\/\/sites.usp.br\/historiaconectada\/wp-json\/wp\/v2\/pages"}],"about":[{"href":"https:\/\/sites.usp.br\/historiaconectada\/wp-json\/wp\/v2\/types\/page"}],"author":[{"embeddable":true,"href":"https:\/\/sites.usp.br\/historiaconectada\/wp-json\/wp\/v2\/users\/23710"}],"replies":[{"embeddable":true,"href":"https:\/\/sites.usp.br\/historiaconectada\/wp-json\/wp\/v2\/comments?post=594"}],"version-history":[{"count":4,"href":"https:\/\/sites.usp.br\/historiaconectada\/wp-json\/wp\/v2\/pages\/594\/revisions"}],"predecessor-version":[{"id":1986,"href":"https:\/\/sites.usp.br\/historiaconectada\/wp-json\/wp\/v2\/pages\/594\/revisions\/1986"}],"wp:attachment":[{"href":"https:\/\/sites.usp.br\/historiaconectada\/wp-json\/wp\/v2\/media?parent=594"}],"curies":[{"name":"wp","href":"https:\/\/api.w.org\/{rel}","templated":true}]}}