{"id":885,"date":"2024-02-18T16:48:45","date_gmt":"2024-02-18T19:48:45","guid":{"rendered":"https:\/\/sites.usp.br\/historiaconectada\/?page_id=885"},"modified":"2025-12-01T19:02:31","modified_gmt":"2025-12-01T22:02:31","slug":"home","status":"publish","type":"page","link":"https:\/\/sites.usp.br\/historiaconectada\/","title":{"rendered":"Uma Hist\u00f3ria Conectada da Idade M\u00e9dia. Comunica\u00e7\u00e3o e Circula\u00e7\u00e3o a partir do Mediterr\u00e2neo"},"content":{"rendered":"\t\t<div data-elementor-type=\"wp-page\" data-elementor-id=\"885\" class=\"elementor elementor-885\" data-elementor-post-type=\"page\">\n\t\t\t\t\t\t<section class=\"elementor-section elementor-top-section elementor-element elementor-element-b8754e8 elementor-section-boxed elementor-section-height-default elementor-section-height-default\" data-id=\"b8754e8\" data-element_type=\"section\">\n\t\t\t\t\t\t<div class=\"elementor-container elementor-column-gap-default\">\n\t\t\t\t\t<div class=\"elementor-column elementor-col-100 elementor-top-column elementor-element elementor-element-e158221\" data-id=\"e158221\" data-element_type=\"column\">\n\t\t\t<div class=\"elementor-widget-wrap elementor-element-populated\">\n\t\t\t\t\t\t<div class=\"elementor-element elementor-element-8e1bade elementor-widget elementor-widget-image\" data-id=\"8e1bade\" data-element_type=\"widget\" data-widget_type=\"image.default\">\n\t\t\t\t<div class=\"elementor-widget-container\">\n\t\t\t\t\t\t\t\t\t\t\t\t\t<img fetchpriority=\"high\" decoding=\"async\" width=\"1024\" height=\"696\" src=\"https:\/\/sites.usp.br\/historiaconectada\/wp-content\/uploads\/sites\/1314\/2024\/02\/Europe_Mediterranean_Catalan_Atlas.jpeg\" class=\"attachment-large size-large wp-image-888\" alt=\"\" srcset=\"https:\/\/sites.usp.br\/historiaconectada\/wp-content\/uploads\/sites\/1314\/2024\/02\/Europe_Mediterranean_Catalan_Atlas.jpeg 1024w, https:\/\/sites.usp.br\/historiaconectada\/wp-content\/uploads\/sites\/1314\/2024\/02\/Europe_Mediterranean_Catalan_Atlas-300x204.jpeg 300w, https:\/\/sites.usp.br\/historiaconectada\/wp-content\/uploads\/sites\/1314\/2024\/02\/Europe_Mediterranean_Catalan_Atlas-768x522.jpeg 768w, https:\/\/sites.usp.br\/historiaconectada\/wp-content\/uploads\/sites\/1314\/2024\/02\/Europe_Mediterranean_Catalan_Atlas-400x272.jpeg 400w\" sizes=\"(max-width: 1024px) 100vw, 1024px\" \/>\t\t\t\t\t\t\t\t\t\t\t\t\t<\/div>\n\t\t\t\t<\/div>\n\t\t\t\t<div class=\"elementor-element elementor-element-8680822 elementor-widget elementor-widget-text-editor\" data-id=\"8680822\" data-element_type=\"widget\" data-widget_type=\"text-editor.default\">\n\t\t\t\t<div class=\"elementor-widget-container\">\n\t\t\t\t\t\t\t<p><em>Atlas Catal\u00e3o de Abraham Cresques, 1375<\/em>. Dispon\u00edvel em: <a href=\"https:\/\/gallica.bnf.fr\/ark:\/12148\/btv1b55002481n\/f1.item\" target=\"_blank\" rel=\"noopener\">https:\/\/gallica.bnf.fr\/ark:\/12148\/btv1b55002481n\/f1.item<\/a><\/p>\t\t\t\t\t\t<\/div>\n\t\t\t\t<\/div>\n\t\t\t\t\t<\/div>\n\t\t<\/div>\n\t\t\t\t\t<\/div>\n\t\t<\/section>\n\t\t\t\t<section class=\"elementor-section elementor-top-section elementor-element elementor-element-a7713bc elementor-section-boxed elementor-section-height-default elementor-section-height-default\" data-id=\"a7713bc\" data-element_type=\"section\">\n\t\t\t\t\t\t<div class=\"elementor-container elementor-column-gap-default\">\n\t\t\t\t\t<div class=\"elementor-column elementor-col-100 elementor-top-column elementor-element elementor-element-aff2598\" data-id=\"aff2598\" data-element_type=\"column\">\n\t\t\t<div class=\"elementor-widget-wrap elementor-element-populated\">\n\t\t\t\t\t\t<div class=\"elementor-element elementor-element-40a80d5 elementor-blockquote--skin-boxed elementor-blockquote--align-center elementor-blockquote--button-color-official elementor-widget elementor-widget-blockquote\" data-id=\"40a80d5\" data-element_type=\"widget\" data-widget_type=\"blockquote.default\">\n\t\t\t\t<div class=\"elementor-widget-container\">\n\t\t\t\t\t<blockquote class=\"elementor-blockquote\">\n\t\t\t<p class=\"elementor-blockquote__content\">\n\t\t\t\tO projeto tem\u00e1tico \u201cUma hist\u00f3ria conectada do Mediterr\u00e2neo medieval\u201d tem como principal objetivo analisar a articula\u00e7\u00e3o entre espa\u00e7os e comunidades no Mediterr\u00e2neo medieval por meio de fen\u00f4menos de comunica\u00e7\u00e3o e de circula\u00e7\u00e3o que tiveram esse mar como eixo. O marco espacial do Projeto \u00e9 o Mediterr\u00e2neo e seus espa\u00e7os conectados, da \u00c1frica Saariana ao Norte da Europa, da Pen\u00ednsula Ib\u00e9rica ao Oriente \u00e1rabe-bizantino. O marco cronol\u00f3gico se situa entre o final da hegemonia romana no Mediterr\u00e2neo, no s\u00e9culo V, e a Primeira Globaliza\u00e7\u00e3o, no s\u00e9culo XVII, quando as monarquias crist\u00e3s do Ocidente da Europa projetam o seu poder al\u00e9m do espa\u00e7o mediterr\u00e2nico.\t\t\t<\/p>\n\t\t\t\t\t<\/blockquote>\n\t\t\t\t<\/div>\n\t\t\t\t<\/div>\n\t\t\t\t\t<\/div>\n\t\t<\/div>\n\t\t\t\t\t<\/div>\n\t\t<\/section>\n\t\t\t\t<\/div>\n\t\t","protected":false},"excerpt":{"rendered":"<p>Atlas Catal\u00e3o de Abraham Cresques, 1375. Dispon\u00edvel em: https:\/\/gallica.bnf.fr\/ark:\/12148\/btv1b55002481n\/f1.item O projeto tem\u00e1tico \u201cUma hist\u00f3ria conectada do Mediterr\u00e2neo medieval\u201d tem como principal objetivo analisar a articula\u00e7\u00e3o entre espa\u00e7os e comunidades no [&hellip;]<\/p>\n","protected":false},"author":23710,"featured_media":0,"parent":0,"menu_order":0,"comment_status":"closed","ping_status":"closed","template":"","meta":{"footnotes":"","_links_to":"","_links_to_target":""},"class_list":["post-885","page","type-page","status-publish","hentry","entry"],"_links":{"self":[{"href":"https:\/\/sites.usp.br\/historiaconectada\/wp-json\/wp\/v2\/pages\/885","targetHints":{"allow":["GET"]}}],"collection":[{"href":"https:\/\/sites.usp.br\/historiaconectada\/wp-json\/wp\/v2\/pages"}],"about":[{"href":"https:\/\/sites.usp.br\/historiaconectada\/wp-json\/wp\/v2\/types\/page"}],"author":[{"embeddable":true,"href":"https:\/\/sites.usp.br\/historiaconectada\/wp-json\/wp\/v2\/users\/23710"}],"replies":[{"embeddable":true,"href":"https:\/\/sites.usp.br\/historiaconectada\/wp-json\/wp\/v2\/comments?post=885"}],"version-history":[{"count":4,"href":"https:\/\/sites.usp.br\/historiaconectada\/wp-json\/wp\/v2\/pages\/885\/revisions"}],"predecessor-version":[{"id":2119,"href":"https:\/\/sites.usp.br\/historiaconectada\/wp-json\/wp\/v2\/pages\/885\/revisions\/2119"}],"wp:attachment":[{"href":"https:\/\/sites.usp.br\/historiaconectada\/wp-json\/wp\/v2\/media?parent=885"}],"curies":[{"name":"wp","href":"https:\/\/api.w.org\/{rel}","templated":true}]}}