{"id":2867,"date":"2025-02-05T21:16:09","date_gmt":"2025-02-06T00:16:09","guid":{"rendered":"https:\/\/sites.usp.br\/historiasdaeach\/?page_id=2867"},"modified":"2025-08-01T18:37:16","modified_gmt":"2025-08-01T21:37:16","slug":"inicio","status":"publish","type":"page","link":"https:\/\/sites.usp.br\/historiasdaeach\/","title":{"rendered":"In\u00edcio"},"content":{"rendered":"\t\t<div data-elementor-type=\"wp-page\" data-elementor-id=\"2867\" class=\"elementor elementor-2867\" data-elementor-post-type=\"page\">\n\t\t\t\t\t\t<section class=\"elementor-section elementor-top-section elementor-element elementor-element-198eb3c elementor-section-height-min-height elementor-section-boxed elementor-section-height-default elementor-section-items-middle\" data-id=\"198eb3c\" data-element_type=\"section\" id=\"particles-js\" data-settings=\"{&quot;background_background&quot;:&quot;slideshow&quot;,&quot;background_slideshow_gallery&quot;:[{&quot;id&quot;:2920,&quot;url&quot;:&quot;https:\\\/\\\/sites.usp.br\\\/historiasdaeach\\\/wp-content\\\/uploads\\\/sites\\\/1603\\\/2025\\\/02\\\/2.png&quot;},{&quot;id&quot;:2921,&quot;url&quot;:&quot;https:\\\/\\\/sites.usp.br\\\/historiasdaeach\\\/wp-content\\\/uploads\\\/sites\\\/1603\\\/2025\\\/02\\\/design_fundo.png&quot;},{&quot;id&quot;:2922,&quot;url&quot;:&quot;https:\\\/\\\/sites.usp.br\\\/historiasdaeach\\\/wp-content\\\/uploads\\\/sites\\\/1603\\\/2025\\\/02\\\/vistadosLabs.png&quot;},{&quot;id&quot;:2913,&quot;url&quot;:&quot;https:\\\/\\\/sites.usp.br\\\/historiasdaeach\\\/wp-content\\\/uploads\\\/sites\\\/1603\\\/2025\\\/02\\\/8.png&quot;}],&quot;background_slideshow_loop&quot;:&quot;yes&quot;,&quot;background_slideshow_slide_duration&quot;:5000,&quot;background_slideshow_slide_transition&quot;:&quot;fade&quot;,&quot;background_slideshow_transition_duration&quot;:500}\">\n\t\t\t\t\t\t\t<div class=\"elementor-background-overlay\"><\/div>\n\t\t\t\t\t\t\t<div class=\"elementor-container elementor-column-gap-default\">\n\t\t\t\t\t<div class=\"elementor-column elementor-col-50 elementor-top-column elementor-element elementor-element-92c7b88\" data-id=\"92c7b88\" data-element_type=\"column\" data-settings=\"{&quot;background_background&quot;:&quot;classic&quot;}\">\n\t\t\t<div class=\"elementor-widget-wrap elementor-element-populated\">\n\t\t\t\t\t\t<div class=\"elementor-element elementor-element-431e029 elementor-invisible elementor-widget elementor-widget-heading\" data-id=\"431e029\" data-element_type=\"widget\" data-settings=\"{&quot;_animation&quot;:&quot;fadeInLeft&quot;}\" data-widget_type=\"heading.default\">\n\t\t\t\t<div class=\"elementor-widget-container\">\n\t\t\t<h2 class=\"elementor-heading-title elementor-size-default\"><em><span style=\"color: #01a1c0\"><strong>EACH USP<\/strong><\/span><\/em>: h\u00e1 20 anos moldando o presente e desenhando o futuro!<\/h2>\t\t<\/div>\n\t\t\t\t<\/div>\n\t\t\t\t<div class=\"elementor-element elementor-element-07c3468 elementor-invisible elementor-widget elementor-widget-heading\" data-id=\"07c3468\" data-element_type=\"widget\" data-settings=\"{&quot;_animation&quot;:&quot;fadeInRight&quot;}\" data-widget_type=\"heading.default\">\n\t\t\t\t<div class=\"elementor-widget-container\">\n\t\t\t<h2 class=\"elementor-heading-title elementor-size-default\">Duas d\u00e9cadas de excel\u00eancia, impacto social e compromisso com a educa\u00e7\u00e3o!<\/h2>\t\t<\/div>\n\t\t\t\t<\/div>\n\t\t\t\t<div class=\"elementor-element elementor-element-86f4eec elementor-widget elementor-widget-html\" data-id=\"86f4eec\" data-element_type=\"widget\" data-widget_type=\"html.default\">\n\t\t\t\t<div class=\"elementor-widget-container\">\n\t\t\t<style>\n.particles-js-canvas-el {\n    width: 100%;\n    height: 100%;\n    position: absolute;\n    z-index: 1;\n    top: 0;\n    left:0;\n}\n<\/style>\n<script src=\"https:\/\/cdn.jsdelivr.net\/particles.js\/2.0.0\/particles.min.js\"><\/script> \n<script>\n\/\/JS Code Here\n\nparticlesJS(\"particles-js\", {\"particles\":{\"number\":{\"value\":80,\"density\":{\"enable\":true,\"value_area\":800}},\"color\":{\"value\":\"#ffffff\"},\"shape\":{\"type\":\"circle\",\"stroke\":{\"width\":0,\"color\":\"#000000\"},\"polygon\":{\"nb_sides\":5},\"image\":{\"src\":\"img\/github.svg\",\"width\":100,\"height\":100}},\"opacity\":{\"value\":0.5,\"random\":false,\"anim\":{\"enable\":false,\"speed\":1,\"opacity_min\":0.1,\"sync\":false}},\"size\":{\"value\":3,\"random\":true,\"anim\":{\"enable\":false,\"speed\":40,\"size_min\":0.1,\"sync\":false}},\"line_linked\":{\"enable\":true,\"distance\":150,\"color\":\"#ffffff\",\"opacity\":0.4,\"width\":1},\"move\":{\"enable\":true,\"speed\":6,\"direction\":\"none\",\"random\":false,\"straight\":false,\"out_mode\":\"out\",\"bounce\":false,\"attract\":{\"enable\":false,\"rotateX\":600,\"rotateY\":1200}}},\"interactivity\":{\"detect_on\":\"canvas\",\"events\":{\"onhover\":{\"enable\":true,\"mode\":\"repulse\"},\"onclick\":{\"enable\":true,\"mode\":\"push\"},\"resize\":true},\"modes\":{\"grab\":{\"distance\":400,\"line_linked\":{\"opacity\":1}},\"bubble\":{\"distance\":400,\"size\":40,\"duration\":2,\"opacity\":8,\"speed\":3},\"repulse\":{\"distance\":200,\"duration\":0.4},\"push\":{\"particles_nb\":4},\"remove\":{\"particles_nb\":2}}},\"retina_detect\":true});var count_particles, stats, update; stats = new Stats; stats.setMode(0); stats.domElement.style.position = 'absolute'; stats.domElement.style.left = '0px'; stats.domElement.style.top = '0px'; document.body.appendChild(stats.domElement); count_particles = document.querySelector('.js-count-particles'); update = function() { stats.begin(); stats.end(); if (window.pJSDom[0].pJS.particles && window.pJSDom[0].pJS.particles.array) { count_particles.innerText = window.pJSDom[0].pJS.particles.array.length; } requestAnimationFrame(update); }; requestAnimationFrame(update);;\n<\/script>\t\t<\/div>\n\t\t\t\t<\/div>\n\t\t\t\t\t<\/div>\n\t\t<\/div>\n\t\t\t\t<div class=\"elementor-column elementor-col-50 elementor-top-column elementor-element elementor-element-84b6a1d\" data-id=\"84b6a1d\" data-element_type=\"column\">\n\t\t\t<div class=\"elementor-widget-wrap\">\n\t\t\t\t\t\t\t<\/div>\n\t\t<\/div>\n\t\t\t\t\t<\/div>\n\t\t<\/section>\n\t\t\t\t<section class=\"elementor-section elementor-top-section elementor-element elementor-element-c1ca78c elementor-section-stretched elementor-section-boxed elementor-section-height-default elementor-section-height-default elementor-invisible\" data-id=\"c1ca78c\" data-element_type=\"section\" data-settings=\"{&quot;stretch_section&quot;:&quot;section-stretched&quot;,&quot;background_background&quot;:&quot;classic&quot;,&quot;animation&quot;:&quot;fadeIn&quot;,&quot;shape_divider_top&quot;:&quot;book&quot;,&quot;shape_divider_top_negative&quot;:&quot;yes&quot;}\">\n\t\t\t\t\t\t\t<div class=\"elementor-background-overlay\"><\/div>\n\t\t\t\t\t\t<div class=\"elementor-shape elementor-shape-top\" data-negative=\"true\">\n\t\t\t<svg xmlns=\"http:\/\/www.w3.org\/2000\/svg\" viewBox=\"0 0 1000 100\" preserveAspectRatio=\"none\">\n\t<path class=\"elementor-shape-fill\" d=\"M806,94.7C619.5,90,500,20.3,500,1.7c-1,18.6-117.5,88.3-306,93C92,97.2,0,97.9,0,97.9v-0l0,0v2.3h1000v-2.3 C1000,97.7,920.3,97.6,806,94.7z M350,65.1L350,65.1L350,65.1L350,65.1z\"\/>\n<\/svg>\n\t\t<\/div>\n\t\t\t\t\t<div class=\"elementor-container elementor-column-gap-default\">\n\t\t\t\t\t<div class=\"elementor-column elementor-col-100 elementor-top-column elementor-element elementor-element-ad835e1\" data-id=\"ad835e1\" data-element_type=\"column\" data-settings=\"{&quot;background_background&quot;:&quot;classic&quot;}\">\n\t\t\t<div class=\"elementor-widget-wrap elementor-element-populated\">\n\t\t\t\t\t\t<section class=\"elementor-section elementor-inner-section elementor-element elementor-element-5f368d4 elementor-section-boxed elementor-section-height-default elementor-section-height-default\" data-id=\"5f368d4\" data-element_type=\"section\">\n\t\t\t\t\t\t<div class=\"elementor-container elementor-column-gap-default\">\n\t\t\t\t\t<div class=\"elementor-column elementor-col-50 elementor-inner-column elementor-element elementor-element-d6fca14\" data-id=\"d6fca14\" data-element_type=\"column\">\n\t\t\t<div class=\"elementor-widget-wrap elementor-element-populated\">\n\t\t\t\t\t\t<div class=\"elementor-element elementor-element-840ea56 elementor-invisible elementor-widget elementor-widget-image\" data-id=\"840ea56\" data-element_type=\"widget\" data-settings=\"{&quot;_animation_mobile&quot;:&quot;fadeIn&quot;,&quot;_animation&quot;:&quot;bounceIn&quot;}\" data-widget_type=\"image.default\">\n\t\t\t\t<div class=\"elementor-widget-container\">\n\t\t\t\t\t\t\t\t\t\t\t\t\t\t<a href=\"https:\/\/sites.usp.br\/historiasdaeach\/wp-content\/uploads\/sites\/1603\/2025\/02\/Imagem-do-WhatsApp-de-2025-02-07-as-22.06.18_de720590-scaled.jpg\" data-elementor-open-lightbox=\"yes\" data-elementor-lightbox-title=\"Foto de Nat\u00e1lia Dourado\/EACH-USP\" data-elementor-lightbox-description=\"Foto de Nat\u00e1lia Dourado\/EACH-USP\" data-e-action-hash=\"#elementor-action%3Aaction%3Dlightbox%26settings%3DeyJpZCI6MzExNiwidXJsIjoiaHR0cHM6XC9cL3NpdGVzLnVzcC5iclwvaGlzdG9yaWFzZGFlYWNoXC93cC1jb250ZW50XC91cGxvYWRzXC9zaXRlc1wvMTYwM1wvMjAyNVwvMDJcL0ltYWdlbS1kby1XaGF0c0FwcC1kZS0yMDI1LTAyLTA3LWFzLTIyLjA2LjE4X2RlNzIwNTkwLXNjYWxlZC5qcGcifQ%3D%3D\">\n\t\t\t\t\t\t\t<img fetchpriority=\"high\" decoding=\"async\" width=\"1920\" height=\"2560\" src=\"https:\/\/sites.usp.br\/historiasdaeach\/wp-content\/uploads\/sites\/1603\/2025\/02\/Imagem-do-WhatsApp-de-2025-02-07-as-22.06.18_de720590-scaled.jpg\" class=\"elementor-animation-grow attachment-full size-full wp-image-3116\" alt=\"Foto de Nat\u00e1lia Dourado\/EACH-USP\" srcset=\"https:\/\/sites.usp.br\/historiasdaeach\/wp-content\/uploads\/sites\/1603\/2025\/02\/Imagem-do-WhatsApp-de-2025-02-07-as-22.06.18_de720590-scaled.jpg 1920w, https:\/\/sites.usp.br\/historiasdaeach\/wp-content\/uploads\/sites\/1603\/2025\/02\/Imagem-do-WhatsApp-de-2025-02-07-as-22.06.18_de720590-225x300.jpg 225w, https:\/\/sites.usp.br\/historiasdaeach\/wp-content\/uploads\/sites\/1603\/2025\/02\/Imagem-do-WhatsApp-de-2025-02-07-as-22.06.18_de720590-768x1024.jpg 768w, https:\/\/sites.usp.br\/historiasdaeach\/wp-content\/uploads\/sites\/1603\/2025\/02\/Imagem-do-WhatsApp-de-2025-02-07-as-22.06.18_de720590-1152x1536.jpg 1152w, https:\/\/sites.usp.br\/historiasdaeach\/wp-content\/uploads\/sites\/1603\/2025\/02\/Imagem-do-WhatsApp-de-2025-02-07-as-22.06.18_de720590-1536x2048.jpg 1536w, https:\/\/sites.usp.br\/historiasdaeach\/wp-content\/uploads\/sites\/1603\/2025\/02\/Imagem-do-WhatsApp-de-2025-02-07-as-22.06.18_de720590-400x533.jpg 400w\" sizes=\"(max-width: 1920px) 100vw, 1920px\" \/>\t\t\t\t\t\t\t\t<\/a>\n\t\t\t\t\t\t\t\t\t\t\t\t\t<\/div>\n\t\t\t\t<\/div>\n\t\t\t\t\t<\/div>\n\t\t<\/div>\n\t\t\t\t<div class=\"elementor-column elementor-col-50 elementor-inner-column elementor-element elementor-element-a2ff4b7\" data-id=\"a2ff4b7\" data-element_type=\"column\">\n\t\t\t<div class=\"elementor-widget-wrap elementor-element-populated\">\n\t\t\t\t\t\t<div class=\"elementor-element elementor-element-e35fa22 elementor-widget elementor-widget-heading\" data-id=\"e35fa22\" data-element_type=\"widget\" data-widget_type=\"heading.default\">\n\t\t\t\t<div class=\"elementor-widget-container\">\n\t\t\t<h2 class=\"elementor-heading-title elementor-size-default\">20 Anos Transformando a Zona Leste e a Pr\u00f3pria USP.<\/h2>\t\t<\/div>\n\t\t\t\t<\/div>\n\t\t\t\t<div class=\"elementor-element elementor-element-84ea862 elementor-invisible elementor-widget elementor-widget-text-editor\" data-id=\"84ea862\" data-element_type=\"widget\" data-settings=\"{&quot;_animation&quot;:&quot;fadeIn&quot;}\" data-widget_type=\"text-editor.default\">\n\t\t\t\t<div class=\"elementor-widget-container\">\n\t\t\t\t\t\t\t<p>Ao longo de duas d\u00e9cadas, a Escola de Artes, Ci\u00eancias e Humanidades da USP (EACH) tem sido um marco de inova\u00e7\u00e3o e transforma\u00e7\u00e3o na Zona Leste de S\u00e3o Paulo. Criada com a proposta de oferecer uma educa\u00e7\u00e3o superior plural e multidisciplinar, a EACH se consolidou como um centro de excel\u00eancia em ensino, pesquisa e extens\u00e3o, formando profissionais altamente qualificados para os desafios do mundo contempor\u00e2neo. Seus cursos inovadores e interdisciplinares refletem o compromisso da USP em democratizar o conhecimento, promovendo impacto direto na vida dos estudantes e na comunidade ao redor.<\/p><p>Mais do que um polo acad\u00eamico, a EACH tem impulsionado o desenvolvimento social e econ\u00f4mico da regi\u00e3o, fortalecendo parcerias com empresas, organiza\u00e7\u00f5es e iniciativas locais. Seus projetos de pesquisa e extens\u00e3o levam conhecimento aplicado \u00e0 sociedade, contribuindo para solu\u00e7\u00f5es sustent\u00e1veis e inclus\u00e3o social. Ao completar 20 anos, a EACH reafirma seu papel essencial na transforma\u00e7\u00e3o da Zona Leste, conectando saberes, formando lideran\u00e7as e construindo um futuro mais promissor para as novas gera\u00e7\u00f5es.<\/p>\t\t\t\t\t\t<\/div>\n\t\t\t\t<\/div>\n\t\t\t\t\t<\/div>\n\t\t<\/div>\n\t\t\t\t\t<\/div>\n\t\t<\/section>\n\t\t\t\t<div class=\"elementor-element elementor-element-145d734 elementor-widget elementor-widget-video\" data-id=\"145d734\" data-element_type=\"widget\" data-settings=\"{&quot;youtube_url&quot;:&quot;https:\\\/\\\/youtu.be\\\/gPUFkZDNox0&quot;,&quot;video_type&quot;:&quot;youtube&quot;,&quot;controls&quot;:&quot;yes&quot;}\" data-widget_type=\"video.default\">\n\t\t\t\t<div class=\"elementor-widget-container\">\n\t\t\t\t\t<div class=\"elementor-wrapper elementor-open-inline\">\n\t\t\t<div class=\"elementor-video\"><\/div>\t\t<\/div>\n\t\t\t\t<\/div>\n\t\t\t\t<\/div>\n\t\t\t\t\t<\/div>\n\t\t<\/div>\n\t\t\t\t\t<\/div>\n\t\t<\/section>\n\t\t\t\t<\/div>\n\t\t","protected":false},"excerpt":{"rendered":"<p>EACH USP: h\u00e1 20 anos moldando o presente e desenhando o futuro! Duas d\u00e9cadas de excel\u00eancia, impacto social e compromisso com a educa\u00e7\u00e3o! 20 Anos Transformando a Zona Leste e a Pr\u00f3pria USP. Ao longo de duas d\u00e9cadas, a Escola de Artes, Ci\u00eancias e Humanidades da USP (EACH) tem sido um marco de inova\u00e7\u00e3o e [&hellip;]<\/p>\n","protected":false},"author":23936,"featured_media":0,"parent":0,"menu_order":0,"comment_status":"closed","ping_status":"closed","template":"elementor_header_footer","meta":{"_monsterinsights_skip_tracking":false,"_monsterinsights_sitenote_active":false,"_monsterinsights_sitenote_note":"","_monsterinsights_sitenote_category":0,"footnotes":"","_links_to":"","_links_to_target":""},"class_list":["post-2867","page","type-page","status-publish","hentry"],"_links":{"self":[{"href":"https:\/\/sites.usp.br\/historiasdaeach\/wp-json\/wp\/v2\/pages\/2867","targetHints":{"allow":["GET"]}}],"collection":[{"href":"https:\/\/sites.usp.br\/historiasdaeach\/wp-json\/wp\/v2\/pages"}],"about":[{"href":"https:\/\/sites.usp.br\/historiasdaeach\/wp-json\/wp\/v2\/types\/page"}],"author":[{"embeddable":true,"href":"https:\/\/sites.usp.br\/historiasdaeach\/wp-json\/wp\/v2\/users\/23936"}],"replies":[{"embeddable":true,"href":"https:\/\/sites.usp.br\/historiasdaeach\/wp-json\/wp\/v2\/comments?post=2867"}],"version-history":[{"count":4,"href":"https:\/\/sites.usp.br\/historiasdaeach\/wp-json\/wp\/v2\/pages\/2867\/revisions"}],"predecessor-version":[{"id":3603,"href":"https:\/\/sites.usp.br\/historiasdaeach\/wp-json\/wp\/v2\/pages\/2867\/revisions\/3603"}],"wp:attachment":[{"href":"https:\/\/sites.usp.br\/historiasdaeach\/wp-json\/wp\/v2\/media?parent=2867"}],"curies":[{"name":"wp","href":"https:\/\/api.w.org\/{rel}","templated":true}]}}