{"id":216,"date":"2020-06-01T17:50:38","date_gmt":"2020-06-01T19:50:38","guid":{"rendered":"https:\/\/sites.usp.br\/hoch\/?page_id=216"},"modified":"2025-10-06T11:36:36","modified_gmt":"2025-10-06T13:36:36","slug":"publicacoes","status":"publish","type":"page","link":"https:\/\/sites.usp.br\/hoch\/en\/publicacoes\/","title":{"rendered":"Publications"},"content":{"rendered":"\t\t<div data-elementor-type=\"wp-page\" data-elementor-id=\"216\" class=\"elementor elementor-216\">\n\t\t\t\t\t\t<section class=\"elementor-section elementor-top-section elementor-element elementor-element-204b45dd elementor-section-boxed elementor-section-height-default elementor-section-height-default\" data-id=\"204b45dd\" data-element_type=\"section\">\n\t\t\t\t\t\t<div class=\"elementor-container elementor-column-gap-default\">\n\t\t\t\t\t<div class=\"elementor-column elementor-col-100 elementor-top-column elementor-element elementor-element-72b5ef0b\" data-id=\"72b5ef0b\" data-element_type=\"column\">\n\t\t\t<div class=\"elementor-widget-wrap elementor-element-populated\">\n\t\t\t\t\t\t<div class=\"elementor-element elementor-element-6b34ff7f elementor-widget__width-initial elementor-widget elementor-widget-text-editor\" data-id=\"6b34ff7f\" data-element_type=\"widget\" data-widget_type=\"text-editor.default\">\n\t\t\t\t<div class=\"elementor-widget-container\">\n\t\t\t\t\t\t\t<p><b>29. Ribeiro VC, Russo LC, Gonz\u00e1lez Dur\u00e9 DM, Hoch NC.<\/b>\u00a0Interferon-induced ADP-ribosylation: technical developments driving ICAB discovery. <strong>Biosci Rep.<\/strong> 31 March 2025; 45 (03): 197\u2013209. <b><u><a href=\"https:\/\/doi.org\/10.1042\/BSR20240986\">\u00a0DOI: 10.1042\/BSR20240986<\/a><\/u><\/b><\/p><p><b>28.<\/b>\u00a0<b>Moura RD de<\/b>, <b>Mattos PD de<\/b>, <b>Valente PF<\/b>, <b>Hoch NC<\/b>. Molecular mechanisms of cell death by parthanatos: More questions than answers. <b>Genet Mol Biol<\/b>. 2024;47:e20230357. <b><u><a href=\"https:\/\/doi.org\/10.1590\/1678-4685-GMB-2023-0357\">DOI:10.1590\/1678-4685-GMB-2023-0357<\/a><\/u><\/b><\/p><p><strong>27.<\/strong>\u00a0Papp H, T\u00f3th E, B\u00f3v\u00e1ri-Biri J, B\u00e1nfai K, Juh\u00e1sz P, Mahdi M, <b>Russo LC<\/b>, Bajusz D, Sipos A, Petri L, Szalai TV, Kem\u00e9ny \u00c1, Madai M, Kuczmog A, Batta G, M\u00f3zner O, Vask\u00f3 D, Hirsch E, Bohus P, M\u00e9hes G, T\u0151zs\u00e9r J, Curtin NJ, Helyes Z, T\u00f3th A, <b>Hoch NC<\/b>, Jakab F, Keser\u0171 GM, Pongr\u00e1cz JE, Bai P. The PARP inhibitor rucaparib blocks SARS-CoV-2 virus binding to cells and the immune reaction in models of COVID-19. <b>Br J Pharmacol<\/b>. 2024 Aug 27. <a href=\"https:\/\/doi.org\/10.1111\/bph.17305\"><b><u>DOI: 10.1111\/bph.17305<\/u><\/b><\/a>.<\/p><p><strong>26.<\/strong>\u00a0Latancia MT, Leandro GDS, Bastos AU, Moreno NC, Ariwoola AA, Martins DJ, Ashton NW, <b>Ribeiro VC<\/b>, <b>Hoch NC<\/b>, Rocha CRR, Woodgate R, Menck CFM. Human translesion DNA polymerases \u03b9 and \u03ba mediate tolerance to temozolomide in MGMT-deficient glioblastoma cells. <b>DNA Repair (Amst)<\/b>. 2024 Jul 18;141:103715. <a href=\"https:\/\/doi.org\/10.1016\/j.dnarep.2024.103715\"><b><u>DOI: 10.1016\/j.dnarep.2024.103715<\/u><\/b><\/a><\/p><p><strong>25.<\/strong>\u00a0Rijpkema KJ, Schuller M, van der Veer MS, Rieken S, Chang DLR, Bali\u0107 P, Todorov A, Minnee H, Wijngaarden S, <b>Matos IA<\/b>, <b>Hoch NC<\/b>, Cod\u00e9e JDC, Ahel I, Filippov DV. Synthesis of Structural ADP-Ribose Analogues as Inhibitors for SARS-CoV-2 Macrodomain 1. <b>Org Lett<\/b>. 2024 Jul 12;26(27):5700-5704. <a href=\"https:\/\/doi.org\/10.1021\/acs.orglett.4c01792\"><b><u>DOI: 10.1021\/acs.orglett.4c01792<\/u><\/b><\/a><\/p><p><strong>24.<\/strong>\u00a0<b>Ribeiro VC<\/b>, <b>Russo LC<\/b>, <b>Hoch NC<\/b>. PARP14 is regulated by the PARP9\/DTX3L complex and promotes interferon \u03b3-induced ADP-ribosylation. <b>EMBO J<\/b>. 2024 Jul;43(14):2908-2928. <a href=\"https:\/\/doi.org\/10.1038\/s44318-024-00125-1\"><b><u>DOI: 10.1038\/s44318-024-00125-1<\/u><\/b><\/a><strong><br \/><\/strong><\/p><p><strong>23.<\/strong>\u00a0<b>Matos IA<\/b>, Dallazen JL, Reis LR, Souza LF, Bevevino RC, <b>de Moura RD<\/b>, Ronsein GE, <b>Hoch NC<\/b>, da Costa J\u00fanior NB, Costa SKP, Meotti FC. Targeting Myeloperoxidase Ameliorates Gouty Arthritis: A Virtual Screening Success Story. <b>J Med Chem.<\/b> 2024 Jul 25;67(14):12012-12032. <a href=\"https:\/\/doi.org\/10.1021\/acs.jmedchem.4c00721\"><b><u>DOI: 10.1021\/acs.jmedchem.4c00721<\/u><\/b><\/a><strong><br \/><\/strong><\/p><p><strong>22.<\/strong>\u00a0Martins DJ, Di Lazzaro Filho R, Bertola DR, <b>Hoch NC<\/b>. Rothmund-Thomson syndrome, a disorder far from solved. <b>Front Aging.<\/b> 2023 Nov 10;4:1296409. <a href=\"https:\/\/doi.org\/10.3389%2Ffragi.2023.1296409\"><b><u>DOI: 10.3389\/fragi.2023.1296409<\/u><\/b><\/a><strong><br \/><\/strong><\/p><p><strong>21.<\/strong>\u00a0Di Lazzaro Filho R, Yamamoto GL, <b>Silva TJ<\/b>, Rocha LA, Linnenkamp BDW, Castro MAA, Bartholdi D, Schaller A, Leeb T, Kelmann S, Utagawa CY, Steiner CE, Steinmetz L, Honjo RS, Kim CA, Wang L, Abourjaili-Bilodeau R, Campeau PM, Warman M, Passos-Bueno MR, <b>Hoch NC<\/b>, Bertola DR. Biallelic variants in DNA2 cause poikiloderma with congenital cataracts and severe growth failure reminiscent of Rothmund-Thomson syndrome. <b>J Med Genet.<\/b> 2023 Nov;60(11):1127-1132. <a href=\"https:\/\/doi.org\/10.1136\/jmg-2022-109119\"><b><u>DOI: 10.1136\/jmg-2022-109119<\/u><\/b><\/a><strong><br \/><\/strong><\/p><p><strong>20.<\/strong> Serrano-Benitez A, Wells S, Drummond-Clarke L, <strong>Russo LC<\/strong>, Christopher Thomas J, <strong>Leal G<\/strong>, Farrow M, Edgerton JM, Balasubramanian S, Yang M, Frezza C, Gautam A, Brazina J, Burdova K, <strong>Hoch NC<\/strong>, Jackson SP, Caldecott KW. Unrepaired base excision repair intermediates in template DNA strands trigger replication fork collapse and PARP inhibitor sensitivity. <strong>The EMBO Journal<\/strong>. 2023 July 26. <strong><span style=\"text-decoration-line: underline;\"><a href=\"https:\/\/www.embopress.org\/doi\/full\/10.15252\/embj.2022113190\"> DOI: 10.15252\/embj.2022113190<\/a><\/span><\/strong><\/p><p style=\"text-align: justify;\"><strong>19.<\/strong> Di Lazzaro Filho R, Yamamoto GL, <strong>Silva TJ<\/strong>, Rocha LA , Linnenkamp BDW , Castro MAA, Bartholdi D, Schaller A, Leeb T, Kelmann S, Utagawa CY, Steiner CE,\u00a0 Steinmetz L, Honjo RS, Kim CA, Wang L, Abourjaili-Bilodeau R, Campeau PM, Warman M, Passos-Bueno MR, <strong>Hoch NC<\/strong>, Bertola DR. Biallelic variants in DNA2 cause poikiloderma with congenital cataracts and severe growth failure reminiscent of Rothmund-Thomson syndrome. <strong>Journal of Medical Genetics<\/strong>. 2023 April 13. <a href=\"https:\/\/jmg.bmj.com\/content\/early\/2023\/04\/19\/jmg-2022-109119.info\"><span style=\"text-decoration: underline;\"><strong>DOI: 10.1136\/jmg-2022-109119<\/strong><\/span><\/a><\/p><p><strong>18.<\/strong> Latancia MT, Moreno NC, Leandro GS, <strong>Ribeiro VC<\/strong>, Souza I, Vieira WKM, Bastos AU, <strong>Hoch NC<\/strong>, Rocha CRR, Menck CFM. DNA polymerase eta protects human cells against DNA damage induced by the tumor chemotherapeutic temozolomide. <strong>Mutation Research &#8211; Genetic Toxicology and Environmental Mutagenesis<\/strong>. 2022 May 5. <a href=\"https:\/\/www.sciencedirect.com\/science\/article\/pii\/S1383571822000596?via%3Dihub\"><span style=\"text-decoration: underline;\"><strong>DOI: 10.1016\/j.mrgentox.2022.503498<\/strong><\/span><\/a><\/p><p style=\"text-align: justify;\"><strong>17.<\/strong> <strong>Hoch NC<\/strong>. Host ADP-ribosylation and the SARS-CoV-2 macrodomain. <strong>Biochem Soc Trans<\/strong>. 2021 Aug 27;49(4):1711-1721. <a href=\"https:\/\/portlandpress.com\/biochemsoctrans\/article\/49\/4\/1711\/229458\/Host-ADP-ribosylation-and-the-SARS-CoV-2\"><strong><span style=\"text-decoration: underline;\">DOI: 10.1042\/BST20201212<\/span><\/strong><\/a><\/p><p style=\"text-align: justify;\"><strong>16.<\/strong>\u00a0<b>Russo LC<\/b>, Tomasin R, <b>Matos IA<\/b>, Manucci AC, Sowa ST, Dale K, Caldecott KW, Lehti\u00f6 L, Schechtman D, Meotti FC, Bruni-Cardoso A,\u00a0<strong>Hoch NC<\/strong>. The SARS-CoV-2 Nsp3 macrodomain reverses PARP9\/DTX3L-dependent ADP-ribosylation induced by interferon signalling.\u00a0<strong>J Biol Chem<\/strong>. 2021 Aug 3;297(3):101041. <a href=\"https:\/\/www.sciencedirect.com\/science\/article\/pii\/S0021925821008437\"><strong><span style=\"text-decoration: underline;\">DOI: 10.1016\/j.jbc.2021.101041<\/span><\/strong><\/a><\/p><p style=\"text-align: justify;\"><strong>15.<\/strong>\u00a0L\u00fcscher B, Ahel I, Altmeyer M, Ashworth A, Bai P, Chang P, Cohen M, Corda D, Dantzer F, Daugherty MD, Dawson TM, Dawson VL, Deindl S, Fehr AR, Feijs KLH, Filippov DV, Gagn\u00e9 JP, Grimaldi G, Guettler S,\u00a0<strong>Hoch NC<\/strong>, Hottiger MO, Korn P, Kraus WL, Ladurner A, Lehti\u00f6 L, Leung AKL, Lord CJ, Mangerich A, Matic I, Matthews J, Moldovan GL, Moss J, Natoli G, Nielsen ML, Niepel M, Nolte F, Pascal J, Paschal BM, Paw\u0142owski K, Poirier GG, Smith S, Timinszky G, Wang ZQ, Y\u00e9lamos J, Yu X, Zaja R, Ziegler M. ADP-ribosyltransferases, an update on function and nomenclature.\u00a0<strong>FEBS J<\/strong>. 2021 Jul 29. <a href=\"https:\/\/febs.onlinelibrary.wiley.com\/doi\/10.1111\/febs.16142\"><strong><span style=\"text-decoration: underline;\">DOI: 10.1111\/febs.16142<\/span><\/strong><\/a><\/p><p style=\"text-align: justify;\"><strong>14.<\/strong> King A, <strong>Hoch NC<\/strong>, McGregor NE, Sims NA, Smyth IM, and Heierhorst J (2019). Dynll1 is essential for development and promotes endochondral bone formation by regulating intraflagellar Dynein function in primary cilia. <strong>Hum Mol Genet<\/strong>: ddz083. <a href=\"https:\/\/academic.oup.com\/hmg\/article-abstract\/28\/15\/2573\/5476401?redirectedFrom=fulltext\"><span style=\"text-decoration: underline;\"><strong>DOI: 10.1093\/hmg\/ddz083<\/strong><\/span><\/a><\/p><p style=\"text-align: justify;\"><!-- \/wp:paragraph --><\/p><p style=\"text-align: justify;\"><strong style=\"text-align: justify;\">13.<\/strong> <strong style=\"text-align: justify;\">Hoch NC<\/strong><span style=\"text-align: justify;\"> and Polo LM (2019). ADP-ribosylation: from molecular mechanisms to human disease. <\/span><strong style=\"text-align: justify;\">Genet Mol Biol<\/strong><span style=\"text-align: justify;\">. 43(1 suppl 1), e20190075. <\/span><a href=\"https:\/\/www.scielo.br\/scielo.php?script=sci_arttext&amp;pid=S1415-47572020000200304&amp;tlng=en\"><span style=\"text-decoration: underline;\"><strong>DOI<\/strong><span style=\"text-align: justify;\">:<strong> 10.1590\/1678-4685-gmb-2019-0075<\/strong><\/span><\/span><\/a><\/p><p style=\"text-align: justify;\"><!-- \/wp:paragraph --><\/p><p style=\"text-align: justify;\"><strong style=\"text-align: justify;\">12.<\/strong><span style=\"text-align: justify;\"> Baptista MS, Alves MJM, Arantes GM, Armelin HA, Augusto O, Baldini RL, Basseres DS, Bechara EJH, Bruni-Cardoso A, Chaimovich H, Colepicolo Neto P, Colli W, Cuccovia IM, Da-Silva AM, Di Mascio P, Farah SC, Ferreira C, Forti FL, Giordano RJ, Gomes SL, Gueiros Filho FJ, <\/span><strong style=\"text-align: justify;\">Hoch NC<\/strong><span style=\"text-align: justify;\">, Hotta CT, Labriola L, Lameu C, Machini MT, Malnic B, Marana SR, Medeiros MHG, Meotti FC, Miyamoto S, Oliveira CC, Souza-Pinto NC, Reis EM, Ronsein GE, Salinas RK, Schechtman D, Schreier S, Setubal JC, Sogayar MC, Souza GM, Terra WR, Truzzi DR, Ulrich H, Verjovski-Almeida S, Winck FV, Zingales B, and Kowaltowski AJ (2019). Where do we aspire to publish? A position paper on scientific communication in biochemistry and molecular biology. <\/span><strong style=\"text-align: justify;\">Braz J Med Biol Res<\/strong><span style=\"text-align: justify;\">. 52(9): e8935. <\/span><a href=\"https:\/\/www.scielo.br\/scielo.php?script=sci_arttext&amp;pid=S0100-879X2019000900401&amp;tlng=en\"><span style=\"text-decoration: underline;\"><strong>DOI<span style=\"text-align: justify;\">: 10.1590\/1414-431&#215;20198935<\/span><\/strong><\/span><\/a><\/p><p style=\"text-align: justify;\"><!-- \/wp:paragraph --><\/p><p style=\"text-align: justify;\"><strong style=\"text-align: justify;\">11.<\/strong><span style=\"text-align: justify;\"> Liu R, King A, <\/span><strong style=\"text-align: justify;\">Hoch NC<\/strong><span style=\"text-align: justify;\">, Chang C, Kelly GL, Deans AJ, and Heierhorst J (2017). ASCIZ\/ATMIN is dispensable for ATM signaling in response to replication stress. <\/span><strong style=\"text-align: justify;\">DNA Repair<\/strong><span style=\"text-align: justify;\"> (Amst). 57: 29-34. <\/span><a href=\"https:\/\/www.sciencedirect.com\/science\/article\/pii\/S1568786417301349?via%3Dihub\"><span style=\"text-decoration: underline;\"><strong>DOI<span style=\"text-align: justify;\">: 10.1016\/j.dnarep.2017.06.022<\/span><\/strong><\/span><\/a><\/p><p style=\"text-align: justify;\"><!-- \/wp:paragraph --><\/p><p style=\"text-align: justify;\"><strong style=\"text-align: justify;\">10.<\/strong> <strong style=\"text-align: justify;\">Hoch NC<\/strong><span style=\"text-align: justify;\">, Hanzlikova H, Rulten SL, Tetreault M, Komulainen E, Ju L, Hornyak P, Zeng Z, Gittens W, Rey SA, Staras K, Mancini GM, McKinnon PJ, Wang ZQ, Wagner JD, Yoon G, and Caldecott KW (2017). XRCC1 mutation is associated with PARP1 hyperactivation and cerebellar ataxia. <\/span><strong style=\"text-align: justify;\">Nature<\/strong><span style=\"text-align: justify;\">. 541(7635): 87-91. <\/span><a href=\"https:\/\/www.nature.com\/articles\/nature20790\"><span style=\"text-decoration: underline;\"><strong>DOI<span style=\"text-align: justify;\">: 10.1038\/nature20790<\/span><\/strong><\/span><\/a><\/p><p style=\"text-align: justify;\"><!-- \/wp:paragraph --><\/p><p style=\"text-align: justify;\"><strong style=\"text-align: justify;\">9.<\/strong> <strong style=\"text-align: justify;\">Hoch NC<\/strong><span style=\"text-align: justify;\">, Chen ES, Tsai MD, and Heierhorst J (2017). Quantitative Analysis of Yeast Checkpoint Protein Kinase Activity by Combined Mass Spectrometry Enzyme Assays. <\/span><strong style=\"text-align: justify;\">Methods Enzymol<\/strong><span style=\"text-align: justify;\">. 586: 143-164. <\/span><a href=\"https:\/\/www.sciencedirect.com\/science\/article\/pii\/S0076687916303056?via%3Dihub\"><span style=\"text-decoration: underline;\"><strong>DOI<span style=\"text-align: justify;\">: 10.1016\/bs.mie.2016.09.032<\/span><\/strong><\/span><\/a><\/p><p style=\"text-align: justify;\"><!-- \/wp:paragraph --><\/p><p style=\"text-align: justify;\"><strong style=\"text-align: justify;\">8.<\/strong><span style=\"text-align: justify;\"> Breslin C, Mani RS, Fanta M, <\/span><strong style=\"text-align: justify;\">Hoch N<\/strong><span style=\"text-align: justify;\">, Weinfeld M, and Caldecott KW (2017). The Rev1 interacting region (RIR) motif in the scaffold protein XRCC1 mediates a low-affinity interaction with polynucleotide kinase\/phosphatase (PNKP) during DNA single-strand break repair. <\/span><strong style=\"text-align: justify;\">J Biol Chem<\/strong><span style=\"text-align: justify;\">. 292(39): 16024-16031. <\/span><a href=\"https:\/\/www.jbc.org\/content\/292\/39\/16024.long\"><span style=\"text-decoration: underline;\"><strong>DOI<span style=\"text-align: justify;\">: 10.1074\/jbc.M117.806638<\/span><\/strong><\/span><\/a><\/p><p style=\"text-align: justify;\"><!-- \/wp:paragraph --><\/p><p style=\"text-align: justify;\"><strong style=\"text-align: justify;\">7.<\/strong><span style=\"text-align: justify;\"> Grundy GJ, Polo LM, Zeng Z, Rulten SL, <\/span><strong style=\"text-align: justify;\">Hoch NC<\/strong><span style=\"text-align: justify;\">, Paomephan P, Xu Y, Sweet SM, Thorne AW, Oliver AW, Matthews SJ, Pearl LH, and Caldecott KW (2016). PARP3 is a sensor of nicked nucleosomes and monoribosylates histone H2B(Glu2). <\/span><strong style=\"text-align: justify;\">Nat Commun<\/strong><span style=\"text-align: justify;\">. 7: 12404. <\/span><a href=\"https:\/\/www.nature.com\/articles\/ncomms12404\"><span style=\"text-decoration: underline;\"><strong>DOI<span style=\"text-align: justify;\">: 10.1038\/ncomms12404<\/span><\/strong><\/span><\/a><\/p><p style=\"text-align: justify;\"><!-- \/wp:paragraph --><\/p><p style=\"text-align: justify;\"><strong style=\"text-align: justify;\">6.<\/strong> <strong style=\"text-align: justify;\">Hoch NC<\/strong><span style=\"text-align: justify;\">, Lai X, and Heierhorst J (2013). Genomic stability disorders: from budding yeast to humans. <\/span><strong style=\"text-align: justify;\">Front Biosci<\/strong><span style=\"text-align: justify;\"> (Schol Ed). 5: 396-411. <\/span><a href=\"https:\/\/www.bioscience.org\/2013\/v5s\/af\/379\/fulltext.htm\"><span style=\"text-decoration: underline;\"><strong>DOI<span style=\"text-align: justify;\">: 10.2741\/s379<\/span><\/strong><\/span><\/a><\/p><p style=\"text-align: justify;\"><!-- \/wp:paragraph --><\/p><p style=\"text-align: justify;\"><strong style=\"text-align: justify;\">5.<\/strong> <strong style=\"text-align: justify;\">Hoch NC<\/strong><span style=\"text-align: justify;\">, Chen ES, Buckland R, Wang SC, Fazio A, Hammet A, Pellicioli A, Chabes A, Tsai MD, and Heierhorst J (2013). Molecular basis of the essential s phase function of the rad53 checkpoint kinase. <\/span><strong style=\"text-align: justify;\">Mol Cell Biol<\/strong><span style=\"text-align: justify;\">. 33(16): 3202-13.\u00a0<\/span><a href=\"https:\/\/www.tandfonline.com\/doi\/full\/10.1128\/MCB.00474-13\" target=\"_blank\" rel=\"noopener\"><b><u>DOI: 10.1128\/MCB.00474-13<\/u><\/b><\/a><\/p><p style=\"text-align: justify;\"><!-- \/wp:paragraph --><\/p><p style=\"text-align: justify;\"><strong style=\"text-align: justify;\">4.<\/strong><span style=\"text-align: justify;\"> Chen ES, <\/span><strong style=\"text-align: justify;\">Hoch NC<\/strong><span style=\"text-align: justify;\">, Wang SC, Pellicioli A, Heierhorst J, and Tsai MD (2013). Use of quantitative mass spectrometric analysis to elucidate the mechanisms of phospho-priming and auto-activation of the checkpoint kinase Rad53 <\/span><em style=\"text-align: justify;\">in vivo<\/em><span style=\"text-align: justify;\">. <\/span><strong style=\"text-align: justify;\">Mol Cell Proteomics<\/strong><span style=\"text-align: justify;\">. <\/span><a href=\"https:\/\/www.mcponline.org\/content\/13\/2\/551\"><span style=\"text-decoration: underline;\"><strong>DOI<span style=\"text-align: justify;\">: 10.1074\/mcp.M113.034058<\/span><\/strong><\/span><\/a><\/p><p style=\"text-align: justify;\"><!-- \/wp:paragraph --><\/p><p style=\"text-align: justify;\"><strong style=\"text-align: justify;\">3.<\/strong><span style=\"text-align: justify;\"> Jurado S, Conlan LA, Baker EK, Ng JL, Tenis N, <\/span><strong style=\"text-align: justify;\">Hoch NC<\/strong><span style=\"text-align: justify;\">, Gleeson K, Smeets M, Izon D, and Heierhorst J (2012). ATM substrate Chk2-interacting Zn2+ finger (ASCIZ) Is a bi-functional transcriptional activator and feedback sensor in the regulation of dynein light chain (DYNLL1) expression. <\/span><strong style=\"text-align: justify;\">J Biol Chem<\/strong><span style=\"text-align: justify;\">. 287(5): 3156-64. <\/span><a href=\"https:\/\/www.jbc.org\/content\/287\/5\/3156\"><span style=\"text-decoration: underline;\"><strong>DOI<span style=\"text-align: justify;\">: 10.1074\/jbc.M111.306019<\/span><\/strong><\/span><\/a><\/p><p style=\"text-align: justify;\"><!-- \/wp:paragraph --><\/p><p style=\"text-align: justify;\"><strong style=\"text-align: justify;\">2.<\/strong> <strong style=\"text-align: justify;\">Hoch NC<\/strong><span style=\"text-align: justify;\">, Santos RS, Rosa RM, Machado RM, Saffi J, Brendel M, and Henriques JA (2008). Allelism of Saccharomyces cerevisiae gene PSO10, involved in error-prone repair of psoralen-induced DNA damage, with SUMO ligase-encoding MMS21. <\/span><strong style=\"text-align: justify;\">Curr Genet<\/strong><span style=\"text-align: justify;\">. 53(6): 361-71. <\/span><a href=\"https:\/\/link.springer.com\/article\/10.1007\/s00294-008-0192-z\"><span style=\"text-decoration: underline;\"><strong>DOI<span style=\"text-align: justify;\">: 10.1007\/s00294-008-0192-z<\/span><\/strong><\/span><\/a><\/p><p style=\"text-align: justify;\"><!-- \/wp:paragraph --><\/p><p style=\"text-align: justify;\"><strong style=\"text-align: justify;\">1.<\/strong><span style=\"text-align: justify;\"> Rosa RM, <\/span><strong style=\"text-align: justify;\">Hoch NC<\/strong><span style=\"text-align: justify;\">, Furtado GV, Saffi J, and Henriques JA (2007). DNA damage in tissues and organs of mice treated with diphenyl diselenide. <\/span><strong style=\"text-align: justify;\">Mutat Res<\/strong><span style=\"text-align: justify;\">. 633(1): 35-45. <\/span><a href=\"https:\/\/www.sciencedirect.com\/science\/article\/abs\/pii\/S1383571807001374?via%3Dihub\"><span style=\"text-decoration: underline;\"><strong>DOI<span style=\"text-align: justify;\">: 10.1016\/j.mrgentox.2007.05.006<\/span><\/strong><\/span><\/a><\/p><p style=\"text-align: justify;\"><!-- \/wp:paragraph --><\/p>\t\t\t\t\t\t<\/div>\n\t\t\t\t<\/div>\n\t\t\t\t\t<\/div>\n\t\t<\/div>\n\t\t\t\t\t<\/div>\n\t\t<\/section>\n\t\t\t\t<\/div>\n\t\t","protected":false},"excerpt":{"rendered":"<p>29. Ribeiro VC, Russo LC, Gonz\u00e1lez Dur\u00e9 DM, Hoch NC.\u00a0Interferon-induced ADP-ribosylation: technical developments driving ICAB discovery. Biosci Rep. 31 March 2025; 45 (03): 197\u2013209. \u00a0DOI: 10.1042\/BSR20240986 28.\u00a0Moura RD de, Mattos PD de, Valente PF, Hoch NC. Molecular mechanisms of cell death by parthanatos: More questions than answers. Genet Mol Biol. 2024;47:e20230357. DOI:10.1590\/1678-4685-GMB-2023-0357 27.\u00a0Papp H, T\u00f3th [&hellip;]<\/p>\n","protected":false},"author":1200,"featured_media":0,"parent":0,"menu_order":0,"comment_status":"closed","ping_status":"closed","template":"","meta":{"footnotes":"","_links_to":"","_links_to_target":""},"class_list":["post-216","page","type-page","status-publish","hentry"],"_links":{"self":[{"href":"https:\/\/sites.usp.br\/hoch\/en\/wp-json\/wp\/v2\/pages\/216","targetHints":{"allow":["GET"]}}],"collection":[{"href":"https:\/\/sites.usp.br\/hoch\/en\/wp-json\/wp\/v2\/pages"}],"about":[{"href":"https:\/\/sites.usp.br\/hoch\/en\/wp-json\/wp\/v2\/types\/page"}],"author":[{"embeddable":true,"href":"https:\/\/sites.usp.br\/hoch\/en\/wp-json\/wp\/v2\/users\/1200"}],"replies":[{"embeddable":true,"href":"https:\/\/sites.usp.br\/hoch\/en\/wp-json\/wp\/v2\/comments?post=216"}],"version-history":[{"count":4,"href":"https:\/\/sites.usp.br\/hoch\/en\/wp-json\/wp\/v2\/pages\/216\/revisions"}],"predecessor-version":[{"id":1183,"href":"https:\/\/sites.usp.br\/hoch\/en\/wp-json\/wp\/v2\/pages\/216\/revisions\/1183"}],"wp:attachment":[{"href":"https:\/\/sites.usp.br\/hoch\/en\/wp-json\/wp\/v2\/media?parent=216"}],"curies":[{"name":"wp","href":"https:\/\/api.w.org\/{rel}","templated":true}]}}