{"id":231,"date":"2020-06-01T18:00:46","date_gmt":"2020-06-01T20:00:46","guid":{"rendered":"https:\/\/sites.usp.br\/hoch\/?page_id=231"},"modified":"2025-12-12T09:48:28","modified_gmt":"2025-12-12T11:48:28","slug":"oportunidades","status":"publish","type":"page","link":"https:\/\/sites.usp.br\/hoch\/oportunidades\/","title":{"rendered":"Oportunidades"},"content":{"rendered":"\t\t<div data-elementor-type=\"wp-page\" data-elementor-id=\"231\" class=\"elementor elementor-231\">\n\t\t\t\t\t\t<section class=\"elementor-section elementor-top-section elementor-element elementor-element-015aa1c elementor-section-boxed elementor-section-height-default elementor-section-height-default\" data-id=\"015aa1c\" data-element_type=\"section\">\n\t\t\t\t\t\t<div class=\"elementor-container elementor-column-gap-default\">\n\t\t\t\t\t<div class=\"elementor-column elementor-col-50 elementor-top-column elementor-element elementor-element-01ed096\" data-id=\"01ed096\" data-element_type=\"column\">\n\t\t\t<div class=\"elementor-widget-wrap elementor-element-populated\">\n\t\t\t\t\t\t<div class=\"elementor-element elementor-element-417a8e8 elementor-widget elementor-widget-image\" data-id=\"417a8e8\" data-element_type=\"widget\" data-widget_type=\"image.default\">\n\t\t\t\t<div class=\"elementor-widget-container\">\n\t\t\t\t\t\t\t\t\t\t\t\t\t<img fetchpriority=\"high\" decoding=\"async\" width=\"223\" height=\"226\" src=\"https:\/\/sites.usp.br\/hoch\/wp-content\/uploads\/sites\/725\/2025\/09\/Bioquimica-USP.png\" class=\"attachment-2048x2048 size-2048x2048 wp-image-1158\" alt=\"\" srcset=\"https:\/\/sites.usp.br\/hoch\/wp-content\/uploads\/sites\/725\/2025\/09\/Bioquimica-USP.png 223w, https:\/\/sites.usp.br\/hoch\/wp-content\/uploads\/sites\/725\/2025\/09\/Bioquimica-USP-45x45.png 45w\" sizes=\"(max-width: 223px) 100vw, 223px\" \/>\t\t\t\t\t\t\t\t\t\t\t\t\t<\/div>\n\t\t\t\t<\/div>\n\t\t\t\t<div class=\"elementor-element elementor-element-b36f595 elementor-widget elementor-widget-image\" data-id=\"b36f595\" data-element_type=\"widget\" data-widget_type=\"image.default\">\n\t\t\t\t<div class=\"elementor-widget-container\">\n\t\t\t\t\t\t\t\t\t\t\t\t\t<img decoding=\"async\" width=\"200\" height=\"200\" src=\"https:\/\/sites.usp.br\/hoch\/wp-content\/uploads\/sites\/725\/2025\/11\/Captura-de-tela-2025-11-13-122409-200x200.png\" class=\"attachment-fpw_square size-fpw_square wp-image-1213\" alt=\"\" srcset=\"https:\/\/sites.usp.br\/hoch\/wp-content\/uploads\/sites\/725\/2025\/11\/Captura-de-tela-2025-11-13-122409-200x200.png 200w, https:\/\/sites.usp.br\/hoch\/wp-content\/uploads\/sites\/725\/2025\/11\/Captura-de-tela-2025-11-13-122409-150x150.png 150w, https:\/\/sites.usp.br\/hoch\/wp-content\/uploads\/sites\/725\/2025\/11\/Captura-de-tela-2025-11-13-122409-45x45.png 45w\" sizes=\"(max-width: 200px) 100vw, 200px\" \/>\t\t\t\t\t\t\t\t\t\t\t\t\t<\/div>\n\t\t\t\t<\/div>\n\t\t\t\t\t<\/div>\n\t\t<\/div>\n\t\t\t\t<div class=\"elementor-column elementor-col-50 elementor-top-column elementor-element elementor-element-5ee4b6c\" data-id=\"5ee4b6c\" data-element_type=\"column\">\n\t\t\t<div class=\"elementor-widget-wrap elementor-element-populated\">\n\t\t\t\t\t\t<div class=\"elementor-element elementor-element-93c2e16 elementor-widget elementor-widget-text-editor\" data-id=\"93c2e16\" data-element_type=\"widget\" data-widget_type=\"text-editor.default\">\n\t\t\t\t<div class=\"elementor-widget-container\">\n\t\t\t\t\t\t\t<p> <span style=\"color: #222222; font-family: Arial, Helvetica, sans-serif; font-size: small;\">O Programa de P\u00f3s-Gradua\u00e7\u00e3o em Bioqu\u00edmica do Instituto de Qu\u00edmica da USP possui provas semestrais para ingresso, normalmente em novembro e junho &#8211; para mais informa\u00e7\u00f5es acesse o site do IQ (<a href=\"https:\/\/www.iq.usp.br\/portaliqusp\/?q=pt-br\/inscri%C3%A7%C3%B5es-%E2%80%94-exame-de-sele%C3%A7%C3%A3o-de-candidatos-para-o-programa-de-p%C3%B3s-gradua%C3%A7%C3%A3o-em-bioqu%C3%ADmica\">clique aqui)<\/a>.<\/span><\/p><p><span style=\"color: #222222; font-family: Arial, Helvetica, sans-serif; font-size: small;\">O Prof. N\u00edcolas Hoch procura alunos(as) dedicados(as) e motivados(as) para se juntar ao laborat\u00f3rio em n\u00edvel de mestrado ou doutorado.<\/span><br style=\"color: #222222; font-family: Arial, Helvetica, sans-serif; font-size: small;\" \/><span style=\"color: #222222; font-family: Arial, Helvetica, sans-serif; font-size: small;\">Nosso grupo \u00e9 jovem e bastante din\u00e2mico, com interesse em entender as fun\u00e7\u00f5es de uma modifica\u00e7\u00e3o p\u00f3s-traducional chamada ADP-ribosila\u00e7\u00e3o em diferentes vias de sinaliza\u00e7\u00e3o celular, como reparo de DNA, morte celular e resposta imunol\u00f3gicas antivirais, incluindo contra o SARS-CoV-2. Mantendo o enfoque em mecanismos moleculares b\u00e1sicos, estudamos tamb\u00e9m como muta\u00e7\u00f5es em certos processos levam a doen\u00e7as gen\u00e9ticas raras caracterizadas principalmente por neurodegenera\u00e7\u00e3o.<\/span><br style=\"color: #222222; font-family: Arial, Helvetica, sans-serif; font-size: small;\" \/><span style=\"color: #222222; font-family: Arial, Helvetica, sans-serif; font-size: small;\">Interessados(as) devem ter gradua\u00e7\u00e3o ou mestrado na \u00e1rea, de prefer\u00eancia com um per\u00edodo de inicia\u00e7\u00e3o cient\u00edfica. Experi\u00eancia em t\u00e9cnicas de biologia celular e molecular como cultura de c\u00e9lulas de mam\u00edferos, western blotting, microscopia de fluoresc\u00eancia, clonagem molecular e\/ou edi\u00e7\u00e3o g\u00eanica por CRISPR\/Cas9 \u00e9 desej\u00e1vel, mas n\u00e3o necess\u00e1ria.<\/span><br style=\"color: #222222; font-family: Arial, Helvetica, sans-serif; font-size: small;\" \/><span style=\"color: #222222; font-family: Arial, Helvetica, sans-serif; font-size: small;\">Diversas perspectivas de obten\u00e7\u00e3o de bolsa, seja via programa de p\u00f3s-gradua\u00e7\u00e3o (determinado pelo desempenho na prova de ingresso), ou por solicita\u00e7\u00e3o de bolsa junto a ag\u00eancias financiadoras como FAPESP.<\/span><\/p><p><strong><span style=\"color: #222222; font-family: Arial, Helvetica, sans-serif; font-size: small;\">Para se candidatar, enviar CV e carta de motiva\u00e7\u00e3o para\u00a0<\/span><a style=\"color: #1155cc; font-family: Arial, Helvetica, sans-serif; font-size: small;\" href=\"mailto:nicolas@iq.usp.br\" target=\"_blank\" rel=\"noopener\">nicolas@iq.usp.br<\/a><\/strong><\/p><p><span style=\"color: #222222; font-family: Arial, Helvetica, sans-serif; font-size: small;\"> Interessados em trabalhar no laborat\u00f3rio, em especial p\u00f3s-docs, favor entrar em contato diretamente pelo <a href=\"mailto:nicolas@iq.usp.br\">nicolas@iq.usp.br<\/a>.<\/p><p style=\"color: #000000; text-align: justify;\"><\/p>\t\t\t\t\t\t<\/div>\n\t\t\t\t<\/div>\n\t\t\t\t\t<\/div>\n\t\t<\/div>\n\t\t\t\t\t<\/div>\n\t\t<\/section>\n\t\t\t\t<\/div>\n\t\t","protected":false},"excerpt":{"rendered":"<p>O Programa de P\u00f3s-Gradua\u00e7\u00e3o em Bioqu\u00edmica do Instituto de Qu\u00edmica da USP possui provas semestrais para ingresso, normalmente em novembro e junho &#8211; para mais informa\u00e7\u00f5es acesse o site do IQ (clique aqui). O Prof. N\u00edcolas Hoch procura alunos(as) dedicados(as) e motivados(as) para se juntar ao laborat\u00f3rio em n\u00edvel de mestrado ou doutorado.Nosso grupo \u00e9 [&hellip;]<\/p>\n","protected":false},"author":1200,"featured_media":0,"parent":0,"menu_order":0,"comment_status":"closed","ping_status":"closed","template":"","meta":{"footnotes":"","_links_to":"","_links_to_target":""},"class_list":["post-231","page","type-page","status-publish","hentry"],"_links":{"self":[{"href":"https:\/\/sites.usp.br\/hoch\/wp-json\/wp\/v2\/pages\/231","targetHints":{"allow":["GET"]}}],"collection":[{"href":"https:\/\/sites.usp.br\/hoch\/wp-json\/wp\/v2\/pages"}],"about":[{"href":"https:\/\/sites.usp.br\/hoch\/wp-json\/wp\/v2\/types\/page"}],"author":[{"embeddable":true,"href":"https:\/\/sites.usp.br\/hoch\/wp-json\/wp\/v2\/users\/1200"}],"replies":[{"embeddable":true,"href":"https:\/\/sites.usp.br\/hoch\/wp-json\/wp\/v2\/comments?post=231"}],"version-history":[{"count":4,"href":"https:\/\/sites.usp.br\/hoch\/wp-json\/wp\/v2\/pages\/231\/revisions"}],"predecessor-version":[{"id":1263,"href":"https:\/\/sites.usp.br\/hoch\/wp-json\/wp\/v2\/pages\/231\/revisions\/1263"}],"wp:attachment":[{"href":"https:\/\/sites.usp.br\/hoch\/wp-json\/wp\/v2\/media?parent=231"}],"curies":[{"name":"wp","href":"https:\/\/api.w.org\/{rel}","templated":true}]}}