{"id":235,"date":"2020-06-01T18:01:37","date_gmt":"2020-06-01T20:01:37","guid":{"rendered":"https:\/\/sites.usp.br\/hoch\/?page_id=235"},"modified":"2026-03-19T15:36:23","modified_gmt":"2026-03-19T17:36:23","slug":"noticias","status":"publish","type":"page","link":"https:\/\/sites.usp.br\/hoch\/noticias\/","title":{"rendered":"Not\u00edcias"},"content":{"rendered":"\t\t<div data-elementor-type=\"wp-page\" data-elementor-id=\"235\" class=\"elementor elementor-235\">\n\t\t\t\t\t\t<section class=\"elementor-section elementor-top-section elementor-element elementor-element-4fc6db57 elementor-section-boxed elementor-section-height-default elementor-section-height-default\" data-id=\"4fc6db57\" data-element_type=\"section\">\n\t\t\t\t\t\t<div class=\"elementor-container elementor-column-gap-default\">\n\t\t\t\t\t<div class=\"elementor-column elementor-col-100 elementor-top-column elementor-element elementor-element-4215a747\" data-id=\"4215a747\" data-element_type=\"column\">\n\t\t\t<div class=\"elementor-widget-wrap elementor-element-populated\">\n\t\t\t\t\t\t<div class=\"elementor-element elementor-element-623d7848 elementor-widget elementor-widget-text-editor\" data-id=\"623d7848\" data-element_type=\"widget\" data-widget_type=\"text-editor.default\">\n\t\t\t\t<div class=\"elementor-widget-container\">\n\t\t\t\t\t\t\t<p>Fevereiro 2026 &#8211; Stefany entrou para o laborat\u00f3rio como gestor de projetos<\/p><p>Janeiro 2026 &#8211; Arthur entrou para o laborat\u00f3rio como gestor de projetos<\/p><p>Janeiro 2026 &#8211; Mariana entrou para o laborat\u00f3rio como pesquisadora de p\u00f3s-doutorado<\/p><p>Janeiro 2026 &#8211; Thiago entrou para o laborat\u00f3rio como pesquisador de p\u00f3s-doutorado<\/p><p>Outubro 2025 &#8211; Airton entrou para o laborat\u00f3rio como pesquisador de p\u00f3s-doutorado<\/p><p>Agosto 2025 &#8211; Fernando entrou para o laborat\u00f3rio como aluno de doutorado<\/p><p>Mar\u00e7o 2025 &#8211; Aline entrou para o laborat\u00f3rio como aluna de mestrado<\/p><p>Fevereiro de 2025 &#8211; O laborat\u00f3rio foi selecionado no financiamento de 8 anos do Wellcome Trust na categoria Career Development Award (CDA)<\/p><p>Outubro 2024 &#8211; Ester entrou para o laborat\u00f3rio como aluna de doutorado<\/p><p>Agosto 2024 &#8211; Luan entrou para o laborat\u00f3rio como aluno de mestrado<\/p><p>Janeiro 2024 &#8211; Fernando entrou para o laborat\u00f3rio como aluno de IC<\/p><p>Novembro 2023 &#8211; O Prof. Nicolas defendeu sua livre-doc\u00eancia e se tornou professor associado! <\/p><p>Outubro 2023 &#8211; O Prof. Nicolas foi entrevistado pela CNN sobre a &#8220;fuga de c\u00e9rebros&#8221; &#8211; Veja em: <a href=\"https:\/\/www.youtube.com\/watch?v=2jI91UlaDV4\">https:\/\/www.youtube.com\/watch?v=2jI91UlaDV4<\/a><\/p><p>Setembro 2023 &#8211; Victoria ganhou o pr\u00eamio de melhor p\u00f4ster na \u00e1rea de mutag\u00eanese, cito e genotoxicidade do 68\u00ba Congresso Brasileiro de Gen\u00e9tica<\/p><p>Setembro 2023 &#8211; Priscilla ganhou men\u00e7\u00e3o honrosa por sua apresenta\u00e7\u00e3o oral na \u00e1rea de mutag\u00eanese, cito e genotoxicidade do 68\u00ba Congresso Brasileiro de Gen\u00e9tica<\/p><p>Setembro 2023 &#8211; Dulce ganhou o pr\u00eamio Crodowaldo Pavan (melhor apresenta\u00e7\u00e3o oral na \u00e1rea de mutag\u00eanese, cito e genotoxicidade do 68\u00ba Congresso Brasileiro de Gen\u00e9tica)<\/p><p>Agosto 2023 &#8211; Priscilla, Pen\u00e9lope e Dulce foram selecionadas para apresentar seus trabalhos de forma oral no 68\u00ba Congresso Brasileiro de Gen\u00e9tica<\/p><p>Julho 2023 &#8211; Nosso artigo foi publicado! Link: <a href=\"https:\/\/www.embopress.org\/doi\/full\/10.15252\/embj.2022113190\">https:\/\/www.embopress.org\/doi\/full\/10.15252\/embj.2022113190<\/a><\/p><p>Abril 2023 &#8211; Nosso artigo foi publicado! Link: <a href=\"https:\/\/jmg.bmj.com\/content\/early\/2023\/04\/19\/jmg-2022-109119\">https:\/\/jmg.bmj.com\/content\/early\/2023\/04\/19\/jmg-2022-109119<\/a><\/p><p>Abril 2023 &#8211; Isabeli entrou para o laborat\u00f3rio como aluna de doutorado<\/p><p>Novembro 2022 &#8211; Nicolas recebeu o Pr\u00eamio Excel\u00eancia para Novas Lideran\u00e7as em Pesquisa<\/p><p>Abril 2022 &#8211; Isaac entrou para o laborat\u00f3rio como p\u00f3s-doutorando<\/p><p>Abril 2022 &#8211; Dulce entrou para o laborat\u00f3rio como t\u00e9cnica<\/p><p>Mar\u00e7o 2022 &#8211; Nicolas apresentou no congresso de PARPs em Cold Spring Harbor<\/p><p>Fevereiro 2022 &#8211; Vict\u00f3ria apresentou no I Simp\u00f3sio dos p\u00f3s-graduandos da Bioqu\u00edmica &#8211; USP<\/p><p>Fevereiro 2022 &#8211; Rafael apresentou no I Simp\u00f3sio dos p\u00f3s-graduandos da Bioqu\u00edmica &#8211; USP<\/p><p>Agosto 2021 &#8211; Nicolas apresentou no congresso de PARPs (FEBS) em Barcelona<\/p><p>Agosto 2021 &#8211; Nosso artigo foi publicado! Link:\u00a0<a href=\"https:\/\/www.jbc.org\/article\/S0021-9258(21)00843-7\/fulltext\">https:\/\/www.jbc.org\/article\/S0021-9258(21)00843-7\/fulltext<\/a><\/p><p>Julho 2021 &#8211; Nosso artigo de revis\u00e3o foi publicado! Link:\u00a0<a href=\"https:\/\/www.ncbi.nlm.nih.gov\/pmc\/articles\/PMC8421052\/\" target=\"_blank\" rel=\"noopener\">https:\/\/www.ncbi.nlm.nih.gov\/pmc\/articles\/PMC8421052\/\u00a0<\/a><\/p><p>Junho 2020 &#8211; Priscilla entrou para o laborat\u00f3rio como aluna de doutorado<\/p><p>Maio 2020 &#8211; Lilian entrou para o laborat\u00f3rio como p\u00f3s-doutoranda<\/p><p>Fevereiro 2020 &#8211; Rafael entrou para o laborat\u00f3rio como aluno de doutorado<\/p><p>Janeiro 2020 &#8211; Vict\u00f3ria entrou para o laborat\u00f3rio como aluna de doutorado<\/p><p>Agosto 2019 &#8211; Tiago entrou para o laborat\u00f3rio como aluno de doutorado<\/p>\t\t\t\t\t\t<\/div>\n\t\t\t\t<\/div>\n\t\t\t\t\t<\/div>\n\t\t<\/div>\n\t\t\t\t\t<\/div>\n\t\t<\/section>\n\t\t\t\t<\/div>\n\t\t","protected":false},"excerpt":{"rendered":"<p>Fevereiro 2026 &#8211; Stefany entrou para o laborat\u00f3rio como gestor de projetos Janeiro 2026 &#8211; Arthur entrou para o laborat\u00f3rio como gestor de projetos Janeiro 2026 &#8211; Mariana entrou para o laborat\u00f3rio como pesquisadora de p\u00f3s-doutorado Janeiro 2026 &#8211; Thiago entrou para o laborat\u00f3rio como pesquisador de p\u00f3s-doutorado Outubro 2025 &#8211; Airton entrou para o [&hellip;]<\/p>\n","protected":false},"author":1200,"featured_media":0,"parent":0,"menu_order":0,"comment_status":"closed","ping_status":"closed","template":"","meta":{"footnotes":"","_links_to":"","_links_to_target":""},"class_list":["post-235","page","type-page","status-publish","hentry"],"_links":{"self":[{"href":"https:\/\/sites.usp.br\/hoch\/wp-json\/wp\/v2\/pages\/235","targetHints":{"allow":["GET"]}}],"collection":[{"href":"https:\/\/sites.usp.br\/hoch\/wp-json\/wp\/v2\/pages"}],"about":[{"href":"https:\/\/sites.usp.br\/hoch\/wp-json\/wp\/v2\/types\/page"}],"author":[{"embeddable":true,"href":"https:\/\/sites.usp.br\/hoch\/wp-json\/wp\/v2\/users\/1200"}],"replies":[{"embeddable":true,"href":"https:\/\/sites.usp.br\/hoch\/wp-json\/wp\/v2\/comments?post=235"}],"version-history":[{"count":4,"href":"https:\/\/sites.usp.br\/hoch\/wp-json\/wp\/v2\/pages\/235\/revisions"}],"predecessor-version":[{"id":1328,"href":"https:\/\/sites.usp.br\/hoch\/wp-json\/wp\/v2\/pages\/235\/revisions\/1328"}],"wp:attachment":[{"href":"https:\/\/sites.usp.br\/hoch\/wp-json\/wp\/v2\/media?parent=235"}],"curies":[{"name":"wp","href":"https:\/\/api.w.org\/{rel}","templated":true}]}}