{"id":1010,"date":"2016-05-30T16:18:00","date_gmt":"2016-05-30T18:18:00","guid":{"rendered":"http:\/\/www.hu.usp.br\/?page_id=1010"},"modified":"2016-05-30T16:26:29","modified_gmt":"2016-05-30T18:26:29","slug":"hu-em-foco","status":"publish","type":"page","link":"https:\/\/sites.usp.br\/hu\/hu-em-foco\/","title":{"rendered":"HU em Foco"},"content":{"rendered":"<h5><span style=\"color: #ff6600\">P\u00e1gina oficial de comunica\u00e7\u00e3o do Hospital Universit\u00e1rio com seus funcion\u00e1rios e estudantes.<\/span><\/h5>\n<h5>Portaria &#8211; <span style=\"color: #ff6600\"><a href=\"http:\/\/www.hu.usp.br\/wp-content\/uploads\/sites\/74\/2016\/05\/Portaria-2269-FMUSP_HU.pdf\" target=\"_blank\">clique aqui para abrir em uma nova janela<\/a><\/span><\/h5>\n\n<!-- iframe plugin v.6.0 wordpress.org\/plugins\/iframe\/ -->\n<iframe loading=\"lazy\" width=\"690\" height=\"690\" src=\"http:\/\/www.hu.usp.br\/wp-content\/uploads\/sites\/74\/2016\/05\/Portaria-2269-FMUSP_HU.pdf\" frameborder=\"1\" 0=\"allowfullscreen\" scrolling=\"yes\" class=\"iframe-class\"><\/iframe>\n\n","protected":false},"excerpt":{"rendered":"<p>P\u00e1gina oficial de comunica\u00e7\u00e3o do Hospital Universit\u00e1rio com seus funcion\u00e1rios e estudantes. Portaria &#8211; clique aqui para abrir em uma nova janela<\/p>\n","protected":false},"author":140,"featured_media":0,"parent":0,"menu_order":0,"comment_status":"closed","ping_status":"closed","template":"","meta":{"footnotes":"","_links_to":"","_links_to_target":""},"class_list":["post-1010","page","type-page","status-publish","hentry"],"_links":{"self":[{"href":"https:\/\/sites.usp.br\/hu\/wp-json\/wp\/v2\/pages\/1010","targetHints":{"allow":["GET"]}}],"collection":[{"href":"https:\/\/sites.usp.br\/hu\/wp-json\/wp\/v2\/pages"}],"about":[{"href":"https:\/\/sites.usp.br\/hu\/wp-json\/wp\/v2\/types\/page"}],"author":[{"embeddable":true,"href":"https:\/\/sites.usp.br\/hu\/wp-json\/wp\/v2\/users\/140"}],"replies":[{"embeddable":true,"href":"https:\/\/sites.usp.br\/hu\/wp-json\/wp\/v2\/comments?post=1010"}],"version-history":[{"count":6,"href":"https:\/\/sites.usp.br\/hu\/wp-json\/wp\/v2\/pages\/1010\/revisions"}],"predecessor-version":[{"id":1025,"href":"https:\/\/sites.usp.br\/hu\/wp-json\/wp\/v2\/pages\/1010\/revisions\/1025"}],"wp:attachment":[{"href":"https:\/\/sites.usp.br\/hu\/wp-json\/wp\/v2\/media?parent=1010"}],"curies":[{"name":"wp","href":"https:\/\/api.w.org\/{rel}","templated":true}]}}