{"id":62,"date":"2014-02-12T11:28:30","date_gmt":"2014-02-12T13:28:30","guid":{"rendered":"http:\/\/sites.usp.br\/hu\/?page_id=62"},"modified":"2015-10-01T09:51:02","modified_gmt":"2015-10-01T11:51:02","slug":"metodos-graficos","status":"publish","type":"page","link":"https:\/\/sites.usp.br\/hu\/metodos-graficos\/","title":{"rendered":"Setor M\u00e9todos Gr\u00e1ficos"},"content":{"rendered":"<h3><span style=\"font-weight: normal\"><span style=\"color: #006699\">Exames realizados no Setor M\u00e9todos Gr\u00e1ficos (Eletrocardiograma)<\/span><\/span><\/h3>\n<h3><strong>Exames Agendados pelo <span style=\"color: #006699\">TELEFONE:<\/span> (11) 3091 \u2013 9449<\/strong><\/h3>\n<p><span style=\"color: #006699\">Eletrocardiograma<\/span> &#8211; Segunda a Sexta-Feira (exceto feriados)<\/p>\n<p><span style=\"color: #006699\">Prova de Fun\u00e7\u00e3o Pulmonar<\/span> &#8211; Segunda a Sexta-Feira (exceto feriados)<\/p>\n<p><span style=\"color: #006699\">Teste de Esfor\u00e7o<\/span> &#8211; Segunda a Sexta-Feira (exceto feriados)<\/p>\n<p><span style=\"color: #006699\">Observa\u00e7\u00f5es Importantes:<\/span><\/p>\n<p style=\"text-align: justify\">\u2022 O agendamento \u00e9 realizado, conforme vagas dispon\u00edveis.<\/p>\n<p style=\"text-align: justify\">\u2022 Havendo impossibilidade de comparecer ao exame, solicitamos o cancelamento com at\u00e9 48 horas de anteced\u00eancia, atrav\u00e9s do e-mail: samecancelaconsulta@hu.usp.br.<\/p>\n<p style=\"text-align: justify\">Lembramos que o cancelamento antecipado de seu exame poder\u00e1 favorecer o agendamento a outro usu\u00e1rio.<\/p>\n<p style=\"text-align: justify\">Mantenha-se informado na p\u00e1gina do HU.<\/p>\n","protected":false},"excerpt":{"rendered":"<p>Exames realizados no Setor M\u00e9todos Gr\u00e1ficos (Eletrocardiograma) Exames Agendados pelo TELEFONE: (11) 3091 \u2013 9449 Eletrocardiograma &#8211; Segunda a Sexta-Feira (exceto feriados) Prova de Fun\u00e7\u00e3o Pulmonar &#8211; Segunda a Sexta-Feira (exceto feriados) Teste de Esfor\u00e7o &#8211; Segunda a Sexta-Feira (exceto feriados) Observa\u00e7\u00f5es Importantes: \u2022 O agendamento \u00e9 realizado, conforme vagas dispon\u00edveis. \u2022 Havendo impossibilidade de [&hellip;]<\/p>\n","protected":false},"author":1,"featured_media":0,"parent":0,"menu_order":0,"comment_status":"closed","ping_status":"closed","template":"","meta":{"footnotes":"","_links_to":"","_links_to_target":""},"class_list":["post-62","page","type-page","status-publish","hentry"],"_links":{"self":[{"href":"https:\/\/sites.usp.br\/hu\/wp-json\/wp\/v2\/pages\/62","targetHints":{"allow":["GET"]}}],"collection":[{"href":"https:\/\/sites.usp.br\/hu\/wp-json\/wp\/v2\/pages"}],"about":[{"href":"https:\/\/sites.usp.br\/hu\/wp-json\/wp\/v2\/types\/page"}],"author":[{"embeddable":true,"href":"https:\/\/sites.usp.br\/hu\/wp-json\/wp\/v2\/users\/1"}],"replies":[{"embeddable":true,"href":"https:\/\/sites.usp.br\/hu\/wp-json\/wp\/v2\/comments?post=62"}],"version-history":[{"count":2,"href":"https:\/\/sites.usp.br\/hu\/wp-json\/wp\/v2\/pages\/62\/revisions"}],"predecessor-version":[{"id":138,"href":"https:\/\/sites.usp.br\/hu\/wp-json\/wp\/v2\/pages\/62\/revisions\/138"}],"wp:attachment":[{"href":"https:\/\/sites.usp.br\/hu\/wp-json\/wp\/v2\/media?parent=62"}],"curies":[{"name":"wp","href":"https:\/\/api.w.org\/{rel}","templated":true}]}}