{"id":718,"date":"2025-03-24T15:36:17","date_gmt":"2025-03-24T18:36:17","guid":{"rendered":"https:\/\/sites.usp.br\/hublusofono\/?page_id=718"},"modified":"2025-03-24T17:27:55","modified_gmt":"2025-03-24T20:27:55","slug":"transparencia","status":"publish","type":"page","link":"https:\/\/sites.usp.br\/hublusofono\/transparencia\/","title":{"rendered":"Transpar\u00eancia"},"content":{"rendered":"\t\t<div data-elementor-type=\"wp-page\" data-elementor-id=\"718\" class=\"elementor elementor-718\" data-elementor-post-type=\"page\">\n\t\t\t\t<div class=\"elementor-element elementor-element-7ced885 e-flex e-con-boxed e-con e-parent\" data-id=\"7ced885\" data-element_type=\"container\" data-settings=\"{&quot;background_background&quot;:&quot;classic&quot;,&quot;shape_divider_bottom&quot;:&quot;mountains&quot;}\">\n\t\t\t\t\t<div class=\"e-con-inner\">\n\t\t\t\t<div class=\"elementor-shape elementor-shape-bottom\" data-negative=\"false\">\n\t\t\t<svg xmlns=\"http:\/\/www.w3.org\/2000\/svg\" viewBox=\"0 0 1000 100\" preserveAspectRatio=\"none\">\n\t<path class=\"elementor-shape-fill\" opacity=\"0.33\" d=\"M473,67.3c-203.9,88.3-263.1-34-320.3,0C66,119.1,0,59.7,0,59.7V0h1000v59.7 c0,0-62.1,26.1-94.9,29.3c-32.8,3.3-62.8-12.3-75.8-22.1C806,49.6,745.3,8.7,694.9,4.7S492.4,59,473,67.3z\"\/>\n\t<path class=\"elementor-shape-fill\" opacity=\"0.66\" d=\"M734,67.3c-45.5,0-77.2-23.2-129.1-39.1c-28.6-8.7-150.3-10.1-254,39.1 s-91.7-34.4-149.2,0C115.7,118.3,0,39.8,0,39.8V0h1000v36.5c0,0-28.2-18.5-92.1-18.5C810.2,18.1,775.7,67.3,734,67.3z\"\/>\n\t<path class=\"elementor-shape-fill\" d=\"M766.1,28.9c-200-57.5-266,65.5-395.1,19.5C242,1.8,242,5.4,184.8,20.6C128,35.8,132.3,44.9,89.9,52.5C28.6,63.7,0,0,0,0 h1000c0,0-9.9,40.9-83.6,48.1S829.6,47,766.1,28.9z\"\/>\n<\/svg>\t\t<\/div>\n\t\t<div class=\"elementor-element elementor-element-a86c433 e-con-full e-flex e-con e-child\" data-id=\"a86c433\" data-element_type=\"container\">\n\t\t\t\t<div class=\"elementor-element elementor-element-c543d22 elementor-widget elementor-widget-heading\" data-id=\"c543d22\" data-element_type=\"widget\" data-widget_type=\"heading.default\">\n\t\t\t\t<div class=\"elementor-widget-container\">\n\t\t\t<h2 class=\"elementor-heading-title elementor-size-default\">Transpar\u00eancia<\/h2>\t\t<\/div>\n\t\t\t\t<\/div>\n\t\t\t\t<\/div>\n\t\t\t\t\t<\/div>\n\t\t\t\t<\/div>\n\t\t<div class=\"elementor-element elementor-element-673038c e-flex e-con-boxed e-con e-parent\" data-id=\"673038c\" data-element_type=\"container\">\n\t\t\t\t\t<div class=\"e-con-inner\">\n\t\t\t\t<div class=\"elementor-element elementor-element-dc3e74b elementor-widget elementor-widget-text-editor\" data-id=\"dc3e74b\" data-element_type=\"widget\" data-widget_type=\"text-editor.default\">\n\t\t\t\t<div class=\"elementor-widget-container\">\n\t\t\t\t\t\t\t<p>Nossos relat\u00f3rios s\u00e3o os principais documentos institucionais de transpar\u00eancia e s\u00e3o utilizados para compartilhar nossas a\u00e7\u00f5es e conquistas. Nos links abaixo, voc\u00ea pode conferir nossa presta\u00e7\u00e3o de contas detalhada. Durante o bi\u00eanio 2022-2024, o Hub implementou uma s\u00e9rie de iniciativas que combinam pesquisa interdisciplinar, mobilidade acad\u00eamica e advocacy. As a\u00e7\u00f5es descritas em nossos relat\u00f3rios refletem nosso compromisso com solu\u00e7\u00f5es inovadoras e sustent\u00e1veis para os desafios oce\u00e2nicos, sempre fundamentadas na colabora\u00e7\u00e3o internacional e no engajamento das comunidades locais.<\/p>\t\t\t\t\t\t<\/div>\n\t\t\t\t<\/div>\n\t\t\t\t\t<\/div>\n\t\t\t\t<\/div>\n\t\t<div class=\"elementor-element elementor-element-61a2683 e-flex e-con-boxed e-con e-parent\" data-id=\"61a2683\" data-element_type=\"container\">\n\t\t\t\t\t<div class=\"e-con-inner\">\n\t\t\t\t<div class=\"elementor-element elementor-element-3452cfa elementor-widget elementor-widget-heading\" data-id=\"3452cfa\" data-element_type=\"widget\" data-widget_type=\"heading.default\">\n\t\t\t\t<div class=\"elementor-widget-container\">\n\t\t\t<h2 class=\"elementor-heading-title elementor-size-default\">Relat\u00f3rio Bianual 2022-2024<\/h2>\t\t<\/div>\n\t\t\t\t<\/div>\n\t\t\t\t<div class=\"elementor-element elementor-element-9954e95 elementor-widget elementor-widget-jet-listing-grid\" data-id=\"9954e95\" data-element_type=\"widget\" data-settings=\"{&quot;columns&quot;:&quot;1&quot;,&quot;columns_tablet&quot;:&quot;1&quot;}\" data-widget_type=\"jet-listing-grid.default\">\n\t\t\t\t<div class=\"elementor-widget-container\">\n\t\t\t<div class=\"jet-listing-grid jet-listing\"><div class=\"jet-listing-grid__items grid-col-desk-1 grid-col-tablet-1 grid-col-mobile-1 jet-listing-grid--739\" data-queried-id=\"718|WP_Post\" data-nav=\"{&quot;enabled&quot;:true,&quot;type&quot;:&quot;scroll&quot;,&quot;more_el&quot;:null,&quot;query&quot;:{&quot;post_status&quot;:[&quot;publish&quot;],&quot;post_type&quot;:&quot;relatorios&quot;,&quot;posts_per_page&quot;:&quot;20&quot;,&quot;paged&quot;:&quot;1&quot;,&quot;ignore_sticky_posts&quot;:&quot;1&quot;},&quot;widget_settings&quot;:{&quot;lisitng_id&quot;:739,&quot;posts_num&quot;:20,&quot;columns&quot;:1,&quot;columns_tablet&quot;:1,&quot;columns_mobile&quot;:1,&quot;is_archive_template&quot;:&quot;&quot;,&quot;post_status&quot;:[&quot;publish&quot;],&quot;use_random_posts_num&quot;:&quot;&quot;,&quot;max_posts_num&quot;:9,&quot;not_found_message&quot;:&quot;No data was found&quot;,&quot;is_masonry&quot;:false,&quot;equal_columns_height&quot;:&quot;&quot;,&quot;use_load_more&quot;:&quot;yes&quot;,&quot;load_more_id&quot;:&quot;&quot;,&quot;load_more_type&quot;:&quot;scroll&quot;,&quot;load_more_offset&quot;:{&quot;unit&quot;:&quot;px&quot;,&quot;size&quot;:0,&quot;sizes&quot;:[]},&quot;use_custom_post_types&quot;:&quot;&quot;,&quot;custom_post_types&quot;:[],&quot;hide_widget_if&quot;:&quot;&quot;,&quot;carousel_enabled&quot;:&quot;&quot;,&quot;slides_to_scroll&quot;:&quot;1&quot;,&quot;arrows&quot;:&quot;true&quot;,&quot;arrow_icon&quot;:&quot;fa fa-angle-left&quot;,&quot;dots&quot;:&quot;&quot;,&quot;autoplay&quot;:&quot;true&quot;,&quot;pause_on_hover&quot;:&quot;true&quot;,&quot;autoplay_speed&quot;:5000,&quot;infinite&quot;:&quot;true&quot;,&quot;center_mode&quot;:&quot;&quot;,&quot;effect&quot;:&quot;slide&quot;,&quot;speed&quot;:500,&quot;inject_alternative_items&quot;:&quot;&quot;,&quot;injection_items&quot;:[],&quot;scroll_slider_enabled&quot;:&quot;&quot;,&quot;scroll_slider_on&quot;:[&quot;desktop&quot;,&quot;tablet&quot;,&quot;mobile&quot;],&quot;custom_query&quot;:false,&quot;custom_query_id&quot;:&quot;&quot;,&quot;_element_id&quot;:&quot;&quot;}}\" data-page=\"1\" data-pages=\"1\" data-listing-source=\"posts\" data-listing-id=\"739\" data-query-id=\"\"><div class=\"jet-listing-grid__item jet-listing-dynamic-post-738\" data-post-id=\"738\" >\t\t<div data-elementor-type=\"jet-listing-items\" data-elementor-id=\"739\" class=\"elementor elementor-739\" data-elementor-post-type=\"jet-engine\">\n\t\t\t\t<div class=\"elementor-element elementor-element-455e974 e-flex e-con-boxed e-con e-parent\" data-id=\"455e974\" data-element_type=\"container\">\n\t\t\t\t\t<div class=\"e-con-inner\">\n\t\t<div class=\"elementor-element elementor-element-aa592bc e-con-full e-flex e-con e-child\" data-id=\"aa592bc\" data-element_type=\"container\">\n\t\t<div class=\"elementor-element elementor-element-94aeac8 e-con-full e-flex e-con e-child\" data-id=\"94aeac8\" data-element_type=\"container\">\n\t\t\t\t<div class=\"elementor-element elementor-element-c83b26a elementor-widget__width-initial elementor-widget elementor-widget-image\" data-id=\"c83b26a\" data-element_type=\"widget\" data-widget_type=\"image.default\">\n\t\t\t\t<div class=\"elementor-widget-container\">\n\t\t\t\t\t\t\t\t\t\t\t\t\t<img fetchpriority=\"high\" decoding=\"async\" width=\"512\" height=\"512\" src=\"https:\/\/sites.usp.br\/hublusofono\/wp-content\/uploads\/sites\/1596\/2025\/03\/metrica.png\" class=\"attachment-large size-large wp-image-740\" alt=\"\" srcset=\"https:\/\/sites.usp.br\/hublusofono\/wp-content\/uploads\/sites\/1596\/2025\/03\/metrica.png 512w, https:\/\/sites.usp.br\/hublusofono\/wp-content\/uploads\/sites\/1596\/2025\/03\/metrica-300x300.png 300w, https:\/\/sites.usp.br\/hublusofono\/wp-content\/uploads\/sites\/1596\/2025\/03\/metrica-150x150.png 150w, https:\/\/sites.usp.br\/hublusofono\/wp-content\/uploads\/sites\/1596\/2025\/03\/metrica-45x45.png 45w\" sizes=\"(max-width: 512px) 100vw, 512px\" \/>\t\t\t\t\t\t\t\t\t\t\t\t\t<\/div>\n\t\t\t\t<\/div>\n\t\t\t\t<div class=\"elementor-element elementor-element-dfeea2a elementor-widget elementor-widget-heading\" data-id=\"dfeea2a\" data-element_type=\"widget\" data-widget_type=\"heading.default\">\n\t\t\t\t<div class=\"elementor-widget-container\">\n\t\t\t<h2 class=\"elementor-heading-title elementor-size-default\">Relat\u00f3rio teste<\/h2>\t\t<\/div>\n\t\t\t\t<\/div>\n\t\t\t\t<\/div>\n\t\t<div class=\"elementor-element elementor-element-61601ed e-con-full e-flex e-con e-child\" data-id=\"61601ed\" data-element_type=\"container\">\n\t\t\t\t<div class=\"elementor-element elementor-element-788fa7d elementor-align-right elementor-mobile-align-justify elementor-widget elementor-widget-button\" data-id=\"788fa7d\" data-element_type=\"widget\" data-widget_type=\"button.default\">\n\t\t\t\t<div class=\"elementor-widget-container\">\n\t\t\t\t\t\t\t<div class=\"elementor-button-wrapper\">\n\t\t\t\t\t<a class=\"elementor-button elementor-button-link elementor-size-sm\" href=\"https:\/\/sites.usp.br\/hublusofono\/wp-content\/uploads\/sites\/1596\/2025\/03\/Relatorio.pdf\" target=\"_blank\">\n\t\t\t\t\t\t<span class=\"elementor-button-content-wrapper\">\n\t\t\t\t\t\t\t\t\t<span class=\"elementor-button-text\">DOWNLOAD<\/span>\n\t\t\t\t\t<\/span>\n\t\t\t\t\t<\/a>\n\t\t\t\t<\/div>\n\t\t\t\t\t\t<\/div>\n\t\t\t\t<\/div>\n\t\t\t\t<\/div>\n\t\t\t\t<\/div>\n\t\t\t\t\t<\/div>\n\t\t\t\t<\/div>\n\t\t\t\t<\/div>\n\t\t<\/div><\/div><\/div>\t\t<\/div>\n\t\t\t\t<\/div>\n\t\t\t\t\t<\/div>\n\t\t\t\t<\/div>\n\t\t\t\t<\/div>\n\t\t","protected":false},"excerpt":{"rendered":"<p>Nossos relat\u00f3rios s\u00e3o os principais documentos institucionais de transpar\u00eancia e s\u00e3o utilizados para compartilhar nossas a\u00e7\u00f5es e conquistas. Nos links abaixo, voc\u00ea pode conferir nossa presta\u00e7\u00e3o de contas detalhada. Durante o bi\u00eanio 2022-2024, o Hub implementou uma s\u00e9rie de iniciativas que combinam pesquisa interdisciplinar, mobilidade acad\u00eamica e advocacy. As a\u00e7\u00f5es descritas em nossos relat\u00f3rios refletem [&hellip;]<\/p>\n","protected":false},"author":24465,"featured_media":0,"parent":0,"menu_order":0,"comment_status":"closed","ping_status":"closed","template":"elementor_header_footer","meta":{"footnotes":"","_links_to":"","_links_to_target":""},"class_list":["post-718","page","type-page","status-publish","hentry"],"yoast_head":"<!-- This site is optimized with the Yoast SEO plugin v27.3 - https:\/\/yoast.com\/product\/yoast-seo-wordpress\/ -->\n<title>Transpar\u00eancia - Hub Lus\u00f3fono D\u00e9cada do Oceano<\/title>\n<meta name=\"robots\" content=\"index, follow, max-snippet:-1, max-image-preview:large, max-video-preview:-1\" \/>\n<link rel=\"canonical\" href=\"https:\/\/sites.usp.br\/hublusofono\/transparencia\/\" \/>\n<script type=\"application\/ld+json\" class=\"yoast-schema-graph\">{\"@context\":\"https:\\\/\\\/schema.org\",\"@graph\":[{\"@type\":\"WebPage\",\"@id\":\"https:\\\/\\\/sites.usp.br\\\/hublusofono\\\/transparencia\\\/\",\"url\":\"https:\\\/\\\/sites.usp.br\\\/hublusofono\\\/transparencia\\\/\",\"name\":\"Transpar\u00eancia - Hub Lus\u00f3fono D\u00e9cada do Oceano\",\"isPartOf\":{\"@id\":\"https:\\\/\\\/sites.usp.br\\\/hublusofono\\\/#website\"},\"primaryImageOfPage\":{\"@id\":\"https:\\\/\\\/sites.usp.br\\\/hublusofono\\\/transparencia\\\/#primaryimage\"},\"image\":{\"@id\":\"https:\\\/\\\/sites.usp.br\\\/hublusofono\\\/transparencia\\\/#primaryimage\"},\"thumbnailUrl\":\"https:\\\/\\\/sites.usp.br\\\/hublusofono\\\/wp-content\\\/uploads\\\/sites\\\/1596\\\/2025\\\/03\\\/metrica.png\",\"datePublished\":\"2025-03-24T18:36:17+00:00\",\"dateModified\":\"2025-03-24T20:27:55+00:00\",\"breadcrumb\":{\"@id\":\"https:\\\/\\\/sites.usp.br\\\/hublusofono\\\/transparencia\\\/#breadcrumb\"},\"inLanguage\":\"pt-BR\",\"potentialAction\":[{\"@type\":\"ReadAction\",\"target\":[\"https:\\\/\\\/sites.usp.br\\\/hublusofono\\\/transparencia\\\/\"]}]},{\"@type\":\"ImageObject\",\"inLanguage\":\"pt-BR\",\"@id\":\"https:\\\/\\\/sites.usp.br\\\/hublusofono\\\/transparencia\\\/#primaryimage\",\"url\":\"https:\\\/\\\/sites.usp.br\\\/hublusofono\\\/wp-content\\\/uploads\\\/sites\\\/1596\\\/2025\\\/03\\\/metrica.png\",\"contentUrl\":\"https:\\\/\\\/sites.usp.br\\\/hublusofono\\\/wp-content\\\/uploads\\\/sites\\\/1596\\\/2025\\\/03\\\/metrica.png\",\"width\":512,\"height\":512},{\"@type\":\"BreadcrumbList\",\"@id\":\"https:\\\/\\\/sites.usp.br\\\/hublusofono\\\/transparencia\\\/#breadcrumb\",\"itemListElement\":[{\"@type\":\"ListItem\",\"position\":1,\"name\":\"In\u00edcio\",\"item\":\"https:\\\/\\\/sites.usp.br\\\/hublusofono\\\/\"},{\"@type\":\"ListItem\",\"position\":2,\"name\":\"Transpar\u00eancia\"}]},{\"@type\":\"WebSite\",\"@id\":\"https:\\\/\\\/sites.usp.br\\\/hublusofono\\\/#website\",\"url\":\"https:\\\/\\\/sites.usp.br\\\/hublusofono\\\/\",\"name\":\"Hub Lus\u00f3fono D\u00e9cada do Oceano\",\"description\":\"S\u00f3 mais um site Universidade de S\u00e3o Paulo - Sites\",\"potentialAction\":[{\"@type\":\"SearchAction\",\"target\":{\"@type\":\"EntryPoint\",\"urlTemplate\":\"https:\\\/\\\/sites.usp.br\\\/hublusofono\\\/?s={search_term_string}\"},\"query-input\":{\"@type\":\"PropertyValueSpecification\",\"valueRequired\":true,\"valueName\":\"search_term_string\"}}],\"inLanguage\":\"pt-BR\"}]}<\/script>\n<!-- \/ Yoast SEO plugin. -->","yoast_head_json":{"title":"Transpar\u00eancia - Hub Lus\u00f3fono D\u00e9cada do Oceano","robots":{"index":"index","follow":"follow","max-snippet":"max-snippet:-1","max-image-preview":"max-image-preview:large","max-video-preview":"max-video-preview:-1"},"canonical":"https:\/\/sites.usp.br\/hublusofono\/transparencia\/","schema":{"@context":"https:\/\/schema.org","@graph":[{"@type":"WebPage","@id":"https:\/\/sites.usp.br\/hublusofono\/transparencia\/","url":"https:\/\/sites.usp.br\/hublusofono\/transparencia\/","name":"Transpar\u00eancia - Hub Lus\u00f3fono D\u00e9cada do Oceano","isPartOf":{"@id":"https:\/\/sites.usp.br\/hublusofono\/#website"},"primaryImageOfPage":{"@id":"https:\/\/sites.usp.br\/hublusofono\/transparencia\/#primaryimage"},"image":{"@id":"https:\/\/sites.usp.br\/hublusofono\/transparencia\/#primaryimage"},"thumbnailUrl":"https:\/\/sites.usp.br\/hublusofono\/wp-content\/uploads\/sites\/1596\/2025\/03\/metrica.png","datePublished":"2025-03-24T18:36:17+00:00","dateModified":"2025-03-24T20:27:55+00:00","breadcrumb":{"@id":"https:\/\/sites.usp.br\/hublusofono\/transparencia\/#breadcrumb"},"inLanguage":"pt-BR","potentialAction":[{"@type":"ReadAction","target":["https:\/\/sites.usp.br\/hublusofono\/transparencia\/"]}]},{"@type":"ImageObject","inLanguage":"pt-BR","@id":"https:\/\/sites.usp.br\/hublusofono\/transparencia\/#primaryimage","url":"https:\/\/sites.usp.br\/hublusofono\/wp-content\/uploads\/sites\/1596\/2025\/03\/metrica.png","contentUrl":"https:\/\/sites.usp.br\/hublusofono\/wp-content\/uploads\/sites\/1596\/2025\/03\/metrica.png","width":512,"height":512},{"@type":"BreadcrumbList","@id":"https:\/\/sites.usp.br\/hublusofono\/transparencia\/#breadcrumb","itemListElement":[{"@type":"ListItem","position":1,"name":"In\u00edcio","item":"https:\/\/sites.usp.br\/hublusofono\/"},{"@type":"ListItem","position":2,"name":"Transpar\u00eancia"}]},{"@type":"WebSite","@id":"https:\/\/sites.usp.br\/hublusofono\/#website","url":"https:\/\/sites.usp.br\/hublusofono\/","name":"Hub Lus\u00f3fono D\u00e9cada do Oceano","description":"S\u00f3 mais um site Universidade de S\u00e3o Paulo - Sites","potentialAction":[{"@type":"SearchAction","target":{"@type":"EntryPoint","urlTemplate":"https:\/\/sites.usp.br\/hublusofono\/?s={search_term_string}"},"query-input":{"@type":"PropertyValueSpecification","valueRequired":true,"valueName":"search_term_string"}}],"inLanguage":"pt-BR"}]}},"_links":{"self":[{"href":"https:\/\/sites.usp.br\/hublusofono\/wp-json\/wp\/v2\/pages\/718","targetHints":{"allow":["GET"]}}],"collection":[{"href":"https:\/\/sites.usp.br\/hublusofono\/wp-json\/wp\/v2\/pages"}],"about":[{"href":"https:\/\/sites.usp.br\/hublusofono\/wp-json\/wp\/v2\/types\/page"}],"author":[{"embeddable":true,"href":"https:\/\/sites.usp.br\/hublusofono\/wp-json\/wp\/v2\/users\/24465"}],"replies":[{"embeddable":true,"href":"https:\/\/sites.usp.br\/hublusofono\/wp-json\/wp\/v2\/comments?post=718"}],"version-history":[{"count":4,"href":"https:\/\/sites.usp.br\/hublusofono\/wp-json\/wp\/v2\/pages\/718\/revisions"}],"predecessor-version":[{"id":759,"href":"https:\/\/sites.usp.br\/hublusofono\/wp-json\/wp\/v2\/pages\/718\/revisions\/759"}],"wp:attachment":[{"href":"https:\/\/sites.usp.br\/hublusofono\/wp-json\/wp\/v2\/media?parent=718"}],"curies":[{"name":"wp","href":"https:\/\/api.w.org\/{rel}","templated":true}]}}