{"id":970,"date":"2025-03-28T14:40:59","date_gmt":"2025-03-28T17:40:59","guid":{"rendered":"https:\/\/sites.usp.br\/hublusofono\/?page_id=970"},"modified":"2025-03-28T15:25:58","modified_gmt":"2025-03-28T18:25:58","slug":"nossa-atuacao","status":"publish","type":"page","link":"https:\/\/sites.usp.br\/hublusofono\/nossa-atuacao\/","title":{"rendered":"Nossa Atua\u00e7\u00e3o"},"content":{"rendered":"\t\t<div data-elementor-type=\"wp-page\" data-elementor-id=\"970\" class=\"elementor elementor-970\" data-elementor-post-type=\"page\">\n\t\t\t\t<div class=\"elementor-element elementor-element-6be8a68 e-flex e-con-boxed e-con e-parent\" data-id=\"6be8a68\" data-element_type=\"container\" data-settings=\"{&quot;background_background&quot;:&quot;classic&quot;,&quot;shape_divider_bottom&quot;:&quot;mountains&quot;}\">\n\t\t\t\t\t<div class=\"e-con-inner\">\n\t\t\t\t<div class=\"elementor-shape elementor-shape-bottom\" data-negative=\"false\">\n\t\t\t<svg xmlns=\"http:\/\/www.w3.org\/2000\/svg\" viewBox=\"0 0 1000 100\" preserveAspectRatio=\"none\">\n\t<path class=\"elementor-shape-fill\" opacity=\"0.33\" d=\"M473,67.3c-203.9,88.3-263.1-34-320.3,0C66,119.1,0,59.7,0,59.7V0h1000v59.7 c0,0-62.1,26.1-94.9,29.3c-32.8,3.3-62.8-12.3-75.8-22.1C806,49.6,745.3,8.7,694.9,4.7S492.4,59,473,67.3z\"\/>\n\t<path class=\"elementor-shape-fill\" opacity=\"0.66\" d=\"M734,67.3c-45.5,0-77.2-23.2-129.1-39.1c-28.6-8.7-150.3-10.1-254,39.1 s-91.7-34.4-149.2,0C115.7,118.3,0,39.8,0,39.8V0h1000v36.5c0,0-28.2-18.5-92.1-18.5C810.2,18.1,775.7,67.3,734,67.3z\"\/>\n\t<path class=\"elementor-shape-fill\" d=\"M766.1,28.9c-200-57.5-266,65.5-395.1,19.5C242,1.8,242,5.4,184.8,20.6C128,35.8,132.3,44.9,89.9,52.5C28.6,63.7,0,0,0,0 h1000c0,0-9.9,40.9-83.6,48.1S829.6,47,766.1,28.9z\"\/>\n<\/svg>\t\t<\/div>\n\t\t<div class=\"elementor-element elementor-element-6895d20 e-con-full e-flex e-con e-child\" data-id=\"6895d20\" data-element_type=\"container\">\n\t\t\t\t<div class=\"elementor-element elementor-element-8c80bd1 elementor-widget elementor-widget-heading\" data-id=\"8c80bd1\" data-element_type=\"widget\" data-widget_type=\"heading.default\">\n\t\t\t\t<div class=\"elementor-widget-container\">\n\t\t\t<h2 class=\"elementor-heading-title elementor-size-default\">Nossa Atua\u00e7\u00e3o<\/h2>\t\t<\/div>\n\t\t\t\t<\/div>\n\t\t\t\t<div class=\"elementor-element elementor-element-1b1822d elementor-widget-mobile__width-inherit elementor-widget elementor-widget-heading\" data-id=\"1b1822d\" data-element_type=\"widget\" data-widget_type=\"heading.default\">\n\t\t\t\t<div class=\"elementor-widget-container\">\n\t\t\t<h2 class=\"elementor-heading-title elementor-size-default\">Atuamos em na\u00e7\u00f5es membros da Comunidade de Pa\u00edses de L\u00edngua Portuguesa\n<\/h2>\t\t<\/div>\n\t\t\t\t<\/div>\n\t\t\t\t<\/div>\n\t\t\t\t\t<\/div>\n\t\t\t\t<\/div>\n\t\t<div class=\"elementor-element elementor-element-6434276 e-flex e-con-boxed e-con e-parent\" data-id=\"6434276\" data-element_type=\"container\">\n\t\t\t\t\t<div class=\"e-con-inner\">\n\t\t\t\t<div class=\"elementor-element elementor-element-bbfe21f elementor-widget elementor-widget-image\" data-id=\"bbfe21f\" data-element_type=\"widget\" data-widget_type=\"image.default\">\n\t\t\t\t<div class=\"elementor-widget-container\">\n\t\t\t\t\t\t\t\t\t\t\t\t\t<img fetchpriority=\"high\" decoding=\"async\" width=\"436\" height=\"583\" src=\"https:\/\/sites.usp.br\/hublusofono\/wp-content\/uploads\/sites\/1596\/2025\/03\/Imagem3.jpg\" class=\"attachment-large size-large wp-image-1014\" alt=\"\" srcset=\"https:\/\/sites.usp.br\/hublusofono\/wp-content\/uploads\/sites\/1596\/2025\/03\/Imagem3.jpg 436w, https:\/\/sites.usp.br\/hublusofono\/wp-content\/uploads\/sites\/1596\/2025\/03\/Imagem3-224x300.jpg 224w\" sizes=\"(max-width: 436px) 100vw, 436px\" \/>\t\t\t\t\t\t\t\t\t\t\t\t\t<\/div>\n\t\t\t\t<\/div>\n\t\t\t\t\t<\/div>\n\t\t\t\t<\/div>\n\t\t<div class=\"elementor-element elementor-element-cdf99c0 e-flex e-con-boxed e-con e-parent\" data-id=\"cdf99c0\" data-element_type=\"container\">\n\t\t\t\t\t<div class=\"e-con-inner\">\n\t\t<div class=\"elementor-element elementor-element-b72fe7a e-con-full e-flex e-con e-child\" data-id=\"b72fe7a\" data-element_type=\"container\">\n\t\t\t\t<div class=\"elementor-element elementor-element-8b0a492 elementor-widget__width-initial elementor-widget elementor-widget-text-editor\" data-id=\"8b0a492\" data-element_type=\"widget\" data-widget_type=\"text-editor.default\">\n\t\t\t\t<div class=\"elementor-widget-container\">\n\t\t\t\t\t\t\t<p><span style=\"font-weight: 400;\">O Hub Lus\u00f3fono da D\u00e9cada do Oceano atua como uma rede colaborativa para a promo\u00e7\u00e3o da ci\u00eancia oce\u00e2nica e o fortalecimento da coopera\u00e7\u00e3o entre na\u00e7\u00f5es membros da Comunidade de Pa\u00edses de L\u00edngua Portuguesa, com foco em tr\u00eas principais frentes de atua\u00e7\u00e3o:<\/span><\/p>\t\t\t\t\t\t<\/div>\n\t\t\t\t<\/div>\n\t\t\t\t<div class=\"elementor-element elementor-element-7d9fb0a elementor-widget__width-initial elementor-widget elementor-widget-text-editor\" data-id=\"7d9fb0a\" data-element_type=\"widget\" data-widget_type=\"text-editor.default\">\n\t\t\t\t<div class=\"elementor-widget-container\">\n\t\t\t\t\t\t\t<p><strong>Mobilidade Acad\u00eamica:<\/strong>\u00a0 Estimulamos a circula\u00e7\u00e3o de pesquisadores e estudantes entre institui\u00e7\u00f5es de pa\u00edses de l\u00edngua portuguesa, fortalecendo o interc\u00e2mbio acad\u00eamico e cultural. Firmamos parcerias estrat\u00e9gicas com universidades, promovendo interc\u00e2mbios e oportunidades de forma\u00e7\u00e3o para estudantes e docentes.<\/p>\t\t\t\t\t\t<\/div>\n\t\t\t\t<\/div>\n\t\t\t\t<\/div>\n\t\t\t\t<div class=\"elementor-element elementor-element-09c4fa0 elementor-widget__width-initial elementor-widget-mobile__width-inherit elementor-widget elementor-widget-image\" data-id=\"09c4fa0\" data-element_type=\"widget\" data-widget_type=\"image.default\">\n\t\t\t\t<div class=\"elementor-widget-container\">\n\t\t\t\t\t\t\t\t\t\t\t\t\t<img decoding=\"async\" width=\"602\" height=\"277\" src=\"https:\/\/sites.usp.br\/hublusofono\/wp-content\/uploads\/sites\/1596\/2025\/03\/Imagem1.jpg\" class=\"attachment-full size-full wp-image-993\" alt=\"\" srcset=\"https:\/\/sites.usp.br\/hublusofono\/wp-content\/uploads\/sites\/1596\/2025\/03\/Imagem1.jpg 602w, https:\/\/sites.usp.br\/hublusofono\/wp-content\/uploads\/sites\/1596\/2025\/03\/Imagem1-300x138.jpg 300w\" sizes=\"(max-width: 602px) 100vw, 602px\" \/>\t\t\t\t\t\t\t\t\t\t\t\t\t<\/div>\n\t\t\t\t<\/div>\n\t\t\t\t\t<\/div>\n\t\t\t\t<\/div>\n\t\t<div class=\"elementor-element elementor-element-0876ea9 e-flex e-con-boxed e-con e-parent\" data-id=\"0876ea9\" data-element_type=\"container\">\n\t\t\t\t\t<div class=\"e-con-inner\">\n\t\t\t\t<div class=\"elementor-element elementor-element-85d6880 elementor-widget__width-initial elementor-widget-mobile__width-inherit elementor-widget elementor-widget-image\" data-id=\"85d6880\" data-element_type=\"widget\" data-widget_type=\"image.default\">\n\t\t\t\t<div class=\"elementor-widget-container\">\n\t\t\t\t\t\t\t\t\t\t\t\t\t<img decoding=\"async\" width=\"558\" height=\"419\" src=\"https:\/\/sites.usp.br\/hublusofono\/wp-content\/uploads\/sites\/1596\/2025\/03\/Imagem2.jpg\" class=\"attachment-full size-full wp-image-1013\" alt=\"\" srcset=\"https:\/\/sites.usp.br\/hublusofono\/wp-content\/uploads\/sites\/1596\/2025\/03\/Imagem2.jpg 558w, https:\/\/sites.usp.br\/hublusofono\/wp-content\/uploads\/sites\/1596\/2025\/03\/Imagem2-300x225.jpg 300w, https:\/\/sites.usp.br\/hublusofono\/wp-content\/uploads\/sites\/1596\/2025\/03\/Imagem2-80x60.jpg 80w\" sizes=\"(max-width: 558px) 100vw, 558px\" \/>\t\t\t\t\t\t\t\t\t\t\t\t\t<\/div>\n\t\t\t\t<\/div>\n\t\t<div class=\"elementor-element elementor-element-f993b26 e-con-full e-flex e-con e-child\" data-id=\"f993b26\" data-element_type=\"container\">\n\t\t\t\t<div class=\"elementor-element elementor-element-c1f26fd elementor-widget__width-initial elementor-widget elementor-widget-text-editor\" data-id=\"c1f26fd\" data-element_type=\"widget\" data-widget_type=\"text-editor.default\">\n\t\t\t\t<div class=\"elementor-widget-container\">\n\t\t\t\t\t\t\t<p><strong>Observat\u00f3rio de Oceano e Pol\u00edticas P\u00fablicas:\u00a0\u00a0<\/strong> Atuamos na formula\u00e7\u00e3o e no fortalecimento de pol\u00edticas voltadas para a sustentabilidade oce\u00e2nica e economia azul. Conduzimos estudos interdisciplinares, desenvolvemos pesquisas e projetos de alto impacto socioecon\u00f4mico e participamos ativamente de eventos internacionais, como COPs e reuni\u00f5es da ONU.<\/p>\t\t\t\t\t\t<\/div>\n\t\t\t\t<\/div>\n\t\t\t\t<div class=\"elementor-element elementor-element-7397fae elementor-widget__width-initial elementor-widget elementor-widget-text-editor\" data-id=\"7397fae\" data-element_type=\"widget\" data-widget_type=\"text-editor.default\">\n\t\t\t\t<div class=\"elementor-widget-container\">\n\t\t\t\t\t\t\t<p><strong>Divulga\u00e7\u00e3o Cient\u00edfica:<\/strong> Buscamos democratizar o acesso ao conhecimento sobre o oceano por meio de publica\u00e7\u00f5es cient\u00edficas, eventos e materiais educativos. Organizamos workshops, cursos e semin\u00e1rios, al\u00e9m de apoiar a produ\u00e7\u00e3o e dissemina\u00e7\u00e3o de livros e artigos que influenciam o debate sobre a sustentabilidade oce\u00e2nica.<\/p>\t\t\t\t\t\t<\/div>\n\t\t\t\t<\/div>\n\t\t\t\t<\/div>\n\t\t\t\t\t<\/div>\n\t\t\t\t<\/div>\n\t\t\t\t<\/div>\n\t\t","protected":false},"excerpt":{"rendered":"<p>Atuamos em na\u00e7\u00f5es membros da Comunidade de Pa\u00edses de L\u00edngua Portuguesa O Hub Lus\u00f3fono da D\u00e9cada do Oceano atua como uma rede colaborativa para a promo\u00e7\u00e3o da ci\u00eancia oce\u00e2nica e o fortalecimento da coopera\u00e7\u00e3o entre na\u00e7\u00f5es membros da Comunidade de Pa\u00edses de L\u00edngua Portuguesa, com foco em tr\u00eas principais frentes de atua\u00e7\u00e3o: Mobilidade Acad\u00eamica:\u00a0 Estimulamos [&hellip;]<\/p>\n","protected":false},"author":24465,"featured_media":0,"parent":0,"menu_order":0,"comment_status":"closed","ping_status":"closed","template":"","meta":{"footnotes":"","_links_to":"","_links_to_target":""},"class_list":["post-970","page","type-page","status-publish","hentry"],"yoast_head":"<!-- This site is optimized with the Yoast SEO plugin v27.3 - https:\/\/yoast.com\/product\/yoast-seo-wordpress\/ -->\n<title>Nossa Atua\u00e7\u00e3o - Hub Lus\u00f3fono D\u00e9cada do Oceano<\/title>\n<meta name=\"robots\" content=\"index, follow, max-snippet:-1, max-image-preview:large, max-video-preview:-1\" \/>\n<link rel=\"canonical\" href=\"https:\/\/sites.usp.br\/hublusofono\/nossa-atuacao\/\" \/>\n<script type=\"application\/ld+json\" class=\"yoast-schema-graph\">{\"@context\":\"https:\\\/\\\/schema.org\",\"@graph\":[{\"@type\":\"WebPage\",\"@id\":\"https:\\\/\\\/sites.usp.br\\\/hublusofono\\\/nossa-atuacao\\\/\",\"url\":\"https:\\\/\\\/sites.usp.br\\\/hublusofono\\\/nossa-atuacao\\\/\",\"name\":\"Nossa Atua\u00e7\u00e3o - Hub Lus\u00f3fono D\u00e9cada do Oceano\",\"isPartOf\":{\"@id\":\"https:\\\/\\\/sites.usp.br\\\/hublusofono\\\/#website\"},\"primaryImageOfPage\":{\"@id\":\"https:\\\/\\\/sites.usp.br\\\/hublusofono\\\/nossa-atuacao\\\/#primaryimage\"},\"image\":{\"@id\":\"https:\\\/\\\/sites.usp.br\\\/hublusofono\\\/nossa-atuacao\\\/#primaryimage\"},\"thumbnailUrl\":\"https:\\\/\\\/sites.usp.br\\\/hublusofono\\\/wp-content\\\/uploads\\\/sites\\\/1596\\\/2025\\\/03\\\/Imagem3.jpg\",\"datePublished\":\"2025-03-28T17:40:59+00:00\",\"dateModified\":\"2025-03-28T18:25:58+00:00\",\"breadcrumb\":{\"@id\":\"https:\\\/\\\/sites.usp.br\\\/hublusofono\\\/nossa-atuacao\\\/#breadcrumb\"},\"inLanguage\":\"pt-BR\",\"potentialAction\":[{\"@type\":\"ReadAction\",\"target\":[\"https:\\\/\\\/sites.usp.br\\\/hublusofono\\\/nossa-atuacao\\\/\"]}]},{\"@type\":\"ImageObject\",\"inLanguage\":\"pt-BR\",\"@id\":\"https:\\\/\\\/sites.usp.br\\\/hublusofono\\\/nossa-atuacao\\\/#primaryimage\",\"url\":\"https:\\\/\\\/sites.usp.br\\\/hublusofono\\\/wp-content\\\/uploads\\\/sites\\\/1596\\\/2025\\\/03\\\/Imagem3.jpg\",\"contentUrl\":\"https:\\\/\\\/sites.usp.br\\\/hublusofono\\\/wp-content\\\/uploads\\\/sites\\\/1596\\\/2025\\\/03\\\/Imagem3.jpg\",\"width\":436,\"height\":583},{\"@type\":\"BreadcrumbList\",\"@id\":\"https:\\\/\\\/sites.usp.br\\\/hublusofono\\\/nossa-atuacao\\\/#breadcrumb\",\"itemListElement\":[{\"@type\":\"ListItem\",\"position\":1,\"name\":\"In\u00edcio\",\"item\":\"https:\\\/\\\/sites.usp.br\\\/hublusofono\\\/\"},{\"@type\":\"ListItem\",\"position\":2,\"name\":\"Nossa Atua\u00e7\u00e3o\"}]},{\"@type\":\"WebSite\",\"@id\":\"https:\\\/\\\/sites.usp.br\\\/hublusofono\\\/#website\",\"url\":\"https:\\\/\\\/sites.usp.br\\\/hublusofono\\\/\",\"name\":\"Hub Lus\u00f3fono D\u00e9cada do Oceano\",\"description\":\"S\u00f3 mais um site Universidade de S\u00e3o Paulo - Sites\",\"potentialAction\":[{\"@type\":\"SearchAction\",\"target\":{\"@type\":\"EntryPoint\",\"urlTemplate\":\"https:\\\/\\\/sites.usp.br\\\/hublusofono\\\/?s={search_term_string}\"},\"query-input\":{\"@type\":\"PropertyValueSpecification\",\"valueRequired\":true,\"valueName\":\"search_term_string\"}}],\"inLanguage\":\"pt-BR\"}]}<\/script>\n<!-- \/ Yoast SEO plugin. -->","yoast_head_json":{"title":"Nossa Atua\u00e7\u00e3o - Hub Lus\u00f3fono D\u00e9cada do Oceano","robots":{"index":"index","follow":"follow","max-snippet":"max-snippet:-1","max-image-preview":"max-image-preview:large","max-video-preview":"max-video-preview:-1"},"canonical":"https:\/\/sites.usp.br\/hublusofono\/nossa-atuacao\/","schema":{"@context":"https:\/\/schema.org","@graph":[{"@type":"WebPage","@id":"https:\/\/sites.usp.br\/hublusofono\/nossa-atuacao\/","url":"https:\/\/sites.usp.br\/hublusofono\/nossa-atuacao\/","name":"Nossa Atua\u00e7\u00e3o - Hub Lus\u00f3fono D\u00e9cada do Oceano","isPartOf":{"@id":"https:\/\/sites.usp.br\/hublusofono\/#website"},"primaryImageOfPage":{"@id":"https:\/\/sites.usp.br\/hublusofono\/nossa-atuacao\/#primaryimage"},"image":{"@id":"https:\/\/sites.usp.br\/hublusofono\/nossa-atuacao\/#primaryimage"},"thumbnailUrl":"https:\/\/sites.usp.br\/hublusofono\/wp-content\/uploads\/sites\/1596\/2025\/03\/Imagem3.jpg","datePublished":"2025-03-28T17:40:59+00:00","dateModified":"2025-03-28T18:25:58+00:00","breadcrumb":{"@id":"https:\/\/sites.usp.br\/hublusofono\/nossa-atuacao\/#breadcrumb"},"inLanguage":"pt-BR","potentialAction":[{"@type":"ReadAction","target":["https:\/\/sites.usp.br\/hublusofono\/nossa-atuacao\/"]}]},{"@type":"ImageObject","inLanguage":"pt-BR","@id":"https:\/\/sites.usp.br\/hublusofono\/nossa-atuacao\/#primaryimage","url":"https:\/\/sites.usp.br\/hublusofono\/wp-content\/uploads\/sites\/1596\/2025\/03\/Imagem3.jpg","contentUrl":"https:\/\/sites.usp.br\/hublusofono\/wp-content\/uploads\/sites\/1596\/2025\/03\/Imagem3.jpg","width":436,"height":583},{"@type":"BreadcrumbList","@id":"https:\/\/sites.usp.br\/hublusofono\/nossa-atuacao\/#breadcrumb","itemListElement":[{"@type":"ListItem","position":1,"name":"In\u00edcio","item":"https:\/\/sites.usp.br\/hublusofono\/"},{"@type":"ListItem","position":2,"name":"Nossa Atua\u00e7\u00e3o"}]},{"@type":"WebSite","@id":"https:\/\/sites.usp.br\/hublusofono\/#website","url":"https:\/\/sites.usp.br\/hublusofono\/","name":"Hub Lus\u00f3fono D\u00e9cada do Oceano","description":"S\u00f3 mais um site Universidade de S\u00e3o Paulo - Sites","potentialAction":[{"@type":"SearchAction","target":{"@type":"EntryPoint","urlTemplate":"https:\/\/sites.usp.br\/hublusofono\/?s={search_term_string}"},"query-input":{"@type":"PropertyValueSpecification","valueRequired":true,"valueName":"search_term_string"}}],"inLanguage":"pt-BR"}]}},"_links":{"self":[{"href":"https:\/\/sites.usp.br\/hublusofono\/wp-json\/wp\/v2\/pages\/970","targetHints":{"allow":["GET"]}}],"collection":[{"href":"https:\/\/sites.usp.br\/hublusofono\/wp-json\/wp\/v2\/pages"}],"about":[{"href":"https:\/\/sites.usp.br\/hublusofono\/wp-json\/wp\/v2\/types\/page"}],"author":[{"embeddable":true,"href":"https:\/\/sites.usp.br\/hublusofono\/wp-json\/wp\/v2\/users\/24465"}],"replies":[{"embeddable":true,"href":"https:\/\/sites.usp.br\/hublusofono\/wp-json\/wp\/v2\/comments?post=970"}],"version-history":[{"count":4,"href":"https:\/\/sites.usp.br\/hublusofono\/wp-json\/wp\/v2\/pages\/970\/revisions"}],"predecessor-version":[{"id":1034,"href":"https:\/\/sites.usp.br\/hublusofono\/wp-json\/wp\/v2\/pages\/970\/revisions\/1034"}],"wp:attachment":[{"href":"https:\/\/sites.usp.br\/hublusofono\/wp-json\/wp\/v2\/media?parent=970"}],"curies":[{"name":"wp","href":"https:\/\/api.w.org\/{rel}","templated":true}]}}