{"id":774,"date":"2021-10-22T09:09:20","date_gmt":"2021-10-22T12:09:20","guid":{"rendered":"https:\/\/sites.usp.br\/padrao8\/?page_id=774"},"modified":"2022-08-25T09:19:42","modified_gmt":"2022-08-25T12:19:42","slug":"sobre-pagina","status":"publish","type":"page","link":"https:\/\/sites.usp.br\/huboceano\/sobre-pagina\/","title":{"rendered":"Sobre"},"content":{"rendered":"\t\t<div data-elementor-type=\"wp-page\" data-elementor-id=\"774\" class=\"elementor elementor-774\" data-elementor-post-type=\"page\">\n\t\t\t\t\t\t<section class=\"elementor-section elementor-top-section elementor-element elementor-element-d8d2424 elementor-section-boxed elementor-section-height-default elementor-section-height-default\" data-id=\"d8d2424\" data-element_type=\"section\">\n\t\t\t\t\t\t<div class=\"elementor-container elementor-column-gap-default\">\n\t\t\t\t\t<div class=\"elementor-column elementor-col-100 elementor-top-column elementor-element elementor-element-c1f38a0\" data-id=\"c1f38a0\" data-element_type=\"column\">\n\t\t\t<div class=\"elementor-widget-wrap elementor-element-populated\">\n\t\t\t\t\t\t<div class=\"elementor-element elementor-element-220f47b elementor-widget elementor-widget-image\" data-id=\"220f47b\" data-element_type=\"widget\" data-widget_type=\"image.default\">\n\t\t\t\t<div class=\"elementor-widget-container\">\n\t\t\t\t\t\t\t\t\t\t\t\t\t<img fetchpriority=\"high\" decoding=\"async\" width=\"525\" height=\"231\" src=\"https:\/\/sites.usp.br\/huboceano\/wp-content\/uploads\/sites\/1118\/2022\/05\/HUB_singular.jpeg\" class=\"attachment-large size-large wp-image-2885\" alt=\"\" srcset=\"https:\/\/sites.usp.br\/huboceano\/wp-content\/uploads\/sites\/1118\/2022\/05\/HUB_singular.jpeg 612w, https:\/\/sites.usp.br\/huboceano\/wp-content\/uploads\/sites\/1118\/2022\/05\/HUB_singular-300x132.jpeg 300w, https:\/\/sites.usp.br\/huboceano\/wp-content\/uploads\/sites\/1118\/2022\/05\/HUB_singular-400x176.jpeg 400w\" sizes=\"100vw\" \/>\t\t\t\t\t\t\t\t\t\t\t\t\t<\/div>\n\t\t\t\t<\/div>\n\t\t\t\t\t<\/div>\n\t\t<\/div>\n\t\t\t\t\t<\/div>\n\t\t<\/section>\n\t\t\t\t<section class=\"elementor-section elementor-top-section elementor-element elementor-element-39c7c36 elementor-section-boxed elementor-section-height-default elementor-section-height-default\" data-id=\"39c7c36\" data-element_type=\"section\">\n\t\t\t\t\t\t<div class=\"elementor-container elementor-column-gap-default\">\n\t\t\t\t\t<div class=\"elementor-column elementor-col-100 elementor-top-column elementor-element elementor-element-c04817b\" data-id=\"c04817b\" data-element_type=\"column\">\n\t\t\t<div class=\"elementor-widget-wrap elementor-element-populated\">\n\t\t\t\t\t\t<div class=\"elementor-element elementor-element-8d0411a elementor-share-buttons--view-icon elementor-share-buttons--shape-circle elementor-share-buttons--skin-gradient elementor-grid-0 elementor-share-buttons--color-official elementor-widget elementor-widget-share-buttons\" data-id=\"8d0411a\" data-element_type=\"widget\" data-widget_type=\"share-buttons.default\">\n\t\t\t\t<div class=\"elementor-widget-container\">\n\t\t\t\t\t<div class=\"elementor-grid\">\n\t\t\t\t\t\t\t\t<div class=\"elementor-grid-item\">\n\t\t\t\t\t\t<div\n\t\t\t\t\t\t\tclass=\"elementor-share-btn elementor-share-btn_facebook\"\n\t\t\t\t\t\t\trole=\"button\"\n\t\t\t\t\t\t\ttabindex=\"0\"\n\t\t\t\t\t\t\taria-label=\"Compartilhar no facebook\"\n\t\t\t\t\t\t>\n\t\t\t\t\t\t\t\t\t\t\t\t\t\t\t<span class=\"elementor-share-btn__icon\">\n\t\t\t\t\t\t\t\t<i class=\"fab fa-facebook\" aria-hidden=\"true\"><\/i>\t\t\t\t\t\t\t<\/span>\n\t\t\t\t\t\t\t\t\t\t\t\t\t\t\t\t\t\t\t\t<\/div>\n\t\t\t\t\t<\/div>\n\t\t\t\t\t\t\t\t\t<div class=\"elementor-grid-item\">\n\t\t\t\t\t\t<div\n\t\t\t\t\t\t\tclass=\"elementor-share-btn elementor-share-btn_twitter\"\n\t\t\t\t\t\t\trole=\"button\"\n\t\t\t\t\t\t\ttabindex=\"0\"\n\t\t\t\t\t\t\taria-label=\"Compartilhar no twitter\"\n\t\t\t\t\t\t>\n\t\t\t\t\t\t\t\t\t\t\t\t\t\t\t<span class=\"elementor-share-btn__icon\">\n\t\t\t\t\t\t\t\t<i class=\"fab fa-twitter\" aria-hidden=\"true\"><\/i>\t\t\t\t\t\t\t<\/span>\n\t\t\t\t\t\t\t\t\t\t\t\t\t\t\t\t\t\t\t\t<\/div>\n\t\t\t\t\t<\/div>\n\t\t\t\t\t\t\t\t\t<div class=\"elementor-grid-item\">\n\t\t\t\t\t\t<div\n\t\t\t\t\t\t\tclass=\"elementor-share-btn elementor-share-btn_linkedin\"\n\t\t\t\t\t\t\trole=\"button\"\n\t\t\t\t\t\t\ttabindex=\"0\"\n\t\t\t\t\t\t\taria-label=\"Compartilhar no linkedin\"\n\t\t\t\t\t\t>\n\t\t\t\t\t\t\t\t\t\t\t\t\t\t\t<span class=\"elementor-share-btn__icon\">\n\t\t\t\t\t\t\t\t<i class=\"fab fa-linkedin\" aria-hidden=\"true\"><\/i>\t\t\t\t\t\t\t<\/span>\n\t\t\t\t\t\t\t\t\t\t\t\t\t\t\t\t\t\t\t\t<\/div>\n\t\t\t\t\t<\/div>\n\t\t\t\t\t\t\t\t\t<div class=\"elementor-grid-item\">\n\t\t\t\t\t\t<div\n\t\t\t\t\t\t\tclass=\"elementor-share-btn elementor-share-btn_whatsapp\"\n\t\t\t\t\t\t\trole=\"button\"\n\t\t\t\t\t\t\ttabindex=\"0\"\n\t\t\t\t\t\t\taria-label=\"Compartilhar no whatsapp\"\n\t\t\t\t\t\t>\n\t\t\t\t\t\t\t\t\t\t\t\t\t\t\t<span class=\"elementor-share-btn__icon\">\n\t\t\t\t\t\t\t\t<i class=\"fab fa-whatsapp\" aria-hidden=\"true\"><\/i>\t\t\t\t\t\t\t<\/span>\n\t\t\t\t\t\t\t\t\t\t\t\t\t\t\t\t\t\t\t\t<\/div>\n\t\t\t\t\t<\/div>\n\t\t\t\t\t\t\t\t\t<div class=\"elementor-grid-item\">\n\t\t\t\t\t\t<div\n\t\t\t\t\t\t\tclass=\"elementor-share-btn elementor-share-btn_telegram\"\n\t\t\t\t\t\t\trole=\"button\"\n\t\t\t\t\t\t\ttabindex=\"0\"\n\t\t\t\t\t\t\taria-label=\"Compartilhar no telegram\"\n\t\t\t\t\t\t>\n\t\t\t\t\t\t\t\t\t\t\t\t\t\t\t<span class=\"elementor-share-btn__icon\">\n\t\t\t\t\t\t\t\t<i class=\"fab fa-telegram\" aria-hidden=\"true\"><\/i>\t\t\t\t\t\t\t<\/span>\n\t\t\t\t\t\t\t\t\t\t\t\t\t\t\t\t\t\t\t\t<\/div>\n\t\t\t\t\t<\/div>\n\t\t\t\t\t\t\t\t\t<div class=\"elementor-grid-item\">\n\t\t\t\t\t\t<div\n\t\t\t\t\t\t\tclass=\"elementor-share-btn elementor-share-btn_email\"\n\t\t\t\t\t\t\trole=\"button\"\n\t\t\t\t\t\t\ttabindex=\"0\"\n\t\t\t\t\t\t\taria-label=\"Compartilhar no email\"\n\t\t\t\t\t\t>\n\t\t\t\t\t\t\t\t\t\t\t\t\t\t\t<span class=\"elementor-share-btn__icon\">\n\t\t\t\t\t\t\t\t<i class=\"fas fa-envelope\" aria-hidden=\"true\"><\/i>\t\t\t\t\t\t\t<\/span>\n\t\t\t\t\t\t\t\t\t\t\t\t\t\t\t\t\t\t\t\t<\/div>\n\t\t\t\t\t<\/div>\n\t\t\t\t\t\t<\/div>\n\t\t\t\t<\/div>\n\t\t\t\t<\/div>\n\t\t\t\t<div class=\"elementor-element elementor-element-0ee97a9 elementor-tabs-view-horizontal elementor-widget elementor-widget-tabs\" data-id=\"0ee97a9\" data-element_type=\"widget\" data-widget_type=\"tabs.default\">\n\t\t\t\t<div class=\"elementor-widget-container\">\n\t\t\t\t\t<div class=\"elementor-tabs\">\n\t\t\t<div class=\"elementor-tabs-wrapper\" role=\"tablist\" >\n\t\t\t\t\t\t\t\t\t<div id=\"elementor-tab-title-1561\" class=\"elementor-tab-title elementor-tab-desktop-title\" aria-selected=\"true\" data-tab=\"1\" role=\"tab\" tabindex=\"0\" aria-controls=\"elementor-tab-content-1561\" aria-expanded=\"false\">Sobre o Hub Lus\u00f3fono<\/div>\n\t\t\t\t\t\t\t\t\t<div id=\"elementor-tab-title-1562\" class=\"elementor-tab-title elementor-tab-desktop-title\" aria-selected=\"false\" data-tab=\"2\" role=\"tab\" tabindex=\"-1\" aria-controls=\"elementor-tab-content-1562\" aria-expanded=\"false\">Por que o programa foi criado?\u200b<\/div>\n\t\t\t\t\t\t\t\t\t<div id=\"elementor-tab-title-1563\" class=\"elementor-tab-title elementor-tab-desktop-title\" aria-selected=\"false\" data-tab=\"3\" role=\"tab\" tabindex=\"-1\" aria-controls=\"elementor-tab-content-1563\" aria-expanded=\"false\">Nossos objetivos\u200b<\/div>\n\t\t\t\t\t\t\t<\/div>\n\t\t\t<div class=\"elementor-tabs-content-wrapper\" role=\"tablist\" aria-orientation=\"vertical\">\n\t\t\t\t\t\t\t\t\t<div class=\"elementor-tab-title elementor-tab-mobile-title\" aria-selected=\"true\" data-tab=\"1\" role=\"tab\" tabindex=\"0\" aria-controls=\"elementor-tab-content-1561\" aria-expanded=\"false\">Sobre o Hub Lus\u00f3fono<\/div>\n\t\t\t\t\t<div id=\"elementor-tab-content-1561\" class=\"elementor-tab-content elementor-clearfix\" data-tab=\"1\" role=\"tabpanel\" aria-labelledby=\"elementor-tab-title-1561\" tabindex=\"0\" hidden=\"false\"><p>O Hub Lus\u00f3fono da D\u00e9cada do Oceano visa agregar e fortalecer pesquisas cient\u00edficas e debates sobre o Oceano, seus ambientes e interfaces. Trata-se de um centro virtual de formula\u00e7\u00e3o de pesquisas cient\u00edficas, ideias e solu\u00e7\u00f5es para os desafios da D\u00e9cada do Oceano, que pretende reunir o potencial de pesquisadores, gestores p\u00fablicos, legisladores, e lideran\u00e7as locais numa rede de redes, espalhadas por pa\u00edses lus\u00f3fonos.<\/p><p>O nosso logo foi desenvolvido com o objetivo de refletir nossos valores e miss\u00e3o. Assim, o leme possui nove bra\u00e7os que representam os nove pa\u00edses lus\u00f3fonos. A cor azul foi escolhida para representar a nossa uni\u00e3o em prol do oceano.<\/p><\/div>\n\t\t\t\t\t\t\t\t\t<div class=\"elementor-tab-title elementor-tab-mobile-title\" aria-selected=\"false\" data-tab=\"2\" role=\"tab\" tabindex=\"-1\" aria-controls=\"elementor-tab-content-1562\" aria-expanded=\"false\">Por que o programa foi criado?\u200b<\/div>\n\t\t\t\t\t<div id=\"elementor-tab-content-1562\" class=\"elementor-tab-content elementor-clearfix\" data-tab=\"2\" role=\"tabpanel\" aria-labelledby=\"elementor-tab-title-1562\" tabindex=\"0\" hidden=\"hidden\"><p>Entre os objetivos da D\u00e9cada do Oceano, gerar conhecimento, informar e treinar s\u00e3o vistos como essenciais. Contudo, como destacado pelo Plano de Implementa\u00e7\u00e3o da D\u00e9cada do Oceano (UNESCO, 2020), informa\u00e7\u00f5es acad\u00eamicas e de pol\u00edticas p\u00fablicas relacionadas ao Oceano s\u00e3o desigualmente distribu\u00eddas pelo mundo, o que pode representar um problema ao objetivo proposto pela ONU (IOC, 2019).<\/p><p>Nesse sentido, o desenvolvimento de capacita\u00e7\u00e3o cient\u00edfica \u00e9 um princ\u00edpio essencial da D\u00e9cada do Oceano, que busca reverter a assimetria em conhecimento, habilidades e acesso \u00e0 tecnologia (UNESCO, 2020). A partir dessa perspectiva, a cultura oce\u00e2nica \u00e9 um ponto cr\u00edtico para o desenvolvimento sustent\u00e1vel, uma vez que consiste na capacidade de compreender a influ\u00eancia do oceano no dia a dia da sociedade e a influ\u00eancia da sociedade no oceano (UNESCO, 2021).<\/p><p>O Hub Lus\u00f3fono pretende propiciar pesquisa cient\u00edfica e disponibilizar dados e conhecimentos para pesquisadores e formuladores de pol\u00edticas, com intuito de implementar o\u00a0<em>advocacy<\/em>\u00a0para melhorar as pol\u00edticas p\u00fablicas e abordar quest\u00f5es relevantes de forma transversal. Em outras palavras, o Hub se prop\u00f5e criar um ambiente que promova a pesquisa, o engajamento, parcerias e troca de conhecimentos sobre\u00a0<strong>Oceano e Pol\u00edticas P\u00fablicas<\/strong>\u00a0entre os pa\u00edses lus\u00f3fonos, de maneira a aproximar acad\u00eamicos, n\u00e3o-acad\u00eamicos e cidad\u00e3os das diferentes localidades, aos temas e dilemas em torno da promo\u00e7\u00e3o de um desenvolvimento sustent\u00e1vel a partir do Oceano.<\/p><\/div>\n\t\t\t\t\t\t\t\t\t<div class=\"elementor-tab-title elementor-tab-mobile-title\" aria-selected=\"false\" data-tab=\"3\" role=\"tab\" tabindex=\"-1\" aria-controls=\"elementor-tab-content-1563\" aria-expanded=\"false\">Nossos objetivos\u200b<\/div>\n\t\t\t\t\t<div id=\"elementor-tab-content-1563\" class=\"elementor-tab-content elementor-clearfix\" data-tab=\"3\" role=\"tabpanel\" aria-labelledby=\"elementor-tab-title-1563\" tabindex=\"0\" hidden=\"hidden\"><p>O Hub Lus\u00f3fono tem por objetivo principal criar um centro virtual de refer\u00eancia em\u00a0pol\u00edticas de interface com a quest\u00e3o oce\u00e2nica, possibilitando um ambiente prop\u00edcio para o\u00a0estabelecimento de parcerias e coopera\u00e7\u00e3o entre pesquisadores, usu\u00e1rios finais, tomadores de decis\u00e3o e formuladores de pol\u00edticas nos pa\u00edses lus\u00f3fonos. Com isto\u00a0pretende-se incentivar, fortalecer e fomentar pesquisas cient\u00edficas e a cultura oce\u00e2nica, bem como melhorar pol\u00edticas e gest\u00e3o p\u00fablicas, ao implementar o advocacy sobre as\u00a0quest\u00f5es oce\u00e2nicas.<\/p><p>Al\u00e9m disso, o Hub tamb\u00e9m tem como objetivo proporcionar um espa\u00e7o de\u00a0coworking, que pretende se somar \u00e0 a\u00e7\u00e3o global de da D\u00e9cada do Oceano, promovida\u00a0pela Comiss\u00e3o Oceanogr\u00e1fica Intergovernamental (COI) da ONU, fortalecendo as a\u00e7\u00f5es\u00a0regionais no Brasil, e nos pa\u00edses lus\u00f3fonos, buscando na alian\u00e7a internacional o\u00a0interc\u00e2mbio de experi\u00eancias pr\u00e1ticas, a troca de conhecimentos e saberes e o fortalecimento m\u00fatuo de a\u00e7\u00f5es no escopo da D\u00e9cada do Oceano ao promover a\u00a0discuss\u00e3o local, nacional e internacional sobre o Oceano.<\/p><p>Esses dois objetivos buscam equilibrar o acesso desigual ao conhecimento e aos\u00a0recursos dispon\u00edveis entre as diferentes geografias dos pa\u00edses lus\u00f3fonos.\u00a0<\/p><\/div>\n\t\t\t\t\t\t\t<\/div>\n\t\t<\/div>\n\t\t\t\t<\/div>\n\t\t\t\t<\/div>\n\t\t\t\t\t<\/div>\n\t\t<\/div>\n\t\t\t\t\t<\/div>\n\t\t<\/section>\n\t\t\t\t<section class=\"elementor-section elementor-top-section elementor-element elementor-element-888aa55 elementor-section-boxed elementor-section-height-default elementor-section-height-default\" data-id=\"888aa55\" data-element_type=\"section\">\n\t\t\t\t\t\t<div class=\"elementor-container elementor-column-gap-default\">\n\t\t\t\t\t<div class=\"elementor-column elementor-col-100 elementor-top-column elementor-element elementor-element-12fa403\" data-id=\"12fa403\" data-element_type=\"column\">\n\t\t\t<div class=\"elementor-widget-wrap elementor-element-populated\">\n\t\t\t\t\t\t<div class=\"elementor-element elementor-element-a26af66 elementor-skin-slideshow elementor-arrows-yes elementor-widget elementor-widget-media-carousel\" data-id=\"a26af66\" data-element_type=\"widget\" data-settings=\"{&quot;skin&quot;:&quot;slideshow&quot;,&quot;speed&quot;:1300,&quot;effect&quot;:&quot;slide&quot;,&quot;show_arrows&quot;:&quot;yes&quot;,&quot;autoplay&quot;:&quot;yes&quot;,&quot;autoplay_speed&quot;:5000,&quot;loop&quot;:&quot;yes&quot;,&quot;pause_on_hover&quot;:&quot;yes&quot;,&quot;pause_on_interaction&quot;:&quot;yes&quot;,&quot;space_between&quot;:{&quot;unit&quot;:&quot;px&quot;,&quot;size&quot;:10,&quot;sizes&quot;:[]},&quot;space_between_tablet&quot;:{&quot;unit&quot;:&quot;px&quot;,&quot;size&quot;:10,&quot;sizes&quot;:[]},&quot;space_between_mobile&quot;:{&quot;unit&quot;:&quot;px&quot;,&quot;size&quot;:10,&quot;sizes&quot;:[]}}\" data-widget_type=\"media-carousel.default\">\n\t\t\t\t<div class=\"elementor-widget-container\">\n\t\t\t\t\t<div class=\"elementor-swiper\">\n\t\t\t<div class=\"elementor-main-swiper swiper\">\n\t\t\t\t<div class=\"swiper-wrapper\">\n\t\t\t\t\t\t\t\t\t\t\t<div class=\"swiper-slide\">\n\t\t\t\t\t\t\t\t\t<div class=\"elementor-carousel-image\" role=\"img\" aria-label=\"Each - foto site - IMG_20220406_100112509_HDR\" style=\"background-image: url(&#039;https:\/\/sites.usp.br\/huboceano\/wp-content\/uploads\/sites\/1118\/2022\/05\/Each-foto-site-IMG_20220406_100112509_HDR-scaled.jpg&#039;)\">\n\n\t\t\t\n\t\t\t\t\t<\/div>\n\t\t\t\t\t\t\t\t<\/div>\n\t\t\t\t\t\t\t\t\t\t\t<div class=\"swiper-slide\">\n\t\t\t\t\t\t\t\t\t<div class=\"elementor-carousel-image\" role=\"img\" aria-label=\"Each - foto site - IMG_20220406_095637648_HDR\" style=\"background-image: url(&#039;https:\/\/sites.usp.br\/huboceano\/wp-content\/uploads\/sites\/1118\/2022\/05\/Each-foto-site-IMG_20220406_095637648_HDR-scaled.jpg&#039;)\">\n\n\t\t\t\n\t\t\t\t\t<\/div>\n\t\t\t\t\t\t\t\t<\/div>\n\t\t\t\t\t\t\t\t\t\t\t<div class=\"swiper-slide\">\n\t\t\t\t\t\t\t\t\t<div class=\"elementor-carousel-image\" role=\"img\" aria-label=\"IMG_0265\" style=\"background-image: url(&#039;https:\/\/sites.usp.br\/huboceano\/wp-content\/uploads\/sites\/1118\/2022\/05\/IMG_0265.jpg&#039;)\">\n\n\t\t\t\n\t\t\t\t\t<\/div>\n\t\t\t\t\t\t\t\t<\/div>\n\t\t\t\t\t\t\t\t\t\t\t<div class=\"swiper-slide\">\n\t\t\t\t\t\t\t\t\t<div class=\"elementor-carousel-image\" role=\"img\" aria-label=\"IMG_0525\" style=\"background-image: url(&#039;https:\/\/sites.usp.br\/huboceano\/wp-content\/uploads\/sites\/1118\/2022\/05\/IMG_0525.jpg&#039;)\">\n\n\t\t\t\n\t\t\t\t\t<\/div>\n\t\t\t\t\t\t\t\t<\/div>\n\t\t\t\t\t\t\t\t\t\t\t<div class=\"swiper-slide\">\n\t\t\t\t\t\t\t\t\t<div class=\"elementor-carousel-image\" role=\"img\" aria-label=\"IMG_3012\" style=\"background-image: url(&#039;https:\/\/sites.usp.br\/huboceano\/wp-content\/uploads\/sites\/1118\/2022\/05\/IMG_3012-scaled.jpg&#039;)\">\n\n\t\t\t\n\t\t\t\t\t<\/div>\n\t\t\t\t\t\t\t\t<\/div>\n\t\t\t\t\t\t\t\t\t\t\t<div class=\"swiper-slide\">\n\t\t\t\t\t\t\t\t\t<div class=\"elementor-carousel-image\" role=\"img\" aria-label=\"IMG_20160712_184240255\" style=\"background-image: url(&#039;https:\/\/sites.usp.br\/huboceano\/wp-content\/uploads\/sites\/1118\/2022\/05\/IMG_20160712_184240255-scaled.jpg&#039;)\">\n\n\t\t\t\n\t\t\t\t\t<\/div>\n\t\t\t\t\t\t\t\t<\/div>\n\t\t\t\t\t\t\t\t\t<\/div>\n\t\t\t\t\t\t\t\t\t\t\t\t\t\t\t\t\t\t\t\t<div class=\"elementor-swiper-button elementor-swiper-button-prev\" role=\"button\" tabindex=\"0\">\n\t\t\t\t\t\t\t<i aria-hidden=\"true\" class=\"eicon-chevron-left\"><\/i>\t\t\t\t\t\t\t<span class=\"elementor-screen-only\">Anterior<\/span>\n\t\t\t\t\t\t<\/div>\n\t\t\t\t\t\t<div class=\"elementor-swiper-button elementor-swiper-button-next\" role=\"button\" tabindex=\"0\">\n\t\t\t\t\t\t\t<i aria-hidden=\"true\" class=\"eicon-chevron-right\"><\/i>\t\t\t\t\t\t\t<span class=\"elementor-screen-only\">Pr\u00f3ximo<\/span>\n\t\t\t\t\t\t<\/div>\n\t\t\t\t\t\t\t\t\t\t\t\t<\/div>\n\t\t<\/div>\n\t\t\t\t<div class=\"elementor-swiper\">\n\t\t\t<div class=\"elementor-thumbnails-swiper swiper\">\n\t\t\t\t<div class=\"swiper-wrapper\">\n\t\t\t\t\t\t\t\t\t\t\t<div class=\"swiper-slide\">\n\t\t\t\t\t\t\t\t\t<div class=\"elementor-carousel-image\" role=\"img\" aria-label=\"Each - foto site - IMG_20220406_100112509_HDR\" style=\"background-image: url(&#039;https:\/\/sites.usp.br\/huboceano\/wp-content\/uploads\/sites\/1118\/2022\/05\/Each-foto-site-IMG_20220406_100112509_HDR-scaled.jpg&#039;)\">\n\n\t\t\t\n\t\t\t\t\t<\/div>\n\t\t\t\t\t\t\t\t<\/div>\n\t\t\t\t\t\t\t\t\t\t\t<div class=\"swiper-slide\">\n\t\t\t\t\t\t\t\t\t<div class=\"elementor-carousel-image\" role=\"img\" aria-label=\"Each - foto site - IMG_20220406_095637648_HDR\" style=\"background-image: url(&#039;https:\/\/sites.usp.br\/huboceano\/wp-content\/uploads\/sites\/1118\/2022\/05\/Each-foto-site-IMG_20220406_095637648_HDR-scaled.jpg&#039;)\">\n\n\t\t\t\n\t\t\t\t\t<\/div>\n\t\t\t\t\t\t\t\t<\/div>\n\t\t\t\t\t\t\t\t\t\t\t<div class=\"swiper-slide\">\n\t\t\t\t\t\t\t\t\t<div class=\"elementor-carousel-image\" role=\"img\" aria-label=\"IMG_0265\" style=\"background-image: url(&#039;https:\/\/sites.usp.br\/huboceano\/wp-content\/uploads\/sites\/1118\/2022\/05\/IMG_0265.jpg&#039;)\">\n\n\t\t\t\n\t\t\t\t\t<\/div>\n\t\t\t\t\t\t\t\t<\/div>\n\t\t\t\t\t\t\t\t\t\t\t<div class=\"swiper-slide\">\n\t\t\t\t\t\t\t\t\t<div class=\"elementor-carousel-image\" role=\"img\" aria-label=\"IMG_0525\" style=\"background-image: url(&#039;https:\/\/sites.usp.br\/huboceano\/wp-content\/uploads\/sites\/1118\/2022\/05\/IMG_0525.jpg&#039;)\">\n\n\t\t\t\n\t\t\t\t\t<\/div>\n\t\t\t\t\t\t\t\t<\/div>\n\t\t\t\t\t\t\t\t\t\t\t<div class=\"swiper-slide\">\n\t\t\t\t\t\t\t\t\t<div class=\"elementor-carousel-image\" role=\"img\" aria-label=\"IMG_3012\" style=\"background-image: url(&#039;https:\/\/sites.usp.br\/huboceano\/wp-content\/uploads\/sites\/1118\/2022\/05\/IMG_3012-scaled.jpg&#039;)\">\n\n\t\t\t\n\t\t\t\t\t<\/div>\n\t\t\t\t\t\t\t\t<\/div>\n\t\t\t\t\t\t\t\t\t\t\t<div class=\"swiper-slide\">\n\t\t\t\t\t\t\t\t\t<div class=\"elementor-carousel-image\" role=\"img\" aria-label=\"IMG_20160712_184240255\" style=\"background-image: url(&#039;https:\/\/sites.usp.br\/huboceano\/wp-content\/uploads\/sites\/1118\/2022\/05\/IMG_20160712_184240255-scaled.jpg&#039;)\">\n\n\t\t\t\n\t\t\t\t\t<\/div>\n\t\t\t\t\t\t\t\t<\/div>\n\t\t\t\t\t\t\t\t\t<\/div>\n\t\t\t\t\t\t\t\t\t\t\t\t\t\t\t\t\t\t\t\t\t<\/div>\n\t\t<\/div>\n\t\t\t\t<\/div>\n\t\t\t\t<\/div>\n\t\t\t\t\t<\/div>\n\t\t<\/div>\n\t\t\t\t\t<\/div>\n\t\t<\/section>\n\t\t\t\t<section class=\"elementor-section elementor-top-section elementor-element elementor-element-18d45fe elementor-section-boxed elementor-section-height-default elementor-section-height-default\" data-id=\"18d45fe\" data-element_type=\"section\">\n\t\t\t\t\t\t<div class=\"elementor-container elementor-column-gap-default\">\n\t\t\t\t\t<div class=\"elementor-column elementor-col-100 elementor-top-column elementor-element elementor-element-4e04243\" data-id=\"4e04243\" data-element_type=\"column\">\n\t\t\t<div class=\"elementor-widget-wrap\">\n\t\t\t\t\t\t\t<\/div>\n\t\t<\/div>\n\t\t\t\t\t<\/div>\n\t\t<\/section>\n\t\t\t\t<\/div>\n\t\t","protected":false},"excerpt":{"rendered":"<p>Share on facebook Share on twitter Share on linkedin Share on whatsapp Share on telegram Share on email Sobre o Hub Lus\u00f3fono Por que o programa foi criado?\u200b Nossos objetivos\u200b Sobre o Hub Lus\u00f3fono O Hub Lus\u00f3fono da D\u00e9cada do Oceano visa agregar e fortalecer pesquisas cient\u00edficas e debates sobre o Oceano, seus ambientes e &hellip; <\/p>\n<p class=\"link-more\"><a href=\"https:\/\/sites.usp.br\/huboceano\/sobre-pagina\/\" class=\"more-link\">Continue lendo<span class=\"screen-reader-text\"> &#8220;Sobre&#8221;<\/span><\/a><\/p>\n","protected":false},"author":22641,"featured_media":0,"parent":0,"menu_order":0,"comment_status":"closed","ping_status":"closed","template":"elementor_header_footer","meta":{"_monsterinsights_skip_tracking":false,"_monsterinsights_sitenote_active":false,"_monsterinsights_sitenote_note":"","_monsterinsights_sitenote_category":0,"footnotes":"","_links_to":"","_links_to_target":""},"class_list":["post-774","page","type-page","status-publish","hentry"],"_links":{"self":[{"href":"https:\/\/sites.usp.br\/huboceano\/wp-json\/wp\/v2\/pages\/774","targetHints":{"allow":["GET"]}}],"collection":[{"href":"https:\/\/sites.usp.br\/huboceano\/wp-json\/wp\/v2\/pages"}],"about":[{"href":"https:\/\/sites.usp.br\/huboceano\/wp-json\/wp\/v2\/types\/page"}],"author":[{"embeddable":true,"href":"https:\/\/sites.usp.br\/huboceano\/wp-json\/wp\/v2\/users\/22641"}],"replies":[{"embeddable":true,"href":"https:\/\/sites.usp.br\/huboceano\/wp-json\/wp\/v2\/comments?post=774"}],"version-history":[{"count":4,"href":"https:\/\/sites.usp.br\/huboceano\/wp-json\/wp\/v2\/pages\/774\/revisions"}],"predecessor-version":[{"id":3069,"href":"https:\/\/sites.usp.br\/huboceano\/wp-json\/wp\/v2\/pages\/774\/revisions\/3069"}],"wp:attachment":[{"href":"https:\/\/sites.usp.br\/huboceano\/wp-json\/wp\/v2\/media?parent=774"}],"curies":[{"name":"wp","href":"https:\/\/api.w.org\/{rel}","templated":true}]}}