{"id":1251,"date":"2020-12-09T16:12:53","date_gmt":"2020-12-09T18:12:53","guid":{"rendered":"https:\/\/sites.usp.br\/hypatia\/?page_id=1251"},"modified":"2022-12-01T11:58:47","modified_gmt":"2022-12-01T13:58:47","slug":"aulas-remotas","status":"publish","type":"page","link":"https:\/\/sites.usp.br\/hypatia\/aulas-remotas\/","title":{"rendered":"Aulas remotas"},"content":{"rendered":"\t\t<div data-elementor-type=\"wp-page\" data-elementor-id=\"1251\" class=\"elementor elementor-1251\" data-elementor-post-type=\"page\">\n\t\t\t\t\t\t<section class=\"elementor-section elementor-top-section elementor-element elementor-element-b3abe2e elementor-section-boxed elementor-section-height-default elementor-section-height-default\" data-id=\"b3abe2e\" data-element_type=\"section\">\n\t\t\t\t\t\t<div class=\"elementor-container elementor-column-gap-default\">\n\t\t\t\t\t<div class=\"elementor-column elementor-col-100 elementor-top-column elementor-element elementor-element-6dd2d28\" data-id=\"6dd2d28\" data-element_type=\"column\">\n\t\t\t<div class=\"elementor-widget-wrap elementor-element-populated\">\n\t\t\t\t\t\t<div class=\"elementor-element elementor-element-2b546fe elementor-widget elementor-widget-image\" data-id=\"2b546fe\" data-element_type=\"widget\" data-widget_type=\"image.default\">\n\t\t\t\t<div class=\"elementor-widget-container\">\n\t\t\t\t\t\t\t\t\t\t\t\t\t<img fetchpriority=\"high\" decoding=\"async\" width=\"1024\" height=\"576\" src=\"https:\/\/sites.usp.br\/hypatia\/wp-content\/uploads\/sites\/828\/2020\/12\/9ARTES-DO-SITE-3-1024x576.png\" class=\"attachment-large size-large wp-image-1254\" alt=\"\" srcset=\"https:\/\/sites.usp.br\/hypatia\/wp-content\/uploads\/sites\/828\/2020\/12\/9ARTES-DO-SITE-3-1024x576.png 1024w, https:\/\/sites.usp.br\/hypatia\/wp-content\/uploads\/sites\/828\/2020\/12\/9ARTES-DO-SITE-3-300x169.png 300w, https:\/\/sites.usp.br\/hypatia\/wp-content\/uploads\/sites\/828\/2020\/12\/9ARTES-DO-SITE-3-768x432.png 768w, https:\/\/sites.usp.br\/hypatia\/wp-content\/uploads\/sites\/828\/2020\/12\/9ARTES-DO-SITE-3-1536x864.png 1536w, https:\/\/sites.usp.br\/hypatia\/wp-content\/uploads\/sites\/828\/2020\/12\/9ARTES-DO-SITE-3-310x174.png 310w, https:\/\/sites.usp.br\/hypatia\/wp-content\/uploads\/sites\/828\/2020\/12\/9ARTES-DO-SITE-3-400x225.png 400w, https:\/\/sites.usp.br\/hypatia\/wp-content\/uploads\/sites\/828\/2020\/12\/9ARTES-DO-SITE-3.png 1920w\" sizes=\"(max-width: 1024px) 100vw, 1024px\" \/>\t\t\t\t\t\t\t\t\t\t\t\t\t<\/div>\n\t\t\t\t<\/div>\n\t\t\t\t<div class=\"elementor-element elementor-element-daca315 elementor-invisible elementor-widget elementor-widget-text-editor\" data-id=\"daca315\" data-element_type=\"widget\" data-settings=\"{&quot;_animation&quot;:&quot;fadeInDown&quot;}\" data-widget_type=\"text-editor.default\">\n\t\t\t\t<div class=\"elementor-widget-container\">\n\t\t\t\t\t\t\t<p>Diante o cen\u00e1rio de <b>pandemia<\/b>, buscamos alternativas para nos adaptar ao novo contexto e continuar oferecendo educa\u00e7\u00e3o <b>gratuita<\/b> e de <b>qualidade<\/b>. Nesse sentido, atuamos &#8211; pela <b>primeira vez<\/b> &#8211; de forma totalmente online em 2020. Foi nesse contexto que surgiu-nos uma nova vontade de engajar: sendo um <b>cursinho online!<\/b><\/p>\t\t\t\t\t\t<\/div>\n\t\t\t\t<\/div>\n\t\t\t\t\t<\/div>\n\t\t<\/div>\n\t\t\t\t\t<\/div>\n\t\t<\/section>\n\t\t\t\t<section class=\"elementor-section elementor-top-section elementor-element elementor-element-22ce618 elementor-section-boxed elementor-section-height-default elementor-section-height-default\" data-id=\"22ce618\" data-element_type=\"section\">\n\t\t\t\t\t\t<div class=\"elementor-container elementor-column-gap-default\">\n\t\t\t\t\t<div class=\"elementor-column elementor-col-100 elementor-top-column elementor-element elementor-element-580f3fe\" data-id=\"580f3fe\" data-element_type=\"column\">\n\t\t\t<div class=\"elementor-widget-wrap elementor-element-populated\">\n\t\t\t\t\t\t<div class=\"elementor-element elementor-element-68f0f82 elementor-widget elementor-widget-image\" data-id=\"68f0f82\" data-element_type=\"widget\" data-widget_type=\"image.default\">\n\t\t\t\t<div class=\"elementor-widget-container\">\n\t\t\t\t\t\t\t\t\t\t\t\t\t<img decoding=\"async\" width=\"1024\" height=\"576\" src=\"https:\/\/sites.usp.br\/hypatia\/wp-content\/uploads\/sites\/828\/2020\/12\/9ARTES-DO-SITE-4-1024x576.png\" class=\"attachment-large size-large wp-image-1258\" alt=\"\" srcset=\"https:\/\/sites.usp.br\/hypatia\/wp-content\/uploads\/sites\/828\/2020\/12\/9ARTES-DO-SITE-4-1024x576.png 1024w, https:\/\/sites.usp.br\/hypatia\/wp-content\/uploads\/sites\/828\/2020\/12\/9ARTES-DO-SITE-4-300x169.png 300w, https:\/\/sites.usp.br\/hypatia\/wp-content\/uploads\/sites\/828\/2020\/12\/9ARTES-DO-SITE-4-768x432.png 768w, https:\/\/sites.usp.br\/hypatia\/wp-content\/uploads\/sites\/828\/2020\/12\/9ARTES-DO-SITE-4-1536x864.png 1536w, https:\/\/sites.usp.br\/hypatia\/wp-content\/uploads\/sites\/828\/2020\/12\/9ARTES-DO-SITE-4-310x174.png 310w, https:\/\/sites.usp.br\/hypatia\/wp-content\/uploads\/sites\/828\/2020\/12\/9ARTES-DO-SITE-4-400x225.png 400w, https:\/\/sites.usp.br\/hypatia\/wp-content\/uploads\/sites\/828\/2020\/12\/9ARTES-DO-SITE-4.png 1920w\" sizes=\"(max-width: 1024px) 100vw, 1024px\" \/>\t\t\t\t\t\t\t\t\t\t\t\t\t<\/div>\n\t\t\t\t<\/div>\n\t\t\t\t\t<\/div>\n\t\t<\/div>\n\t\t\t\t\t<\/div>\n\t\t<\/section>\n\t\t\t\t<section class=\"elementor-section elementor-top-section elementor-element elementor-element-f6df16a elementor-section-boxed elementor-section-height-default elementor-section-height-default\" data-id=\"f6df16a\" data-element_type=\"section\">\n\t\t\t\t\t\t<div class=\"elementor-container elementor-column-gap-default\">\n\t\t\t\t\t<div class=\"elementor-column elementor-col-100 elementor-top-column elementor-element elementor-element-7570c86\" data-id=\"7570c86\" data-element_type=\"column\">\n\t\t\t<div class=\"elementor-widget-wrap elementor-element-populated\">\n\t\t\t\t\t\t<div class=\"elementor-element elementor-element-6ebc011 elementor-invisible elementor-widget elementor-widget-text-editor\" data-id=\"6ebc011\" data-element_type=\"widget\" data-settings=\"{&quot;_animation&quot;:&quot;fadeInDown&quot;}\" data-widget_type=\"text-editor.default\">\n\t\t\t\t<div class=\"elementor-widget-container\">\n\t\t\t\t\t\t\t<p>Se voc\u00ea deseja estudar na <b>modalidade remota<\/b>, \u00e9 necess\u00e1rio realizar sua <b>inscri\u00e7\u00e3o<\/b>. Todas as informa\u00e7\u00f5es sobre o processo seletivo constam na aba <b>&#8216;Editais&#8217;<\/b> (<a href=\"https:\/\/sites.usp.br\/hypatia\/seletivo\/editais\/\" target=\"_blank\" rel=\"noopener\">clique aqui<\/a>). Durante a sele\u00e7\u00e3o, o estudante passa por uma <b>entrevista<\/b> com a nossa Gest\u00e3o. Al\u00e9m disso, analisamos a <b>renda socioecon\u00f4mica.<\/b>\u00a0Em todas as etapas da inscri\u00e7\u00e3o, mandamos e-mails de confirma\u00e7\u00e3o e agendamento.\u00a0<\/p>\t\t\t\t\t\t<\/div>\n\t\t\t\t<\/div>\n\t\t\t\t<div class=\"elementor-element elementor-element-f337461 elementor-widget elementor-widget-heading\" data-id=\"f337461\" data-element_type=\"widget\" data-widget_type=\"heading.default\">\n\t\t\t\t<div class=\"elementor-widget-container\">\n\t\t\t<h2 class=\"elementor-heading-title elementor-size-default\">SOBRE O CURSO<\/h2>\t\t<\/div>\n\t\t\t\t<\/div>\n\t\t\t\t<div class=\"elementor-element elementor-element-3269943 elementor-invisible elementor-widget elementor-widget-text-editor\" data-id=\"3269943\" data-element_type=\"widget\" data-settings=\"{&quot;_animation&quot;:&quot;fadeInDown&quot;}\" data-widget_type=\"text-editor.default\">\n\t\t\t\t<div class=\"elementor-widget-container\">\n\t\t\t\t\t\t\t<p>O curso <b>remoto<\/b>, bem como o presencial, tem dura\u00e7\u00e3o de <b>1 (um) ano<\/b>. Ao t\u00e9rmino dele, o estudante precisa inscrever-se novamente,\u00a0<span style=\"font-family: Montserrat, Montserrat; font-size: 18px; font-style: normal; font-variant-ligatures: normal; font-variant-caps: normal; font-weight: 400; letter-spacing: 0.4px;\">caso queira continuar cursando-o. As aulas s\u00e3o ministradas de <\/span><span style=\"font-family: Montserrat, Montserrat; font-size: 18px; font-style: normal; font-variant-ligatures: normal; font-variant-caps: normal; letter-spacing: 0.4px;\"><b>segunda a quinta-feira<\/b><\/span><span style=\"font-family: Montserrat, Montserrat; font-size: 18px; font-style: normal; font-variant-ligatures: normal; font-variant-caps: normal; font-weight: 400; letter-spacing: 0.4px;\">, na\u00a0<\/span><span style=\"font-family: Montserrat, Montserrat; font-size: 18px; font-style: normal; font-variant-ligatures: normal; font-variant-caps: normal; letter-spacing: 0.4px;\"><b>parte noturna<\/b><\/span><span style=\"font-family: Montserrat, Montserrat; font-size: 18px; font-style: normal; font-variant-ligatures: normal; font-variant-caps: normal; font-weight: 400; letter-spacing: 0.4px;\">, com in\u00edcio \u00e0s 19:00 horas e t\u00e9rmino \u00e0s 22:30 horas. Destinamos as sextas-feiras para outras atividades pedag\u00f3gicas, como simulado, aul\u00e3o, roda de conversa, revis\u00e3o, entre outras.<\/span><\/p>\t\t\t\t\t\t<\/div>\n\t\t\t\t<\/div>\n\t\t\t\t<div class=\"elementor-element elementor-element-62a19f9 elementor-align-center elementor-widget__width-inherit elementor-invisible elementor-widget elementor-widget-button\" data-id=\"62a19f9\" data-element_type=\"widget\" data-settings=\"{&quot;_animation&quot;:&quot;fadeInDown&quot;}\" data-widget_type=\"button.default\">\n\t\t\t\t<div class=\"elementor-widget-container\">\n\t\t\t\t\t\t\t<div class=\"elementor-button-wrapper\">\n\t\t\t\t\t<a class=\"elementor-button elementor-button-link elementor-size-lg elementor-animation-shrink\" href=\"https:\/\/sites.usp.br\/hypatia\/\">\n\t\t\t\t\t\t<span class=\"elementor-button-content-wrapper\">\n\t\t\t\t\t\t\t\t\t<span class=\"elementor-button-text\">VOLTAR<\/span>\n\t\t\t\t\t<\/span>\n\t\t\t\t\t<\/a>\n\t\t\t\t<\/div>\n\t\t\t\t\t\t<\/div>\n\t\t\t\t<\/div>\n\t\t\t\t<div class=\"elementor-element elementor-element-cfe15e2 elementor-widget elementor-widget-spacer\" data-id=\"cfe15e2\" data-element_type=\"widget\" data-widget_type=\"spacer.default\">\n\t\t\t\t<div class=\"elementor-widget-container\">\n\t\t\t\t\t<div class=\"elementor-spacer\">\n\t\t\t<div class=\"elementor-spacer-inner\"><\/div>\n\t\t<\/div>\n\t\t\t\t<\/div>\n\t\t\t\t<\/div>\n\t\t\t\t\t<\/div>\n\t\t<\/div>\n\t\t\t\t\t<\/div>\n\t\t<\/section>\n\t\t\t\t<\/div>\n\t\t","protected":false},"excerpt":{"rendered":"<p>Diante o cen\u00e1rio de pandemia, buscamos alternativas para nos adaptar ao novo contexto e continuar oferecendo educa\u00e7\u00e3o gratuita e de qualidade. Nesse sentido, atuamos &#8211; pela primeira vez &#8211; de forma totalmente online em 2020. Foi nesse contexto que surgiu-nos uma nova vontade de engajar: sendo um cursinho online! Se voc\u00ea deseja estudar na modalidade [&hellip;]<\/p>\n","protected":false},"author":22116,"featured_media":0,"parent":0,"menu_order":3,"comment_status":"closed","ping_status":"closed","template":"","meta":{"_monsterinsights_skip_tracking":false,"_monsterinsights_sitenote_active":false,"_monsterinsights_sitenote_note":"","_monsterinsights_sitenote_category":0,"ocean_post_layout":"","ocean_both_sidebars_style":"","ocean_both_sidebars_content_width":0,"ocean_both_sidebars_sidebars_width":0,"ocean_sidebar":"0","ocean_second_sidebar":"0","ocean_disable_margins":"enable","ocean_add_body_class":"","ocean_shortcode_before_top_bar":"","ocean_shortcode_after_top_bar":"","ocean_shortcode_before_header":"","ocean_shortcode_after_header":"","ocean_has_shortcode":"","ocean_shortcode_after_title":"","ocean_shortcode_before_footer_widgets":"","ocean_shortcode_after_footer_widgets":"","ocean_shortcode_before_footer_bottom":"","ocean_shortcode_after_footer_bottom":"","ocean_display_top_bar":"default","ocean_display_header":"default","ocean_header_style":"","ocean_center_header_left_menu":"0","ocean_custom_header_template":"0","ocean_custom_logo":0,"ocean_custom_retina_logo":0,"ocean_custom_logo_max_width":0,"ocean_custom_logo_tablet_max_width":0,"ocean_custom_logo_mobile_max_width":0,"ocean_custom_logo_max_height":0,"ocean_custom_logo_tablet_max_height":0,"ocean_custom_logo_mobile_max_height":0,"ocean_header_custom_menu":"0","ocean_menu_typo_font_family":"0","ocean_menu_typo_font_subset":"","ocean_menu_typo_font_size":0,"ocean_menu_typo_font_size_tablet":0,"ocean_menu_typo_font_size_mobile":0,"ocean_menu_typo_font_size_unit":"px","ocean_menu_typo_font_weight":"","ocean_menu_typo_font_weight_tablet":"","ocean_menu_typo_font_weight_mobile":"","ocean_menu_typo_transform":"","ocean_menu_typo_transform_tablet":"","ocean_menu_typo_transform_mobile":"","ocean_menu_typo_line_height":0,"ocean_menu_typo_line_height_tablet":0,"ocean_menu_typo_line_height_mobile":0,"ocean_menu_typo_line_height_unit":"","ocean_menu_typo_spacing":0,"ocean_menu_typo_spacing_tablet":0,"ocean_menu_typo_spacing_mobile":0,"ocean_menu_typo_spacing_unit":"","ocean_menu_link_color":"","ocean_menu_link_color_hover":"","ocean_menu_link_color_active":"","ocean_menu_link_background":"","ocean_menu_link_hover_background":"","ocean_menu_link_active_background":"","ocean_menu_social_links_bg":"","ocean_menu_social_hover_links_bg":"","ocean_menu_social_links_color":"","ocean_menu_social_hover_links_color":"","ocean_disable_title":"default","ocean_disable_heading":"default","ocean_post_title":"","ocean_post_subheading":"","ocean_post_title_style":"","ocean_post_title_background_color":"","ocean_post_title_background":0,"ocean_post_title_bg_image_position":"","ocean_post_title_bg_image_attachment":"","ocean_post_title_bg_image_repeat":"","ocean_post_title_bg_image_size":"","ocean_post_title_height":0,"ocean_post_title_bg_overlay":0.5,"ocean_post_title_bg_overlay_color":"","ocean_disable_breadcrumbs":"default","ocean_breadcrumbs_color":"","ocean_breadcrumbs_separator_color":"","ocean_breadcrumbs_links_color":"","ocean_breadcrumbs_links_hover_color":"","ocean_display_footer_widgets":"default","ocean_display_footer_bottom":"default","ocean_custom_footer_template":"0","footnotes":"","_links_to":"","_links_to_target":""},"class_list":["post-1251","page","type-page","status-publish","hentry","entry"],"_links":{"self":[{"href":"https:\/\/sites.usp.br\/hypatia\/wp-json\/wp\/v2\/pages\/1251","targetHints":{"allow":["GET"]}}],"collection":[{"href":"https:\/\/sites.usp.br\/hypatia\/wp-json\/wp\/v2\/pages"}],"about":[{"href":"https:\/\/sites.usp.br\/hypatia\/wp-json\/wp\/v2\/types\/page"}],"author":[{"embeddable":true,"href":"https:\/\/sites.usp.br\/hypatia\/wp-json\/wp\/v2\/users\/22116"}],"replies":[{"embeddable":true,"href":"https:\/\/sites.usp.br\/hypatia\/wp-json\/wp\/v2\/comments?post=1251"}],"version-history":[{"count":4,"href":"https:\/\/sites.usp.br\/hypatia\/wp-json\/wp\/v2\/pages\/1251\/revisions"}],"predecessor-version":[{"id":1968,"href":"https:\/\/sites.usp.br\/hypatia\/wp-json\/wp\/v2\/pages\/1251\/revisions\/1968"}],"wp:attachment":[{"href":"https:\/\/sites.usp.br\/hypatia\/wp-json\/wp\/v2\/media?parent=1251"}],"curies":[{"name":"wp","href":"https:\/\/api.w.org\/{rel}","templated":true}]}}