{"id":763,"date":"2020-10-23T12:51:18","date_gmt":"2020-10-23T14:51:18","guid":{"rendered":"https:\/\/sites.usp.br\/hypatia\/?page_id=763"},"modified":"2022-03-23T22:09:06","modified_gmt":"2022-03-24T00:09:06","slug":"como-aujdar","status":"publish","type":"page","link":"https:\/\/sites.usp.br\/hypatia\/contato\/como-aujdar\/","title":{"rendered":"Como ajudar"},"content":{"rendered":"\t\t<div data-elementor-type=\"wp-page\" data-elementor-id=\"763\" class=\"elementor elementor-763\" data-elementor-post-type=\"page\">\n\t\t\t\t\t\t<section class=\"elementor-section elementor-top-section elementor-element elementor-element-d76173f elementor-section-boxed elementor-section-height-default elementor-section-height-default\" data-id=\"d76173f\" data-element_type=\"section\">\n\t\t\t\t\t\t<div class=\"elementor-container elementor-column-gap-default\">\n\t\t\t\t\t<div class=\"elementor-column elementor-col-100 elementor-top-column elementor-element elementor-element-f9fb114\" data-id=\"f9fb114\" data-element_type=\"column\">\n\t\t\t<div class=\"elementor-widget-wrap elementor-element-populated\">\n\t\t\t\t\t\t<div class=\"elementor-element elementor-element-1736441 elementor-widget elementor-widget-image\" data-id=\"1736441\" data-element_type=\"widget\" data-widget_type=\"image.default\">\n\t\t\t\t<div class=\"elementor-widget-container\">\n\t\t\t\t\t\t\t\t\t\t\t\t\t<img fetchpriority=\"high\" decoding=\"async\" width=\"1024\" height=\"576\" src=\"https:\/\/sites.usp.br\/hypatia\/wp-content\/uploads\/sites\/828\/2020\/12\/4-1024x576.png\" class=\"attachment-large size-large wp-image-1287\" alt=\"\" srcset=\"https:\/\/sites.usp.br\/hypatia\/wp-content\/uploads\/sites\/828\/2020\/12\/4-1024x576.png 1024w, https:\/\/sites.usp.br\/hypatia\/wp-content\/uploads\/sites\/828\/2020\/12\/4-300x169.png 300w, https:\/\/sites.usp.br\/hypatia\/wp-content\/uploads\/sites\/828\/2020\/12\/4-768x432.png 768w, https:\/\/sites.usp.br\/hypatia\/wp-content\/uploads\/sites\/828\/2020\/12\/4-1536x864.png 1536w, https:\/\/sites.usp.br\/hypatia\/wp-content\/uploads\/sites\/828\/2020\/12\/4-310x174.png 310w, https:\/\/sites.usp.br\/hypatia\/wp-content\/uploads\/sites\/828\/2020\/12\/4-400x225.png 400w, https:\/\/sites.usp.br\/hypatia\/wp-content\/uploads\/sites\/828\/2020\/12\/4.png 1920w\" sizes=\"(max-width: 1024px) 100vw, 1024px\" \/>\t\t\t\t\t\t\t\t\t\t\t\t\t<\/div>\n\t\t\t\t<\/div>\n\t\t\t\t<div class=\"elementor-element elementor-element-ea31129 elementor-widget elementor-widget-text-editor\" data-id=\"ea31129\" data-element_type=\"widget\" data-widget_type=\"text-editor.default\">\n\t\t\t\t<div class=\"elementor-widget-container\">\n\t\t\t\t\t\t\t<p>Al\u00e9m do suporte pedag\u00f3gico virtual, disponibilizamos aos alunos da modalidade presencial alguns materiais did\u00e1ticos, como apostilas te\u00f3ricas e cadernos de exerc\u00edcios.&nbsp;Por isso, toda doa\u00e7\u00e3o de materiais pr\u00e9-vestibulares \u00e9 bem vinda, desde que os mesmos estejam em bom estado, com pouca ou nenhuma rasura.<\/p>\n<p><b>Aos interessados em <u>doar material pr\u00e9-vestibular<\/u>, escreva-nos um e-mail (hypatia@usp.br) ou entre em contato pelas nossas redes sociais.<\/b><\/p>\t\t\t\t\t\t<\/div>\n\t\t\t\t<\/div>\n\t\t\t\t\t<\/div>\n\t\t<\/div>\n\t\t\t\t\t<\/div>\n\t\t<\/section>\n\t\t\t\t<section class=\"elementor-section elementor-top-section elementor-element elementor-element-e646a93 elementor-section-boxed elementor-section-height-default elementor-section-height-default\" data-id=\"e646a93\" data-element_type=\"section\">\n\t\t\t\t\t\t<div class=\"elementor-container elementor-column-gap-default\">\n\t\t\t\t\t<div class=\"elementor-column elementor-col-100 elementor-top-column elementor-element elementor-element-91da7b4\" data-id=\"91da7b4\" data-element_type=\"column\">\n\t\t\t<div class=\"elementor-widget-wrap elementor-element-populated\">\n\t\t\t\t\t\t<div class=\"elementor-element elementor-element-2778658 elementor-widget elementor-widget-image\" data-id=\"2778658\" data-element_type=\"widget\" data-widget_type=\"image.default\">\n\t\t\t\t<div class=\"elementor-widget-container\">\n\t\t\t\t\t\t\t\t\t\t\t\t\t<img decoding=\"async\" width=\"1024\" height=\"576\" src=\"https:\/\/sites.usp.br\/hypatia\/wp-content\/uploads\/sites\/828\/2022\/03\/proposta-1024x576.png\" class=\"attachment-large size-large wp-image-1688\" alt=\"\" srcset=\"https:\/\/sites.usp.br\/hypatia\/wp-content\/uploads\/sites\/828\/2022\/03\/proposta-1024x576.png 1024w, https:\/\/sites.usp.br\/hypatia\/wp-content\/uploads\/sites\/828\/2022\/03\/proposta-300x169.png 300w, https:\/\/sites.usp.br\/hypatia\/wp-content\/uploads\/sites\/828\/2022\/03\/proposta-768x432.png 768w, https:\/\/sites.usp.br\/hypatia\/wp-content\/uploads\/sites\/828\/2022\/03\/proposta-1536x864.png 1536w, https:\/\/sites.usp.br\/hypatia\/wp-content\/uploads\/sites\/828\/2022\/03\/proposta-310x174.png 310w, https:\/\/sites.usp.br\/hypatia\/wp-content\/uploads\/sites\/828\/2022\/03\/proposta-400x225.png 400w, https:\/\/sites.usp.br\/hypatia\/wp-content\/uploads\/sites\/828\/2022\/03\/proposta.png 1920w\" sizes=\"(max-width: 1024px) 100vw, 1024px\" \/>\t\t\t\t\t\t\t\t\t\t\t\t\t<\/div>\n\t\t\t\t<\/div>\n\t\t\t\t\t<\/div>\n\t\t<\/div>\n\t\t\t\t\t<\/div>\n\t\t<\/section>\n\t\t\t\t<section class=\"elementor-section elementor-top-section elementor-element elementor-element-6986841 elementor-section-boxed elementor-section-height-default elementor-section-height-default\" data-id=\"6986841\" data-element_type=\"section\">\n\t\t\t\t\t\t<div class=\"elementor-container elementor-column-gap-default\">\n\t\t\t\t\t<div class=\"elementor-column elementor-col-100 elementor-top-column elementor-element elementor-element-6ef23a7\" data-id=\"6ef23a7\" data-element_type=\"column\">\n\t\t\t<div class=\"elementor-widget-wrap elementor-element-populated\">\n\t\t\t\t\t\t<div class=\"elementor-element elementor-element-69b4720 elementor-widget elementor-widget-text-editor\" data-id=\"69b4720\" data-element_type=\"widget\" data-widget_type=\"text-editor.default\">\n\t\t\t\t<div class=\"elementor-widget-container\">\n\t\t\t\t\t\t\t<p>Em 2020, tivemos a honra em receber novas propostas e assumir novas parcerias. A exemplo, a hamburgueria Capit\u00e3o Prime <i>(@capitaoprimeoficial)<\/i>, em Ribeir\u00e3o Preto, concedeu aos nossos estudantes uma faixa de <u>desconto<\/u> em sua linha de produtos, como forma de recompensa pela presen\u00e7a nas aulas e nos simulados. Assim como a Capit\u00e3o Prime, voc\u00ea tamb\u00e9m pode contribuir conosco mandando sua proposta!<\/p>\n<p><b>Aos interessados em ajudar<u>&nbsp;com uma proposta&nbsp;<\/u>, escreva-nos um e-mail (hypatia@usp.br) ou entre em contato pelas nossas redes sociais.<\/b><\/p>\t\t\t\t\t\t<\/div>\n\t\t\t\t<\/div>\n\t\t\t\t\t<\/div>\n\t\t<\/div>\n\t\t\t\t\t<\/div>\n\t\t<\/section>\n\t\t\t\t<section class=\"elementor-section elementor-top-section elementor-element elementor-element-b2800f3 elementor-section-boxed elementor-section-height-default elementor-section-height-default\" data-id=\"b2800f3\" data-element_type=\"section\">\n\t\t\t\t\t\t<div class=\"elementor-container elementor-column-gap-default\">\n\t\t\t\t\t<div class=\"elementor-column elementor-col-100 elementor-top-column elementor-element elementor-element-292842d\" data-id=\"292842d\" data-element_type=\"column\">\n\t\t\t<div class=\"elementor-widget-wrap elementor-element-populated\">\n\t\t\t\t\t\t<div class=\"elementor-element elementor-element-6455ddf elementor-widget elementor-widget-spacer\" data-id=\"6455ddf\" data-element_type=\"widget\" data-widget_type=\"spacer.default\">\n\t\t\t\t<div class=\"elementor-widget-container\">\n\t\t\t\t\t<div class=\"elementor-spacer\">\n\t\t\t<div class=\"elementor-spacer-inner\"><\/div>\n\t\t<\/div>\n\t\t\t\t<\/div>\n\t\t\t\t<\/div>\n\t\t\t\t\t<\/div>\n\t\t<\/div>\n\t\t\t\t\t<\/div>\n\t\t<\/section>\n\t\t\t\t<\/div>\n\t\t","protected":false},"excerpt":{"rendered":"<p>Al\u00e9m do suporte pedag\u00f3gico virtual, disponibilizamos aos alunos da modalidade presencial alguns materiais did\u00e1ticos, como apostilas te\u00f3ricas e cadernos de exerc\u00edcios.&nbsp;Por isso, toda doa\u00e7\u00e3o de materiais pr\u00e9-vestibulares \u00e9 bem vinda, desde que os mesmos estejam em bom estado, com pouca ou nenhuma rasura. Aos interessados em doar material pr\u00e9-vestibular, escreva-nos um e-mail (hypatia@usp.br) ou entre [&hellip;]<\/p>\n","protected":false},"author":22116,"featured_media":0,"parent":648,"menu_order":0,"comment_status":"closed","ping_status":"closed","template":"","meta":{"_monsterinsights_skip_tracking":false,"_monsterinsights_sitenote_active":false,"_monsterinsights_sitenote_note":"","_monsterinsights_sitenote_category":0,"ocean_post_layout":"","ocean_both_sidebars_style":"","ocean_both_sidebars_content_width":0,"ocean_both_sidebars_sidebars_width":0,"ocean_sidebar":"0","ocean_second_sidebar":"0","ocean_disable_margins":"enable","ocean_add_body_class":"","ocean_shortcode_before_top_bar":"","ocean_shortcode_after_top_bar":"","ocean_shortcode_before_header":"","ocean_shortcode_after_header":"","ocean_has_shortcode":"","ocean_shortcode_after_title":"","ocean_shortcode_before_footer_widgets":"","ocean_shortcode_after_footer_widgets":"","ocean_shortcode_before_footer_bottom":"","ocean_shortcode_after_footer_bottom":"","ocean_display_top_bar":"default","ocean_display_header":"default","ocean_header_style":"","ocean_center_header_left_menu":"0","ocean_custom_header_template":"0","ocean_custom_logo":0,"ocean_custom_retina_logo":0,"ocean_custom_logo_max_width":0,"ocean_custom_logo_tablet_max_width":0,"ocean_custom_logo_mobile_max_width":0,"ocean_custom_logo_max_height":0,"ocean_custom_logo_tablet_max_height":0,"ocean_custom_logo_mobile_max_height":0,"ocean_header_custom_menu":"0","ocean_menu_typo_font_family":"0","ocean_menu_typo_font_subset":"","ocean_menu_typo_font_size":0,"ocean_menu_typo_font_size_tablet":0,"ocean_menu_typo_font_size_mobile":0,"ocean_menu_typo_font_size_unit":"px","ocean_menu_typo_font_weight":"","ocean_menu_typo_font_weight_tablet":"","ocean_menu_typo_font_weight_mobile":"","ocean_menu_typo_transform":"","ocean_menu_typo_transform_tablet":"","ocean_menu_typo_transform_mobile":"","ocean_menu_typo_line_height":0,"ocean_menu_typo_line_height_tablet":0,"ocean_menu_typo_line_height_mobile":0,"ocean_menu_typo_line_height_unit":"","ocean_menu_typo_spacing":0,"ocean_menu_typo_spacing_tablet":0,"ocean_menu_typo_spacing_mobile":0,"ocean_menu_typo_spacing_unit":"","ocean_menu_link_color":"","ocean_menu_link_color_hover":"","ocean_menu_link_color_active":"","ocean_menu_link_background":"","ocean_menu_link_hover_background":"","ocean_menu_link_active_background":"","ocean_menu_social_links_bg":"","ocean_menu_social_hover_links_bg":"","ocean_menu_social_links_color":"","ocean_menu_social_hover_links_color":"","ocean_disable_title":"default","ocean_disable_heading":"default","ocean_post_title":"","ocean_post_subheading":"","ocean_post_title_style":"","ocean_post_title_background_color":"","ocean_post_title_background":0,"ocean_post_title_bg_image_position":"","ocean_post_title_bg_image_attachment":"","ocean_post_title_bg_image_repeat":"","ocean_post_title_bg_image_size":"","ocean_post_title_height":0,"ocean_post_title_bg_overlay":0.5,"ocean_post_title_bg_overlay_color":"","ocean_disable_breadcrumbs":"default","ocean_breadcrumbs_color":"","ocean_breadcrumbs_separator_color":"","ocean_breadcrumbs_links_color":"","ocean_breadcrumbs_links_hover_color":"","ocean_display_footer_widgets":"default","ocean_display_footer_bottom":"default","ocean_custom_footer_template":"0","footnotes":"","_links_to":"","_links_to_target":""},"class_list":["post-763","page","type-page","status-publish","hentry","entry"],"_links":{"self":[{"href":"https:\/\/sites.usp.br\/hypatia\/wp-json\/wp\/v2\/pages\/763","targetHints":{"allow":["GET"]}}],"collection":[{"href":"https:\/\/sites.usp.br\/hypatia\/wp-json\/wp\/v2\/pages"}],"about":[{"href":"https:\/\/sites.usp.br\/hypatia\/wp-json\/wp\/v2\/types\/page"}],"author":[{"embeddable":true,"href":"https:\/\/sites.usp.br\/hypatia\/wp-json\/wp\/v2\/users\/22116"}],"replies":[{"embeddable":true,"href":"https:\/\/sites.usp.br\/hypatia\/wp-json\/wp\/v2\/comments?post=763"}],"version-history":[{"count":4,"href":"https:\/\/sites.usp.br\/hypatia\/wp-json\/wp\/v2\/pages\/763\/revisions"}],"predecessor-version":[{"id":1691,"href":"https:\/\/sites.usp.br\/hypatia\/wp-json\/wp\/v2\/pages\/763\/revisions\/1691"}],"up":[{"embeddable":true,"href":"https:\/\/sites.usp.br\/hypatia\/wp-json\/wp\/v2\/pages\/648"}],"wp:attachment":[{"href":"https:\/\/sites.usp.br\/hypatia\/wp-json\/wp\/v2\/media?parent=763"}],"curies":[{"name":"wp","href":"https:\/\/api.w.org\/{rel}","templated":true}]}}