{"id":768,"date":"2020-10-23T12:52:16","date_gmt":"2020-10-23T14:52:16","guid":{"rendered":"https:\/\/sites.usp.br\/hypatia\/?page_id=768"},"modified":"2021-01-25T17:58:48","modified_gmt":"2021-01-25T19:58:48","slug":"aulas-presenciais","status":"publish","type":"page","link":"https:\/\/sites.usp.br\/hypatia\/aulas-presenciais\/","title":{"rendered":"Aulas presenciais"},"content":{"rendered":"\t\t<div data-elementor-type=\"wp-page\" data-elementor-id=\"768\" class=\"elementor elementor-768\" data-elementor-post-type=\"page\">\n\t\t\t\t\t\t<section class=\"elementor-section elementor-top-section elementor-element elementor-element-4e9eed1 elementor-section-boxed elementor-section-height-default elementor-section-height-default\" data-id=\"4e9eed1\" data-element_type=\"section\">\n\t\t\t\t\t\t<div class=\"elementor-container elementor-column-gap-default\">\n\t\t\t\t\t<div class=\"elementor-column elementor-col-100 elementor-top-column elementor-element elementor-element-50ecf43\" data-id=\"50ecf43\" data-element_type=\"column\">\n\t\t\t<div class=\"elementor-widget-wrap elementor-element-populated\">\n\t\t\t\t\t\t<div class=\"elementor-element elementor-element-680b1e8 elementor-widget elementor-widget-image\" data-id=\"680b1e8\" data-element_type=\"widget\" data-widget_type=\"image.default\">\n\t\t\t\t<div class=\"elementor-widget-container\">\n\t\t\t\t\t\t\t\t\t\t\t\t\t<img fetchpriority=\"high\" decoding=\"async\" width=\"1024\" height=\"576\" src=\"https:\/\/sites.usp.br\/hypatia\/wp-content\/uploads\/sites\/828\/2021\/01\/Artes-do-site-2-1024x576.png\" class=\"attachment-large size-large wp-image-1428\" alt=\"\" srcset=\"https:\/\/sites.usp.br\/hypatia\/wp-content\/uploads\/sites\/828\/2021\/01\/Artes-do-site-2-1024x576.png 1024w, https:\/\/sites.usp.br\/hypatia\/wp-content\/uploads\/sites\/828\/2021\/01\/Artes-do-site-2-300x169.png 300w, https:\/\/sites.usp.br\/hypatia\/wp-content\/uploads\/sites\/828\/2021\/01\/Artes-do-site-2-768x432.png 768w, https:\/\/sites.usp.br\/hypatia\/wp-content\/uploads\/sites\/828\/2021\/01\/Artes-do-site-2-1536x864.png 1536w, https:\/\/sites.usp.br\/hypatia\/wp-content\/uploads\/sites\/828\/2021\/01\/Artes-do-site-2-310x174.png 310w, https:\/\/sites.usp.br\/hypatia\/wp-content\/uploads\/sites\/828\/2021\/01\/Artes-do-site-2-400x225.png 400w, https:\/\/sites.usp.br\/hypatia\/wp-content\/uploads\/sites\/828\/2021\/01\/Artes-do-site-2.png 1920w\" sizes=\"(max-width: 1024px) 100vw, 1024px\" \/>\t\t\t\t\t\t\t\t\t\t\t\t\t<\/div>\n\t\t\t\t<\/div>\n\t\t\t\t<div class=\"elementor-element elementor-element-2330ea7 elementor-widget elementor-widget-text-editor\" data-id=\"2330ea7\" data-element_type=\"widget\" data-widget_type=\"text-editor.default\">\n\t\t\t\t<div class=\"elementor-widget-container\">\n\t\t\t\t\t\t\t<p>Na <b>modalidade presencial<\/b>, as aulas e atividades s\u00e3o realizadas no per\u00edodo noturno, das <b>19h \u00e0s 22h, de segunda \u00e0 sexta-feira<\/b>,<span style=\"font-family: Roboto, Montserrat; font-size: 15px; font-style: normal; font-variant-ligatures: normal; font-variant-caps: normal; font-weight: 400; letter-spacing: 0.4px;\">&nbsp;&nbsp;<\/span><span style=\"font-size: 15px; letter-spacing: 0.4px;\">no pr\u00e9dio do Instituto de Qu\u00edmica da Faculdade de Filosofia, Ci\u00eancias e Letras de <b>Ribeir\u00e3o Preto<\/b> &#8211; USP, mais conhecida como <b>&#8220;Fil\u00f4&#8221;.<\/b>&nbsp; Al\u00e9m disso, vale enfatizar que o Cursinho segue o cronograma da USP e, por isso, feriados e dias sem aula s\u00e3o determinados conforme a <b>Universidade de S\u00e3o Paulo.<\/b><\/span><\/p>\n<blockquote><span style=\"font-size: 15px; letter-spacing: 0.4px;\"><b>Durante a pandemia,<u> a modalidade presencial foi suspensa.<\/u> Sua volta se dar\u00e1 quando a Universidade de S\u00e3o Paulo autorizar o exerc\u00edcio de atividades e projetos&nbsp; extracurriculares (isso inclui o Cursinho) em seu espa\u00e7o.<\/b><\/span><\/blockquote>\n<p><\/p>\t\t\t\t\t\t<\/div>\n\t\t\t\t<\/div>\n\t\t\t\t<div class=\"elementor-element elementor-element-bccaae3 elementor-align-center elementor-widget__width-inherit elementor-invisible elementor-widget elementor-widget-button\" data-id=\"bccaae3\" data-element_type=\"widget\" data-settings=\"{&quot;_animation&quot;:&quot;fadeInDown&quot;}\" data-widget_type=\"button.default\">\n\t\t\t\t<div class=\"elementor-widget-container\">\n\t\t\t\t\t\t\t<div class=\"elementor-button-wrapper\">\n\t\t\t\t\t<a class=\"elementor-button elementor-button-link elementor-size-lg elementor-animation-shrink\" href=\"https:\/\/sites.usp.br\/hypatia\/\">\n\t\t\t\t\t\t<span class=\"elementor-button-content-wrapper\">\n\t\t\t\t\t\t\t\t\t<span class=\"elementor-button-text\">VOLTAR<\/span>\n\t\t\t\t\t<\/span>\n\t\t\t\t\t<\/a>\n\t\t\t\t<\/div>\n\t\t\t\t\t\t<\/div>\n\t\t\t\t<\/div>\n\t\t\t\t<div class=\"elementor-element elementor-element-1e2510a elementor-widget elementor-widget-spacer\" data-id=\"1e2510a\" data-element_type=\"widget\" data-widget_type=\"spacer.default\">\n\t\t\t\t<div class=\"elementor-widget-container\">\n\t\t\t\t\t<div class=\"elementor-spacer\">\n\t\t\t<div class=\"elementor-spacer-inner\"><\/div>\n\t\t<\/div>\n\t\t\t\t<\/div>\n\t\t\t\t<\/div>\n\t\t\t\t\t<\/div>\n\t\t<\/div>\n\t\t\t\t\t<\/div>\n\t\t<\/section>\n\t\t\t\t<\/div>\n\t\t","protected":false},"excerpt":{"rendered":"<p>Na modalidade presencial, as aulas e atividades s\u00e3o realizadas no per\u00edodo noturno, das 19h \u00e0s 22h, de segunda \u00e0 sexta-feira,&nbsp;&nbsp;no pr\u00e9dio do Instituto de Qu\u00edmica da Faculdade de Filosofia, Ci\u00eancias e Letras de Ribeir\u00e3o Preto &#8211; USP, mais conhecida como &#8220;Fil\u00f4&#8221;.&nbsp; Al\u00e9m disso, vale enfatizar que o Cursinho segue o cronograma da USP e, por [&hellip;]<\/p>\n","protected":false},"author":22116,"featured_media":0,"parent":0,"menu_order":3,"comment_status":"closed","ping_status":"closed","template":"","meta":{"_monsterinsights_skip_tracking":false,"_monsterinsights_sitenote_active":false,"_monsterinsights_sitenote_note":"","_monsterinsights_sitenote_category":0,"ocean_post_layout":"","ocean_both_sidebars_style":"","ocean_both_sidebars_content_width":0,"ocean_both_sidebars_sidebars_width":0,"ocean_sidebar":"0","ocean_second_sidebar":"0","ocean_disable_margins":"enable","ocean_add_body_class":"","ocean_shortcode_before_top_bar":"","ocean_shortcode_after_top_bar":"","ocean_shortcode_before_header":"","ocean_shortcode_after_header":"","ocean_has_shortcode":"","ocean_shortcode_after_title":"","ocean_shortcode_before_footer_widgets":"","ocean_shortcode_after_footer_widgets":"","ocean_shortcode_before_footer_bottom":"","ocean_shortcode_after_footer_bottom":"","ocean_display_top_bar":"default","ocean_display_header":"default","ocean_header_style":"","ocean_center_header_left_menu":"0","ocean_custom_header_template":"0","ocean_custom_logo":0,"ocean_custom_retina_logo":0,"ocean_custom_logo_max_width":0,"ocean_custom_logo_tablet_max_width":0,"ocean_custom_logo_mobile_max_width":0,"ocean_custom_logo_max_height":0,"ocean_custom_logo_tablet_max_height":0,"ocean_custom_logo_mobile_max_height":0,"ocean_header_custom_menu":"0","ocean_menu_typo_font_family":"0","ocean_menu_typo_font_subset":"","ocean_menu_typo_font_size":0,"ocean_menu_typo_font_size_tablet":0,"ocean_menu_typo_font_size_mobile":0,"ocean_menu_typo_font_size_unit":"px","ocean_menu_typo_font_weight":"","ocean_menu_typo_font_weight_tablet":"","ocean_menu_typo_font_weight_mobile":"","ocean_menu_typo_transform":"","ocean_menu_typo_transform_tablet":"","ocean_menu_typo_transform_mobile":"","ocean_menu_typo_line_height":0,"ocean_menu_typo_line_height_tablet":0,"ocean_menu_typo_line_height_mobile":0,"ocean_menu_typo_line_height_unit":"","ocean_menu_typo_spacing":0,"ocean_menu_typo_spacing_tablet":0,"ocean_menu_typo_spacing_mobile":0,"ocean_menu_typo_spacing_unit":"","ocean_menu_link_color":"","ocean_menu_link_color_hover":"","ocean_menu_link_color_active":"","ocean_menu_link_background":"","ocean_menu_link_hover_background":"","ocean_menu_link_active_background":"","ocean_menu_social_links_bg":"","ocean_menu_social_hover_links_bg":"","ocean_menu_social_links_color":"","ocean_menu_social_hover_links_color":"","ocean_disable_title":"default","ocean_disable_heading":"default","ocean_post_title":"","ocean_post_subheading":"","ocean_post_title_style":"","ocean_post_title_background_color":"","ocean_post_title_background":0,"ocean_post_title_bg_image_position":"","ocean_post_title_bg_image_attachment":"","ocean_post_title_bg_image_repeat":"","ocean_post_title_bg_image_size":"","ocean_post_title_height":0,"ocean_post_title_bg_overlay":0.5,"ocean_post_title_bg_overlay_color":"","ocean_disable_breadcrumbs":"default","ocean_breadcrumbs_color":"","ocean_breadcrumbs_separator_color":"","ocean_breadcrumbs_links_color":"","ocean_breadcrumbs_links_hover_color":"","ocean_display_footer_widgets":"default","ocean_display_footer_bottom":"default","ocean_custom_footer_template":"0","footnotes":"","_links_to":"","_links_to_target":""},"class_list":["post-768","page","type-page","status-publish","hentry","entry"],"_links":{"self":[{"href":"https:\/\/sites.usp.br\/hypatia\/wp-json\/wp\/v2\/pages\/768","targetHints":{"allow":["GET"]}}],"collection":[{"href":"https:\/\/sites.usp.br\/hypatia\/wp-json\/wp\/v2\/pages"}],"about":[{"href":"https:\/\/sites.usp.br\/hypatia\/wp-json\/wp\/v2\/types\/page"}],"author":[{"embeddable":true,"href":"https:\/\/sites.usp.br\/hypatia\/wp-json\/wp\/v2\/users\/22116"}],"replies":[{"embeddable":true,"href":"https:\/\/sites.usp.br\/hypatia\/wp-json\/wp\/v2\/comments?post=768"}],"version-history":[{"count":4,"href":"https:\/\/sites.usp.br\/hypatia\/wp-json\/wp\/v2\/pages\/768\/revisions"}],"predecessor-version":[{"id":1429,"href":"https:\/\/sites.usp.br\/hypatia\/wp-json\/wp\/v2\/pages\/768\/revisions\/1429"}],"wp:attachment":[{"href":"https:\/\/sites.usp.br\/hypatia\/wp-json\/wp\/v2\/media?parent=768"}],"curies":[{"name":"wp","href":"https:\/\/api.w.org\/{rel}","templated":true}]}}