{"id":111,"date":"2017-03-27T00:01:13","date_gmt":"2017-03-27T02:01:13","guid":{"rendered":"http:\/\/sites.usp.br\/icht2023\/?page_id=111"},"modified":"2018-09-30T18:39:09","modified_gmt":"2018-09-30T20:39:09","slug":"quem-somos","status":"publish","type":"page","link":"https:\/\/sites.usp.br\/icht2019\/fr\/quem-somos\/","title":{"rendered":"Editions Pr\u00e9c\u00e9dentes"},"content":{"rendered":"<div id=\"pl-111\" class=\"panel-layout\">\n<div id=\"pg-111-0\" class=\"panel-grid panel-no-style\" data-style=\"{&quot;background_image_attachment&quot;:false,&quot;background_display&quot;:&quot;tile&quot;,&quot;cell_alignment&quot;:&quot;flex-start&quot;}\" data-ratio=\"0.61803398\" data-ratio-direction=\"right\">\n<div id=\"pgc-111-0-0\" class=\"panel-grid-cell panel-grid-cell-mobile-last\" data-weight=\"0.61803399209206\">\n<div id=\"panel-111-0-0-0\" class=\"so-panel widget widget_sow-editor panel-first-child panel-last-child\" data-index=\"0\">\n<div class=\"so-widget-sow-editor so-widget-sow-editor-base\">\n<div class=\"siteorigin-widget-tinymce textwidget\">\n<p><strong><strong>BREF HISTORIQUE<\/strong><\/strong><\/p>\n<p><a href=\"http:\/\/www.fau.usp.br\/icht2016\/index.php\" target=\"_blank\" rel=\"noopener noreferrer\"><span style=\"text-decoration: underline;\">ICHT 2016 &#8211; S\u00e3o Paulo (Brasil)<\/span><\/a><\/p>\n<p><a href=\"http:\/\/sites.usp.br\/icht2023\/wp-content\/uploads\/sites\/416\/2017\/03\/icht2016.jpg\"><img loading=\"lazy\" decoding=\"async\" class=\"size-medium wp-image-321 alignnone\" src=\"http:\/\/sites.usp.br\/icht2023\/wp-content\/uploads\/sites\/416\/2017\/03\/icht2016-300x169.jpg\" alt=\"\" width=\"300\" height=\"169\" srcset=\"https:\/\/sites.usp.br\/icht2019\/wp-content\/uploads\/sites\/1497\/2017\/03\/icht2016-300x169.jpg 300w, https:\/\/sites.usp.br\/icht2019\/wp-content\/uploads\/sites\/1497\/2017\/03\/icht2016-310x174.jpg 310w, https:\/\/sites.usp.br\/icht2019\/wp-content\/uploads\/sites\/1497\/2017\/03\/icht2016-400x226.jpg 400w, https:\/\/sites.usp.br\/icht2019\/wp-content\/uploads\/sites\/1497\/2017\/03\/icht2016.jpg 750w\" sizes=\"auto, (max-width: 300px) 100vw, 300px\" \/><\/a><\/p>\n<p>La premi\u00e8re \u00e9dition du colloque international <a href=\"http:\/\/www.fau.usp.br\/icht2016\/\">ICHT2016<\/a> &#8211; Imaginaire: Construire et Habiter la Terre &#8211; villes \u00ab intelligentes \u00bb et Po\u00e9tiques urbaines, tenue \u00e0 FAU, S\u00e3o Paulo, a propos\u00e9 un examen critique du potentiel de l\u2019imaginaire face aux d\u00e9fis architecturaux et urbains quant \u00e0 repr\u00e9senter, concevoir et construire au 21\u00e8me si\u00e8cle. Le point de d\u00e9part du d\u00e9bat propos\u00e9 \u00e9tait la multidisciplinarit\u00e9 de regards sur la complexit\u00e9 des questions esth\u00e9tiques, \u00e9thiques, sociales et technologiques autour de la production des espaces urbains.<\/p>\n<p>Les conditions contemporaines et l\u2019imaginaire des villes ont \u00e9t\u00e9 les points d&rsquo;appui des perspectives comparatives sur le sujet, consid\u00e9rant \u00e9galement l&rsquo;ouverture de ce regard vers d\u2019autres cultures et environnements urbains du monde entier.<\/p>\n<p>Les th\u00e8mes propos\u00e9s \u00e9taient: les r\u00f4les des utopies au 21\u00e8me si\u00e8cle; paysage: temps et horizon dans la ville; superficialit\u00e9 et d\u00e9racinement du construir actuel; l&rsquo;individualisme et l&rsquo;alt\u00e9rit\u00e9, l&rsquo;universalit\u00e9 et les particularit\u00e9s des villes; l&rsquo;exp\u00e9rimentation et l&rsquo;impr\u00e9visibilit\u00e9, la rationalit\u00e9 et l&rsquo;imagination aujourd&rsquo;hui.<\/p>\n<p>Le ICHT a pr\u00e9tendu stimuler le dialogue entre universit\u00e9 et soci\u00e9t\u00e9, entre pratique professionnelle et r\u00e9flexions th\u00e9oriques, proposant m\u00eame le besoin de r\u00e9novations conceptuelles et instrumentales dans les actions de transformations architecturales et urbaines.<\/p>\n<p>Pour ICHT2016, ont \u00e9t\u00e9 imprim\u00e9s sur papier, 250 exemplaires du Cahier de R\u00e9sum\u00e9s et les Actes, avec 52 textes complets des auteurs s\u00e9lectionn\u00e9s par le Comit\u00e9 scientifique et des invit\u00e9s des tables-rondes. Ce Cahier est disponible en PDF <a href=\"http:\/\/www.fau.usp.br\/icht2016\/Atas_ICHT_2016.pdf\">ici<\/a>.<\/p>\n<p>Une s\u00e9lection de textes du ICHT2016 sera \u00e9galement publi\u00e9e par <a href=\"http:\/\/www.annablume.com.br\/\">Annablume<\/a> avec le soutien de la <a href=\"http:\/\/fapesp.br\/en\/\">FAPESP<\/a>, de la <a href=\"http:\/\/www.fau.usp.br\/\">FAUUSP<\/a> et du <a href=\"http:\/\/interscity.org\/\">INCT \u00ab InterSCity \u00bb <\/a>en Septembre 2018.<\/p>\n<p><a href=\"https:\/\/icht2.sciencesconf.org\/\" target=\"_blank\" rel=\"noopener noreferrer\"><span style=\"text-decoration: underline;\">ICHT 2017 &#8211; Lyon (Fran\u00e7a)<\/span><\/a><\/p>\n<p><a href=\"http:\/\/sites.usp.br\/icht2023\/wp-content\/uploads\/sites\/416\/2017\/03\/icht2017.jpg\"><img loading=\"lazy\" decoding=\"async\" class=\"alignnone wp-image-322 size-full\" src=\"http:\/\/sites.usp.br\/icht2023\/wp-content\/uploads\/sites\/416\/2017\/03\/icht2017.jpg\" alt=\"\" width=\"980\" height=\"236\" srcset=\"https:\/\/sites.usp.br\/icht2019\/wp-content\/uploads\/sites\/1497\/2017\/03\/icht2017.jpg 980w, https:\/\/sites.usp.br\/icht2019\/wp-content\/uploads\/sites\/1497\/2017\/03\/icht2017-300x72.jpg 300w, https:\/\/sites.usp.br\/icht2019\/wp-content\/uploads\/sites\/1497\/2017\/03\/icht2017-768x185.jpg 768w, https:\/\/sites.usp.br\/icht2019\/wp-content\/uploads\/sites\/1497\/2017\/03\/icht2017-400x96.jpg 400w\" sizes=\"auto, (max-width: 980px) 100vw, 980px\" \/><\/a><\/p>\n<p>Le deuxi\u00e8me colloque international <a href=\"https:\/\/icht2.sciencesconf.org\/\">ICHT2017<\/a> a eu lieu \u00e0 Lyon, France, en tant que r\u00e9union compl\u00e9mentaire, afin d\u2019approfondir les discussions et r\u00e9flexions g\u00e9n\u00e9rales sur les travaux effectu\u00e9s en tenant compte des th\u00e8mes suivants: imageries, m\u00e9moires, projections et projets; \u00ab\u00a0la ville douce\u00a0\u00bb; r\u00e9-imaginer l&rsquo;habitat pr\u00e9caire.<\/p>\n<p>Le compte rendu de cette deuxi\u00e8me \u00e9dition de la ICTH est d\u00e9j\u00e0 disponible <a href=\"https:\/\/icht2.sciencesconf.org\/resource\/page\/id\/6\">ici<\/a>.<\/p>\n<\/div>\n<\/div>\n<\/div>\n<\/div>\n<div id=\"pgc-111-0-1\" class=\"panel-grid-cell panel-grid-cell-empty\" data-weight=\"0.38196600790794\"><\/div>\n<\/div>\n<\/div>","protected":false},"excerpt":{"rendered":"<p>BREF HISTORIQUE ICHT 2016 &#8211; S\u00e3o Paulo (Brasil) La premi\u00e8re \u00e9dition du colloque international ICHT2016 &#8211; Imaginaire: Construire et Habiter la Terre &#8211; villes \u00ab intelligentes \u00bb et Po\u00e9tiques urbaines, tenue \u00e0 FAU, S\u00e3o Paulo, a propos\u00e9 un examen critique du potentiel de l\u2019imaginaire face aux d\u00e9fis architecturaux et urbains quant \u00e0 repr\u00e9senter, concevoir et\u2026<\/p>\n","protected":false},"author":309,"featured_media":0,"parent":0,"menu_order":0,"comment_status":"closed","ping_status":"closed","template":"","meta":{"footnotes":"","_links_to":"","_links_to_target":""},"class_list":["post-111","page","type-page","status-publish","hentry","post"],"_links":{"self":[{"href":"https:\/\/sites.usp.br\/icht2019\/fr\/wp-json\/wp\/v2\/pages\/111","targetHints":{"allow":["GET"]}}],"collection":[{"href":"https:\/\/sites.usp.br\/icht2019\/fr\/wp-json\/wp\/v2\/pages"}],"about":[{"href":"https:\/\/sites.usp.br\/icht2019\/fr\/wp-json\/wp\/v2\/types\/page"}],"author":[{"embeddable":true,"href":"https:\/\/sites.usp.br\/icht2019\/fr\/wp-json\/wp\/v2\/users\/309"}],"replies":[{"embeddable":true,"href":"https:\/\/sites.usp.br\/icht2019\/fr\/wp-json\/wp\/v2\/comments?post=111"}],"version-history":[{"count":7,"href":"https:\/\/sites.usp.br\/icht2019\/fr\/wp-json\/wp\/v2\/pages\/111\/revisions"}],"predecessor-version":[{"id":422,"href":"https:\/\/sites.usp.br\/icht2019\/fr\/wp-json\/wp\/v2\/pages\/111\/revisions\/422"}],"wp:attachment":[{"href":"https:\/\/sites.usp.br\/icht2019\/fr\/wp-json\/wp\/v2\/media?parent=111"}],"curies":[{"name":"wp","href":"https:\/\/api.w.org\/{rel}","templated":true}]}}