{"id":265,"date":"2018-09-04T16:14:18","date_gmt":"2018-09-04T18:14:18","guid":{"rendered":"http:\/\/sites.usp.br\/icht2023\/?page_id=265"},"modified":"2019-01-14T11:42:27","modified_gmt":"2019-01-14T13:42:27","slug":"apresentacao","status":"publish","type":"page","link":"https:\/\/sites.usp.br\/icht2019\/fr\/apresentacao\/","title":{"rendered":"Pr\u00e9sentation"},"content":{"rendered":"Le troisi\u00e8me colloque international &#8211; Imaginaire: Construire et Habiter la Terre &#8211; ICHT2019 poursuit l\u2019objectif d&rsquo;\u00e9tendre les fronti\u00e8res de la pens\u00e9e sur les images et les imaginaires des villes du 21\u00e8me si\u00e8cle.<\/p>\n<p>Le colloque invite donc les chercheurs d\u00e9di\u00e9s aux questions urbaines, au Construire et Habiter la Terre \u00e0 r\u00e9fl\u00e9chir sur l&rsquo;imaginaire qui interagit avec la pluralit\u00e9 de ph\u00e9nom\u00e8nes qui constituent et transforment continuellement la <i>polis<\/i>, \u00e0 partir de leurs conceptions sp\u00e9cifiques sur les d\u00e9formations, les d\u00e9placements et les r\u00eaveries .<\/p>\n<p>Ces concepts ont, bien entendu, une position centrale dans la philosophie bachelardienne traitant de l&rsquo;imagination et des images, mais ils doivent toujours \u00eatre revisit\u00e9s, mis en tensions, actualis\u00e9s, contextualis\u00e9s, ces remaniements \u00e9tant l&rsquo;op\u00e9ration de domaines de connaissance les plus vari\u00e9s.<\/p>\n<p>Comment ces concepts peuvent-ils aider \u00e0 comprendre les dynamiques intersubjectives, individuelles et collectives, qui produisent les images et les imaginaires du pass\u00e9, du pr\u00e9sent et de l\u2019avenir de nos villes?<\/p>\n<p>Le colloque ICHT est une rencontre scientifique con\u00e7ue et organis\u00e9e par un groupe de professeurs-chercheurs de la FAUUSP, S\u00e3o Paulo, Br\u00e9sil, en partenariat avec des coll\u00e8gues de l&rsquo;Universit\u00e9 de Lyon-Saint Etienne et Grenoble, France, et du SENAC \/ SP, Br\u00e9sil. En 2019, la troisi\u00e8me \u00e9dition de ce colloque sera \u00e0 S\u00e3o Paulo ICHT2019, entre le 16 et le 18 Avril, afin d\u2019accro\u00eetre le d\u00e9bat scientifique sur les questions \u00e9voqu\u00e9es.","protected":false},"excerpt":{"rendered":"<p>Le troisi\u00e8me colloque international &#8211; Imaginaire: Construire et Habiter la Terre &#8211; ICHT2019 poursuit l\u2019objectif d&rsquo;\u00e9tendre les fronti\u00e8res de la pens\u00e9e sur les images et les imaginaires des villes du 21\u00e8me si\u00e8cle. Le colloque invite donc les chercheurs d\u00e9di\u00e9s aux questions urbaines, au Construire et Habiter la Terre \u00e0 r\u00e9fl\u00e9chir sur l&rsquo;imaginaire qui interagit avec\u2026<\/p>\n","protected":false},"author":734,"featured_media":0,"parent":0,"menu_order":0,"comment_status":"closed","ping_status":"closed","template":"","meta":{"footnotes":"","_links_to":"","_links_to_target":""},"class_list":["post-265","page","type-page","status-publish","hentry","post"],"_links":{"self":[{"href":"https:\/\/sites.usp.br\/icht2019\/fr\/wp-json\/wp\/v2\/pages\/265","targetHints":{"allow":["GET"]}}],"collection":[{"href":"https:\/\/sites.usp.br\/icht2019\/fr\/wp-json\/wp\/v2\/pages"}],"about":[{"href":"https:\/\/sites.usp.br\/icht2019\/fr\/wp-json\/wp\/v2\/types\/page"}],"author":[{"embeddable":true,"href":"https:\/\/sites.usp.br\/icht2019\/fr\/wp-json\/wp\/v2\/users\/734"}],"replies":[{"embeddable":true,"href":"https:\/\/sites.usp.br\/icht2019\/fr\/wp-json\/wp\/v2\/comments?post=265"}],"version-history":[{"count":5,"href":"https:\/\/sites.usp.br\/icht2019\/fr\/wp-json\/wp\/v2\/pages\/265\/revisions"}],"predecessor-version":[{"id":480,"href":"https:\/\/sites.usp.br\/icht2019\/fr\/wp-json\/wp\/v2\/pages\/265\/revisions\/480"}],"wp:attachment":[{"href":"https:\/\/sites.usp.br\/icht2019\/fr\/wp-json\/wp\/v2\/media?parent=265"}],"curies":[{"name":"wp","href":"https:\/\/api.w.org\/{rel}","templated":true}]}}