{"id":269,"date":"2018-09-04T16:15:33","date_gmt":"2018-09-04T18:15:33","guid":{"rendered":"http:\/\/sites.usp.br\/icht2023\/?page_id=269"},"modified":"2019-04-15T10:46:37","modified_gmt":"2019-04-15T12:46:37","slug":"inscricoes","status":"publish","type":"page","link":"https:\/\/sites.usp.br\/icht2019\/fr\/inscricoes\/","title":{"rendered":"S&rsquo;inscrire"},"content":{"rendered":"<b><\/b><b>Activit\u00e9s internes selon le programme pour les matins du 16, 17 e pour toute la journ\u00e9e du 18\/04\/2019<\/b><\/p>\n<p>&nbsp;<\/p>\n<p><b>1. AUTEURS<\/b><\/p>\n<p><span style=\"font-weight: 400;\">Les auteurs de contributions accept\u00e9es au ICHT2019 sont tenus d\u2019effectuer leurs inscriptions individuelle <\/span><a href=\"https:\/\/www.sympla.com.br\/iii-coloquio-internacional---imaginario-construir-e-habitar-a-terra---icht-2019__446408\"><span style=\"font-weight: 400;\">par le Sympla du Colloque <\/span><\/a><span style=\"font-weight: 400;\">pour le <\/span><b>16\/04<\/b><b>\/2019 <\/b><span style=\"font-weight: 400;\">selon les frais d\u2019inscriptions de:<\/span><\/p>\n<p><b>R$ 150,00 (Cent et cinquante reais)<\/b><span style=\"font-weight: 400;\"> pour les professionnels et enseignants;<\/span><\/p>\n<p><b>R$ 90,00 (Quatre-vingt-dix reais) <\/b><span style=\"font-weight: 400;\">pour tous les \u00e9tudiants;<\/span><\/p>\n<p><span style=\"font-weight: 400;\">Cette inscription donnera un acc\u00e8s individuel aux activit\u00e9s internes &#8211; du matin du 16 et 17 de toute la journ\u00e9e du 18\/04\/2019 &#8211; assurera un certificat et la publication de la contribution dans les Actes du Colloque ICHT2019. Les co\u00fbts d\u2019impression des posters seront \u00e0 la charge des auteurs.<\/span><\/p>\n<p>&nbsp;<\/p>\n<p><b>2. PARTICIPANTS NON-AUTEURS<\/b><\/p>\n<p><span style=\"font-weight: 400;\">Le public aura acc\u00e8s individuel aux activit\u00e9s internes &#8211; du matin du 16 et 17 de toute la journ\u00e9e du 18\/04\/2019 &#8211; inscriptions individuelle <\/span><a href=\"https:\/\/www.sympla.com.br\/iii-coloquio-internacional---imaginario-construir-e-habitar-a-terra---icht-2019__446408\"><span style=\"font-weight: 400;\">par le Sympla du Colloque<\/span><\/a><span style=\"font-weight: 400;\"> pour le <\/span><b>15\/03\/2019 <\/b><span style=\"font-weight: 400;\">selon les frais d\u2019inscriptions de:<\/span><\/p>\n<p><b>R$ 150,00 (Cent et cinquante reais)<\/b><span style=\"font-weight: 400;\"> pour les professionnels et enseignants;<\/span><\/p>\n<p><b>R$ 90,00 (Quatre-vingt-dix reais) <\/b><span style=\"font-weight: 400;\">pour tous les \u00e9tudiants;<\/span><\/p>\n<p>Cette inscription assurera aussi un certificat de participation au Colloque ICHT2019.<\/p>\n<p>&nbsp;<\/p>\n<p><b>Activit\u00e9s compl\u00e9mentaires de l\u2019apr\u00e8s-midi du 16 et du 17\/04\/2019<\/b><\/p>\n<p>&nbsp;<\/p>\n<p><b>3. WORKSHOPS [inscriptions disponibles en bref]<\/b><\/p>\n<p><span style=\"font-weight: 400;\">Pour participer aux activit\u00e9s ext\u00e9rieures compl\u00e9mentaires &#8211; workshops, mini-cours et ateliers programm\u00e9s pour l\u2019apr\u00e8s-midi du 16 et du 17\/04\/2019 &#8211; les int\u00e9ress\u00e9es sont invit\u00e9s \u00e0 s\u2019inscrire ici par la Sympla <\/span><b>\u00e0 partir du 11\/03\/2019 jusqu\u2019\u00e0 la fermeture des places disponibles <\/b><span style=\"font-weight: 400;\">selon les frais suivants\u00a0<\/span><b>R$ 50,00 (Cinquenta reais).<\/b><\/p>\n<p><span style=\"font-weight: 400;\">Les auteurs sont \u00e9galement invit\u00e9s \u00e0 s\u2019inscrire individuellement aux workshops conform\u00e9ment aux frais ci-dessus.<\/span><\/p>\n<p>&nbsp;<\/p>\n<p><span style=\"font-weight: 400;\">Pour des informations suppl\u00e9mentaires n\u2019h\u00e9sitez pas \u00e0 contacter le Comit\u00e9 d\u2019Organisation sur le site:<\/span><\/p>\n<p><a href=\"http:\/\/sites.usp.br\/icht2023\/contato\/\"><span style=\"font-weight: 400;\">http:\/\/sites.usp.br\/icht2023\/contato\/<\/span><\/a>","protected":false},"excerpt":{"rendered":"<p>Activit\u00e9s internes selon le programme pour les matins du 16, 17 e pour toute la journ\u00e9e du 18\/04\/2019 &nbsp; 1. AUTEURS Les auteurs de contributions accept\u00e9es au ICHT2019 sont tenus d\u2019effectuer leurs inscriptions individuelle par le Sympla du Colloque pour le 16\/04\/2019 selon les frais d\u2019inscriptions de: R$ 150,00 (Cent et cinquante reais) pour les\u2026<\/p>\n","protected":false},"author":734,"featured_media":0,"parent":0,"menu_order":0,"comment_status":"closed","ping_status":"closed","template":"","meta":{"footnotes":"","_links_to":"","_links_to_target":""},"class_list":["post-269","page","type-page","status-publish","hentry","post"],"_links":{"self":[{"href":"https:\/\/sites.usp.br\/icht2019\/fr\/wp-json\/wp\/v2\/pages\/269","targetHints":{"allow":["GET"]}}],"collection":[{"href":"https:\/\/sites.usp.br\/icht2019\/fr\/wp-json\/wp\/v2\/pages"}],"about":[{"href":"https:\/\/sites.usp.br\/icht2019\/fr\/wp-json\/wp\/v2\/types\/page"}],"author":[{"embeddable":true,"href":"https:\/\/sites.usp.br\/icht2019\/fr\/wp-json\/wp\/v2\/users\/734"}],"replies":[{"embeddable":true,"href":"https:\/\/sites.usp.br\/icht2019\/fr\/wp-json\/wp\/v2\/comments?post=269"}],"version-history":[{"count":5,"href":"https:\/\/sites.usp.br\/icht2019\/fr\/wp-json\/wp\/v2\/pages\/269\/revisions"}],"predecessor-version":[{"id":592,"href":"https:\/\/sites.usp.br\/icht2019\/fr\/wp-json\/wp\/v2\/pages\/269\/revisions\/592"}],"wp:attachment":[{"href":"https:\/\/sites.usp.br\/icht2019\/fr\/wp-json\/wp\/v2\/media?parent=269"}],"curies":[{"name":"wp","href":"https:\/\/api.w.org\/{rel}","templated":true}]}}