{"id":271,"date":"2018-09-04T16:15:54","date_gmt":"2018-09-04T18:15:54","guid":{"rendered":"http:\/\/sites.usp.br\/icht2023\/?page_id=271"},"modified":"2019-04-15T10:50:58","modified_gmt":"2019-04-15T12:50:58","slug":"programa","status":"publish","type":"page","link":"https:\/\/sites.usp.br\/icht2019\/fr\/programa\/","title":{"rendered":"Programme pr\u00e9liminaire"},"content":{"rendered":"<strong><span style=\"text-decoration: underline;\">16 Avril, 2019 &#8211; Mardi<\/span><\/strong><\/p>\n<p><span style=\"font-weight: 400;\">8h30 &#8211; <\/span><span style=\"font-weight: 400;\">Ouverture du Colloque &#8211; Comit\u00e9 d&rsquo;Organisation<\/span><\/p>\n<p><span style=\"font-weight: 400;\">9h30 &#8211; Poster Session<\/span><\/p>\n<p><span style=\"font-weight: 400;\">11h00 &#8211; Table ronde 1 &#8211; \u00ab\u00a0<\/span><span style=\"font-weight: 400;\">Mobilit\u00e9 des images: continuit\u00e9s, ruptures et exp\u00e9rimentations<\/span><span style=\"font-weight: 400;\">\u00a0\u00bb avec <a href=\"http:\/\/buscatextual.cnpq.br\/buscatextual\/visualizacv.do?id=K4742996H2\">Rog\u00e9rio de Almeida<\/a> (FEUSP), <a href=\"http:\/\/buscatextual.cnpq.br\/buscatextual\/visualizacv.do?id=K4791870A4\">Artur Rozestraten<\/a> (FAUUSP) et <a href=\"http:\/\/buscatextual.cnpq.br\/buscatextual\/visualizacv.do?id=K8747211H8\">Jean-Jacques Wunenburger<\/a> (CRI2i\/Centre Gaston Bachelard)<\/span><\/p>\n<p><span style=\"font-weight: 400;\">12h30\/14h30 &#8211; D\u00e9jeuner<\/span><\/p>\n<p><span style=\"font-weight: 400;\">15h &#8211; Activit\u00e9s Suppl\u00e9mentaires Externes<\/span><\/p>\n<p><span style=\"font-weight: 400;\">18h30 &#8211; <\/span><span style=\"font-weight: 400;\">Confraternisation de bienvenue<\/span><\/p>\n<p><strong><span style=\"text-decoration: underline;\">17 Avril, 2019 &#8211; Mercredi<\/span><\/strong><\/p>\n<p><span style=\"font-weight: 400;\">8h30 &#8211; Table ronde 2 &#8211; \u00ab\u00a0Terre, paysages, lieux: imaginaires\/repr\u00e9sentations\u00a0\u00bb avec <a href=\"http:\/\/buscatextual.cnpq.br\/buscatextual\/visualizacv.do?id=K4766829A2\">Sandra Maria Patricio<\/a> (IPUSP), <a href=\"http:\/\/buscatextual.cnpq.br\/buscatextual\/visualizacv.do?id=K4773839A5\">Vladimir Bartalini<\/a> (FAU) et <a href=\"http:\/\/buscatextual.cnpq.br\/buscatextual\/visualizacv.do?id=K4406949E8\">Dirk Hennrich<\/a> (IEAUSP)<\/span><\/p>\n<p><span style=\"font-weight: 400;\">10h00 &#8211; Table ronde 3 &#8211; \u00ab\u00a0D\u00e9calages de l\u2019image de l\u2019architecte: processus et production pour la complexit\u00e9\u00a0\u00bb<\/span><span style=\"font-weight: 400;\">\u00a0<\/span><span style=\"font-weight: 400;\">avec <\/span><span style=\"font-weight: 400;\"><a href=\"http:\/\/buscatextual.cnpq.br\/buscatextual\/visualizacv.do?id=K4428652P9\">Luciano Margotto<\/a> (FAUUSP, FAU-Mackenzie), <a href=\"http:\/\/lattes.cnpq.br\/5857678399360729\">Caio Vass\u00e3o<\/a> (RITe postdoctorant<\/span><span style=\"font-weight: 400;\">) et <a href=\"http:\/\/buscatextual.cnpq.br\/buscatextual\/visualizacv.do?id=K4713940J2\">Gil Barros<\/a> (FAUUSP)<\/span><\/p>\n<p><span style=\"font-weight: 400;\">11h30 &#8211; Table ronde 4: \u00ab\u00a0<\/span><span style=\"font-weight: 400;\">Repr\u00e9senter les conflits et les r\u00e9sistances: cartographies et champ \u00e9largi de la production d\u2019images contre-h\u00e9g\u00e9moniques\u00a0\u00bb avec <\/span><span style=\"font-weight: 400;\"><a href=\"http:\/\/buscatextual.cnpq.br\/buscatextual\/visualizacv.do?id=K4775789Z5\">Karina Leit\u00e3o<\/a> (FAUUSP),\u00a0<a href=\"http:\/\/lattes.cnpq.br\/8276899056119289\">Marta Lagreca\u00a0<\/a>\u00a0(Escola da Cidade) \u00a0et <a href=\"http:\/\/buscatextual.cnpq.br\/buscatextual\/visualizacv.do?id=K4794364U9\">David Sperling<\/a> (IAUUSP)<\/span><\/p>\n<p><span style=\"font-weight: 400;\">13h \/ 14h30 &#8211; D\u00e9jeuner<\/span><\/p>\n<p><span style=\"font-weight: 400;\">15h &#8211; <\/span><span style=\"font-weight: 400;\">Activit\u00e9s Suppl\u00e9mentaires Externes<\/span><\/p>\n<p><strong><span style=\"text-decoration: underline;\">18 Avril, 2019 &#8211; Jeudi<\/span><\/strong><\/p>\n<p><span style=\"font-weight: 400;\">8h30 &#8211; Table ronde 5: \u00a0\u00ab\u00a0<\/span><span style=\"font-weight: 400;\">Ville et image: photographie et exp\u00e9rience urbaine\u00a0\u00bb avec <\/span><span style=\"font-weight: 400;\"><a href=\"http:\/\/buscatextual.cnpq.br\/buscatextual\/visualizacv.do?id=K4755535D4\">Fabiana Bruno<\/a> (UNICAMP), <a href=\"http:\/\/buscatextual.cnpq.br\/buscatextual\/visualizacv.do?id=K4765479A2\">Sara Goldchmit <\/a>(FAUUSP) et <a href=\"http:\/\/buscatextual.cnpq.br\/buscatextual\/visualizacv.do?id=K8173418E5\">Tuca Vieira<\/a> (Ma\u00eetrise FAUUSP)<\/span><\/p>\n<p><span style=\"font-weight: 400;\">10h00 &#8211; Table ronde 6: \u00a0\u00ab\u00a0<\/span><span style=\"font-weight: 400;\">Sc\u00e9narios urbains futurs\u00a0\u00bb avec <a href=\"https:\/\/www.centre-max-weber.fr\/Michel-Rautenberg\">Michel Rautenberg<\/a> (Centre Max Weber, Universit\u00e9 de Lyon-Saint \u00c9tienne),\u00a0<a href=\"http:\/\/lattes.cnpq.br\/4120752125995822\">Giselle Beiguelman<\/a>\u00a0(FAUUSP) et <a href=\"http:\/\/buscatextual.cnpq.br\/buscatextual\/visualizacv.do?id=K8465532J4\">Gabriel Mazzola Poli de Figueiredo<\/a>\u00a0(Doctorant FAUUSP\/CUF)<\/span><\/p>\n<p><span style=\"font-weight: 400;\">11h30 &#8211; Table ronde 7: \u00ab\u00a0<\/span><span style=\"font-weight: 400;\">Architecture et audiovisuel: la dispute pour l&rsquo;espace de l&rsquo;\u00e9cran\u00a0\u00bb avec\u00a0<\/span><span style=\"font-weight: 400;\"><a href=\"http:\/\/buscatextual.cnpq.br\/buscatextual\/visualizacv.do?id=K4253443D8\">C\u00e1ssia Hosni<\/a> (Doctorante FAUUSP),\u00a0<a href=\"http:\/\/buscatextual.cnpq.br\/buscatextual\/visualizacv.do?id=K4497330H5\">Juliana Froehlich<\/a> (Docteur par L&rsquo;University of Antwerp) et\u00a0<\/span><span style=\"font-weight: 400;\"><a href=\"http:\/\/buscatextual.cnpq.br\/buscatextual\/visualizacv.do?id=K4492905A8\">L\u00edvia Perez<\/a> (Doctorante ECAUSP\/Doctela)<\/span><\/p>\n<p><span style=\"font-weight: 400;\">13h\/14h30 &#8211; D\u00e9jeuner<\/span><\/p>\n<p><span style=\"font-weight: 400;\">15h &#8211; Table ronde pr\u00e9sentation et discussion des activit\u00e9s compl\u00e9mentaires externes<\/span><\/p>\n<p><span style=\"font-weight: 400;\">17h00 &#8211; <\/span><span style=\"font-weight: 400;\">Table ronde de synth\u00e8se<\/span><\/p>\n<p><span style=\"font-weight: 400;\">18h30 &#8211; <\/span><span style=\"font-weight: 400;\">Confraternisation de cl\u00f4ture<\/span>","protected":false},"excerpt":{"rendered":"<p>16 Avril, 2019 &#8211; Mardi 8h30 &#8211; Ouverture du Colloque &#8211; Comit\u00e9 d&rsquo;Organisation 9h30 &#8211; Poster Session 11h00 &#8211; Table ronde 1 &#8211; \u00ab\u00a0Mobilit\u00e9 des images: continuit\u00e9s, ruptures et exp\u00e9rimentations\u00a0\u00bb avec Rog\u00e9rio de Almeida (FEUSP), Artur Rozestraten (FAUUSP) et Jean-Jacques Wunenburger (CRI2i\/Centre Gaston Bachelard) 12h30\/14h30 &#8211; D\u00e9jeuner 15h &#8211; Activit\u00e9s Suppl\u00e9mentaires Externes 18h30 &#8211; Confraternisation\u2026<\/p>\n","protected":false},"author":734,"featured_media":0,"parent":0,"menu_order":0,"comment_status":"closed","ping_status":"closed","template":"","meta":{"footnotes":"","_links_to":"","_links_to_target":""},"class_list":["post-271","page","type-page","status-publish","hentry","post"],"_links":{"self":[{"href":"https:\/\/sites.usp.br\/icht2019\/fr\/wp-json\/wp\/v2\/pages\/271","targetHints":{"allow":["GET"]}}],"collection":[{"href":"https:\/\/sites.usp.br\/icht2019\/fr\/wp-json\/wp\/v2\/pages"}],"about":[{"href":"https:\/\/sites.usp.br\/icht2019\/fr\/wp-json\/wp\/v2\/types\/page"}],"author":[{"embeddable":true,"href":"https:\/\/sites.usp.br\/icht2019\/fr\/wp-json\/wp\/v2\/users\/734"}],"replies":[{"embeddable":true,"href":"https:\/\/sites.usp.br\/icht2019\/fr\/wp-json\/wp\/v2\/comments?post=271"}],"version-history":[{"count":4,"href":"https:\/\/sites.usp.br\/icht2019\/fr\/wp-json\/wp\/v2\/pages\/271\/revisions"}],"predecessor-version":[{"id":594,"href":"https:\/\/sites.usp.br\/icht2019\/fr\/wp-json\/wp\/v2\/pages\/271\/revisions\/594"}],"wp:attachment":[{"href":"https:\/\/sites.usp.br\/icht2019\/fr\/wp-json\/wp\/v2\/media?parent=271"}],"curies":[{"name":"wp","href":"https:\/\/api.w.org\/{rel}","templated":true}]}}