{"id":297,"date":"2018-09-04T16:43:31","date_gmt":"2018-09-04T18:43:31","guid":{"rendered":"http:\/\/sites.usp.br\/icht2023\/?page_id=297"},"modified":"2019-01-27T00:59:13","modified_gmt":"2019-01-27T02:59:13","slug":"hebergement","status":"publish","type":"page","link":"https:\/\/sites.usp.br\/icht2019\/fr\/hebergement\/","title":{"rendered":"H\u00e9bergement"},"content":{"rendered":"<b>H\u00d4TELS ET FLATS \u00c0 HIGIEN\u00d3POLIS<\/b><\/p>\n<p>&nbsp;<\/p>\n<p><span style=\"font-weight: 400;\">TRYP S\u00c3O PAULO HIGIEN\u00d3POLIS HOTEL \u00a0(4 \u00e9toiles ****) <\/span><\/p>\n<p><a href=\"https:\/\/www.melia.com\/pt\/hoteis\/brasil\/sao-paulo\/tryp-sao-paulo-higienopolis-hotel\/index.htm\"><span style=\"font-weight: 400;\">https:\/\/www.melia.com\/pt\/hoteis\/brasil\/sao-paulo\/tryp-sao-paulo-higienopolis-hotel\/index.htm<\/span><\/a><\/p>\n<p><span style=\"font-weight: 400;\">Localisation: <\/span><a href=\"https:\/\/goo.gl\/maps\/EBM8jqt1xj62\"><span style=\"font-weight: 400;\">https:\/\/goo.gl\/maps\/EBM8jqt1xj62<\/span><\/a><\/p>\n<p><span style=\"font-weight: 400;\">10 minutes \u00e0 pied du SENAC, Dr. Vila Nova, lieu du Colloque<\/span><\/p>\n<p><span style=\"font-weight: 400;\">Tarifs: autour de R$ 285,00<\/span><\/p>\n<p><b>R\u00e9servations pour le s\u00e9jour entre 16 et 18\/4 avec tarifs r\u00e9duits par e-mail et identifiant (ICHT2019): <\/b><a href=\"mailto:eventos.higienopolis@tryphotels.com.br\"><span style=\"font-weight: 400;\">eventos.higienopolis@tryphotels.com.br<\/span><\/a><span style=\"font-weight: 400;\"> avec Larissa Teodoro<\/span><\/p>\n<p>&nbsp;<\/p>\n<p><span style=\"font-weight: 400;\">HOTEL VILLE \u00a0(3 \u00e9toiles ***) <\/span><\/p>\n<p><a href=\"http:\/\/www.hotelville.com.br\/NOVOSITE\/index.php\"><span style=\"font-weight: 400;\">http:\/\/www.hotelville.com.br\/NOVOSITE\/index.php<\/span><\/a><\/p>\n<p><span style=\"font-weight: 400;\">Localisation:<\/span><a href=\"https:\/\/goo.gl\/maps\/ALoiBoaaHyw\"><span style=\"font-weight: 400;\">https:\/\/goo.gl\/maps\/ALoiBoaaHyw<\/span><\/a><\/p>\n<p><span style=\"font-weight: 400;\">5 minutes \u00e0 pied du SENAC, Dr. Vila Nova, lieu du Colloque<\/span><\/p>\n<p><span style=\"font-weight: 400;\">Tarifs: autour de R$ 175,00<\/span><\/p>\n<p>&nbsp;<\/p>\n<p><span style=\"font-weight: 400;\">TRANSAM\u00c9RICA CLASSIC HIGIEN\u00d3POLIS \u00a0(3 \u00e9toiles ***) <\/span><\/p>\n<p><a href=\"https:\/\/www.transamerica.com.br\/nossos-hoteis\/transamerica-classic-higienopolis\"><span style=\"font-weight: 400;\">https:\/\/www.transamerica.com.br\/nossos-hoteis\/transamerica-classic-higienopolis<\/span><\/a><\/p>\n<p><span style=\"font-weight: 400;\">Localisation:<\/span><a href=\"https:\/\/goo.gl\/maps\/LCemT7qFeeu\"><span style=\"font-weight: 400;\">https:\/\/goo.gl\/maps\/LCemT7qFeeu<\/span><\/a><\/p>\n<p><span style=\"font-weight: 400;\">20 minutes \u00e0 pied du SENAC, Dr. Vila Nova, lieu du Colloque<\/span><\/p>\n<p><span style=\"font-weight: 400;\">Tarifs: autour de R$ 270,00<\/span><\/p>\n<p>&nbsp;<\/p>\n<p><span style=\"font-weight: 400;\">FLAT THE PARK HALL SERVICE HIGIEN\u00d3POLIS (Flat)<\/span><\/p>\n<p><a href=\"http:\/\/the-park-hall-flat-service-higienopolis.hotelsaopaulo.org\/pt\/\"><span style=\"font-weight: 400;\">http:\/\/the-park-hall-flat-service-higienopolis.hotelsaopaulo.org\/pt\/<\/span><\/a><\/p>\n<p><span style=\"font-weight: 400;\">Localisation: <\/span><a href=\"https:\/\/goo.gl\/maps\/3ZXbLDgJXd52\"><span style=\"font-weight: 400;\">https:\/\/goo.gl\/maps\/3ZXbLDgJXd52<\/span><\/a><\/p>\n<p><span style=\"font-weight: 400;\">15 minutes \u00e0 pied du SENAC, Dr. Vila Nova, lieu du Colloque<\/span><\/p>\n<p><span style=\"font-weight: 400;\">Tarifs: autour de R$ 300,00<\/span><\/p>\n<p>&nbsp;<\/p>\n<p><b>H\u00d4TELS E FLATS \u00c0 C\u00d4T\u00c9 DE LA LINHA AMARELA DU M\u00c9TRO &#8211; STATION AVENIDA PAULISTA<\/b><\/p>\n<p>&nbsp;<\/p>\n<p><span style=\"font-weight: 400;\">TRANSAM\u00c9RICA EXECUTIVE BELA CINTRA (4 \u00e9toiles ****) <\/span><\/p>\n<p><a href=\"https:\/\/www.transamerica.com.br\/nossos-hoteis\/transamerica-executive-bela-cintra\"><span style=\"font-weight: 400;\">https:\/\/www.transamerica.com.br\/nossos-hoteis\/transamerica-executive-bela-cintra<\/span><\/a><\/p>\n<p><span style=\"font-weight: 400;\">Localisation: <\/span><a href=\"https:\/\/goo.gl\/maps\/kBzuCHsDRhk\"><span style=\"font-weight: 400;\">https:\/\/goo.gl\/maps\/kBzuCHsDRhk<\/span><\/a><\/p>\n<p><span style=\"font-weight: 400;\">30 minutes \u00e0 pied du SENAC, Dr. Vila Nova, lieu du Colloque<\/span><\/p>\n<p><span style=\"font-weight: 400;\">25 minutes par la Linha Amarela du m\u00e9tro: Esta\u00e7\u00e3o Paulista \u00e0 l\u2019Esta\u00e7\u00e3o Higien\u00f3polis-Mackenzie <\/span><\/p>\n<p><span style=\"font-weight: 400;\">Tarifs: autour de R$ 260,00<\/span><\/p>\n<p><b>R\u00e9servations pour le s\u00e9jour entre 12 et 21\/4 avec tarifs r\u00e9duits par e-mail et identifiant (ICHT2019):<\/b><a href=\"mailto:reservasthg@transamerica.com.br\"><span style=\"font-weight: 400;\">reservasthg@transamerica.com.br<\/span><\/a><span style=\"font-weight: 400;\"> avec Carolina Aparecida Pereira<\/span><\/p>\n<p>&nbsp;<\/p>\n<p><span style=\"font-weight: 400;\">S\u00c3O PAULO PAULISTA MELI\u00c1 (4 \u00e9toiles ****) <\/span><\/p>\n<p><a href=\"https:\/\/www.melia.com\/pt\/hoteis\/brasil\/sao-paulo\/tryp-sao-paulo-paulista-hotel\/index.html\"><span style=\"font-weight: 400;\">https:\/\/www.melia.com\/pt\/hoteis\/brasil\/sao-paulo\/tryp-sao-paulo-paulista-hotel\/index.html<\/span><\/a><\/p>\n<p><span style=\"font-weight: 400;\">Localisation: <\/span><a href=\"https:\/\/goo.gl\/maps\/UyALyFph8HT2\"><span style=\"font-weight: 400;\">https:\/\/goo.gl\/maps\/UyALyFph8HT2<\/span><\/a><\/p>\n<p><span style=\"font-weight: 400;\">25 minutes \u00e0 pied du SENAC, Dr. Vila Nova, lieu du Colloque<\/span><\/p>\n<p><span style=\"font-weight: 400;\">20 minutes par la Linha Amarela du m\u00e9tro: Esta\u00e7\u00e3o Paulista \u00e0 l\u2019Esta\u00e7\u00e3o Higien\u00f3polis-Mackenzie <\/span><\/p>\n<p><span style=\"font-weight: 400;\">Tarifs: autour de R$ 356,00<\/span><\/p>\n<p><b>R\u00e9servations pour le s\u00e9jour entre 12 et 21\/4 avec tarifs r\u00e9duits par e-mail et identifiant (ICHT2019):<\/b><\/p>\n<p><a href=\"mailto:eventos3.paulista@meliahotels.com.br\"><span style=\"font-weight: 400;\">eventos3.paulista@meliahotels.com.br<\/span><\/a><span style=\"font-weight: 400;\"> avec Gabriela Ghiotto<\/span><\/p>\n<p>&nbsp;<\/p>\n<p><span style=\"font-weight: 400;\">MELI\u00c1 PAULISTA \u00a0(4 \u00e9toiles ****) <\/span><\/p>\n<p><a href=\"https:\/\/www.melia.com\/pt\/hoteis\/brasil\/sao-paulo\/melia-paulista\/index.htm\"><span style=\"font-weight: 400;\">https:\/\/www.melia.com\/pt\/hoteis\/brasil\/sao-paulo\/melia-paulista\/index.htm<\/span><\/a><\/p>\n<p><span style=\"font-weight: 400;\">Localisation: <\/span><a href=\"https:\/\/goo.gl\/maps\/rYTgQbDsCr12\"><span style=\"font-weight: 400;\">https:\/\/goo.gl\/maps\/rYTgQbDsCr12<\/span><\/a><\/p>\n<p><span style=\"font-weight: 400;\">30 minutes \u00e0 pied du SENAC, Dr. Vila Nova, lieu du Colloque<\/span><\/p>\n<p><span style=\"font-weight: 400;\">20 minutes par la Linha Amarela du m\u00e9tro: Esta\u00e7\u00e3o Paulista \u00e0 l\u2019Esta\u00e7\u00e3o Higien\u00f3polis-Mackenzie <\/span><\/p>\n<p><span style=\"font-weight: 400;\">Tarifs: autour de R$ 445,00<\/span><\/p>\n<p>&nbsp;<\/p>\n<p><span style=\"font-weight: 400;\">S\u00c3O PAULO PAULISTA MELI\u00c1 (4 \u00e9toiles ****) <\/span><\/p>\n<p><a href=\"https:\/\/www.melia.com\/pt\/hoteis\/brasil\/sao-paulo\/tryp-sao-paulo-paulista-hotel\/index.html\"><span style=\"font-weight: 400;\">https:\/\/www.melia.com\/pt\/hoteis\/brasil\/sao-paulo\/tryp-sao-paulo-paulista-hotel\/index.html<\/span><\/a><\/p>\n<p><span style=\"font-weight: 400;\">Localisation: <\/span><a href=\"https:\/\/goo.gl\/maps\/UyALyFph8HT2\"><span style=\"font-weight: 400;\">https:\/\/goo.gl\/maps\/UyALyFph8HT2<\/span><\/a><\/p>\n<p><span style=\"font-weight: 400;\">25 minutes \u00e0 pied du SENAC, Dr. Vila Nova, lieu du Colloque<\/span><\/p>\n<p><span style=\"font-weight: 400;\">20 minutes par la Linha Amarela du m\u00e9tro: Esta\u00e7\u00e3o Paulista \u00e0 l\u2019Esta\u00e7\u00e3o Higien\u00f3polis-Mackenzie <\/span><\/p>\n<p><span style=\"font-weight: 400;\">Tarifs: autour de R$ 335,00<\/span><\/p>\n<p>&nbsp;<\/p>\n<p><b>H\u00d4TELS ET FLATS \u00c9CONOMIQUES PROCHES DE LA LINHA AMARELA &#8211; STATIONS AVENIDA PAULISTA ET OSCAR FREIRE<\/b><\/p>\n<p>&nbsp;<\/p>\n<p><span style=\"font-weight: 400;\">WZ HOTEL JARDINS (3 \u00e9toiles ***) <\/span><\/p>\n<p><a href=\"https:\/\/www.wzhoteljardins.com.br\/\"><span style=\"font-weight: 400;\">https:\/\/www.wzhoteljardins.com.br\/<\/span><\/a><\/p>\n<p><span style=\"font-weight: 400;\">Localisation: <\/span><a href=\"https:\/\/goo.gl\/maps\/TMbL242WhFF2\"><span style=\"font-weight: 400;\">https:\/\/goo.gl\/maps\/TMbL242WhFF2<\/span><\/a><\/p>\n<p><span style=\"font-weight: 400;\">30 minutes par la Linha Amarela du m\u00e9tro: Esta\u00e7\u00e3o Oscar Freire \u00e0 l\u2019Esta\u00e7\u00e3o Higien\u00f3polis-Mackenzie <\/span><\/p>\n<p><span style=\"font-weight: 400;\">20 minutes en bus par l\u2019Avenida Rebou\u00e7as <\/span><\/p>\n<p><span style=\"font-weight: 400;\">Tarifs: autour de R$ 297,00<\/span><\/p>\n<p><b>R\u00e9servations pour le s\u00e9jour entre 12 et 21\/4 avec tarifs r\u00e9duits par e-mail et identifiant (ICHT2019):<\/b><\/p>\n<p><a href=\"mailto:reservas@wzhoteljardins.com.br\"><span style=\"font-weight: 400;\">reservas@wzhoteljardins.com.br<\/span><\/a><span style=\"font-weight: 400;\"> avec Leila Santana<\/span><\/p>\n<p>&nbsp;<\/p>\n<p><span style=\"font-weight: 400;\">HOTEL IBIS BUDGET PAULISTA (2 \u00e9toiles **) <\/span><\/p>\n<p><a href=\"https:\/\/www.accorhotels.com\/pt-br\/hotel-5323-ibis-budget-sao-paulo-paulista\/index.shtml#origin=ibis\"><span style=\"font-weight: 400;\">https:\/\/www.accorhotels.com\/pt-br\/hotel-5323-ibis-budget-sao-paulo-paulista\/index.shtml#origin=ibis<\/span><\/a><\/p>\n<p><span style=\"font-weight: 400;\">Localisation: <\/span><a href=\"https:\/\/goo.gl\/maps\/sigWpGWCkY62\"><span style=\"font-weight: 400;\">https:\/\/goo.gl\/maps\/sigWpGWCkY62<\/span><\/a><\/p>\n<p><span style=\"font-weight: 400;\">25 minutes \u00e0 pied du SENAC, Dr. Vila Nova, lieu du Colloque<\/span><\/p>\n<p><span style=\"font-weight: 400;\">15 minutes par la Linha Amarela du m\u00e9tro: Esta\u00e7\u00e3o Paulista \u00e0 l\u2019Esta\u00e7\u00e3o Higien\u00f3polis-Mackenzie <\/span><\/p>\n<p><span style=\"font-weight: 400;\">Tarifs: autour de R$ 190,00<\/span><\/p>\n<p>&nbsp;<\/p>\n<p><span style=\"font-weight: 400;\">HOTEL IBIS S\u00c3O PAULO PAULISTA (3 \u00e9toiles ***) <\/span><\/p>\n<p><a href=\"https:\/\/www.accorhotels.com\/pt-br\/hotel-3735-ibis-sao-paulo-paulista\/index.shtml\"><span style=\"font-weight: 400;\">https:\/\/www.accorhotels.com\/pt-br\/hotel-3735-ibis-sao-paulo-paulista\/index.shtml<\/span><\/a><\/p>\n<p><span style=\"font-weight: 400;\">Localisation: <\/span><a href=\"https:\/\/goo.gl\/maps\/feuxmEj5cKD2\"><span style=\"font-weight: 400;\">https:\/\/goo.gl\/maps\/feuxmEj5cKD2<\/span><\/a><\/p>\n<p><span style=\"font-weight: 400;\">25 minutes \u00e0 pied du SENAC, Dr. Vila Nova, lieu du Colloque<\/span><\/p>\n<p><span style=\"font-weight: 400;\">20 minutes par la Linha Amarela du m\u00e9tro: Esta\u00e7\u00e3o Paulista \u00e0 l\u2019Esta\u00e7\u00e3o Higien\u00f3polis-Mackenzie <\/span><\/p>\n<p><span style=\"font-weight: 400;\">Tarifs: autour de R$ 290,00<\/span><\/p>\n<p>&nbsp;<\/p>\n<p><b>HOSTEL ET AUBERGE &#8211; PROCHES DE L\u2019AVENIDA REBOU\u00c7AS<\/b><\/p>\n<p>&nbsp;<\/p>\n<p><span style=\"font-weight: 400;\">HOSTEL CALIF\u00d3RNIA CAF\u00c9 BAR<\/span><\/p>\n<p><a href=\"https:\/\/www.hostelcalifornia.com.br\/pt-br\"><span style=\"font-weight: 400;\">https:\/\/www.hostelcalifornia.com.br\/pt-br<\/span><\/a><\/p>\n<p><span style=\"font-weight: 400;\">Localisation: <\/span><a href=\"https:\/\/goo.gl\/maps\/KPkfmhfKAQ82\"><span style=\"font-weight: 400;\">https:\/\/goo.gl\/maps\/KPkfmhfKAQ82<\/span><\/a><\/p>\n<p><span style=\"font-weight: 400;\">30 minutes par la Linha Amarela du m\u00e9tro: Esta\u00e7\u00e3o Oscar Freire \u00e0 l\u2019Esta\u00e7\u00e3o Higien\u00f3polis-Mackenzie <\/span><\/p>\n<p><span style=\"font-weight: 400;\">20 minutes en bus par l\u2019Avenida Rebou\u00e7as <\/span><\/p>\n<p><span style=\"font-weight: 400;\">Tarifs: autour de R$ 125,00<\/span><\/p>\n<p>&nbsp;<\/p>\n<p><span style=\"font-weight: 400;\">POUSADA VIANA<\/span><\/p>\n<p><a href=\"http:\/\/www.pousadaviana.com.br\/index.html\"><span style=\"font-weight: 400;\">http:\/\/www.pousadaviana.com.br\/index.html<\/span><\/a><\/p>\n<p><span style=\"font-weight: 400;\">Localisation: <\/span><a href=\"https:\/\/goo.gl\/maps\/9EkRb6QzDZG2\"><span style=\"font-weight: 400;\">https:\/\/goo.gl\/maps\/9EkRb6QzDZG2<\/span><\/a><\/p>\n<p><span style=\"font-weight: 400;\">30 minutes par la Linha Amarela du m\u00e9tro: Esta\u00e7\u00e3o Oscar Freire \u00e0 l\u2019Esta\u00e7\u00e3o Higien\u00f3polis-Mackenzie <\/span><\/p>\n<p><span style=\"font-weight: 400;\">20 minutes en bus par l\u2019Avenida Rebou\u00e7as <\/span><\/p>\n<p><span style=\"font-weight: 400;\">Tarifs: autour de R$ 125,00<\/span><\/p>\n<p>&nbsp;<\/p>\n<p><b>AIRBNB<\/b><\/p>\n<p>&nbsp;<\/p>\n<p><span style=\"font-weight: 400;\">Plusieurs options dans les quartiers Consola\u00e7\u00e3o, Higien\u00f3polis et \u00e0 proximit\u00e9 des avenues Rebou\u00e7as, Paulista et Consola\u00e7\u00e3o.<\/span><\/p>\n<p><a href=\"http:\/\/www.airbnb.com.br\"><span style=\"font-weight: 400;\">www.airbnb.com.br<\/span><\/a><\/p>\n<p>&nbsp;","protected":false},"excerpt":{"rendered":"<p>H\u00d4TELS ET FLATS \u00c0 HIGIEN\u00d3POLIS &nbsp; TRYP S\u00c3O PAULO HIGIEN\u00d3POLIS HOTEL \u00a0(4 \u00e9toiles ****) https:\/\/www.melia.com\/pt\/hoteis\/brasil\/sao-paulo\/tryp-sao-paulo-higienopolis-hotel\/index.htm Localisation: https:\/\/goo.gl\/maps\/EBM8jqt1xj62 10 minutes \u00e0 pied du SENAC, Dr. Vila Nova, lieu du Colloque Tarifs: autour de R$ 285,00 R\u00e9servations pour le s\u00e9jour entre 16 et 18\/4 avec tarifs r\u00e9duits par e-mail et identifiant (ICHT2019): eventos.higienopolis@tryphotels.com.br avec Larissa Teodoro &nbsp;\u2026<\/p>\n","protected":false},"author":734,"featured_media":0,"parent":0,"menu_order":0,"comment_status":"closed","ping_status":"closed","template":"","meta":{"footnotes":"","_links_to":"","_links_to_target":""},"class_list":["post-297","page","type-page","status-publish","hentry","post"],"_links":{"self":[{"href":"https:\/\/sites.usp.br\/icht2019\/fr\/wp-json\/wp\/v2\/pages\/297","targetHints":{"allow":["GET"]}}],"collection":[{"href":"https:\/\/sites.usp.br\/icht2019\/fr\/wp-json\/wp\/v2\/pages"}],"about":[{"href":"https:\/\/sites.usp.br\/icht2019\/fr\/wp-json\/wp\/v2\/types\/page"}],"author":[{"embeddable":true,"href":"https:\/\/sites.usp.br\/icht2019\/fr\/wp-json\/wp\/v2\/users\/734"}],"replies":[{"embeddable":true,"href":"https:\/\/sites.usp.br\/icht2019\/fr\/wp-json\/wp\/v2\/comments?post=297"}],"version-history":[{"count":4,"href":"https:\/\/sites.usp.br\/icht2019\/fr\/wp-json\/wp\/v2\/pages\/297\/revisions"}],"predecessor-version":[{"id":505,"href":"https:\/\/sites.usp.br\/icht2019\/fr\/wp-json\/wp\/v2\/pages\/297\/revisions\/505"}],"wp:attachment":[{"href":"https:\/\/sites.usp.br\/icht2019\/fr\/wp-json\/wp\/v2\/media?parent=297"}],"curies":[{"name":"wp","href":"https:\/\/api.w.org\/{rel}","templated":true}]}}