{"id":508,"date":"2019-01-27T01:07:23","date_gmt":"2019-01-27T03:07:23","guid":{"rendered":"http:\/\/sites.usp.br\/icht2023\/?page_id=508"},"modified":"2019-01-27T15:39:39","modified_gmt":"2019-01-27T17:39:39","slug":"transporte-2","status":"publish","type":"page","link":"https:\/\/sites.usp.br\/icht2019\/fr\/transporte-2\/","title":{"rendered":"Transport"},"content":{"rendered":"<span style=\"font-weight: 400;\">OPTIONS DE TRANSPORT DE L&rsquo;A\u00c9ROPORT INTERNATIONAL DE GUARULHOS\/CUMBICA (GRU) <\/span><\/p>\n<p><span style=\"font-weight: 400;\">AU CENTRE VILLE DE S\u00c3O PAULO \/ AVENIDA PAULISTA<\/span><\/p>\n<p><a href=\"http:\/\/www.aeroportoguarulhos.net\/en\/\"><span style=\"font-weight: 400;\">http:\/\/www.aeroportoguarulhos.net\/en\/<\/span><\/a><\/p>\n<p>&nbsp;<\/p>\n<p><b>Taxi<\/b><\/p>\n<p><span style=\"font-weight: 400;\">Guarucoop <\/span><a href=\"https:\/\/www.guarucoop.com.br\/\"><span style=\"font-weight: 400;\">https:\/\/www.guarucoop.com.br\/<\/span><\/a><\/p>\n<p><span style=\"font-weight: 400;\">Tarifs autor de R$ 150,00 pour aller \u00e0 l\u2019Av. Paulista<\/span><\/p>\n<p>&nbsp;<\/p>\n<p><b>Uber<\/b><\/p>\n<p><span style=\"font-weight: 400;\">Tarifs autour de R$ 80,00 pour aller \u00e0 l\u2019Av. Paulista<\/span><\/p>\n<p>&nbsp;<\/p>\n<p><b>Bus<\/b><\/p>\n<p><span style=\"font-weight: 400;\">Airport Bus Service <\/span><a href=\"http:\/\/www.airportbusservice.com.br\/\"><span style=\"font-weight: 400;\">http:\/\/www.airportbusservice.com.br\/<\/span><\/a><\/p>\n<p><span style=\"font-weight: 400;\">Tarifs autour de R$ 50,00 pour aller \u00e0 l\u2019Av. Paulista<\/span><\/p>\n<p>&nbsp;<\/p>\n<p><b>Bus \u00e9conomique + M\u00e9tro<\/b><\/p>\n<p><span style=\"font-weight: 400;\">Airport Bus Service &#8211; ligne 257 &#8211; Esta\u00e7\u00e3o Tatuap\u00e9 du m\u00e9tro <\/span><\/p>\n<p><a href=\"http:\/\/www.emtu.sp.gov.br\/emtu\/itinerarios-e-tarifas\/encontre-uma-linha\/pelo-numero-da-linha.fss?numlinha=257&amp;pag=buscanumero.htm\"><span style=\"font-weight: 400;\">http:\/\/www.emtu.sp.gov.br\/emtu\/itinerarios-e-tarifas\/encontre-uma-linha\/pelo-numero-da-linha.fss?numlinha=257&amp;pag=buscanumero.htm<\/span><\/a><\/p>\n<p><span style=\"font-weight: 400;\">Tarifs autour de R$ 6,00 pour aller \u00e0 l\u2019Esta\u00e7\u00e3o Tatuap\u00e9 &#8211; Linha Vermelha du m\u00e9tro <\/span>","protected":false},"excerpt":{"rendered":"<p>OPTIONS DE TRANSPORT DE L&rsquo;A\u00c9ROPORT INTERNATIONAL DE GUARULHOS\/CUMBICA (GRU) AU CENTRE VILLE DE S\u00c3O PAULO \/ AVENIDA PAULISTA http:\/\/www.aeroportoguarulhos.net\/en\/ &nbsp; Taxi Guarucoop https:\/\/www.guarucoop.com.br\/ Tarifs autor de R$ 150,00 pour aller \u00e0 l\u2019Av. Paulista &nbsp; Uber Tarifs autour de R$ 80,00 pour aller \u00e0 l\u2019Av. Paulista &nbsp; Bus Airport Bus Service http:\/\/www.airportbusservice.com.br\/ Tarifs autour de R$\u2026<\/p>\n","protected":false},"author":838,"featured_media":0,"parent":0,"menu_order":0,"comment_status":"closed","ping_status":"closed","template":"","meta":{"footnotes":"","_links_to":"","_links_to_target":""},"class_list":["post-508","page","type-page","status-publish","hentry","post"],"_links":{"self":[{"href":"https:\/\/sites.usp.br\/icht2019\/fr\/wp-json\/wp\/v2\/pages\/508","targetHints":{"allow":["GET"]}}],"collection":[{"href":"https:\/\/sites.usp.br\/icht2019\/fr\/wp-json\/wp\/v2\/pages"}],"about":[{"href":"https:\/\/sites.usp.br\/icht2019\/fr\/wp-json\/wp\/v2\/types\/page"}],"author":[{"embeddable":true,"href":"https:\/\/sites.usp.br\/icht2019\/fr\/wp-json\/wp\/v2\/users\/838"}],"replies":[{"embeddable":true,"href":"https:\/\/sites.usp.br\/icht2019\/fr\/wp-json\/wp\/v2\/comments?post=508"}],"version-history":[{"count":4,"href":"https:\/\/sites.usp.br\/icht2019\/fr\/wp-json\/wp\/v2\/pages\/508\/revisions"}],"predecessor-version":[{"id":522,"href":"https:\/\/sites.usp.br\/icht2019\/fr\/wp-json\/wp\/v2\/pages\/508\/revisions\/522"}],"wp:attachment":[{"href":"https:\/\/sites.usp.br\/icht2019\/fr\/wp-json\/wp\/v2\/media?parent=508"}],"curies":[{"name":"wp","href":"https:\/\/api.w.org\/{rel}","templated":true}]}}