{"id":556,"date":"2019-03-21T23:35:58","date_gmt":"2019-03-22T01:35:58","guid":{"rendered":"http:\/\/sites.usp.br\/icht2023\/?page_id=556"},"modified":"2019-03-21T23:36:30","modified_gmt":"2019-03-22T01:36:30","slug":"comite-cientifico","status":"publish","type":"page","link":"https:\/\/sites.usp.br\/icht2019\/fr\/comite-cientifico\/","title":{"rendered":"Comit\u00e9 Scientifique"},"content":{"rendered":"<p>Ana Esteban Maluenda<br \/>\nAna Paula Koury<br \/>\nArtur Sim\u00f5es Rozestraten<br \/>\nCaio Santo Amore<br \/>\nCaio Vass\u00e3o<br \/>\nClaire Revol<br \/>\nCybelle Salvador Miranda<br \/>\nDaniel B. Portugal<br \/>\nDavid Moreno Sperling<br \/>\nDenise Morado Nascimento<br \/>\nFernando V\u00e1zquez<br \/>\nJorge Bassani<br \/>\nJos\u00e9 Aparecido Celorio<br \/>\nJos\u00e9 Eduardo Baravelli<br \/>\nJuliana Braga<br \/>\nJulieta Maria de Vasconcelos Leite<br \/>\nKarina Leit\u00e3o<br \/>\nLise Bourdeau-Lepage<br \/>\nLucia Leit\u00e3o<br \/>\nLu\u00eds Ant\u00f4nio Jorge<br \/>\nLuis Fernando da Silva Mello<br \/>\nMarcos Namba Beccari<br \/>\nMaria Camila Loffredo D&rsquo;Ottaviano<br \/>\nMarta Vieira Bog\u00e9a<br \/>\nMauricio Arnoldo Carcamo Pino<br \/>\nMichel Rautenberg<br \/>\nMonique da Silva<br \/>\nNelson Jos\u00e9 Urssi<br \/>\nPaulo Eduardo Fonseca de Campos<br \/>\nPedro Janeiro<br \/>\nRachel Bouvet<br \/>\nReginaldo Ronconi<br \/>\nRinaldo Miorim<br \/>\nRodrigo Firmino<br \/>\nRog\u00e9rio de Almeida<br \/>\nSandra Maria Patr\u00edcio Ribeiro<br \/>\nSandro Canavezzi de Abreu<br \/>\nSara Goldchmit<br \/>\nTatiana Sakurai<br \/>\nVal\u00e9ria Cristina Pereira da Silva<br \/>\nVal\u00e9ria Fialho<br \/>\nValeska Fortes de Oliveira<br \/>\nV\u00e2nia Mara Alves Lima<br \/>\nVera Maria Pallamin<br \/>\nVladimir Bartalini<\/p>\n","protected":false},"excerpt":{"rendered":"<p>Ana Esteban Maluenda Ana Paula Koury Artur Sim\u00f5es Rozestraten Caio Santo Amore Caio Vass\u00e3o Claire Revol Cybelle Salvador Miranda Daniel B. Portugal David Moreno Sperling Denise Morado Nascimento Fernando V\u00e1zquez Jorge Bassani Jos\u00e9 Aparecido Celorio Jos\u00e9 Eduardo Baravelli Juliana Braga Julieta Maria de Vasconcelos Leite Karina Leit\u00e3o Lise Bourdeau-Lepage Lucia Leit\u00e3o Lu\u00eds Ant\u00f4nio Jorge Luis\u2026<\/p>\n","protected":false},"author":886,"featured_media":0,"parent":0,"menu_order":0,"comment_status":"closed","ping_status":"closed","template":"","meta":{"footnotes":"","_links_to":"","_links_to_target":""},"class_list":["post-556","page","type-page","status-publish","hentry","post"],"_links":{"self":[{"href":"https:\/\/sites.usp.br\/icht2019\/fr\/wp-json\/wp\/v2\/pages\/556","targetHints":{"allow":["GET"]}}],"collection":[{"href":"https:\/\/sites.usp.br\/icht2019\/fr\/wp-json\/wp\/v2\/pages"}],"about":[{"href":"https:\/\/sites.usp.br\/icht2019\/fr\/wp-json\/wp\/v2\/types\/page"}],"author":[{"embeddable":true,"href":"https:\/\/sites.usp.br\/icht2019\/fr\/wp-json\/wp\/v2\/users\/886"}],"replies":[{"embeddable":true,"href":"https:\/\/sites.usp.br\/icht2019\/fr\/wp-json\/wp\/v2\/comments?post=556"}],"version-history":[{"count":2,"href":"https:\/\/sites.usp.br\/icht2019\/fr\/wp-json\/wp\/v2\/pages\/556\/revisions"}],"predecessor-version":[{"id":558,"href":"https:\/\/sites.usp.br\/icht2019\/fr\/wp-json\/wp\/v2\/pages\/556\/revisions\/558"}],"wp:attachment":[{"href":"https:\/\/sites.usp.br\/icht2019\/fr\/wp-json\/wp\/v2\/media?parent=556"}],"curies":[{"name":"wp","href":"https:\/\/api.w.org\/{rel}","templated":true}]}}