{"id":111,"date":"2017-03-27T00:01:13","date_gmt":"2017-03-27T02:01:13","guid":{"rendered":"http:\/\/sites.usp.br\/icht2023\/?page_id=111"},"modified":"2018-09-30T18:39:09","modified_gmt":"2018-09-30T20:39:09","slug":"quem-somos","status":"publish","type":"page","link":"https:\/\/sites.usp.br\/icht2019\/quem-somos\/","title":{"rendered":"Edi\u00e7\u00f5es Anteriores"},"content":{"rendered":"<div id=\"pl-111\"  class=\"panel-layout\" >\n<div id=\"pg-111-0\"  class=\"panel-grid panel-no-style\"  data-style=\"{&quot;background_image_attachment&quot;:false,&quot;background_display&quot;:&quot;tile&quot;,&quot;cell_alignment&quot;:&quot;flex-start&quot;}\"  data-ratio=\"0.61803398\"  data-ratio-direction=\"right\" >\n<div id=\"pgc-111-0-0\"  class=\"panel-grid-cell panel-grid-cell-mobile-last\"  data-weight=\"0.61803399209206\" >\n<div id=\"panel-111-0-0-0\" class=\"so-panel widget widget_sow-editor panel-first-child panel-last-child\" data-index=\"0\" >\n<div class=\"so-widget-sow-editor so-widget-sow-editor-base\">\n<div class=\"siteorigin-widget-tinymce textwidget\">\n\t<strong>BREVE HIST\u00d3RICO<\/strong><\/p>\n<p><a href=\"http:\/\/www.fau.usp.br\/icht2016\/index.php\" target=\"_blank\" rel=\"noopener noreferrer\"><span style=\"text-decoration: underline;\">ICHT 2016 &#8211; S\u00e3o Paulo (Brasil)<\/span><\/a><\/p>\n<p><a href=\"http:\/\/sites.usp.br\/icht2023\/wp-content\/uploads\/sites\/416\/2017\/03\/icht2016.jpg\"><img loading=\"lazy\" decoding=\"async\" class=\"size-medium wp-image-321 alignnone\" src=\"http:\/\/sites.usp.br\/icht2023\/wp-content\/uploads\/sites\/416\/2017\/03\/icht2016-300x169.jpg\" alt=\"\" width=\"300\" height=\"169\" srcset=\"https:\/\/sites.usp.br\/icht2019\/wp-content\/uploads\/sites\/1497\/2017\/03\/icht2016-300x169.jpg 300w, https:\/\/sites.usp.br\/icht2019\/wp-content\/uploads\/sites\/1497\/2017\/03\/icht2016-310x174.jpg 310w, https:\/\/sites.usp.br\/icht2019\/wp-content\/uploads\/sites\/1497\/2017\/03\/icht2016-400x226.jpg 400w, https:\/\/sites.usp.br\/icht2019\/wp-content\/uploads\/sites\/1497\/2017\/03\/icht2016.jpg 750w\" sizes=\"auto, (max-width: 300px) 100vw, 300px\" \/><\/a><\/p>\n<p>A primeira edi\u00e7\u00e3o do col\u00f3quio internacional ICHT2016 &#8211; Imagin\u00e1rio: Construir e Habitar a Terra \u2013 Cidades \u2018Inteligentes\u2019 e Po\u00e9ticas Urbanas, realizado na FAUUSP, S\u00e3o Paulo, prop\u00f4s uma revis\u00e3o cr\u00edtica dos potenciais do imagin\u00e1rio face aos desafios arquitet\u00f4nicos e urban\u00edsticos quanto a representar, projetar e construir no s\u00e9culo XXI. O ponto de partida do debate proposto foi a multidisciplinaridade de olhares sobre a complexidade das quest\u00f5es est\u00e9ticas, \u00e9ticas, sociais e tecnol\u00f3gicas em torno da produ\u00e7\u00e3o de espa\u00e7os urbanos.<\/p>\n<p>As condi\u00e7\u00f5es contempor\u00e2neas e o imagin\u00e1rio das cidades foram os pontos de apoio de olhares comparativos sobre o tema, considerando ainda a abertura desta mirada a outras culturas e realidades urbanas ao redor do mundo.<\/p>\n<p>Os temas propostos foram: os pap\u00e9is das utopias no s\u00e9culo XXI; paisagem: tempo e horizonte na cidade; superficialidade e desenraizamento do construir atual; individualismo e alteridade, universalidade e particularidades nas cidades; experimenta\u00e7\u00e3o e imprevisibilidade, racionalidade e imagina\u00e7\u00e3o hoje.<\/p>\n<p>O ICHT pretendeu estimular assim o di\u00e1logo entre universidade e sociedade entre pr\u00e1tica profissional e reflex\u00f5es te\u00f3ricas, propondo ainda a necessidade de renova\u00e7\u00f5es conceituais e instrumentais nas a\u00e7\u00f5es de transforma\u00e7\u00f5es arquitet\u00f4nicas e urban\u00edsticas.<\/p>\n<p>Para o ICHT2016 foram impressos em papel 250 exemplares do Caderno de Resumos e as Atas com os 52 textos integrais dos autores selecionados pelo Comit\u00ea Cient\u00edfico e dos convidados das mesas est\u00e3o dispon\u00edveis em vers\u00e3o digital PDF <a href=\"http:\/\/www.fau.usp.br\/icht2016\/Atas_ICHT_2016.pdf\" target=\"_blank\" rel=\"noopener noreferrer\">aqui<\/a>.<\/p>\n<p>Uma sele\u00e7\u00e3o de textos do ICHT2016 tamb\u00e9m ser\u00e1 publicada pela <a href=\"http:\/\/www.annablume.com.br\/\" target=\"_blank\" rel=\"noopener noreferrer\">Annablume<\/a> com apoio <a href=\"http:\/\/fapesp.br\/\" target=\"_blank\" rel=\"noopener noreferrer\">FAPESP<\/a>, <a href=\"http:\/\/www.fau.usp.br\/\" target=\"_blank\" rel=\"noopener noreferrer\">FAUUSP<\/a> e <a href=\"http:\/\/interscity.org\/\" target=\"_blank\" rel=\"noopener noreferrer\">INCT \u201cInterSCity\u201d <\/a>em setembro de 2018.<\/p>\n<p>&nbsp;<\/p>\n<p><a href=\"https:\/\/icht2.sciencesconf.org\/\" target=\"_blank\" rel=\"noopener noreferrer\"><span style=\"text-decoration: underline;\">ICHT 2017 &#8211; Lyon (Fran\u00e7a)<\/span><\/a><\/p>\n<p><a href=\"http:\/\/sites.usp.br\/icht2023\/wp-content\/uploads\/sites\/416\/2017\/03\/icht2017.jpg\"><img loading=\"lazy\" decoding=\"async\" class=\"alignnone wp-image-322 size-full\" src=\"http:\/\/sites.usp.br\/icht2023\/wp-content\/uploads\/sites\/416\/2017\/03\/icht2017.jpg\" alt=\"\" width=\"980\" height=\"236\" srcset=\"https:\/\/sites.usp.br\/icht2019\/wp-content\/uploads\/sites\/1497\/2017\/03\/icht2017.jpg 980w, https:\/\/sites.usp.br\/icht2019\/wp-content\/uploads\/sites\/1497\/2017\/03\/icht2017-300x72.jpg 300w, https:\/\/sites.usp.br\/icht2019\/wp-content\/uploads\/sites\/1497\/2017\/03\/icht2017-768x185.jpg 768w, https:\/\/sites.usp.br\/icht2019\/wp-content\/uploads\/sites\/1497\/2017\/03\/icht2017-400x96.jpg 400w\" sizes=\"auto, (max-width: 980px) 100vw, 980px\" \/><\/a><\/p>\n<p>O segundo col\u00f3quio internacional <a href=\"https:\/\/icht2.sciencesconf.org\/\" target=\"_blank\" rel=\"noopener noreferrer\">ICHT2017<\/a> foi realizado em Lyon, Fran\u00e7a, como um encontro complementar para o aprofundamento dos debates e reflex\u00f5es gerais sobre os trabalhos realizados considerando os seguintes temas: imagerias, mem\u00f3rias, proje\u00e7\u00f5es e projetos; &#8220;la ville douce&#8221;; re-imaginar o habitat prec\u00e1rio.<\/p>\n<p>J\u00e1 as atas dessa segunda edi\u00e7\u00e3o do ICHT est\u00e3o dispon\u00edveis <a href=\"https:\/\/icht2.sciencesconf.org\/resource\/page\/id\/6\" target=\"_blank\" rel=\"noopener noreferrer\">aqui<\/a>.<\/div>\n<\/div>\n<\/div>\n<\/div>\n<div id=\"pgc-111-0-1\"  class=\"panel-grid-cell panel-grid-cell-empty\"  data-weight=\"0.38196600790794\" ><\/div>\n<\/div>\n<\/div>","protected":false},"excerpt":{"rendered":"<p>BREVE HIST\u00d3RICO ICHT 2016 &#8211; S\u00e3o Paulo (Brasil) A primeira edi\u00e7\u00e3o do col\u00f3quio internacional ICHT2016 &#8211; Imagin\u00e1rio: Construir e Habitar a Terra \u2013 Cidades \u2018Inteligentes\u2019 e Po\u00e9ticas Urbanas, realizado na FAUUSP, S\u00e3o Paulo, prop\u00f4s uma revis\u00e3o cr\u00edtica dos potenciais do imagin\u00e1rio face aos desafios arquitet\u00f4nicos e urban\u00edsticos quanto a representar, projetar e construir no s\u00e9culo&hellip;<\/p>\n","protected":false},"author":309,"featured_media":0,"parent":0,"menu_order":0,"comment_status":"closed","ping_status":"closed","template":"","meta":{"footnotes":"","_links_to":"","_links_to_target":""},"class_list":["post-111","page","type-page","status-publish","hentry","post"],"_links":{"self":[{"href":"https:\/\/sites.usp.br\/icht2019\/wp-json\/wp\/v2\/pages\/111","targetHints":{"allow":["GET"]}}],"collection":[{"href":"https:\/\/sites.usp.br\/icht2019\/wp-json\/wp\/v2\/pages"}],"about":[{"href":"https:\/\/sites.usp.br\/icht2019\/wp-json\/wp\/v2\/types\/page"}],"author":[{"embeddable":true,"href":"https:\/\/sites.usp.br\/icht2019\/wp-json\/wp\/v2\/users\/309"}],"replies":[{"embeddable":true,"href":"https:\/\/sites.usp.br\/icht2019\/wp-json\/wp\/v2\/comments?post=111"}],"version-history":[{"count":7,"href":"https:\/\/sites.usp.br\/icht2019\/wp-json\/wp\/v2\/pages\/111\/revisions"}],"predecessor-version":[{"id":422,"href":"https:\/\/sites.usp.br\/icht2019\/wp-json\/wp\/v2\/pages\/111\/revisions\/422"}],"wp:attachment":[{"href":"https:\/\/sites.usp.br\/icht2019\/wp-json\/wp\/v2\/media?parent=111"}],"curies":[{"name":"wp","href":"https:\/\/api.w.org\/{rel}","templated":true}]}}