{"id":114,"date":"2017-03-27T00:01:58","date_gmt":"2017-03-27T02:01:58","guid":{"rendered":"http:\/\/sites.usp.br\/icht2023\/?page_id=114"},"modified":"2019-04-04T09:25:58","modified_gmt":"2019-04-04T11:25:58","slug":"organizacao","status":"publish","type":"page","link":"https:\/\/sites.usp.br\/icht2019\/organizacao\/","title":{"rendered":"Comit\u00ea de organiza\u00e7\u00e3o em S\u00e3o Paulo"},"content":{"rendered":"<div id=\"pl-114\" class=\"panel-layout\">\n<div id=\"pg-114-0\" class=\"panel-grid panel-no-style\" data-style=\"{&quot;background_image_attachment&quot;:false,&quot;background_display&quot;:&quot;tile&quot;,&quot;cell_alignment&quot;:&quot;flex-start&quot;}\" data-ratio=\"0.61803398\" data-ratio-direction=\"right\">\n<div id=\"pgc-114-0-0\" class=\"panel-grid-cell panel-grid-cell-mobile-last\" data-weight=\"0.61803399209206\">\n<div id=\"panel-114-0-0-0\" class=\"so-panel widget widget_sow-editor panel-first-child panel-last-child\" data-index=\"0\">\n<div class=\"so-widget-sow-editor so-widget-sow-editor-base\">\n<p><span style=\"text-decoration: underline;\">COORDENA\u00c7\u00c3O<\/span><\/p>\n<\/div>\n<div class=\"so-widget-sow-editor so-widget-sow-editor-base\">\n<div class=\"siteorigin-widget-tinymce textwidget\"><b><br \/>\n<\/b><a href=\"http:\/\/sites.usp.br\/icht2023\/wp-content\/uploads\/sites\/416\/2017\/03\/servletrecuperafoto.jpg\"><img loading=\"lazy\" decoding=\"async\" class=\"wp-image-397 size-thumbnail alignleft\" src=\"http:\/\/sites.usp.br\/icht2023\/wp-content\/uploads\/sites\/416\/2017\/03\/servletrecuperafoto-131x150.jpg\" alt=\"\" width=\"131\" height=\"150\" \/><\/a><strong>Prof. Dr. Artur S. Rozestraten<\/strong> (FAUUSP)<\/div>\n<div class=\"siteorigin-widget-tinymce textwidget\">\n<p>Livre-docente na \u00e1rea de conhecimento de Representa\u00e7\u00e3o do Projeto de Arquitetura e Urbanismo (2017), Doutor em Estruturas Ambientais Urbanas pela Faculdade de Arquitetura e Urbanismo da Universidade de S\u00e3o Paulo (2007), mesma institui\u00e7\u00e3o onde desenvolveu seu mestrado (2003) e graduou-se em Arquitetura e Urbanismo (1995). Professor associado \u00e0 FAUUSP-S\u00e3o Paulo no grupo de disciplinas de Metodologia na gradua\u00e7\u00e3o e na \u00e1rea de Representa\u00e7\u00f5es e Processos de Produ\u00e7\u00e3o na p\u00f3s-gradua\u00e7\u00e3o. \u00c9 coordenador do RELAB &#8211; Laborat\u00f3rio de Representa\u00e7\u00f5es da FAUUSP; pesquisador associado ao INCT Internet do Futuro para Cidades Inteligentes; coordenador do Grupo de Pesquisa CNPq &#8220;Representa\u00e7\u00f5es: Imagin\u00e1rio e Tecnologia&#8221; (RITe) (2013), vinculado ao Centre de Recherches Internationales sur l&#8217;Imaginaire CRI2i (2015).<\/p>\n<hr \/>\n<p><a href=\"http:\/\/sites.usp.br\/icht2023\/wp-content\/uploads\/sites\/416\/2017\/03\/gil.jpg\"><img loading=\"lazy\" decoding=\"async\" class=\"wp-image-398 size-thumbnail alignleft\" src=\"http:\/\/sites.usp.br\/icht2023\/wp-content\/uploads\/sites\/416\/2017\/03\/gil-150x150.jpg\" alt=\"\" width=\"150\" height=\"150\" srcset=\"https:\/\/sites.usp.br\/icht2019\/wp-content\/uploads\/sites\/1497\/2017\/03\/gil-150x150.jpg 150w, https:\/\/sites.usp.br\/icht2019\/wp-content\/uploads\/sites\/1497\/2017\/03\/gil-45x45.jpg 45w, https:\/\/sites.usp.br\/icht2019\/wp-content\/uploads\/sites\/1497\/2017\/03\/gil-200x200.jpg 200w\" sizes=\"auto, (max-width: 150px) 100vw, 150px\" \/><\/a><strong>Prof. Dr. Gil Barros<\/strong> (FAUUSP)<\/p>\n<p>Arquiteto e urbanista, professor e pesquisador. Tem gradua\u00e7\u00e3o em Arquitetura e Urbanismo pela FAUUSP (1999) e mestrado em engenharia el\u00e9trica pela Poli-USP (2006). Realizou o doutorado (2013) e conduziu pesquisas de p\u00f3s-doutorado (2014) na FAUUSP, focando no uso de modelos f\u00edsicos e conceituais no processo projetual. \u00c9 pesquisador associado ao grupo de pesquisa CNPq &#8220;Representa\u00e7\u00f5es: Imagin\u00e1rio e Tecnologia&#8221; (RITe) e orientador no programa de P\u00f3s-gradua\u00e7\u00e3o na FAUUSP. Tem experi\u00eancia nas \u00e1reas de projeto e gerenciamento de equipes e atua como pesquisador nos seguintes temas: uso de representa\u00e7\u00f5es no processo de projeto, organiza\u00e7\u00e3o do trabalho em projeto, e a estrutura profissional do arquiteto e urbanista.<\/p>\n<\/div>\n<\/div>\n<\/div>\n<\/div>\n<\/div>\n<\/div>\n<div id=\"pl-114\" class=\"panel-layout\">\n<div id=\"pg-114-0\" class=\"panel-grid panel-no-style\" data-style=\"{&quot;background_image_attachment&quot;:false,&quot;background_display&quot;:&quot;tile&quot;,&quot;cell_alignment&quot;:&quot;flex-start&quot;}\" data-ratio=\"0.61803398\" data-ratio-direction=\"right\">\n<div id=\"pgc-114-0-0\" class=\"panel-grid-cell panel-grid-cell-mobile-last\" data-weight=\"0.61803399209206\">\n<div id=\"panel-114-0-0-0\" class=\"so-panel widget widget_sow-editor panel-first-child panel-last-child\" data-index=\"0\">\n<div class=\"so-widget-sow-editor so-widget-sow-editor-base\">\n<div class=\"siteorigin-widget-tinymce textwidget\">\n<hr \/>\n<p><img loading=\"lazy\" decoding=\"async\" class=\"alignleft wp-image-226\" src=\"http:\/\/sites.usp.br\/icht2023\/wp-content\/uploads\/sites\/247\/2017\/03\/face3-150x150.jpg\" alt=\"face3\" width=\"120\" height=\"120\" srcset=\"https:\/\/sites.usp.br\/icht2019\/wp-content\/uploads\/sites\/1497\/2017\/03\/face3-150x150.jpg 150w, https:\/\/sites.usp.br\/icht2019\/wp-content\/uploads\/sites\/1497\/2017\/03\/face3-250x250.jpg 250w, https:\/\/sites.usp.br\/icht2019\/wp-content\/uploads\/sites\/1497\/2017\/03\/face3.jpg 300w, https:\/\/sites.usp.br\/icht2019\/wp-content\/uploads\/sites\/1497\/2017\/03\/face3-174x174.jpg 174w, https:\/\/sites.usp.br\/icht2019\/wp-content\/uploads\/sites\/1497\/2017\/03\/face3-45x45.jpg 45w, https:\/\/sites.usp.br\/icht2019\/wp-content\/uploads\/sites\/1497\/2017\/03\/face3-200x200.jpg 200w\" sizes=\"auto, (max-width: 120px) 100vw, 120px\" \/><strong>Prof\u00aa. Dra. Karina Oliveira Leit\u00e3o<\/strong> (FAUUSP)<\/p>\n<p>Professora da Faculdade de Arquitetura e Urbanismo da Universidade de S\u00e3o Paulo (FAUUSP). Possui gradua\u00e7\u00e3o em Arquitetura e Urbanismo pela Universidade Federal do Par\u00e1 &#8211; UFPA (1999), Mestrado pelo Programa de Integra\u00e7\u00e3o da Am\u00e9rica Latina da Universidade de S\u00e3o Paulo &#8211; PROLAM-USP (2004) e Doutorado em Planejamento Urbano e Regional pela Faculdade de Arquitetura e Urbanismo da Universidade de S\u00e3o Paulo &#8211; FAUUSP (2009). Desde 2002 \u00e9 pesquisadora, e desde 2009 Coordenadora de Pesquisas e Extens\u00e3o, e do Grupo de Forma\u00e7\u00e3o em Estudos Urbanos do Laborat\u00f3rio de Habita\u00e7\u00e3o e Assentamentos Humanos da FAUUSP, que passou tamb\u00e9m a coordenar desde 2016. Tem experi\u00eancia como consultora independente junto a institui\u00e7\u00f5es como: Instituto P\u00f3lis, Alian\u00e7a de Cidades, Minist\u00e9rio das Cidades, FUPAM e FESPSP, e diversas prefeituras, na \u00e1rea de Planejamento Urbano e Regional, com \u00eanfase em Pol\u00edticas Urbana e de Habita\u00e7\u00e3o de Interesse Social e Gest\u00e3o Municipal.<span class=\"texto\"><br \/>\n<\/span><\/p>\n<hr \/>\n<p><a href=\"http:\/\/sites.usp.br\/icht2023\/wp-content\/uploads\/sites\/416\/2017\/03\/sara.jpg\"><img loading=\"lazy\" decoding=\"async\" class=\"wp-image-399 size-thumbnail alignleft\" src=\"http:\/\/sites.usp.br\/icht2023\/wp-content\/uploads\/sites\/416\/2017\/03\/sara-150x150.jpg\" alt=\"\" width=\"150\" height=\"150\" srcset=\"https:\/\/sites.usp.br\/icht2019\/wp-content\/uploads\/sites\/1497\/2017\/03\/sara-150x150.jpg 150w, https:\/\/sites.usp.br\/icht2019\/wp-content\/uploads\/sites\/1497\/2017\/03\/sara-45x45.jpg 45w\" sizes=\"auto, (max-width: 150px) 100vw, 150px\" \/><\/a><strong>Prof\u00aa. Dra. Sara Miriam Goldchmit<\/strong> (FAUUSP)<\/p>\n<p>Professora doutora do departamento de projeto da Faculdade de Arquitetura e Urbanismo da Universidade de S\u00e3o Paulo, no grupo de disciplinas de programa\u00e7\u00e3o visual. Possui gradua\u00e7\u00e3o em Arquitetura e Urbanismo (2002), Mestrado (2008) e Doutorado (2013) em Design e Arquitetura tamb\u00e9m pela FAU-USP. Tem experi\u00eancia na \u00e1rea de Design Visual, atuando principalmente nos temas: comunica\u00e7\u00e3o visual, linguagens, processos criativos e ensino.<\/p>\n<hr \/>\n<p><a href=\"http:\/\/sites.usp.br\/icht2023\/wp-content\/uploads\/sites\/416\/2017\/03\/Untitled.png\"><img loading=\"lazy\" decoding=\"async\" class=\"wp-image-444 size-thumbnail alignleft\" src=\"http:\/\/sites.usp.br\/icht2023\/wp-content\/uploads\/sites\/416\/2017\/03\/Untitled-150x150.png\" alt=\"\" width=\"150\" height=\"150\" srcset=\"https:\/\/sites.usp.br\/icht2019\/wp-content\/uploads\/sites\/1497\/2017\/03\/Untitled-150x150.png 150w, https:\/\/sites.usp.br\/icht2019\/wp-content\/uploads\/sites\/1497\/2017\/03\/Untitled-45x45.png 45w, https:\/\/sites.usp.br\/icht2019\/wp-content\/uploads\/sites\/1497\/2017\/03\/Untitled-200x200.png 200w\" sizes=\"auto, (max-width: 150px) 100vw, 150px\" \/><\/a><strong> Prof. Dr. Vladimir Bartalini<\/strong> (FAUUSP)<\/p>\n<p>Arquiteto e urbanista, dedica-se ao ensino e \u00e0 pesquisa sobre paisagem no grupo de disciplinas de gradua\u00e7\u00e3o e na \u00e1rea de concentra\u00e7\u00e3o do Programa de P\u00f3s-Gradua\u00e7\u00e3o da Faculdade de Arquitetura e Urbanismo da Universidade de S\u00e3o Paulo. \u00c9 integrante do Laborat\u00f3rio Paisagem, Arte e Cultura da mesma faculdade.<\/p>\n<\/div>\n<p>&nbsp;<\/p>\n<div class=\"siteorigin-widget-tinymce textwidget\">\n<p>&nbsp;<\/p>\n<p><strong>Alessandra Fudoli<\/strong> &#8211; graduanda FAUUSP<\/p>\n<p><strong>Arthur Cabral<\/strong> &#8211; doutorando FAUUSP (UFG)<\/p>\n<p><strong>Bruna Keese dos Santos <\/strong>&#8211; mestranda FAUUSP<\/p>\n<p><strong>Caio Adorno Vass\u00e3o<\/strong> &#8211; p\u00f3s-doutorando RITe<\/p>\n<p><strong>Daniele Queiroz dos Santos<\/strong> &#8211; mestre FAUUSP<\/p>\n<p><strong>Daniel Perseguim<\/strong> &#8211; mestrando ECAUSP<\/p>\n<p><strong>Diogo Augusto Pereira<\/strong> &#8211; mestrando FAUUSP<\/p>\n<p><strong>Fabiana Imamura<\/strong> &#8211; graduanda FAUUSP<\/p>\n<p><strong>Fernando Gobbo<\/strong> &#8211; mestre FAUUSP (UNISEB)<\/p>\n<p><strong>Gabriel Figueiredo<\/strong> &#8211; mestrando FAUUSP<\/p>\n<p><strong>Giovanni Francischelli<\/strong> &#8211; mestrando ECAUSP<\/p>\n<p><strong>Janaina Mimura<\/strong> &#8211; arquiteta, intercambista FAUUSP<\/p>\n<p><strong>Julia Tranchesi<\/strong> &#8211; mestranda ECAUSP<\/p>\n<p><strong>Juliana Eiko Hiroki<\/strong> &#8211; mestre FAUUSP<\/p>\n<p><strong>Juliano Carlos Cec\u00edlio Batista Oliveira<\/strong> (UFU)<\/p>\n<p><strong>L\u00edvia Perez<\/strong> &#8211; doutoranda ECAUSP<\/p>\n<p><strong>Rodrigo Luiz Minot Gutierrez<\/strong> &#8211; doutorando FAUUSP (UNIUBE)<\/p>\n<p><strong>William Chinen<\/strong> &#8211; graduando FAUUSP<\/p>\n<p>&nbsp;<\/p>\n<\/div>\n<\/div>\n<\/div>\n<\/div>\n<div id=\"pgc-114-0-1\" class=\"panel-grid-cell panel-grid-cell-empty\" data-weight=\"0.38196600790794\"><\/div>\n<\/div>\n<\/div>","protected":false},"excerpt":{"rendered":"<p>COORDENA\u00c7\u00c3O Prof. Dr. Artur S. Rozestraten (FAUUSP) Livre-docente na \u00e1rea de conhecimento de Representa\u00e7\u00e3o do Projeto de Arquitetura e Urbanismo (2017), Doutor em Estruturas Ambientais Urbanas pela Faculdade de Arquitetura e Urbanismo da Universidade de S\u00e3o Paulo (2007), mesma institui\u00e7\u00e3o onde desenvolveu seu mestrado (2003) e graduou-se em Arquitetura e Urbanismo (1995). Professor associado \u00e0&hellip;<\/p>\n","protected":false},"author":309,"featured_media":0,"parent":0,"menu_order":0,"comment_status":"closed","ping_status":"closed","template":"","meta":{"footnotes":"","_links_to":"","_links_to_target":""},"class_list":["post-114","page","type-page","status-publish","hentry","post"],"_links":{"self":[{"href":"https:\/\/sites.usp.br\/icht2019\/wp-json\/wp\/v2\/pages\/114","targetHints":{"allow":["GET"]}}],"collection":[{"href":"https:\/\/sites.usp.br\/icht2019\/wp-json\/wp\/v2\/pages"}],"about":[{"href":"https:\/\/sites.usp.br\/icht2019\/wp-json\/wp\/v2\/types\/page"}],"author":[{"embeddable":true,"href":"https:\/\/sites.usp.br\/icht2019\/wp-json\/wp\/v2\/users\/309"}],"replies":[{"embeddable":true,"href":"https:\/\/sites.usp.br\/icht2019\/wp-json\/wp\/v2\/comments?post=114"}],"version-history":[{"count":6,"href":"https:\/\/sites.usp.br\/icht2019\/wp-json\/wp\/v2\/pages\/114\/revisions"}],"predecessor-version":[{"id":577,"href":"https:\/\/sites.usp.br\/icht2019\/wp-json\/wp\/v2\/pages\/114\/revisions\/577"}],"wp:attachment":[{"href":"https:\/\/sites.usp.br\/icht2019\/wp-json\/wp\/v2\/media?parent=114"}],"curies":[{"name":"wp","href":"https:\/\/api.w.org\/{rel}","templated":true}]}}