{"id":267,"date":"2018-09-04T16:15:07","date_gmt":"2018-09-04T18:15:07","guid":{"rendered":"http:\/\/sites.usp.br\/icht2023\/?page_id=267"},"modified":"2019-04-02T08:08:01","modified_gmt":"2019-04-02T10:08:01","slug":"trabalhos-selecionados","status":"publish","type":"page","link":"https:\/\/sites.usp.br\/icht2019\/trabalhos-selecionados\/","title":{"rendered":"Trabalhos aceitos"},"content":{"rendered":"<div id=\"pl-267\" class=\"panel-layout\">\n<div id=\"pg-267-0\" class=\"panel-grid panel-no-style\" data-style=\"{&quot;background_image_attachment&quot;:false,&quot;background_display&quot;:&quot;tile&quot;,&quot;cell_alignment&quot;:&quot;flex-start&quot;}\" data-ratio=\"0.61803398\" data-ratio-direction=\"right\">\n<div id=\"pgc-267-0-0\" class=\"panel-grid-cell panel-grid-cell-mobile-last\" data-weight=\"0.61803399209206\">\n<div class=\"so-widget-sow-editor so-widget-sow-editor-base\">\n<p>Parab\u00e9ns a todos os autores selecionados pelo Comit\u00ea Cient\u00edfico! Seguem aqui informa\u00e7\u00f5es para a formata\u00e7\u00e3o e o envio dos artigos completos.<\/p>\n<p>O template para formata\u00e7\u00e3o do artigo completo a ser publicado nas Atas Digitais do Evento est\u00e1 dispon\u00edvel <a href=\"https:\/\/docs.google.com\/document\/d\/14iLOMw6biVGHcdZnZcxAebqRnEeiSvzmNuTiEXhV5OM\/edit?usp=sharing\">aqui<\/a>.<\/p>\n<p>Os trabalhos ser\u00e3o apresentados como p\u00f4steres em uma sess\u00e3o espec\u00edfica na abertura do Col\u00f3quio. Em breve estar\u00e1 dispon\u00edvel aqui um template para o p\u00f4ster.<\/p>\n<p>Ap\u00f3s a sess\u00e3o de p\u00f4steres, as mesas-redondas ir\u00e3o interagir, no debate, com alguns autores escolhidos a partir de afinidades com seus temas\/t\u00edtulos espec\u00edficos.<\/p>\n<p><strong>A data limite para envio dos textos pelo EasyChair \u00e9 at\u00e9 \u00e0s 23h59 (Hor\u00e1rio de Bras\u00edlia) da sexta-feira dia 1 de Mar\u00e7o de 2019.<\/strong><\/p>\n<p>As contribui\u00e7\u00f5es ser\u00e3o aceitas nas l\u00ednguas originais das submiss\u00f5es dos resumos em Portugu\u00eas, Franc\u00eas, Espanhol e Ingl\u00eas.<\/p>\n<p>&nbsp;<\/p>\n<\/div>\n<h4 id=\"panel-267-0-0-0\" class=\"so-panel widget widget_sow-editor panel-first-child panel-last-child\" data-index=\"0\">Resumos<\/h4>\n<p><strong>1. Mobilidade das imagens: continuidades, rupturas e experimenta\u00e7\u00f5es\u00a0<\/strong><\/p>\n<table>\n<tbody>\n<tr>\n<td><strong>Lu\u00eds Henrique Ramalho Pereira, Valeska Fortes de Oliveira e Luciano Anchieta Benitez<\/strong><\/td>\n<td><span style=\"font-weight: 400;\">Cartofilmando \u00e0 cidade das crian\u00e7as: h\u00e1 experi\u00eancia de forma\u00e7\u00e3o em companhia da cidade e do cinema?<\/span><\/td>\n<\/tr>\n<tr>\n<td><strong>Marcelo Arnellas<\/strong><\/td>\n<td><span style=\"font-weight: 400;\">Transver a ru\u00edna: o vazio e os deslimites da imagem na experimenta\u00e7\u00e3o audiovisual<\/span><\/td>\n<\/tr>\n<tr>\n<td><strong>Tana\u00efs Rolland<\/strong><\/td>\n<td><span style=\"font-weight: 400;\">Philosophie politique de la participation en urbanisme<\/span><\/td>\n<\/tr>\n<tr>\n<td><strong>Viviane Silveira, Dariane F\u00e9lix e Lu\u00eds Pereira<\/strong><\/td>\n<td><span style=\"font-weight: 400;\">Psicologia e fotografia: o olhar do psic\u00f3logo sobre imagens que retratam o brincar na inf\u00e2ncia<\/span><\/td>\n<\/tr>\n<\/tbody>\n<\/table>\n<\/div>\n<p>&nbsp;<\/p>\n<p><strong>2. Terra, paisagens, lugares: imagin\u00e1rios \/ representa\u00e7\u00f5es<\/strong><\/p>\n<table>\n<tbody>\n<tr>\n<td><b>Amon Christian Lasmar<\/b><\/td>\n<td><span style=\"font-weight: 400;\">FORMASLUGAR &#8211; Paisagens, Imagin\u00e1rios e Representa\u00e7\u00e3o gr\u00e1fica<\/span><\/td>\n<\/tr>\n<tr>\n<td><b>Ana Carolina Carmona-Ribeiro<\/b><\/td>\n<td><span style=\"font-weight: 400;\">&#8220;Cafezais que a Paulista colhe&#8221;: representa\u00e7\u00f5es do caf\u00e9 no modernismo paulista<\/span><\/td>\n<\/tr>\n<tr>\n<td><b>Antoinette Kuijlaars<\/b><\/td>\n<td><span style=\"font-weight: 400;\">Le carnaval des \u00e9coles de samba dans l&#8217;espace et la l\u00e9gitimation de la culture populaire br\u00e9silienne.<\/span><\/td>\n<\/tr>\n<tr>\n<td><b>Arthur Sim\u00f5es Caetano Cabral<\/b><\/td>\n<td><span style=\"font-weight: 400;\">Da flor da pele \u00e0 cor da tela: a experi\u00eancia corp\u00f3rea e a pr\u00e1tica pict\u00f3rica em paisagens de interst\u00edcios urbanos<\/span><\/td>\n<\/tr>\n<tr>\n<td><b>Catarina Vitorino<\/b><\/td>\n<td><span style=\"font-weight: 400;\">Recreating the earth: moving mountains, imagined topographies, and the debt of contemporary architecture<\/span><\/td>\n<\/tr>\n<tr>\n<td><b>H\u00e9dia Abdelk\u00e9fi<\/b><\/td>\n<td><span style=\"font-weight: 400;\">\u00ab Villes arabes et imaginaire urbain chez quelques \u00e9crivains des deux rives de la m\u00e9diterran\u00e9e \u00bb<\/span><\/td>\n<\/tr>\n<tr>\n<td><b>Jean Louis Yengue, Damien Thierry, Marietou Diouf e Maxime Perronnet<\/b><\/td>\n<td><span style=\"font-weight: 400;\">Paysage et Environnement. L\u2019usage de la d\u00e9mocratie participative pour une proc\u00e9dure de d\u00e9pollution des sols<\/span><\/td>\n<\/tr>\n<tr>\n<td><b>Jean Sirdey<\/b><\/td>\n<td><span style=\"font-weight: 400;\">Usage du m\u00e9talangage et risque de d\u00e9crochage: sensibiliser l&#8217;urbanisme \u00e0 la lecture de l\u2019\u0153uvre de Pierre Sansot<\/span><\/td>\n<\/tr>\n<tr>\n<td><b>Jennifer Buyck<\/b><\/td>\n<td><span style=\"font-weight: 400;\">Habiter la Terre par la f\u00eate : Pratiques festives, r\u00e9silience des communaut\u00e9s et villes du 21\u00e8me si\u00e8cle<\/span><\/td>\n<\/tr>\n<tr>\n<td><b>Joana Schossler<\/b><\/td>\n<td><span style=\"font-weight: 400;\">A forma do sonho: elementos m\u00e1gicos e reais para habitar o territ\u00f3rio mar\u00edtimo<\/span><\/td>\n<\/tr>\n<tr>\n<td><b>Laura Pappalardo<\/b><\/td>\n<td><span style=\"font-weight: 400;\">Guia introdut\u00f3rio de como ver ondas<\/span><\/td>\n<\/tr>\n<tr>\n<td><b>Let\u00edcia Gabriel<\/b><\/td>\n<td><span style=\"font-weight: 400;\">O caminhar, a fotografia, o desenho e a cartografia: quais as potencialidades para o imagin\u00e1rio do futuro arquiteto e urbanista?<\/span><\/td>\n<\/tr>\n<tr>\n<td><b>Luciano Pessoa<\/b><\/td>\n<td><span style=\"font-weight: 400;\">A terra e os seres da imagina\u00e7\u00e3o: Medita\u00e7\u00f5es sobre as imagens da terra e os territ\u00f3rios da imagem em Calvino e Bachelard<\/span><\/td>\n<\/tr>\n<tr>\n<td><b>Marcelo Arnellas<\/b><\/td>\n<td><span style=\"font-weight: 400;\">Transver a ru\u00edna: o vazio e os deslimites da imagem na experimenta\u00e7\u00e3o audiovisual<\/span><\/td>\n<\/tr>\n<tr>\n<td><b>Marina Alc\u00e2ntara, Josicler Orbem Alberton, Luis Guilherme Aita Pippi, C\u00edntia Maria Fank e Maria Hoff Barcelos<\/b><\/td>\n<td><span style=\"font-weight: 400;\">Caminhar e imaginar a cidade: extens\u00e3o, viv\u00eancias e reflex\u00f5es<\/span><\/td>\n<\/tr>\n<tr>\n<td><b>Marina Silva Melo<\/b><\/td>\n<td><span style=\"font-weight: 400;\">Etnografia dos Tipos da Rua Dom Jos\u00e9 de Barros<\/span><\/td>\n<\/tr>\n<tr>\n<td><b>Nelson Cortes Pacheco Junior<\/b><\/td>\n<td><span style=\"font-weight: 400;\">Produzindo lugaridades: as rela\u00e7\u00f5es entre os mission\u00e1rios protestantes e os guineenses.<\/span><\/td>\n<\/tr>\n<tr>\n<td><b>Renata Neves<\/b><\/td>\n<td><span style=\"font-weight: 400;\">A pr\u00e1tica art\u00edstica para uma perspectiva do regionalismo cr\u00edtico<\/span><\/td>\n<\/tr>\n<\/tbody>\n<\/table>\n<p>&nbsp;<\/p>\n<p><strong>3. Deslocamentos da imagem do arquiteto: processo e produ\u00e7\u00e3o para a complexidade<\/strong><\/p>\n<table>\n<tbody>\n<tr>\n<td><b>Carolina Guida Cardoso Carmo, Barbara Caetano Damasceno, Aline Dos Santos Souza e Yasmin Arielly Cavalcante<\/b><\/td>\n<td><span style=\"font-weight: 400;\">A arquitetura e urbanismo enquanto ferramenta de atua\u00e7\u00e3o social no territ\u00f3rio ocupado<\/span><\/td>\n<\/tr>\n<tr>\n<td><b>Diego Liberato Gomes<\/b><\/td>\n<td><span style=\"font-weight: 400;\">Arquitetura e Urbanismo como vetor auxiliador na Sa\u00fade Mental<\/span><\/td>\n<\/tr>\n<tr>\n<td><b>Helena Aparecida Ayoub Silva e Felipe De Souza Noto<\/b><\/td>\n<td><span style=\"font-weight: 400;\">O quarteir\u00e3o como tipo urbano<\/span><\/td>\n<\/tr>\n<tr>\n<td><b>Juliana Hiroki<\/b><\/td>\n<td><span style=\"font-weight: 400;\">A Imagem do arquiteto \u2013 imagin\u00e1rios, discursos, mitos e representa\u00e7\u00f5es: O problema da desumaniza\u00e7\u00e3o dos processos projetuais.<\/span><\/td>\n<\/tr>\n<tr>\n<td><b>Juliano Oliveira, Ta\u00edsa Mota e Vitt\u00f3ria Cunha<\/b><\/td>\n<td><span style=\"font-weight: 400;\">Revisando o papel do arquiteto urbanista: nova perspectivas para uma pr\u00e1tica socialmente engajada<\/span><\/td>\n<\/tr>\n<tr>\n<td><b>Renata Neves e L\u00edgia Dias<\/b><\/td>\n<td><span style=\"font-weight: 400;\">A a\u00e7\u00e3o da arte e o estado do corpo<\/span><\/td>\n<\/tr>\n<\/tbody>\n<\/table>\n<p>&nbsp;<\/p>\n<div id=\"pgc-267-0-0\" class=\"panel-grid-cell panel-grid-cell-mobile-last\" data-weight=\"0.61803399209206\">\n<div id=\"panel-267-0-0-0\" class=\"so-panel widget widget_sow-editor panel-first-child panel-last-child\" data-index=\"0\">\n<div class=\"so-widget-sow-editor so-widget-sow-editor-base\">\n<p><strong>4. Representando conflitos e resist\u00eancias: cartografias e o campo ampliado da produ\u00e7\u00e3o de imagens contra-hegem\u00f4nicas<\/strong><\/p>\n<table>\n<tbody>\n<tr>\n<td><b>Carolina Simon<\/b><\/td>\n<td><span style=\"font-weight: 400;\">O peso da compreens\u00e3o do imagin\u00e1rio na ressignifica\u00e7\u00e3o espacial dos Centros de Controle de Zoonoses<\/span><\/td>\n<\/tr>\n<tr>\n<td><b>Debora Sanches, Jeroen Stevens e Marcele Piotto<\/b><\/td>\n<td><span style=\"font-weight: 400;\">Ocupa\u00e7\u00f5es e urbanismo insurgentes: \u00e1rea central de S\u00e3o Paulo<\/span><\/td>\n<\/tr>\n<tr>\n<td><b>Frederico Canuto, Simone Cortez\u00e3o e Marco Aurelio Marinho de Melo<\/b><\/td>\n<td><span style=\"font-weight: 400;\">Imagens do Sul Global: narrativas da viol\u00eancia.<\/span><\/td>\n<\/tr>\n<tr>\n<td><b>Giovanna Merli e Maria Eliza Guerra<\/b><\/td>\n<td><span style=\"font-weight: 400;\">Cartografia de g\u00eanero: como mulheres de Uberl\u00e2ndia se relacionam com o espa\u00e7o urbano<\/span><\/td>\n<\/tr>\n<tr>\n<td><b>J\u00falio Barretto Gadelha<\/b><\/td>\n<td><span style=\"font-weight: 400;\">Instrumentos projetuais de Arquitetura e Urbanismo, como agentes transformadores, tendo como par\u00e2metro a escala da crian\u00e7a.<\/span><\/td>\n<\/tr>\n<tr>\n<td><b>Lahys Alves e Luiz Monte<\/b><\/td>\n<td><span style=\"font-weight: 400;\">Vivenciando paisagens e lugares: O caminhar como a arte de habitar a cidade<\/span><\/td>\n<\/tr>\n<tr>\n<td><b>Luana Souza<\/b><\/td>\n<td><span style=\"font-weight: 400;\">Diagrama ator-rede: a representa\u00e7\u00e3o de autoconstru\u00e7\u00e3o em ocupa\u00e7\u00f5es informais em palafitas<\/span><\/td>\n<\/tr>\n<tr>\n<td><b>Marcella Raysa T\u00f4rres Vasconcelos<\/b><\/td>\n<td><span style=\"font-weight: 400;\">Pr\u00e1ticas cartogr\u00e1ficas na arte e a representa\u00e7\u00e3o de territ\u00f3rios contempor\u00e2neos atrav\u00e9s do grupo Rimini Protokoll<\/span><\/td>\n<\/tr>\n<tr>\n<td><b>Mar\u00edlia Paiva<\/b><\/td>\n<td><span style=\"font-weight: 400;\">domus.domic\u00edlio.dominios<\/span><\/td>\n<\/tr>\n<tr>\n<td><b>Marina Silva Melo<\/b><\/td>\n<td><span style=\"font-weight: 400;\">Etnografia dos Tipos da Rua Dom Jos\u00e9 de Barros<\/span><\/td>\n<\/tr>\n<tr>\n<td><b>Renata Neves<\/b><\/td>\n<td><span style=\"font-weight: 400;\">A pr\u00e1tica art\u00edstica para uma perspectiva do regionalismo cr\u00edtico<\/span><\/td>\n<\/tr>\n<tr>\n<td><b>Ruth Troncarelli <\/b><\/td>\n<td><span style=\"font-weight: 400;\">Arquitetura Ind\u00edgena Alto Xinguana: um estudo das representa\u00e7\u00f5es<\/span><\/td>\n<\/tr>\n<\/tbody>\n<\/table>\n<p>&nbsp;<\/p>\n<\/div>\n<p><strong>5. Cidade e imagem: fotografia e experi\u00eancia urbana<\/strong><\/p>\n<\/div>\n<table>\n<tbody>\n<tr>\n<td><b>Carolina Carmo<\/b><\/td>\n<td><span style=\"font-weight: 400;\">Disputas pela cidade a partir do Streaming: Unbreakable Kimmy Schmidt e o Retrato da Gentrifica\u00e7\u00e3o<\/span><\/td>\n<\/tr>\n<tr>\n<td><b>Cybelle Salvador Miranda e Vith\u00f3ria Carvalho da Silva<\/b><\/td>\n<td><span style=\"font-weight: 400;\">A Foto-mem\u00f3ria e o Fantasma do Passado: as dial\u00e9ticas da imagem e da mem\u00f3ria sobre o espa\u00e7o urbano<\/span><\/td>\n<\/tr>\n<tr>\n<td><b>Leticia De F\u00e1tima Coutinho, Larissa Fauri e Wallace Moreira<\/b><\/td>\n<td><span style=\"font-weight: 400;\">O imagin\u00e1rio da paisagem: a fotografia como m\u00e9todo de interven\u00e7\u00e3o na cidade.<\/span><\/td>\n<\/tr>\n<tr>\n<td><b>Renata Neves<\/b><\/td>\n<td><span style=\"font-weight: 400;\">A pr\u00e1tica art\u00edstica para uma perspectiva do regionalismo cr\u00edtico<\/span><\/td>\n<\/tr>\n<\/tbody>\n<\/table>\n<p>&nbsp;<\/p>\n<p><strong>6. Cen\u00e1rios Urbanos Futuros<\/strong><\/p>\n<\/div>\n<table>\n<tbody>\n<tr>\n<td><b>Laura Pappalardo<\/b><\/td>\n<td><span style=\"font-weight: 400;\">Guia introdut\u00f3rio de como ver ondas<\/span><\/td>\n<\/tr>\n<tr>\n<td><b>Renata Neves e L\u00edgia Dias<\/b><\/td>\n<td><span style=\"font-weight: 400;\">A a\u00e7\u00e3o da arte e o estado do corpo<\/span><\/td>\n<\/tr>\n<tr>\n<td><b>Renata Neves<\/b><\/td>\n<td><span style=\"font-weight: 400;\">A pr\u00e1tica art\u00edstica para uma perspectiva do regionalismo cr\u00edtico<\/span><\/td>\n<\/tr>\n<tr>\n<td><b>Eduardo Ono<\/b><\/td>\n<td><span style=\"font-weight: 400;\">A desconstru\u00e7\u00e3o do imagin\u00e1rio das smart cities atrav\u00e9s da implanta\u00e7\u00e3o de tecnologias em regi\u00f5es perif\u00e9ricas<\/span><\/td>\n<\/tr>\n<tr>\n<td><b>Eliane Constantinou e Let\u00edcia Bettio Machado<\/b><\/td>\n<td><span style=\"font-weight: 400;\">Cen\u00e1rios de Transforma\u00e7\u00e3o da Habita\u00e7\u00e3o no 4\u00ba Distrito de Porto Alegre<\/span><\/td>\n<\/tr>\n<tr>\n<td><b>Estefani Lago, Vitor Haab e Maira Schmitz<\/b><\/td>\n<td><span style=\"font-weight: 400;\">Levantamento e identifica\u00e7\u00e3o de documentos pertinentes \u00e0 valoriza\u00e7\u00e3o do patrim\u00f4nio cultural no acervo do Museu de Santa Rosa\/RS.<\/span><\/td>\n<\/tr>\n<tr>\n<td><b>Isabela R. Barreto, Roberto E. dos Santos e Rodrigo Marcandier<\/b><\/td>\n<td><span style=\"font-weight: 400;\">Imagens para a Imagina\u00e7\u00e3o da Cidade<\/span><\/td>\n<\/tr>\n<tr>\n<td><b>Isabelle Krzywkowski<\/b><\/td>\n<td><span style=\"font-weight: 400;\">\u00ab Establish a Community Gardens District \u00bb : jardins communautaires et imaginaire urbain<\/span><\/td>\n<\/tr>\n<tr>\n<td><b>Lucia Meneghetti<\/b><\/td>\n<td><span style=\"font-weight: 400;\">Dados digitais no espa\u00e7o p\u00fablico: visibilidade e vigil\u00e2ncia distribu\u00edda em cidades brasileiras.<\/span><\/td>\n<\/tr>\n<tr>\n<td><b>Rody Carvalho Santana e Luis Gustavo Goncalves Costa<\/b><\/td>\n<td><span style=\"font-weight: 400;\">C\u00e1psula: arquitetura l\u00edquida para uma sociedade l\u00edquida.<\/span><\/td>\n<\/tr>\n<tr>\n<td><b>Salma Ribeiro e Cybelle Miranda<\/b><\/td>\n<td><span style=\"font-weight: 400;\">Cine \u00d3pera: resist\u00eancia e performances de imagens e corpos<\/span><\/td>\n<\/tr>\n<tr>\n<td><b>Vin\u00edcius Pereira<\/b><\/td>\n<td><span style=\"font-weight: 400;\">M\u00e1quinas inteligentes: a constru\u00e7\u00e3o de um imagin\u00e1rio a partir do cinema<\/span><\/td>\n<\/tr>\n<\/tbody>\n<\/table>\n<p>&nbsp;<\/p>\n<p><strong>7. Arquitetura e audiovisual: a disputa pelo espa\u00e7o nas telas<\/strong><\/p>\n<table>\n<tbody>\n<tr>\n<td><b>Carolina Carmo<\/b><\/td>\n<td><span style=\"font-weight: 400;\">Disputas pela cidade a partir do Streaming: Unbreakable Kimmy Schmidt e o Retrato da Gentrifica\u00e7\u00e3o<\/span><\/td>\n<\/tr>\n<tr>\n<td><b>Fernando Kennedy Braga Oliveira, Luis Eduardo dos Santos Borda e Adriane Silv\u00e9rio Neto<\/b><\/td>\n<td><span style=\"font-weight: 400;\">Inferno: religi\u00e3o, pol\u00edtica e cidade no curta metragem de Yael Bartana<\/span><\/td>\n<\/tr>\n<tr>\n<td><b>Hichem Ismail<\/b><\/td>\n<td><span style=\"font-weight: 400;\">L\u2019imaginaire de la ville antique : de la fiction \u00e0 l\u2019adaptation cin\u00e9matographique<\/span><\/td>\n<\/tr>\n<tr>\n<td><b>Ma\u00edsa Fonseca de Almeida, Milena Cristina Sartori, Ma\u00edra Cristo Daitx, B\u00e1rbara Pozza Scudeller, Tain\u00e1 Hermoso e B\u00e1rbara Gon\u00e7alves Guazzelli<\/b><\/td>\n<td><span style=\"font-weight: 400;\">O document\u00e1rio de resist\u00eancia como contranarrativa nas disputas pelo espa\u00e7o urbano<\/span><\/td>\n<\/tr>\n<tr>\n<td><b>Marcelo Arnellas<\/b><\/td>\n<td><span style=\"font-weight: 400;\">Transver a ru\u00edna: o vazio e os deslimites da imagem na experimenta\u00e7\u00e3o audiovisual<\/span><\/td>\n<\/tr>\n<tr>\n<td><b>Maria Ang\u00e9lica Mocci e Gisela Cunha Viana Leonelli<\/b><\/td>\n<td><span style=\"font-weight: 400;\">O papel do audiovisual na reflex\u00e3o sobre o espa\u00e7o urbano: uma an\u00e1lise a partir de Pra\u00e7a Walt Disney e O Som ao Redor<\/span><\/td>\n<\/tr>\n<\/tbody>\n<\/table>\n<div id=\"pgc-267-0-0\" class=\"panel-grid-cell panel-grid-cell-mobile-last\" data-weight=\"0.61803399209206\">\n<div id=\"panel-267-0-0-0\" class=\"so-panel widget widget_sow-editor panel-first-child panel-last-child\" data-index=\"0\">\n<div class=\"so-widget-sow-editor so-widget-sow-editor-base\">\n<h4><\/h4>\n<p>&nbsp;<\/p>\n<h4><strong>Orienta\u00e7\u00f5es para submiss\u00e3o de resumos (ENCERRADA)<\/strong><\/h4>\n<p>O ICHT2019 convida os pesquisadores a submeterem resumos de trabalhos que ser\u00e3o apresentados como p\u00f4steres em uma sess\u00e3o espec\u00edfica na abertura do Col\u00f3quio e ser\u00e3o tamb\u00e9m publicados, como artigos completos, nas Atas Digitais do Evento.<\/p>\n<p>A ideia \u00e9 que os autores submetam seus resumos a partir de afinidades com um dos temas\/t\u00edtulos espec\u00edficos das mesas-redondas que ocorrer\u00e3o no Col\u00f3quio.<\/p>\n<p>Espera-se que os p\u00f4steres\/artigos dialoguem com as mesas e que, durante o debate de cada mesa, tais afinidades aflorem como quest\u00f5es e reflex\u00f5es.<\/p>\n<p>Os resumos devem ser submetidos atrav\u00e9s <a href=\"https:\/\/easychair.org\/conferences\/?conf=icht2019\">deste link no sistema EasyChair: https:\/\/easychair.org\/conferences\/?conf=icht2019<\/a><\/p>\n<p>N\u00e3o h\u00e1 nenhuma formata\u00e7\u00e3o pr\u00e9via, nem a necessidade de se anexar algum arquivo. O \u00fanico ponto fundamental a considerar \u00e9 o limite de 1.500 palavras.<\/p>\n<p><del><strong>A data limite para a submiss\u00e3o de resumos \u00e9 at\u00e9 \u00e0s 23h59 (Hor\u00e1rio de Bras\u00edlia) da segunda-feira dia 5 de Novembro de 2018<\/strong><\/del><\/p>\n<p>As contribui\u00e7\u00f5es ser\u00e3o aceitas em Portugu\u00eas, Franc\u00eas, Espanhol e Ingl\u00eas.<\/p>\n<p>Os temas\/t\u00edtulos hom\u00f4nimos \u00e0s mesas-redondas s\u00e3o os seguintes:<\/p>\n<p><strong>1. Mobilidade das imagens: continuidades, rupturas e experimenta\u00e7\u00f5es <\/strong><br \/>\nEste tema se prop\u00f5e a explorar a natureza din\u00e2mica, cambiante, e propriamente simb\u00f3lica das imagens do construir e do habitar manifestas em meios diversos na cidade contempor\u00e2nea, com especial aten\u00e7\u00e3o \u00e0s experimenta\u00e7\u00f5es audiovisuais e \u00e0s imagens cinematogr\u00e1ficas. Esta abordagem pretende investigar nesta natureza m\u00f3vel das imagens, tanto as continuidades, sobreviv\u00eancias ou preserva\u00e7\u00f5es de determinadas caracter\u00edsticas da p\u00f3lis, quanto as rupturas, descontinuidades e fragmenta\u00e7\u00f5es ocorridas e em curso, entendendo que h\u00e1 um campo de experimenta\u00e7\u00f5es que tensiona justamente as intera\u00e7\u00f5es e dissocia\u00e7\u00f5es entre tais din\u00e2micas e promove o advento de novas compreens\u00f5es e novas po\u00e9ticas relativas ao construir e ao habitar a Terra.<\/p>\n<p><strong>2. Terra, paisagens, lugares: imagin\u00e1rios \/ representa\u00e7\u00f5es<\/strong><br \/>\nEste tema tem por objetivo levantar a discuss\u00e3o sobre os desafios contempor\u00e2neos para imaginar e representar a terra, as paisagens e os lugares. Considerando o papel que a presen\u00e7a corp\u00f3rea desempenha na experi\u00eancia fenomenol\u00f3gica do espa\u00e7o, indaga-se sobre as condi\u00e7\u00f5es atuais para sua ocorr\u00eancia nas tr\u00eas categorias espaciais indicadas no t\u00edtulo. Mesmo admitindo-se a autonomia da imagina\u00e7\u00e3o em rela\u00e7\u00e3o \u00e0 realidade, cabe perguntar em que medida o \u201cper\u00edodo tecnol\u00f3gico\u201d atual propicia imagens po\u00e9ticas (e as correspondentes representa\u00e7\u00f5es) atinentes \u00e0 terra (inapreens\u00edvel pelo corpo), \u00e0s paisagens (insubmissas a representa\u00e7\u00f5es) e aos lugares (com suposta tend\u00eancia para a indiferencia\u00e7\u00e3o).<\/p>\n<p><strong>3. Deslocamentos da imagem do arquiteto: processo e produ\u00e7\u00e3o para a complexidade<\/strong><br \/>\nA proposta deste tema \u00e9 debater o imagin\u00e1rio que cerca a atua\u00e7\u00e3o do arquiteto e urbanista na atualidade. Partindo da hip\u00f3tese de que neste imagin\u00e1rio existe um desequil\u00edbrio entre aspectos distintos da profiss\u00e3o, com valoriza\u00e7\u00e3o excessiva em uns e insuficiente em outros, a mesa tem como objetivo ampliar esta discuss\u00e3o. Pretendemos revisitar e refletir sobre o amplo espa\u00e7o de possibilidades de atua\u00e7\u00e3o deste profissional e debater como suas habilidades e conhecimentos podem contribuir para a constru\u00e7\u00e3o e o habitar em melhores edif\u00edcios, espa\u00e7os e cidades.<\/p>\n<p><strong>4. Representando conflitos e resist\u00eancias: cartografias e o campo ampliado da produ\u00e7\u00e3o de imagens contra-hegem\u00f4nicas<\/strong><br \/>\nA proposta deste tema \u00e9 debater como a pesquisa em arquitetura e urbanismo pode contribuir para todo um campo de produ\u00e7\u00e3o de imagens que disputem narrativas de maneira a produzir leituras contra-hegem\u00f4nicas, explora\u00e7\u00f5es anal\u00edticas de resist\u00eancia e s\u00ednteses que apresentem o conflito socioespacial na produ\u00e7\u00e3o do espa\u00e7o. A produ\u00e7\u00e3o cartogr\u00e1fica e iconogr\u00e1fica em geral \u00e9 quest\u00e3o importante na produ\u00e7\u00e3o do conhecimento cient\u00edfico na arquitetura e urbanismo, indissoci\u00e1vel e equivalente \u00e0s palavras na constru\u00e7\u00e3o de sentidos neste campo de saber. Nesta tem\u00e1tica, busca-se debater produ\u00e7\u00f5es iconogr\u00e1ficas e a espacializa\u00e7\u00e3o de informa\u00e7\u00f5es entendidas como investiga\u00e7\u00f5es rigorosas ancoradas em abordagens pol\u00edticas, t\u00e9cnicas e est\u00e9ticas das representa\u00e7\u00f5es espaciais.<\/p>\n<p><strong>5. Cidade e imagem: fotografia e experi\u00eancia urbana<\/strong><br \/>\nA proposta deste tema \u00e9 discutir as novas deforma\u00e7\u00f5es na experi\u00eancia da cidade mediada por imagens. Com foco na produ\u00e7\u00e3o contempor\u00e2nea e \u00e0 luz das tecnologias digitais de capta\u00e7\u00e3o e compartilhamento, prop\u00f5e-se uma an\u00e1lise sobre a constru\u00e7\u00e3o de singularidades diante do fluxo das imagens em redes, pensando o ato fotogr\u00e1fico como aliena\u00e7\u00e3o ou estrat\u00e9gia de resist\u00eancia e mapeamento sens\u00edvel dos espa\u00e7os e tempos da cidade.<\/p>\n<p><strong>6. Cen\u00e1rios Urbanos Futuros<\/strong><br \/>\nPretendemos entender o imagin\u00e1rio que sustenta as especula\u00e7\u00f5es sobre cen\u00e1rios urbanos futuros a partir de uma reflex\u00e3o cr\u00edtica sobre o papel da tecnologia e suas intera\u00e7\u00f5es com a antropologia e urbanidades. Espera-se possibilitar um debate transdisciplinar acerca da cidade do passado, do presente e do futuro, investigando como se d\u00e3o os exerc\u00edcios especulativos a seu respeito e quais as pr\u00e1ticas que podem promover a imagina\u00e7\u00e3o de novas \u2013 e perturbadoras \u2013 configura\u00e7\u00f5es urbanas e sociais.<\/p>\n<p><strong>7. Arquitetura e audiovisual: a disputa pelo espa\u00e7o nas telas<\/strong><br \/>\nA proposta deste tema \u00e9 debater as possibilidades de representa\u00e7\u00e3o das cidades no audiovisual. A partir de uma crescente produ\u00e7\u00e3o de filmes que apresentam disputas diversas pelos espa\u00e7os, entre seres humanos e o mercado, entre as for\u00e7as da natureza, entre a mem\u00f3ria e o esquecimento, prop\u00f5e-se uma reflex\u00e3o sobre o papel das cidades dentro das narrativas, a subjetiva\u00e7\u00e3o dos lugares e n\u00e3o-lugares e as formas est\u00e9ticas que s\u00e3o empregadas nestas representa\u00e7\u00f5es.<\/p>\n<\/div>\n<\/div>\n<\/div>\n<\/div>\n<div id=\"pgc-267-0-1\" class=\"panel-grid-cell panel-grid-cell-empty\" data-weight=\"0.38196600790794\"><\/div>\n<\/div>","protected":false},"excerpt":{"rendered":"<p>Parab\u00e9ns a todos os autores selecionados pelo Comit\u00ea Cient\u00edfico! Seguem aqui informa\u00e7\u00f5es para a formata\u00e7\u00e3o e o envio dos artigos completos. O template para formata\u00e7\u00e3o do artigo completo a ser publicado nas Atas Digitais do Evento est\u00e1 dispon\u00edvel aqui. Os trabalhos ser\u00e3o apresentados como p\u00f4steres em uma sess\u00e3o espec\u00edfica na abertura do Col\u00f3quio. Em breve&hellip;<\/p>\n","protected":false},"author":734,"featured_media":0,"parent":0,"menu_order":0,"comment_status":"closed","ping_status":"closed","template":"","meta":{"footnotes":"","_links_to":"","_links_to_target":""},"class_list":["post-267","page","type-page","status-publish","hentry","post"],"_links":{"self":[{"href":"https:\/\/sites.usp.br\/icht2019\/wp-json\/wp\/v2\/pages\/267","targetHints":{"allow":["GET"]}}],"collection":[{"href":"https:\/\/sites.usp.br\/icht2019\/wp-json\/wp\/v2\/pages"}],"about":[{"href":"https:\/\/sites.usp.br\/icht2019\/wp-json\/wp\/v2\/types\/page"}],"author":[{"embeddable":true,"href":"https:\/\/sites.usp.br\/icht2019\/wp-json\/wp\/v2\/users\/734"}],"replies":[{"embeddable":true,"href":"https:\/\/sites.usp.br\/icht2019\/wp-json\/wp\/v2\/comments?post=267"}],"version-history":[{"count":5,"href":"https:\/\/sites.usp.br\/icht2019\/wp-json\/wp\/v2\/pages\/267\/revisions"}],"predecessor-version":[{"id":574,"href":"https:\/\/sites.usp.br\/icht2019\/wp-json\/wp\/v2\/pages\/267\/revisions\/574"}],"wp:attachment":[{"href":"https:\/\/sites.usp.br\/icht2019\/wp-json\/wp\/v2\/media?parent=267"}],"curies":[{"name":"wp","href":"https:\/\/api.w.org\/{rel}","templated":true}]}}