{"id":269,"date":"2018-09-04T16:15:33","date_gmt":"2018-09-04T18:15:33","guid":{"rendered":"http:\/\/sites.usp.br\/icht2023\/?page_id=269"},"modified":"2019-04-15T10:46:37","modified_gmt":"2019-04-15T12:46:37","slug":"inscricoes","status":"publish","type":"page","link":"https:\/\/sites.usp.br\/icht2019\/inscricoes\/","title":{"rendered":"Inscri\u00e7\u00f5es"},"content":{"rendered":"<b>Atividades internas conforme programa\u00e7\u00e3o das manh\u00e3s de 16, 17 e do dia inteiro de 18\/04\/2019<\/b><\/p>\n<p>&nbsp;<\/p>\n<p><b>1. AUTORES<\/b><\/p>\n<p><span style=\"font-weight: 400;\">Os autores que tiveram seus resumos aprovados no ICHT2019 dever\u00e3o realizar sua inscri\u00e7\u00e3o individual <\/span><a href=\"https:\/\/www.sympla.com.br\/iii-coloquio-internacional---imaginario-construir-e-habitar-a-terra---icht-2019__446408\"><span style=\"font-weight: 400;\">aqui pelo Sympla do evento <\/span><\/a><span style=\"font-weight: 400;\">at\u00e9 <\/span><b>16\/04\/2019 <\/b><span style=\"font-weight: 400;\">no valor de:<\/span><\/p>\n<p><b>R$ 150,00 (Cento e cinquenta reais)<\/b><span style=\"font-weight: 400;\"> para profissionais e docentes;<\/span><\/p>\n<p><b>R$ 90,00 (Noventa reais) <\/b><span style=\"font-weight: 400;\">para estudantes de gradua\u00e7\u00e3o e p\u00f3s-gradua\u00e7\u00e3o; <\/span><\/p>\n<p><span style=\"font-weight: 400;\">Esta inscri\u00e7\u00e3o dar\u00e1 acesso individual ao evento interno &#8211; programa\u00e7\u00e3o das manh\u00e3s de 16, 17 e do dia inteiro de 18\/04\/2019 &#8211; e <\/span><span style=\"font-weight: 400;\">garantir\u00e1 a publica\u00e7\u00e3o do trabalho completo nas Atas do ICHT2019.<\/span><\/p>\n<p><span style=\"font-weight: 400;\">Custos de impress\u00e3o dos p\u00f4steres ficar\u00e3o a cargo dos autores.<\/span><\/p>\n<p>&nbsp;<\/p>\n<p><b>2. P\u00daBLICO EM GERAL<\/b><\/p>\n<p><span style=\"font-weight: 400;\">O p\u00fablico ter\u00e1 acesso ao evento interno &#8211; programa\u00e7\u00e3o das manh\u00e3s de 16, 17 e do dia inteiro de 18\/04\/2019 &#8211; mediante o pagamento de inscri\u00e7\u00e3o <\/span><a href=\"https:\/\/www.sympla.com.br\/iii-coloquio-internacional---imaginario-construir-e-habitar-a-terra---icht-2019__446408\"><span style=\"font-weight: 400;\">aqui pelo Sympla do evento<\/span><\/a><span style=\"font-weight: 400;\"> at\u00e9 <\/span><b>29\/03\/2019 ou at\u00e9 o encerramento de vagas <\/b><span style=\"font-weight: 400;\">no valor de:<\/span><\/p>\n<p><b>R$ 150,00 (Cento e cinquenta reais) <\/b><span style=\"font-weight: 400;\">para profissionais, docentes e p\u00fablico em geral;<\/span><\/p>\n<p><b>R$ 90,00 (Noventa reais) <\/b><span style=\"font-weight: 400;\">para estudantes de gradua\u00e7\u00e3o e de p\u00f3s-gradua\u00e7\u00e3o;<\/span><\/p>\n<p>&nbsp;<\/p>\n<p><b>Atividades complementares externas das tardes de 16 e 17\/04\/2019<\/b><\/p>\n<p>&nbsp;<\/p>\n<p><b>3. WORKSHOPS [inscri\u00e7\u00f5es em breve]<\/b><\/p>\n<p><span style=\"font-weight: 400;\">Para participa\u00e7\u00e3o nas atividades complementares externas &#8211; oficinas, mini-cursos e workshops programados para as tardes de 16 e 17\/04\/2019 &#8211; os interessados dever\u00e3o realizar uma inscri\u00e7\u00e3o espec\u00edfica adicional aqui pelo Sympla do evento <\/span><b>a partir de 11\/03\/2019 at\u00e9 o encerramento das vagas<\/b><span style=\"font-weight: 400;\"> no valor de\u00a0<\/span><b>R$ 50,00 (Cinquenta reais).<\/b><\/p>\n<p><span style=\"font-weight: 400;\">Autores interessados em participar dessas atividades complementares devem realizar inscri\u00e7\u00f5es individuais complementares.<\/span><\/p>\n<p>&nbsp;<\/p>\n<p><span style=\"font-weight: 400;\">D\u00favidas poder\u00e3o ser esclarecidas junto ao Comit\u00ea Organizador no site<\/span><\/p>\n<p><a href=\"http:\/\/sites.usp.br\/icht2023\/contato\/\"><span style=\"font-weight: 400;\">http:\/\/sites.usp.br\/icht2023\/contato\/<\/span><\/a>","protected":false},"excerpt":{"rendered":"<p>Atividades internas conforme programa\u00e7\u00e3o das manh\u00e3s de 16, 17 e do dia inteiro de 18\/04\/2019 &nbsp; 1. AUTORES Os autores que tiveram seus resumos aprovados no ICHT2019 dever\u00e3o realizar sua inscri\u00e7\u00e3o individual aqui pelo Sympla do evento at\u00e9 16\/04\/2019 no valor de: R$ 150,00 (Cento e cinquenta reais) para profissionais e docentes; R$ 90,00 (Noventa&hellip;<\/p>\n","protected":false},"author":734,"featured_media":0,"parent":0,"menu_order":0,"comment_status":"closed","ping_status":"closed","template":"","meta":{"footnotes":"","_links_to":"","_links_to_target":""},"class_list":["post-269","page","type-page","status-publish","hentry","post"],"_links":{"self":[{"href":"https:\/\/sites.usp.br\/icht2019\/wp-json\/wp\/v2\/pages\/269","targetHints":{"allow":["GET"]}}],"collection":[{"href":"https:\/\/sites.usp.br\/icht2019\/wp-json\/wp\/v2\/pages"}],"about":[{"href":"https:\/\/sites.usp.br\/icht2019\/wp-json\/wp\/v2\/types\/page"}],"author":[{"embeddable":true,"href":"https:\/\/sites.usp.br\/icht2019\/wp-json\/wp\/v2\/users\/734"}],"replies":[{"embeddable":true,"href":"https:\/\/sites.usp.br\/icht2019\/wp-json\/wp\/v2\/comments?post=269"}],"version-history":[{"count":5,"href":"https:\/\/sites.usp.br\/icht2019\/wp-json\/wp\/v2\/pages\/269\/revisions"}],"predecessor-version":[{"id":592,"href":"https:\/\/sites.usp.br\/icht2019\/wp-json\/wp\/v2\/pages\/269\/revisions\/592"}],"wp:attachment":[{"href":"https:\/\/sites.usp.br\/icht2019\/wp-json\/wp\/v2\/media?parent=269"}],"curies":[{"name":"wp","href":"https:\/\/api.w.org\/{rel}","templated":true}]}}