{"id":271,"date":"2018-09-04T16:15:54","date_gmt":"2018-09-04T18:15:54","guid":{"rendered":"http:\/\/sites.usp.br\/icht2023\/?page_id=271"},"modified":"2019-04-15T10:50:58","modified_gmt":"2019-04-15T12:50:58","slug":"programa","status":"publish","type":"page","link":"https:\/\/sites.usp.br\/icht2019\/programa\/","title":{"rendered":"Programa"},"content":{"rendered":"<span style=\"text-decoration: underline;\"><b>16 de abril de 2019 &#8211; ter\u00e7a-feira<\/b><\/span><\/p>\n<p><span style=\"font-weight: 400;\">8h30 &#8211; abertura do III ICHT &#8211; Comit\u00ea de Organiza\u00e7\u00e3o<\/span><\/p>\n<p><span style=\"font-weight: 400;\">9h30 &#8211; Sess\u00e3o de P\u00f4steres<\/span><\/p>\n<p><span style=\"font-weight: 400;\">11h00 &#8211; Mesa-redonda 1 &#8211; \u201cMobilidade das imagens: continuidade, rupturas e experimenta\u00e7\u00f5es\u201d com <a href=\"http:\/\/buscatextual.cnpq.br\/buscatextual\/visualizacv.do?id=K4742996H2\">Rog\u00e9rio de Almeida<\/a> (FEUSP), <a href=\"http:\/\/buscatextual.cnpq.br\/buscatextual\/visualizacv.do?id=K4791870A4\">Artur Rozestraten<\/a> (FAUUSP) e <a href=\"http:\/\/buscatextual.cnpq.br\/buscatextual\/visualizacv.do?id=K8747211H8\">Jean-Jacques Wunenburger<\/a> (CRI2i\/Centre Gaston Bachelard)<\/span><\/p>\n<p><span style=\"font-weight: 400;\">12h30\/14h30 &#8211; Almo\u00e7o<\/span><\/p>\n<p><span style=\"font-weight: 400;\">15h &#8211; Atividades complementares externas<\/span><\/p>\n<p><span style=\"font-weight: 400;\">18h30 &#8211; Confraterniza\u00e7\u00e3o de abertura<\/span><\/p>\n<p><span style=\"text-decoration: underline;\"><b>17 de abril de 2019 &#8211; quarta-feira<\/b><\/span><\/p>\n<p>8h30 &#8211; Mesa-redonda 2 &#8211; &#8220;Terra, paisagem, lugar: imagin\u00e1rios \/ representa\u00e7\u00f5es&#8221; com <a href=\"http:\/\/buscatextual.cnpq.br\/buscatextual\/visualizacv.do?id=K4766829A2\">Sandra Maria Patr\u00edcio<\/a> (IPUSP), <a href=\"http:\/\/buscatextual.cnpq.br\/buscatextual\/visualizacv.do?id=K4773839A5\">Vladimir Bartalini <\/a>(FAUUSP) e <span style=\"font-weight: 400;\"><a href=\"http:\/\/buscatextual.cnpq.br\/buscatextual\/visualizacv.do?id=K4406949E8\">Dirk Hennrich<\/a> (IEAUSP)<\/span><\/p>\n<p><span style=\"font-weight: 400;\">10h00 &#8211; Mesa-redonda 3 &#8211; \u201c<\/span><span style=\"font-weight: 400;\">Deslocamentos da imagem do arquiteto: processo e produ\u00e7\u00e3o para a complexidade\u201d com <a href=\"http:\/\/buscatextual.cnpq.br\/buscatextual\/visualizacv.do?id=K4428652P9\">Luciano Margotto<\/a> (FAUUSP, FAU-Mackenzie), <a href=\"http:\/\/lattes.cnpq.br\/5857678399360729\">Caio Vass\u00e3o<\/a> (p\u00f3s-doutorando RITe)<\/span><span style=\"font-weight: 400;\"> e <a href=\"http:\/\/buscatextual.cnpq.br\/buscatextual\/visualizacv.do?id=K4713940J2\">Gil Barros<\/a> (FAUUSP)<\/span><\/p>\n<p><span style=\"font-weight: 400;\">11h30 &#8211; Mesa-redonda 4<\/span><span style=\"font-weight: 400;\">: &#8220;Representando conflitos e resist\u00eancias: cartografias e o campo ampliado da produ\u00e7\u00e3o de imagens contra-hegem\u00f4nicas&#8221; com <a href=\"http:\/\/buscatextual.cnpq.br\/buscatextual\/visualizacv.do?id=K4775789Z5\">Karina Leit\u00e3o<\/a> (FAUUSP),\u00a0<a href=\"http:\/\/lattes.cnpq.br\/8276899056119289\">Marta Lagreca\u00a0<\/a>\u00a0(Escola da Cidade) e <a href=\"http:\/\/buscatextual.cnpq.br\/buscatextual\/visualizacv.do?id=K4794364U9\">David Sperling<\/a> (IAUUSP)<\/span><\/p>\n<p>13h\/14h30 &#8211; Almo\u00e7o<\/p>\n<p><span style=\"font-weight: 400;\">15h &#8211; Atividades complementares externas<\/span><\/p>\n<p><span style=\"text-decoration: underline;\"><b>18 de abril de 2019 &#8211; quinta-feira<\/b><\/span><\/p>\n<p><span style=\"font-weight: 400;\">8h30 &#8211; Mesa-redonda 5 &#8211; &#8220;Cidade e imagem: fotografia e experi\u00eancia urbana&#8221; com <a href=\"http:\/\/buscatextual.cnpq.br\/buscatextual\/visualizacv.do?id=K4755535D4\">Fabiana Bruno<\/a> (UNICAMP), <a href=\"http:\/\/buscatextual.cnpq.br\/buscatextual\/visualizacv.do?id=K4765479A2\">Sara Goldchmit<\/a> (FAUUSP) e <a href=\"http:\/\/buscatextual.cnpq.br\/buscatextual\/visualizacv.do?id=K8173418E5\">Tuca Vieira<\/a> (Mestre FAUUSP)<\/span><\/p>\n<p><span style=\"font-weight: 400;\">10h00 &#8211; Mesa-redonda 6: &#8220;Cen\u00e1rios Urbanos Futuros&#8221; com\u00a0<\/span><span style=\"font-weight: 400;\"><a href=\"https:\/\/www.centre-max-weber.fr\/Michel-Rautenberg\">Michel Rautenberg<\/a> (Centre Max Weber, Universit\u00e9 de Lyon-Saint \u00c9tienne), <a href=\"http:\/\/lattes.cnpq.br\/4120752125995822\">Giselle Beiguelman<\/a>\u00a0(FAUUSP) e\u00a0<\/span><span style=\"font-weight: 400;\"><a href=\"http:\/\/buscatextual.cnpq.br\/buscatextual\/visualizacv.do?id=K8465532J4\">Gabriel Mazzola Poli de Figueiredo<\/a> (Doutorando FAUUSP\/CUF)<\/span><\/p>\n<p><span style=\"font-weight: 400;\">11h30 &#8211; Mesa-redonda 7: &#8220;Arquitetura e audiovisual: a disputa pelo espa\u00e7o nas telas&#8221; com <a href=\"http:\/\/buscatextual.cnpq.br\/buscatextual\/visualizacv.do?id=K4253443D8\">C\u00e1ssia Hosni<\/a>\u00a0(Doutoranda FAUUSP),\u00a0<a href=\"http:\/\/buscatextual.cnpq.br\/buscatextual\/visualizacv.do?id=K4497330H5\">Juliana Froehlich<\/a> (Doutora pela Universidade da Antu\u00e9rpia) e <a href=\"http:\/\/buscatextual.cnpq.br\/buscatextual\/visualizacv.do?id=K4492905A8\">L\u00edvia Perez<\/a>\u00a0(Doutoranda ECAUSP\/Doctela)<\/span><\/p>\n<p><span style=\"font-weight: 400;\">13h\/14h30 &#8211; Almo\u00e7o<\/span><\/p>\n<p><span style=\"font-weight: 400;\">15h &#8211; Mesa redonda de apresenta\u00e7\u00e3o e debate das atividades complementares externas realizadas<\/span><\/p>\n<p><span style=\"font-weight: 400;\">17h00 &#8211; Mesa-redonda de s\u00edntese <\/span><\/p>\n<p><span style=\"font-weight: 400;\">18h30 &#8211; Confraterniza\u00e7\u00e3o de encerramento<\/span>","protected":false},"excerpt":{"rendered":"<p>16 de abril de 2019 &#8211; ter\u00e7a-feira 8h30 &#8211; abertura do III ICHT &#8211; Comit\u00ea de Organiza\u00e7\u00e3o 9h30 &#8211; Sess\u00e3o de P\u00f4steres 11h00 &#8211; Mesa-redonda 1 &#8211; \u201cMobilidade das imagens: continuidade, rupturas e experimenta\u00e7\u00f5es\u201d com Rog\u00e9rio de Almeida (FEUSP), Artur Rozestraten (FAUUSP) e Jean-Jacques Wunenburger (CRI2i\/Centre Gaston Bachelard) 12h30\/14h30 &#8211; Almo\u00e7o 15h &#8211; Atividades complementares&hellip;<\/p>\n","protected":false},"author":734,"featured_media":0,"parent":0,"menu_order":0,"comment_status":"closed","ping_status":"closed","template":"","meta":{"footnotes":"","_links_to":"","_links_to_target":""},"class_list":["post-271","page","type-page","status-publish","hentry","post"],"_links":{"self":[{"href":"https:\/\/sites.usp.br\/icht2019\/wp-json\/wp\/v2\/pages\/271","targetHints":{"allow":["GET"]}}],"collection":[{"href":"https:\/\/sites.usp.br\/icht2019\/wp-json\/wp\/v2\/pages"}],"about":[{"href":"https:\/\/sites.usp.br\/icht2019\/wp-json\/wp\/v2\/types\/page"}],"author":[{"embeddable":true,"href":"https:\/\/sites.usp.br\/icht2019\/wp-json\/wp\/v2\/users\/734"}],"replies":[{"embeddable":true,"href":"https:\/\/sites.usp.br\/icht2019\/wp-json\/wp\/v2\/comments?post=271"}],"version-history":[{"count":4,"href":"https:\/\/sites.usp.br\/icht2019\/wp-json\/wp\/v2\/pages\/271\/revisions"}],"predecessor-version":[{"id":594,"href":"https:\/\/sites.usp.br\/icht2019\/wp-json\/wp\/v2\/pages\/271\/revisions\/594"}],"wp:attachment":[{"href":"https:\/\/sites.usp.br\/icht2019\/wp-json\/wp\/v2\/media?parent=271"}],"curies":[{"name":"wp","href":"https:\/\/api.w.org\/{rel}","templated":true}]}}