{"id":508,"date":"2019-01-27T01:07:23","date_gmt":"2019-01-27T03:07:23","guid":{"rendered":"http:\/\/sites.usp.br\/icht2023\/?page_id=508"},"modified":"2019-01-27T15:39:39","modified_gmt":"2019-01-27T17:39:39","slug":"transporte-2","status":"publish","type":"page","link":"https:\/\/sites.usp.br\/icht2019\/transporte-2\/","title":{"rendered":"Transporte"},"content":{"rendered":"<span style=\"font-weight: 400;\">TRANSPORTE DO AEROPORTO INTERNACIONAL DE GUARULHOS\/CUMBICA (GRU) <\/span><\/p>\n<p><span style=\"font-weight: 400;\">PARA CENTRO DE S\u00c3O PAULO\/REGI\u00c3O DA AVENIDA PAULISTA<\/span><\/p>\n<p><a href=\"http:\/\/www.aeroportoguarulhos.net\/en\/\"><span style=\"font-weight: 400;\">http:\/\/www.aeroportoguarulhos.net\/en\/<\/span><\/a><\/p>\n<p>&nbsp;<\/p>\n<p><b>T\u00e1xi<\/b><\/p>\n<p><span style=\"font-weight: 400;\">Guarucoop <\/span><a href=\"https:\/\/www.guarucoop.com.br\/\"><span style=\"font-weight: 400;\">https:\/\/www.guarucoop.com.br\/<\/span><\/a><\/p>\n<p><span style=\"font-weight: 400;\">Cerca de R$ 150,00 at\u00e9 a regi\u00e3o da Av. Paulista<\/span><\/p>\n<p>&nbsp;<\/p>\n<p><b>Uber<\/b><\/p>\n<p><span style=\"font-weight: 400;\">Cerca de R$ 80,00 at\u00e9 a regi\u00e3o da Av. Paulista<\/span><\/p>\n<p>&nbsp;<\/p>\n<p><b>\u00d4nibus<\/b><\/p>\n<p><span style=\"font-weight: 400;\">Airport Bus Service <\/span><a href=\"http:\/\/www.airportbusservice.com.br\/\"><span style=\"font-weight: 400;\">http:\/\/www.airportbusservice.com.br\/<\/span><\/a><\/p>\n<p><span style=\"font-weight: 400;\">Cerca de R$ 50,00 at\u00e9 a regi\u00e3o da Av. Paulista<\/span><\/p>\n<p>&nbsp;<\/p>\n<p><b>\u00d4nibus econ\u00f4mico + Metr\u00f4<\/b><\/p>\n<p><span style=\"font-weight: 400;\">Airport Bus Service &#8211; linha 257 &#8211; Metr\u00f4 Tatuap\u00e9 <\/span><\/p>\n<p><a href=\"http:\/\/www.emtu.sp.gov.br\/emtu\/itinerarios-e-tarifas\/encontre-uma-linha\/pelo-numero-da-linha.fss?numlinha=257&amp;pag=buscanumero.htm\"><span style=\"font-weight: 400;\">http:\/\/www.emtu.sp.gov.br\/emtu\/itinerarios-e-tarifas\/encontre-uma-linha\/pelo-numero-da-linha.fss?numlinha=257&amp;pag=buscanumero.htm<\/span><\/a><\/p>\n<p><span style=\"font-weight: 400;\">Cerca de R$ 6,00 at\u00e9 o metr\u00f4 Linha Vermelha <\/span>","protected":false},"excerpt":{"rendered":"<p>TRANSPORTE DO AEROPORTO INTERNACIONAL DE GUARULHOS\/CUMBICA (GRU) PARA CENTRO DE S\u00c3O PAULO\/REGI\u00c3O DA AVENIDA PAULISTA http:\/\/www.aeroportoguarulhos.net\/en\/ &nbsp; T\u00e1xi Guarucoop https:\/\/www.guarucoop.com.br\/ Cerca de R$ 150,00 at\u00e9 a regi\u00e3o da Av. Paulista &nbsp; Uber Cerca de R$ 80,00 at\u00e9 a regi\u00e3o da Av. Paulista &nbsp; \u00d4nibus Airport Bus Service http:\/\/www.airportbusservice.com.br\/ Cerca de R$ 50,00 at\u00e9 a regi\u00e3o&hellip;<\/p>\n","protected":false},"author":838,"featured_media":0,"parent":0,"menu_order":0,"comment_status":"closed","ping_status":"closed","template":"","meta":{"footnotes":"","_links_to":"","_links_to_target":""},"class_list":["post-508","page","type-page","status-publish","hentry","post"],"_links":{"self":[{"href":"https:\/\/sites.usp.br\/icht2019\/wp-json\/wp\/v2\/pages\/508","targetHints":{"allow":["GET"]}}],"collection":[{"href":"https:\/\/sites.usp.br\/icht2019\/wp-json\/wp\/v2\/pages"}],"about":[{"href":"https:\/\/sites.usp.br\/icht2019\/wp-json\/wp\/v2\/types\/page"}],"author":[{"embeddable":true,"href":"https:\/\/sites.usp.br\/icht2019\/wp-json\/wp\/v2\/users\/838"}],"replies":[{"embeddable":true,"href":"https:\/\/sites.usp.br\/icht2019\/wp-json\/wp\/v2\/comments?post=508"}],"version-history":[{"count":4,"href":"https:\/\/sites.usp.br\/icht2019\/wp-json\/wp\/v2\/pages\/508\/revisions"}],"predecessor-version":[{"id":522,"href":"https:\/\/sites.usp.br\/icht2019\/wp-json\/wp\/v2\/pages\/508\/revisions\/522"}],"wp:attachment":[{"href":"https:\/\/sites.usp.br\/icht2019\/wp-json\/wp\/v2\/media?parent=508"}],"curies":[{"name":"wp","href":"https:\/\/api.w.org\/{rel}","templated":true}]}}