{"id":567,"date":"2019-04-02T00:20:05","date_gmt":"2019-04-02T02:20:05","guid":{"rendered":"http:\/\/sites.usp.br\/icht2023\/?page_id=567"},"modified":"2024-05-29T13:10:52","modified_gmt":"2024-05-29T15:10:52","slug":"francais-artigos","status":"publish","type":"page","link":"https:\/\/sites.usp.br\/icht2019\/francais-artigos\/","title":{"rendered":"Artigos"},"content":{"rendered":"<h1><b>Clique abaixo para acessar as atas completas do col\u00f3quio:<\/b><\/h1>\n<p><a href=\"https:\/\/sites.usp.br\/icht2019\/wp-content\/uploads\/sites\/416\/2019\/07\/Book-1-ICHT-2019-16.07.pdf\"><img loading=\"lazy\" decoding=\"async\" class=\"alignnone wp-image-695\" src=\"https:\/\/sites.usp.br\/icht2019\/wp-content\/uploads\/sites\/416\/2019\/07\/ICHT--291x300.png\" alt=\"\" width=\"491\" height=\"506\" srcset=\"https:\/\/sites.usp.br\/icht2019\/wp-content\/uploads\/sites\/1497\/2019\/07\/ICHT--291x300.png 291w, https:\/\/sites.usp.br\/icht2019\/wp-content\/uploads\/sites\/1497\/2019\/07\/ICHT--45x45.png 45w, https:\/\/sites.usp.br\/icht2019\/wp-content\/uploads\/sites\/1497\/2019\/07\/ICHT--400x413.png 400w, https:\/\/sites.usp.br\/icht2019\/wp-content\/uploads\/sites\/1497\/2019\/07\/ICHT-.png 538w\" sizes=\"auto, (max-width: 491px) 100vw, 491px\" \/><\/a><\/p>\n<h2><\/h2>\n<h2><\/h2>\n<h1>Sum\u00e1rio dos artigos<\/h1>\n<p>&nbsp;<\/p>\n<h2><b>Mesa 1. Mobilidade das imagens: continuidades, rupturas e experimenta\u00e7\u00f5es <\/b><\/h2>\n<p><a href=\"https:\/\/sites.usp.br\/icht2019\/wp-content\/uploads\/sites\/1497\/2019\/07\/HABITAR-PARA-ALE\u0301M-DA-HABITAC\u0327A\u0303O-ENSAIO-SOBRE-A-MOBILIDADE-DAS-IMAGENS-DO-HABITAR-CONTINUIDADE-RUPTURAS-E-EXPERIMENTAC\u0327O\u0303ES.pdf\">Habitar para al\u00e9m da habita\u00e7\u00e3o &#8211; Ensaio sobre a mobilidade das imagens do habitar: continuidade, rupturas e experimenta\u00e7\u00f5es<\/a><br \/>\n<i>Artur Rozestraten<\/i><\/p>\n<p><a href=\"https:\/\/sites.usp.br\/icht2019\/wp-content\/uploads\/sites\/1497\/2019\/07\/Iconographies-urbaines-metaphores-paradigmes-typologies.pdf\">Iconographies urbaines: metaphores, paradigmes, typologies &#8211; Pr\u00e9alables \u00e9pist\u00e9mologiques d\u2019une esth\u00e9tique des images<\/a><br \/>\n<i>Jean-Jacques Wunenburger<\/i><\/p>\n<p><a href=\"https:\/\/sites.usp.br\/icht2019\/wp-content\/uploads\/sites\/1497\/2019\/07\/Imagens-em-tra\u0302nsito-real-imagina\u0301rio-e-suspensa\u0303o-da-crenc\u0327a.pdf\">Imagens em tr\u00e2nsito: real, imagin\u00e1rio e suspens\u00e3o da cren\u00e7a<\/a><br \/>\n<i>Rog\u00e9rio de Almeida<\/i><\/p>\n<h3><b>Autores Relacionados<br \/>\n<\/b><\/h3>\n<p><a href=\"https:\/\/sites.usp.br\/icht2019\/wp-content\/uploads\/sites\/1497\/2019\/07\/Cartofilmando-a-cidade-das-crianc\u0327as-ha\u0301-experie\u0302ncia-de-formac\u0327a\u0303o-em-companhia-da-cidade-e-do-cinema_.pdf\">Cartofilmando a cidade das crian\u00e7as: h\u00e1 experi\u00eancia de forma\u00e7\u00e3o em companhia da cidade e do cinema?<\/a><br \/>\n<i>Lu\u00eds Henrique Ramalho Pereira, Luciano Anchieta<\/i> <i>Benitez, Valeska Fortes de Oliveira<\/i><\/p>\n<p><a href=\"https:\/\/sites.usp.br\/icht2019\/wp-content\/uploads\/sites\/1497\/2019\/07\/Transver-a-rui\u0301na-o-vazio-e-os-deslimites-da-imagem-na-experimentac\u0327a\u0303o-audiovisual.pdf\">Transver a ru\u00edna &#8211; o vazio e os deslimites da imagem na experimenta\u00e7\u00e3o audiovisual<\/a><br \/>\n<i>Marcelo Arnellas<\/i><\/p>\n<p><a href=\"https:\/\/sites.usp.br\/icht2019\/wp-content\/uploads\/sites\/1497\/2019\/07\/Philosophie-politique-de-la-participation-a\u0300-l\u2019urbanisme.pdf\">Philosophie politique de la participation a\u0300 l\u2019urbanisme<\/a><br \/>\n<i>Tana\u00efs Rolland<\/i><\/p>\n<p><a href=\"https:\/\/sites.usp.br\/icht2019\/wp-content\/uploads\/sites\/1497\/2019\/07\/Psicologia-e-Fotografia-o-olhar-do-psico\u0301logo-sobre-imagens-que-retratam-o-brincar-na-infa\u0302ncia.pdf\">Psicologia e Fotografia: o olhar do psic\u00f3logo sobre imagens que retratam o brincar na inf\u00e2ncia<\/a><br \/>\n<i>Viviane Silveira, Dariane F\u00e9lix, Lu\u00eds Henrique Pereira<\/i><\/p>\n<h2><\/h2>\n<p>&nbsp;<\/p>\n<h2><b>Mesa 2. Terra, paisagens, lugares: imagin\u00e1rios\/ representa\u00e7\u00f5es<\/b><\/h2>\n<p><a href=\"https:\/\/sites.usp.br\/icht2019\/wp-content\/uploads\/sites\/1497\/2019\/07\/Resumo-da-intervenc\u0327a\u0303o-Terra-paisagens-lugares-imagina\u0301rios_-representac\u0327o\u0303es.pdf\">Resumo da Interven\u00e7\u00e3o<\/a><br \/>\n<i>Dirk Michael Hennrich<\/i><\/p>\n<p><a href=\"https:\/\/sites.usp.br\/icht2019\/wp-content\/uploads\/sites\/1497\/2019\/07\/Resumo-da-intervenc\u0327a\u0303o.pdf\">Resumo da interven\u00e7\u00e3o<\/a><br \/>\n<i>Sandra Maria Patr\u00edcio Ribeiro<\/i><\/p>\n<p><a href=\"https:\/\/sites.usp.br\/icht2019\/wp-content\/uploads\/sites\/1497\/2019\/07\/Terra-paisagens-lugares.pdf\">Terra, paisagens, lugares<\/a><br \/>\n<i>Vladimir Bartalini<\/i><\/p>\n<h3><b>Autores Relacionados<br \/>\n<\/b><\/h3>\n<p><a href=\"https:\/\/sites.usp.br\/icht2019\/wp-content\/uploads\/sites\/1497\/2019\/07\/Cafezais-que-a-Paulista-colhe-representac\u0327o\u0303es-do-cafe\u0301-no-modernismo-paulista.pdf\">Cafezais que a Paulista colhe: representa\u00e7\u00f5es do caf\u00e9 no modernismo paulista<\/a><br \/>\n<i>Ana Carolina Carmona-Ribeiro<\/i><\/p>\n<p><a href=\"https:\/\/sites.usp.br\/icht2019\/wp-content\/uploads\/sites\/1497\/2019\/07\/Le-carnaval-des-e\u0301coles-de-samba-dans-l\u2019espace-et-la-le\u0301gitimation-de-la-culture-populaire-bre\u0301silienne.pdf\">Le carnaval des \u00e9coles de samba dans l\u2019espace et la l\u00e9gitimation de la culture populaire br\u00e9silienne<\/a><br \/>\n<i>Antoinette Kuijlaars<\/i><\/p>\n<p><a href=\"https:\/\/sites.usp.br\/icht2019\/wp-content\/uploads\/sites\/1497\/2019\/07\/Da-flor-da-pele-a\u0300-cor-da-tela-a-experie\u0302ncia-corpo\u0301rea-e-a-pra\u0301tica-picto\u0301rica-em-paisagens-de-intersti\u0301cios-urbanos.pdf\">Da flor da pele \u00e0 cor da tela: a experi\u00eancia corp\u00f3rea e a pr\u00e1tica pict\u00f3rica em paisagens de interst\u00edcios urbanos<\/a><br \/>\n<i>Arthur Sim\u00f5es Caetano Cabral<\/i><\/p>\n<p><a href=\"https:\/\/sites.usp.br\/icht2019\/wp-content\/uploads\/sites\/1497\/2019\/07\/Recreating-the-earth-moving-mountains-and-imagined-topographies-in-contemporary-architecture.pdf\">Recreating the earth moving mountains and imagined topographies in contemporary architecture<\/a><br \/>\n<i>Catarina Vitorino<\/i><\/p>\n<p><a href=\"https:\/\/sites.usp.br\/icht2019\/wp-content\/uploads\/sites\/1497\/2019\/07\/Usage-de-me\u0301talangage-et-risque-de-de\u0301crochage-sensibiliser-l\u2019urbanisme-a\u0300-la-lecture-de-l\u2019\u0153uvre-de-Pierre-Sansot.pdf\">Usage de m\u00e9talangage et risque de d\u00e9crochage: sensibiliser l\u2019urbanisme \u00e0 la lecture de l\u2019\u0153uvre de Pierre Sansot<\/a><br \/>\n<i>Jean Sirdey<\/i><\/p>\n<p><a href=\"https:\/\/sites.usp.br\/icht2019\/wp-content\/uploads\/sites\/1497\/2019\/07\/Guia-introduto\u0301rio-de-como-ver-ondas.pdf\">Guia introduto\u0301rio de como ver ondas<\/a><br \/>\n<i>Laura Pappalardo<\/i><\/p>\n<p><a href=\"https:\/\/sites.usp.br\/icht2019\/wp-content\/uploads\/sites\/1497\/2019\/07\/A-Terra-e-os-seres-da-imaginac\u0327a\u0303o-Meditac\u0327o\u0303es-sobre-as-imagens-da-terra-e-os-territo\u0301rios-da-imagem-em-Calvino-e-Bachelard.pdf\">A Terra e os seres da imagina\u00e7\u00e3o: Medita\u00e7\u00f5es sobre as imagens da terra e os territ\u00f3rios da imagem em Calvino e Bachelard<\/a><br \/>\n<i>Luciano Pessoa<\/i><\/p>\n<p><a href=\"https:\/\/sites.usp.br\/icht2019\/wp-content\/uploads\/sites\/1497\/2019\/07\/Caminhar-e-imaginar-a-cidade-extensa\u0303o-vive\u0302ncias-e-reflexo\u0303es.pdf\">Caminhar e imaginar a cidade: extens\u00e3o, viv\u00eancias e reflex\u00f5es<\/a><br \/>\n<i>Marina Alc\u00e2ntara, Josicler Orbem Alberton, Luis Guilherme Aita Pippi, C\u00edntia Maria Fank, Maria Hoff Barcelos<\/i><\/p>\n<p><a href=\"https:\/\/sites.usp.br\/icht2019\/wp-content\/uploads\/sites\/1497\/2019\/07\/Etnografia-dos-tipos-da-Rua-Dom-Jose\u0301-de-Barros.pdf\">Etnografia dos tipos da Rua Dom Jose\u0301 de Barros<\/a><br \/>\n<i>Marina Silva Melo<\/i><\/p>\n<p><a href=\"https:\/\/sites.usp.br\/icht2019\/wp-content\/uploads\/sites\/1497\/2019\/07\/Produzindo-lugaridades-as-relac\u0327o\u0303es-entre-os-missiona\u0301rios-protestantes-e-os-guineenses-.pdf\">Produzindo lugaridades: as rela\u00e7\u00f5es entre os mission\u00e1rios protestantes e os guineenses<\/a><br \/>\n<i>Nelson Cortes Pacheco Junior<\/i><\/p>\n<p>&nbsp;<\/p>\n<p>&nbsp;<\/p>\n<h2><b>Mesa 3. Deslocamentos da imagem do arquiteto: processo e produ\u00e7\u00e3o para a complexidade<\/b><\/h2>\n<p><a href=\"https:\/\/sites.usp.br\/icht2019\/wp-content\/uploads\/sites\/1497\/dlm_uploads\/2019\/07\/A-contribuic\u0327a\u0303o-das-profisso\u0303es-de-projeto-no-enfrentamento-de-problemas-complexos.pdf\">A contribui\u00e7\u00e3o das profiss\u00f5es de projeto no enfrentamento de problemas complexos<\/a><br \/>\n<i>Gil Barros<\/i><\/p>\n<p><a href=\"https:\/\/sites.usp.br\/icht2019\/wp-content\/uploads\/sites\/1497\/2019\/07\/Elogio-da-multiplicidade-notas-sobre-a-imagem-do-arquiteto-e-o-alcance-da-profissa\u0303o.pdf\">Elogio da multiplicidade: notas sobre a imagem do arquiteto e o alcance da profiss\u00e3o<\/a><br \/>\n<i>Luciano Margotto<\/i><\/p>\n<h3><b>Autores Relacionados<\/b><\/h3>\n<p><a href=\"https:\/\/sites.usp.br\/icht2019\/wp-content\/uploads\/sites\/1497\/dlm_uploads\/2019\/07\/A-arquitetura-e-urbanismo-enquanto-ferramenta-de-atuac\u0327a\u0303o-social-no-territo\u0301rio-ocupado-.pdf\">A arquitetura e urbanismo enquanto ferramenta de atua\u00e7\u00f5 social no territ\u00f3rio ocupado<\/a><br \/>\n<i>Carolina Guida Cardoso Carmo, Barbara Caetano Damasceno, Aline Dos Santos Souza, Yasmin Arielly Cavalcante<\/i><\/p>\n<p><a href=\"https:\/\/sites.usp.br\/icht2019\/wp-content\/uploads\/sites\/1497\/2019\/07\/A-desconstruc\u0327a\u0303o-do-imagina\u0301rio-das-smart-cities-atrave\u0301s-da-implantac\u0327a\u0303o-de-tecnologias-em-regio\u0303es-perife\u0301ricas.pdf\">A desconstru\u00e7\u00e3o do imagin\u00e1rio das Smart-Cities atrav\u00e9s da implanta\u00e7\u00e3o de tecnologias em regi\u00f5es perif\u00e9ricas<\/a><br \/>\n<i>Eduardo Eiji Ono<\/i><\/p>\n<p><a href=\"https:\/\/sites.usp.br\/icht2019\/wp-content\/uploads\/sites\/1497\/2019\/07\/O-quarteira\u0303o-como-tipo-urbano.pdf\">O quarteir\u00e3o como tipo urbano<\/a><br \/>\n<i>Felipe De Souza Noto, Helena Aparecida Ayoub Silva<\/i><\/p>\n<p><a href=\"https:\/\/sites.usp.br\/icht2019\/wp-content\/uploads\/sites\/1497\/2019\/07\/A-imagem-do-arquiteto-\u2013-imagina\u0301rios-discursos-mitos-e-representac\u0327o\u0303es-O-problema-da-desumanizac\u0327a\u0303o-dos-processos-projetuais.pdf\">A imagem do arquiteto \u2013 imagin\u00e1rios, discursos, mitos e representa\u00e7\u00f5es: o problema da desumaniza\u00e7\u00e3o dos processos projetuais<\/a><br \/>\n<i>Juliana Eiko Hirok<\/i>i<\/p>\n<p><a href=\"https:\/\/sites.usp.br\/icht2019\/wp-content\/uploads\/sites\/1497\/2019\/07\/O-papel-e-o-propo\u0301sito-do-arquiteto-urbanista-nova-perspectivas-para-uma-formac\u0327a\u0303o-ampliada.pdf\">O papel e o prop\u00f3sito do arquiteto urbanista nova perspectivas para uma forma\u00e7\u00e3o ampliada<\/a><br \/>\nJ<i>uliano Oliveira, Ta\u00edsa Mota, Vitt\u00f3ria Cunha<\/i><\/p>\n<p><a href=\"https:\/\/sites.usp.br\/icht2019\/wp-content\/uploads\/sites\/1497\/2019\/07\/A-ac\u0327a\u0303o-da-arte-e-o-estado-do-corpo-ressignificac\u0327o\u0303es-na-cidade-enrijecida-.pdf\">A a\u00e7\u00e3o da arte e o estado do corpo ressignifica\u00e7\u00f5es na cidade enrijecida<\/a><br \/>\nR<i>enata Neves, L\u00edgia Dias<\/i><\/p>\n<p>&nbsp;<\/p>\n<p>&nbsp;<\/p>\n<h2><b>Mesa 4. Representando conflitos e resist\u00eancias: cartografias e o campo ampliado da produ\u00e7\u00e3o de imagens contra-hegem\u00f4nicas<\/b><\/h2>\n<h3><b>Autores Relacionados<br \/>\n<\/b><\/h3>\n<p><a href=\"https:\/\/sites.usp.br\/icht2019\/wp-content\/uploads\/sites\/1497\/2019\/07\/O-peso-da-compreensa\u0303o-do-imagina\u0301rio-na-ressignificac\u0327a\u0303o-espacial-dos-Centros-de-Controle-de-Zoonoses-.pdf\">O peso da compreens\u00e3o do imagin\u00e1rio na ressignifica\u00e7\u00e3o espacial dos Centros de Controle de Zoonoses<\/a><br \/>\n<i>Carolina Ribeiro Simon <\/i><\/p>\n<p><a href=\"https:\/\/sites.usp.br\/icht2019\/wp-content\/uploads\/sites\/416\/2019\/07\/OCUPAC\u0327O\u0303ES-E-URBANISMO-INSURGENTES-a\u0301rea-central-de-Sa\u0303o-Paulo-.pdf\">Ocupa\u00e7\u00f5es e urbanismo insurgentes: \u00e1rea central de S\u00e3o Paulo<\/a><br \/>\n<i>D\u00e9bora Sanches, Jeroen Stevens, Marcele Piotto<\/i><\/p>\n<p><a href=\"https:\/\/sites.usp.br\/icht2019\/wp-content\/uploads\/sites\/416\/2019\/07\/Nas-A\u0301guas-a-resiste\u0302ncia-do-sensi\u0301vel.pdf\">Nas \u00e1guas &#8211; a resist\u00eancia do sens\u00edvel<\/a><br \/>\n<i>Frederico Canuto, Simone Cortez\u00e3o, Marco Aurelio<\/i> <i>Marinho de Melo<\/i><\/p>\n<p><a href=\"https:\/\/sites.usp.br\/icht2019\/wp-content\/uploads\/sites\/416\/2019\/07\/Cartografia-de-ge\u0302nero-como-mulheres-de-Uberla\u0302ndia-se-relacionam-com-o-espac\u0327o-urbano.pdf\">Cartografia de g\u00eanero: como mulheres de Uberl\u00e2ndia se relacionam com o espa\u00e7o urbano<\/a><br \/>\n<i>Giovanna Merli, Maria Eliza Guerra<\/i><\/p>\n<p><a href=\"https:\/\/sites.usp.br\/icht2019\/wp-content\/uploads\/sites\/416\/2019\/07\/Instrumentos-projetuais-de-Arquitetura-e-Urbanismo-como-agentes-transformadores-tendo-como-para\u0302metro-a-escala-da-crianc\u0327a-.pdf\">Instrumentos projetuais de Arquitetura e Urbanismo, como agentes transformadores, tendo como par\u00e2metro a escala da crian\u00e7a<\/a><br \/>\n<i>J\u00falio Barretto Gadelha<\/i><\/p>\n<p><a href=\"https:\/\/sites.usp.br\/icht2019\/wp-content\/uploads\/sites\/416\/2019\/07\/Vivenciando-paisagens-e-lugares-O-caminhar-como-a-arte-de-habitar-a-cidade-.pdf\">Vivenciando paisagens e lugares- O caminhar como a arte de habitar a cidade<\/a><br \/>\n<i>Lahys Barros Alves, Luiz Monte<\/i><\/p>\n<p><a href=\"https:\/\/sites.usp.br\/icht2019\/wp-content\/uploads\/sites\/416\/2019\/07\/Diagrama-ator-rede-A-representac\u0327a\u0303o-de-autoconstruc\u0327a\u0303o-em-ocupac\u0327o\u0303es-informais-em-palafitas.pdf\">Diagrama ator-rede: A representa\u00e7\u00e3o de autoconstru\u00e7\u00e3o em ocupa\u00e7\u00f5es informais em palafitas <\/a><br \/>\n<i>Luana Rocha de Souza<\/i><\/p>\n<p><a href=\"https:\/\/sites.usp.br\/icht2019\/wp-content\/uploads\/sites\/416\/2019\/07\/Pra\u0301ticas-cartogra\u0301ficas-na-arte-e-a-representac\u0327a\u0303o-de-territo\u0301rios-atrave\u0301s-do-grupo-Rimini-Protokoll.pdf\">Pr\u00e1ticas cartogr\u00e1ficas na arte e a representa\u00e7\u00e3o de territ\u00f3rios atrav\u00e9s do grupo Rimini Protokoll<\/a><br \/>\n<i>Marcella Raysa T\u00f4rres Vasconcelos<\/i><\/p>\n<p><a href=\"https:\/\/sites.usp.br\/icht2019\/wp-content\/uploads\/sites\/416\/2019\/07\/domus.domici\u0301lio.domi\u0301nios.pdf\">domus.domic\u00edlio.dom\u00ednios<\/a><br \/>\n<i>Mar\u00edlia Paiva<\/i><\/p>\n<p><a href=\"https:\/\/sites.usp.br\/icht2019\/wp-content\/uploads\/sites\/416\/2019\/07\/ARQUITETURA-INDI\u0301GENA-XINGUANA-UM-ESTUDO-DAS-REPRESENTAC\u0327O\u0303ES.pdf\">Arquitetura ind\u00edgena xinguana: um estudo das representa\u00e7\u00f5es<\/a><br \/>\n<i>Ruth Cui\u00e1 Troncarelli<\/i><\/p>\n<p>&nbsp;<\/p>\n<p>&nbsp;<\/p>\n<h2><b>Mesa 5. Cidade e imagem: <\/b><b>fotografia e experi\u00eancia urbana<\/b><\/h2>\n<p><a href=\"https:\/\/sites.usp.br\/icht2019\/wp-content\/uploads\/sites\/416\/2019\/07\/Fotografias-o\u0301rfa\u0303s-e-insurge\u0302ncias-supervive\u0302ncias-dos-arquivos-de-imagens.pdf\">Fotografias \u00f3rf\u00e3s e insurg\u00eancias superviv\u00eancias dos arquivos de imagens<\/a><br \/>\n<i>Fabiana Bruno<\/i><\/p>\n<p><a href=\"https:\/\/sites.usp.br\/icht2019\/wp-content\/uploads\/sites\/416\/2019\/07\/Imagem-design-e-territo\u0301rio-uma-experie\u0302ncia-no-ensino-de-arquitetura-e-urbanismo.pdf\">Imagem, design e territ\u00f3rio: uma experi\u00eancia no ensino de arquitetura e urbanismo<\/a><br \/>\n<i>Sara Goldchmit<\/i><\/p>\n<p><a href=\"https:\/\/sites.usp.br\/icht2019\/wp-content\/uploads\/sites\/416\/dlm_uploads\/2019\/07\/Atlas-fotogra\u0301fico-da-cidade-de-Sa\u0303o-Paulo-e-seus-arredores-.pdf\">Atlas fotogr\u00e1fico da cidade de S\u00e3o Paulo e seus arredores<\/a><br \/>\n<i>Tuca Vieira<\/i><\/p>\n<h3><b>Autores Relacionados<br \/>\n<\/b><\/h3>\n<p><a href=\"https:\/\/sites.usp.br\/icht2019\/wp-content\/uploads\/sites\/416\/2019\/07\/Disputas-pela-cidade-a-partir-do-Streaming_-Unbreakable-Kimmy-Schmidt-e-o-Retrato-da-Gentrificac\u0327a\u0303o.pdf\">Disputas pela cidade a partir do Streaming: Unbreakable Kimmy Schmidt e o Retrato da Gentrifica\u00e7\u00e3o<\/a><br \/>\n<i>Carolina G. C. Carmo<\/i><\/p>\n<p><a href=\"https:\/\/sites.usp.br\/icht2019\/wp-content\/uploads\/sites\/416\/dlm_uploads\/2019\/07\/A-Foto-Memo\u0301ria-e-o-Fantasma-do-Passado-as-diale\u0301ticas-da-imagem-e-da-memo\u0301ria-sobre-o-espac\u0327o-urbano-.pdf\">A Foto-Mem\u00f3ria e o Fantasma do Passado: as dial\u00e9ticas da imagem e da mem\u00f3ria sobre o espa\u00e7o urbano<\/a><br \/>\n<i>Cybelle Salvador Miranda, Vith\u00f3ria Carvalho da Silva<\/i><\/p>\n<p><a href=\"https:\/\/sites.usp.br\/icht2019\/wp-content\/uploads\/sites\/416\/2019\/07\/O-imagina\u0301rio-da-paisagem-a-fotografia-como-me\u0301todo-de-intervenc\u0327a\u0303o-na-cidade.pdf\">O imagin\u00e1rio da paisagem: a fotografia como m\u00e9todo de interven\u00e7\u00e3o na cidade<\/a><br \/>\n<i>Let\u00edcia de Fatima Durlo, Larissa Fauri, Wallace Moreira<\/i><\/p>\n<p>&nbsp;<\/p>\n<p>&nbsp;<\/p>\n<h2><b>Mesa 6. Cen\u00e1rios Urbanos Futuros<\/b><\/h2>\n<p><a href=\"https:\/\/sites.usp.br\/icht2019\/wp-content\/uploads\/sites\/416\/2019\/07\/Cena\u0301rios-Urbanos-Futuros.pdf\">Cen\u00e1rio Urbanos Futuros<\/a><br \/>\n<i>Gabriel Mazzola Poli de Figueiredo<\/i><\/p>\n<p><a href=\"https:\/\/sites.usp.br\/icht2019\/wp-content\/uploads\/sites\/416\/2019\/07\/La-ville-imagine\u0301e-de-demain-par-la-fabrique-nume\u0301rique-du-patrimoine-urbain-L\u2019exemple-de-Lyon-ville-Unesco.pdf\">La ville imagin\u00e9e de demain par la fabrique num\u00e9rique du patrimoine urbain: L\u2019exemple de Lyon, ville Unesco<\/a><br \/>\n<i>Michel Rautenberg<\/i><\/p>\n<h3><b>Autores Relacionados<br \/>\n<\/b><\/h3>\n<p><a href=\"https:\/\/sites.usp.br\/icht2019\/wp-content\/uploads\/sites\/416\/2019\/07\/Cena\u0301rios-de-Transformac\u0327a\u0303o-da-Habitac\u0327a\u0303o-no-4\u00ba-Distrito-de-Porto-Alegre.pdf\">Cen\u00e1rios de Transforma\u00e7\u00e3o da Habita\u00e7\u00e3o no 4\u00ba Distrito de Porto Alegre<\/a><br \/>\n<i>Eliane Constantinou, Let\u00edcia Bettio Machado<\/i><\/p>\n<p><a href=\"https:\/\/sites.usp.br\/icht2019\/wp-content\/uploads\/sites\/416\/2019\/07\/Levantamento-e-identificac\u0327a\u0303o-de-documentos-pertinentes-a\u0300-valorizac\u0327a\u0303o-do-patrimo\u0302nio-cultural-no-acervo-do-museu-de-Santa-Rosa_RS.pdf\">Levantamento e identifica\u00e7\u00e3o de documentos pertinentes \u00e0 valoriza\u00e7\u00e3o do patrim\u00f4nio cultural no acervo do museu de Santa Rosa\/RS<\/a><br \/>\n<i>Estefani C. B. Lago, Vitor M. Haab, Maira Schmitz<\/i><\/p>\n<p><a href=\"https:\/\/sites.usp.br\/icht2019\/wp-content\/uploads\/sites\/416\/2019\/07\/Imagens-para-a-Imaginac\u0327a\u0303o-da-Cidade.pdf\">Imagens para a imagina\u00e7\u00e3o da cidade<\/a><i><br \/>\nIsabela R. Barreto, Roberto E. dos Santo, Rodrigo Marcandier<\/i><\/p>\n<p><a href=\"https:\/\/sites.usp.br\/icht2019\/wp-content\/uploads\/sites\/416\/dlm_uploads\/2019\/07\/\u00abEstablish-a-Community-Gardens-District\u00bb-jardins-communautaires-et-imaginaire-urbain.pdf\">\u00abEstablish a Community Gardens District\u00bb jardins communautaires et imaginaire urbain<\/a><i><br \/>\nIsabelle Krzywkowski<\/i><\/p>\n<p><a href=\"https:\/\/sites.usp.br\/icht2019\/wp-content\/uploads\/sites\/416\/2019\/07\/Dados-digitais-no-espac\u0327o-pu\u0301blico-visibilidade-e-vigila\u0302ncia-distribui\u0301da-em-cidades-brasileiras.pdf\">Dados digitais no espa\u00e7o p\u00fablico: visibilidade e vigil\u00e2ncia distribu\u00edda em cidades brasileiras<\/a><i><br \/>\nLucia Meneghetti<\/i><\/p>\n<p><a href=\"https:\/\/sites.usp.br\/icht2019\/wp-content\/uploads\/sites\/416\/2019\/07\/Ca\u0301psula-arquitetura-li\u0301quida-para-uma-sociedade-li\u0301quida-.pdf\">C\u00e1psula: arquitetura l\u00edquida para uma sociedade l\u00edquida<\/a><i><br \/>\nRody Carvalho Santana, Luis Gustavo Gon\u00e7alves Costa<\/i><\/p>\n<p><a href=\"https:\/\/sites.usp.br\/icht2019\/wp-content\/uploads\/sites\/416\/2019\/07\/Cine-O\u0301pera-resiste\u0302ncia-e-performances-de-imagens-e-corpos.pdf\">Cine \u00d3pera: resist\u00eancia e performances de imagens e corpos<\/a><br \/>\n<i>Salma Ribeiro, Cybelle Salvador Miranda<\/i><\/p>\n<p><a href=\"https:\/\/sites.usp.br\/icht2019\/wp-content\/uploads\/sites\/416\/2019\/07\/Ma\u0301quinas-Inteligentes-A-Construc\u0327a\u0303o-de-um-Imagina\u0301rio-a-partir-do-Cinema-.pdf\">M\u00e1quinas Inteligentes: a Constru\u00e7\u00e3o de um Imagin\u00e1rio a partir do Cinema<\/a><i><br \/>\nVin\u00edcius J. Pereira, Gil Barros<\/i><\/p>\n<p>&nbsp;<\/p>\n<p>&nbsp;<\/p>\n<h2><b>Mesa<\/b> <b>7. Arquitetura e audiovisual: a disputa pelo espa\u00e7o nas telas<\/b><\/h2>\n<p><a href=\"https:\/\/sites.usp.br\/icht2019\/wp-content\/uploads\/sites\/416\/2019\/07\/Dwelling-the-precariousness-Ozualdo-Candeias\u2019-A-margem-_-The-Margin-1967.pdf\">Dwelling the precariousness: Ozualdo Candeias &#8220;A margem&#8221; | The Margin (1967)<\/a><br \/>\n<i>Juliana Froehlich<\/i><\/p>\n<p><a href=\"https:\/\/sites.usp.br\/icht2019\/wp-content\/uploads\/sites\/416\/2019\/07\/Notas-sobre-Do-Leste-Na-fronteira-da-ficc\u0327a\u0303o-de-Chantal-Akerman.pdf\">Notas sobre Do Leste: na fronteira da fic\u00e7\u00e3o, de Chantal Akerman<\/a><br \/>\n<i>C\u00e1ssia Hosni<\/i><\/p>\n<p><a href=\"https:\/\/sites.usp.br\/icht2019\/wp-content\/uploads\/sites\/416\/2019\/07\/Interac\u0327o\u0303es-espaciais-na-representac\u0327a\u0303o-audiovisual-de-afetos-e-traumas.pdf\">Intera\u00e7\u00f5es espaciais na representa\u00e7\u00e3o audiovisual de afetos e traumas<\/a><br \/>\n<i>L\u00edvia Perez de Paula<\/i><\/p>\n<h3><b>Autores Relacionados<br \/>\n<\/b><\/h3>\n<p><a href=\"https:\/\/sites.usp.br\/icht2019\/wp-content\/uploads\/sites\/416\/2019\/07\/Inferno-religia\u0303o-poli\u0301tica-e-cidade-no-curta-metragem-de-Yael-Bartana-.pdf\">Inferno: religi\u00e3o, pol\u00edtica e cidade no curta metragem de Yael Bartana<\/a><i><br \/>\nFernando Kennedy Braga Oliveira, Luis Eduardo dos Santos Borda, Adriane Silv\u00e9rio Neto<\/i><\/p>\n<p><a href=\"https:\/\/sites.usp.br\/icht2019\/wp-content\/uploads\/sites\/416\/2019\/07\/O-documenta\u0301rio-de-resiste\u0302ncia-como-contranarrativa-nas-disputas-pelo-espac\u0327o-urbano-.pdf\">O document\u00e1rio de resist\u00eancia como contranarrativa nas disputas pelo espa\u00e7o urbano<\/a><i><br \/>\nMa\u00edsa Fonseca de Almeida, Manoel Rodrigues Alves Milena Cristina Sartori, Ma\u00edra Cristo Daitx, B\u00e1rbara Pozza Scudeller, Tain\u00e1 Hermoso, B\u00e1rbara Gon\u00e7alves Guazzelli<\/i><\/p>\n<p><a href=\"https:\/\/sites.usp.br\/icht2019\/wp-content\/uploads\/sites\/416\/2019\/07\/O-papel-do-audiovisual-na-reflexa\u0303o-sobre-o-espac\u0327o-urbano-Uma-ana\u0301lise-a-partir-de-Prac\u0327a-Walt-Disney-e-O-Som-ao-Redor-.pdf\">O papel do audiovisual na reflex\u00e3o sobre o espa\u00e7o urbano: Uma an\u00e1lise a partir de Pra\u00e7a Walt Disney e O Som ao Redor<\/a><i><br \/>\nMaria Ang\u00e9lica Mocci, Gisela Cunha Viana Leonelli<\/i>","protected":false},"excerpt":{"rendered":"<p>Clique abaixo para acessar as atas completas do col\u00f3quio: Sum\u00e1rio dos artigos &nbsp; Mesa 1. Mobilidade das imagens: continuidades, rupturas e experimenta\u00e7\u00f5es Habitar para al\u00e9m da habita\u00e7\u00e3o &#8211; Ensaio sobre a mobilidade das imagens do habitar: continuidade, rupturas e experimenta\u00e7\u00f5es Artur Rozestraten Iconographies urbaines: metaphores, paradigmes, typologies &#8211; Pr\u00e9alables \u00e9pist\u00e9mologiques d\u2019une esth\u00e9tique des images Jean-Jacques&hellip;<\/p>\n","protected":false},"author":886,"featured_media":0,"parent":0,"menu_order":0,"comment_status":"closed","ping_status":"closed","template":"","meta":{"footnotes":"","_links_to":"","_links_to_target":""},"class_list":["post-567","page","type-page","status-publish","hentry","post"],"_links":{"self":[{"href":"https:\/\/sites.usp.br\/icht2019\/wp-json\/wp\/v2\/pages\/567","targetHints":{"allow":["GET"]}}],"collection":[{"href":"https:\/\/sites.usp.br\/icht2019\/wp-json\/wp\/v2\/pages"}],"about":[{"href":"https:\/\/sites.usp.br\/icht2019\/wp-json\/wp\/v2\/types\/page"}],"author":[{"embeddable":true,"href":"https:\/\/sites.usp.br\/icht2019\/wp-json\/wp\/v2\/users\/886"}],"replies":[{"embeddable":true,"href":"https:\/\/sites.usp.br\/icht2019\/wp-json\/wp\/v2\/comments?post=567"}],"version-history":[{"count":4,"href":"https:\/\/sites.usp.br\/icht2019\/wp-json\/wp\/v2\/pages\/567\/revisions"}],"predecessor-version":[{"id":731,"href":"https:\/\/sites.usp.br\/icht2019\/wp-json\/wp\/v2\/pages\/567\/revisions\/731"}],"wp:attachment":[{"href":"https:\/\/sites.usp.br\/icht2019\/wp-json\/wp\/v2\/media?parent=567"}],"curies":[{"name":"wp","href":"https:\/\/api.w.org\/{rel}","templated":true}]}}