{"id":851,"date":"2017-03-22T12:03:59","date_gmt":"2017-03-22T15:03:59","guid":{"rendered":"http:\/\/sites.usp.br\/iconomia\/?page_id=851"},"modified":"2023-06-26T12:29:23","modified_gmt":"2023-06-26T15:29:23","slug":"moedas-criativas","status":"publish","type":"page","link":"https:\/\/sites.usp.br\/iconomia\/moedas-criativas\/","title":{"rendered":"Moedas Criativas"},"content":{"rendered":"<p>A reinven\u00e7\u00e3o do dinheiro \u00e9 uma fronteira que se abre na sociedade em rede. Acompanhe as pesquisas, semin\u00e1rios e projetos no Brasil e no mundo voltados \u00e0 converg\u00eancia entre a inova\u00e7\u00e3o digital e a revolu\u00e7\u00e3o tecnol\u00f3gica em finan\u00e7as, meios de pagamento e modelos de desenvolvimento.<\/p>\n<p>Mais informa\u00e7\u00f5es na rede <a href=\"https:\/\/ramics.org\/\">RAMICS<\/a>.<\/p>\n","protected":false},"excerpt":{"rendered":"<p>A reinven\u00e7\u00e3o do dinheiro \u00e9 uma fronteira que se abre na sociedade em rede. Acompanhe as pesquisas, semin\u00e1rios e projetos no Brasil e no mundo voltados \u00e0 converg\u00eancia entre a inova\u00e7\u00e3o digital e a revolu\u00e7\u00e3o tecnol\u00f3gica em finan\u00e7as, meios de pagamento e modelos de desenvolvimento. Mais informa\u00e7\u00f5es na rede RAMICS.<\/p>\n","protected":false},"author":232,"featured_media":0,"parent":0,"menu_order":0,"comment_status":"closed","ping_status":"closed","template":"","meta":{"footnotes":"","_links_to":"","_links_to_target":""},"class_list":["post-851","page","type-page","status-publish","hentry"],"_links":{"self":[{"href":"https:\/\/sites.usp.br\/iconomia\/wp-json\/wp\/v2\/pages\/851","targetHints":{"allow":["GET"]}}],"collection":[{"href":"https:\/\/sites.usp.br\/iconomia\/wp-json\/wp\/v2\/pages"}],"about":[{"href":"https:\/\/sites.usp.br\/iconomia\/wp-json\/wp\/v2\/types\/page"}],"author":[{"embeddable":true,"href":"https:\/\/sites.usp.br\/iconomia\/wp-json\/wp\/v2\/users\/232"}],"replies":[{"embeddable":true,"href":"https:\/\/sites.usp.br\/iconomia\/wp-json\/wp\/v2\/comments?post=851"}],"version-history":[{"count":2,"href":"https:\/\/sites.usp.br\/iconomia\/wp-json\/wp\/v2\/pages\/851\/revisions"}],"predecessor-version":[{"id":1023,"href":"https:\/\/sites.usp.br\/iconomia\/wp-json\/wp\/v2\/pages\/851\/revisions\/1023"}],"wp:attachment":[{"href":"https:\/\/sites.usp.br\/iconomia\/wp-json\/wp\/v2\/media?parent=851"}],"curies":[{"name":"wp","href":"https:\/\/api.w.org\/{rel}","templated":true}]}}