{"id":292,"date":"2015-05-14T11:59:37","date_gmt":"2015-05-14T14:59:37","guid":{"rendered":"http:\/\/sites.usp.br\/imunogenetica\/?page_id=292"},"modified":"2020-03-03T18:06:39","modified_gmt":"2020-03-03T21:06:39","slug":"colaboracoes","status":"publish","type":"page","link":"https:\/\/sites.usp.br\/imunogenetica\/colaboracoes\/","title":{"rendered":"Collaborations"},"content":{"rendered":"<p><span style=\"text-decoration: underline;\">Research groups in Brazil<\/span>:<\/p>\n<p>Amanda Freire Assis Riccardi (Universidade Estadual de Minas Gerais, Passos, MG)<\/p>\n<p>Daniella A. Mendes da Cruz (Laboratory on Thymus Research, Oswaldo Cruz Foundation, Rio de Janeiro)<\/p>\n<p>Wilson Savino (Laboratory on Thymus Research, Oswaldo Cruz Foundation, Rio de Janeiro)<\/p>\n<p>Vin\u00edcius Cotta-Almeida\u00a0(Laboratory on Thymus Research, Oswaldo Cruz Foundation, Rio de Janeiro)<\/p>\n<p>Carlos Alberto Moreira-Filho (Faculdade de Medicina, Universidade de S\u00e3o Paulo, S\u00e3o Paulo)<\/p>\n<p>Elza Tiemi Sakamoto-Hojo (Department of Genetics, Ribeir\u00e3o Preto Medical School, University of S\u00e3o Paulo)<\/p>\n<p>Eduardo Antonio Donadi (Department of Clinical Medicine, Ribeir\u00e3o Preto Medical School, University of S\u00e3o Paulo)<\/p>\n<p>Karina F. Bombonato Prado (Department of Basic and Oral Biology, School of Dentistry of Ribeir\u00e3o Preto, University of S\u00e3o Paulo)<\/p>\n<p>M\u00e1rcia Maria C. Marques Silveira (Molecular Oncology Research Center, Barretos Cancer Hospital, Barretos, SP)<\/p>\n<p>Adriane Feij\u00f3 Evangelista\u00a0\u00a0(Molecular Oncology Research Center, Barretos Cancer Hospital, Barretos, SP)<\/p>\n<p>Jana\u00edna A. Dernowsek (IPEN USP e BioEdTech, S\u00e3o Paulo)<\/p>\n<p>Erika Cristina Pavarino (FAMERP, S\u00e3o Jos\u00e9 do Rio Preto, SP)<\/p>\n<p>Adalberto L. Rosa (Department of Surgery, School of Dentistry of Ribeir\u00e3o Preto, University of S\u00e3o Paulo)<\/p>\n<p>M\u00e1rcio Beloti (Department of Basic and Oral Biology, School of Dentistry of Ribeir\u00e3o Preto, University of S\u00e3o Paulo)<\/p>\n<p>Manoel Dami\u00e3o Sousa Filho (Department of\u00a0 Restorative Dentistry, School of Dentistry of Ribeir\u00e3o Preto, University of S\u00e3o Paulo)<\/p>\n<p><span style=\"text-decoration: underline;\">Foreign Research Groups<\/span>:<\/p>\n<p>Nuno Lages Alves (Instituto de Biologia Celular e Molecular, Universidade do Porto, Portugal)<\/p>\n<p>&nbsp;<\/p>\n<p>&nbsp;<\/p>\n","protected":false},"excerpt":{"rendered":"<p>Research groups in Brazil: Amanda Freire Assis Riccardi (Universidade Estadual de Minas Gerais, Passos, MG) [&hellip;]<\/p>\n","protected":false},"author":13,"featured_media":0,"parent":0,"menu_order":0,"comment_status":"closed","ping_status":"closed","template":"","meta":{"footnotes":"","_links_to":"","_links_to_target":""},"class_list":["post-292","page","type-page","status-publish","hentry"],"_links":{"self":[{"href":"https:\/\/sites.usp.br\/imunogenetica\/wp-json\/wp\/v2\/pages\/292","targetHints":{"allow":["GET"]}}],"collection":[{"href":"https:\/\/sites.usp.br\/imunogenetica\/wp-json\/wp\/v2\/pages"}],"about":[{"href":"https:\/\/sites.usp.br\/imunogenetica\/wp-json\/wp\/v2\/types\/page"}],"author":[{"embeddable":true,"href":"https:\/\/sites.usp.br\/imunogenetica\/wp-json\/wp\/v2\/users\/13"}],"replies":[{"embeddable":true,"href":"https:\/\/sites.usp.br\/imunogenetica\/wp-json\/wp\/v2\/comments?post=292"}],"version-history":[{"count":4,"href":"https:\/\/sites.usp.br\/imunogenetica\/wp-json\/wp\/v2\/pages\/292\/revisions"}],"predecessor-version":[{"id":924,"href":"https:\/\/sites.usp.br\/imunogenetica\/wp-json\/wp\/v2\/pages\/292\/revisions\/924"}],"wp:attachment":[{"href":"https:\/\/sites.usp.br\/imunogenetica\/wp-json\/wp\/v2\/media?parent=292"}],"curies":[{"name":"wp","href":"https:\/\/api.w.org\/{rel}","templated":true}]}}