{"id":350,"date":"2023-05-10T11:43:04","date_gmt":"2023-05-10T14:43:04","guid":{"rendered":"https:\/\/sites.usp.br\/inredd\/?page_id=350"},"modified":"2023-09-13T09:59:55","modified_gmt":"2023-09-13T12:59:55","slug":"professores","status":"publish","type":"page","link":"https:\/\/sites.usp.br\/inredd\/professores\/","title":{"rendered":"Professores"},"content":{"rendered":"\t\t<div data-elementor-type=\"wp-page\" data-elementor-id=\"350\" class=\"elementor elementor-350\">\n\t\t\t\t\t\t<section class=\"elementor-section elementor-top-section elementor-element elementor-element-8ff629e elementor-section-boxed elementor-section-height-default elementor-section-height-default\" data-id=\"8ff629e\" data-element_type=\"section\" data-settings=\"{&quot;background_background&quot;:&quot;classic&quot;}\">\n\t\t\t\t\t\t<div class=\"elementor-container elementor-column-gap-default\">\n\t\t\t\t\t<div class=\"elementor-column elementor-col-100 elementor-top-column elementor-element elementor-element-5e8a44e\" data-id=\"5e8a44e\" data-element_type=\"column\">\n\t\t\t<div class=\"elementor-widget-wrap elementor-element-populated\">\n\t\t\t\t\t\t<section class=\"elementor-section elementor-inner-section elementor-element elementor-element-005aada elementor-section-boxed elementor-section-height-default elementor-section-height-default\" data-id=\"005aada\" data-element_type=\"section\">\n\t\t\t\t\t\t<div class=\"elementor-container elementor-column-gap-default\">\n\t\t\t\t\t<div class=\"elementor-column elementor-col-50 elementor-inner-column elementor-element elementor-element-ca89c52\" data-id=\"ca89c52\" data-element_type=\"column\">\n\t\t\t<div class=\"elementor-widget-wrap elementor-element-populated\">\n\t\t\t\t\t\t<div class=\"elementor-element elementor-element-cc892a0 elementor-widget elementor-widget-image\" data-id=\"cc892a0\" data-element_type=\"widget\" data-widget_type=\"image.default\">\n\t\t\t\t<div class=\"elementor-widget-container\">\n\t\t\t\t\t\t\t\t\t\t\t\t\t<img decoding=\"async\" src=\"https:\/\/sites.usp.br\/inredd\/wp-content\/uploads\/sites\/1232\/elementor\/thumbs\/2-1-q5xugbskaczlq2gyk8gtyqd2u0qtevyw7i8upo9k28.png\" title=\"2\" alt=\"2\" loading=\"lazy\" \/>\t\t\t\t\t\t\t\t\t\t\t\t\t<\/div>\n\t\t\t\t<\/div>\n\t\t\t\t\t<\/div>\n\t\t<\/div>\n\t\t\t\t<div class=\"elementor-column elementor-col-50 elementor-inner-column elementor-element elementor-element-2cbbe85\" data-id=\"2cbbe85\" data-element_type=\"column\">\n\t\t\t<div class=\"elementor-widget-wrap elementor-element-populated\">\n\t\t\t\t\t\t<div class=\"elementor-element elementor-element-f9a9fe3 elementor-widget elementor-widget-text-editor\" data-id=\"f9a9fe3\" data-element_type=\"widget\" data-widget_type=\"text-editor.default\">\n\t\t\t\t<div class=\"elementor-widget-container\">\n\t\t\t\t\t\t\t<p><span style=\"font-weight: 400;\">Prof. Dra. Camila Tirapelli<\/span><\/p>\t\t\t\t\t\t<\/div>\n\t\t\t\t<\/div>\n\t\t\t\t<div class=\"elementor-element elementor-element-61683f6 elementor-widget__width-initial elementor-widget elementor-widget-text-editor\" data-id=\"61683f6\" data-element_type=\"widget\" data-widget_type=\"text-editor.default\">\n\t\t\t\t<div class=\"elementor-widget-container\">\n\t\t\t\t\t\t\t<ul><li><span style=\"font-weight: 400;\">Gradua\u00e7\u00e3o em Odontologia <\/span><span style=\"font-weight: 400;\">pela Faculdade de Odontologia de Ribeir\u00e3o Preto, Universidade de S\u00e3o Paulo\u2013 FORP\/USP<\/span><span style=\"font-weight: 400;\"> (1998)<\/span><\/li><li><span style=\"font-weight: 400;\">Mestrado e Doutorado em Reabilita\u00e7\u00e3o Oral pela Faculdade de Odontologia de Ribeir\u00e3o Preto, Universidade de S\u00e3o Paulo\u2013 FORP\/USP<\/span><\/li><li><span style=\"font-weight: 400;\">Especializa\u00e7\u00e3o em Pr\u00f3tese Dent\u00e1ria (CFO)<\/span><\/li><li>Especializa\u00e7\u00e3o em Radiologia e Imaginologia Dentomaxilofacial<\/li><li><span style=\"font-weight: 400;\">Especializa\u00e7\u00e3o em Pedagogia Universit\u00e1ria (GAP-USP)<\/span><\/li><li><span style=\"font-weight: 400;\">MBA em Gest\u00e3o Estrat\u00e9gica pela Universidade de S\u00e3o Paulo &#8211; FEARP-USP<\/span><\/li><li><span style=\"font-weight: 400;\">Professora Associada III da Faculdade de Odontologia de Ribeir\u00e3o Preto (FORP USP), docente da \u00e1rea de Cl\u00ednica Integrada e orientadora de Mestrado e Doutorado no Programa de P\u00f3s-gradua\u00e7\u00e3o em Reabilita\u00e7\u00e3o Oral da FORP USP<\/span><\/li><li><span style=\"font-weight: 400;\">A pesquisadora tem trabalhado interdisciplinarmente em colabora\u00e7\u00e3o com pesquisadores dentro e fora da Odontologia, liderando o grupo de pesquisa InReDD (Interdisciplinary Research Group in Digital Dentistry)<\/span><\/li><\/ul>\t\t\t\t\t\t<\/div>\n\t\t\t\t<\/div>\n\t\t\t\t<div class=\"elementor-element elementor-element-e2d3f9a elementor-widget elementor-widget-html\" data-id=\"e2d3f9a\" data-element_type=\"widget\" data-widget_type=\"html.default\">\n\t\t\t\t<div class=\"elementor-widget-container\">\n\t\t\tcatirapelli@forp.usp.br\t\t<\/div>\n\t\t\t\t<\/div>\n\t\t\t\t<div class=\"elementor-element elementor-element-abab1a2 elementor-shape-rounded elementor-grid-0 e-grid-align-center elementor-widget elementor-widget-social-icons\" data-id=\"abab1a2\" data-element_type=\"widget\" data-widget_type=\"social-icons.default\">\n\t\t\t\t<div class=\"elementor-widget-container\">\n\t\t\t\t\t<div class=\"elementor-social-icons-wrapper elementor-grid\">\n\t\t\t\t\t\t\t<span class=\"elementor-grid-item\">\n\t\t\t\t\t<a class=\"elementor-icon elementor-social-icon elementor-social-icon-user-graduate elementor-animation-float elementor-repeater-item-1a5d195\" href=\"http:\/\/lattes.cnpq.br\/8527991428093010\" target=\"_blank\">\n\t\t\t\t\t\t<span class=\"elementor-screen-only\">User-graduate<\/span>\n\t\t\t\t\t\t<i class=\"fas fa-user-graduate\"><\/i>\t\t\t\t\t<\/a>\n\t\t\t\t<\/span>\n\t\t\t\t\t<\/div>\n\t\t\t\t<\/div>\n\t\t\t\t<\/div>\n\t\t\t\t\t<\/div>\n\t\t<\/div>\n\t\t\t\t\t<\/div>\n\t\t<\/section>\n\t\t\t\t<section class=\"elementor-section elementor-inner-section elementor-element elementor-element-6cae2cf elementor-section-boxed elementor-section-height-default elementor-section-height-default\" data-id=\"6cae2cf\" data-element_type=\"section\" data-settings=\"{&quot;background_background&quot;:&quot;classic&quot;}\">\n\t\t\t\t\t\t<div class=\"elementor-container elementor-column-gap-default\">\n\t\t\t\t\t<div class=\"elementor-column elementor-col-50 elementor-inner-column elementor-element elementor-element-aa54f56\" data-id=\"aa54f56\" data-element_type=\"column\">\n\t\t\t<div class=\"elementor-widget-wrap elementor-element-populated\">\n\t\t\t\t\t\t<div class=\"elementor-element elementor-element-b2d598e elementor-widget elementor-widget-image\" data-id=\"b2d598e\" data-element_type=\"widget\" data-widget_type=\"image.default\">\n\t\t\t\t<div class=\"elementor-widget-container\">\n\t\t\t\t\t\t\t\t\t\t\t\t\t<img decoding=\"async\" src=\"https:\/\/sites.usp.br\/inredd\/wp-content\/uploads\/sites\/1232\/elementor\/thumbs\/4-q5xugfjx1p4r0ibhya3c8pex7k8a9odtk0usms3zdc.png\" title=\"4\" alt=\"4\" loading=\"lazy\" \/>\t\t\t\t\t\t\t\t\t\t\t\t\t<\/div>\n\t\t\t\t<\/div>\n\t\t\t\t\t<\/div>\n\t\t<\/div>\n\t\t\t\t<div class=\"elementor-column elementor-col-50 elementor-inner-column elementor-element elementor-element-460bd0b\" data-id=\"460bd0b\" data-element_type=\"column\">\n\t\t\t<div class=\"elementor-widget-wrap elementor-element-populated\">\n\t\t\t\t\t\t<div class=\"elementor-element elementor-element-2ad591b elementor-widget elementor-widget-text-editor\" data-id=\"2ad591b\" data-element_type=\"widget\" data-widget_type=\"text-editor.default\">\n\t\t\t\t<div class=\"elementor-widget-container\">\n\t\t\t\t\t\t\t<p><span style=\"font-weight: 400;\">Prof. Dr. Hugo Ga\u00eata Araujo<\/span><\/p>\t\t\t\t\t\t<\/div>\n\t\t\t\t<\/div>\n\t\t\t\t<div class=\"elementor-element elementor-element-9cf683c elementor-widget__width-initial elementor-widget elementor-widget-text-editor\" data-id=\"9cf683c\" data-element_type=\"widget\" data-widget_type=\"text-editor.default\">\n\t\t\t\t<div class=\"elementor-widget-container\">\n\t\t\t\t\t\t\t<ul><li><span style=\"font-weight: 400;\">Gradua\u00e7\u00e3o em Odontologia <\/span><span style=\"font-weight: 400;\">pela Faculdade de Odontologia de Ribeir\u00e3o Preto, Universidade de S\u00e3o Paulo\u2013 FORP\/USP<\/span><span style=\"font-weight: 400;\"> (2015)<\/span><\/li><li><span style=\"font-weight: 400;\">Mestrado e Doutorado em Radiologia Odontol\u00f3gica pela Faculdade de Odontologia de Piracicaba &#8211; UNICAMP<\/span><\/li><li><span style=\"font-weight: 400;\">Foi Professor Adjunto da \u00e1rea de Radiologia Odontol\u00f3gica e Imaginologia da Faculdade de Odontologia da Universidade Federal de Alfenas (UNIFAL-MG) e do Programa de P\u00f3s-Gradua\u00e7\u00e3o em Ci\u00eancias Odontol\u00f3gicas (UNIFAL-MG).\u00a0<\/span><\/li><li><span style=\"font-weight: 400;\">Professor Doutor do Departamento de Estomatologia, Sa\u00fade Coletiva e Odontologia Legal (DESCOL) da Faculdade de Odontologia de Ribeir\u00e3o Preto da Universidade de S\u00e3o Paulo (FORP-USP) e orientador nos Programas de P\u00f3s-Gradua\u00e7\u00e3o em Odontologia Restauradora e Reabilita\u00e7\u00e3o Oral da Faculdade de Odontologia de Ribeir\u00e3o Preto da Universidade de S\u00e3o Paulo (FORP-USP)<\/span><\/li><li><span style=\"font-weight: 400;\">O pesquisador tem trabalhado interdisciplinarmente em colabora\u00e7\u00e3o com pesquisadores dentro e fora da Odontologia, liderando o grupo de pesquisa InReDD (Interdisciplinary Research Group in Digital Dentistry)<\/span><\/li><\/ul>\t\t\t\t\t\t<\/div>\n\t\t\t\t<\/div>\n\t\t\t\t<div class=\"elementor-element elementor-element-8a0d656 elementor-widget elementor-widget-html\" data-id=\"8a0d656\" data-element_type=\"widget\" data-widget_type=\"html.default\">\n\t\t\t\t<div class=\"elementor-widget-container\">\n\t\t\thugo.gaeta@usp.br\t\t<\/div>\n\t\t\t\t<\/div>\n\t\t\t\t<div class=\"elementor-element elementor-element-d017739 elementor-shape-rounded elementor-grid-0 e-grid-align-center elementor-widget elementor-widget-social-icons\" data-id=\"d017739\" data-element_type=\"widget\" data-widget_type=\"social-icons.default\">\n\t\t\t\t<div class=\"elementor-widget-container\">\n\t\t\t\t\t<div class=\"elementor-social-icons-wrapper elementor-grid\">\n\t\t\t\t\t\t\t<span class=\"elementor-grid-item\">\n\t\t\t\t\t<a class=\"elementor-icon elementor-social-icon elementor-social-icon-user-graduate elementor-animation-float elementor-repeater-item-1a5d195\" href=\"http:\/\/lattes.cnpq.br\/1652639775122637\" target=\"_blank\">\n\t\t\t\t\t\t<span class=\"elementor-screen-only\">User-graduate<\/span>\n\t\t\t\t\t\t<i class=\"fas fa-user-graduate\"><\/i>\t\t\t\t\t<\/a>\n\t\t\t\t<\/span>\n\t\t\t\t\t<\/div>\n\t\t\t\t<\/div>\n\t\t\t\t<\/div>\n\t\t\t\t\t<\/div>\n\t\t<\/div>\n\t\t\t\t\t<\/div>\n\t\t<\/section>\n\t\t\t\t<section class=\"elementor-section elementor-inner-section elementor-element elementor-element-d520296 elementor-section-boxed elementor-section-height-default elementor-section-height-default\" data-id=\"d520296\" data-element_type=\"section\" data-settings=\"{&quot;background_background&quot;:&quot;classic&quot;}\">\n\t\t\t\t\t\t<div class=\"elementor-container elementor-column-gap-default\">\n\t\t\t\t\t<div class=\"elementor-column elementor-col-50 elementor-inner-column elementor-element elementor-element-b861d7b\" data-id=\"b861d7b\" data-element_type=\"column\">\n\t\t\t<div class=\"elementor-widget-wrap elementor-element-populated\">\n\t\t\t\t\t\t<div class=\"elementor-element elementor-element-cdba2d4 elementor-widget elementor-widget-image\" data-id=\"cdba2d4\" data-element_type=\"widget\" data-widget_type=\"image.default\">\n\t\t\t\t<div class=\"elementor-widget-container\">\n\t\t\t\t\t\t\t\t\t\t\t\t\t<img decoding=\"async\" src=\"https:\/\/sites.usp.br\/inredd\/wp-content\/uploads\/sites\/1232\/elementor\/thumbs\/Sem-nome-350-\u00d7-350-px-200-\u00d7-200-px-5-q7x4dm41fx1ypx49g3h57nl4hwkmcxiictqmq5h0i8.png\" title=\"Sem nome (350\u00a0\u00d7\u00a0350\u00a0px) (200\u00a0\u00d7\u00a0200\u00a0px) (5)\" alt=\"Sem nome (350\u00a0\u00d7\u00a0350\u00a0px) (200\u00a0\u00d7\u00a0200\u00a0px) (5)\" loading=\"lazy\" \/>\t\t\t\t\t\t\t\t\t\t\t\t\t<\/div>\n\t\t\t\t<\/div>\n\t\t\t\t\t<\/div>\n\t\t<\/div>\n\t\t\t\t<div class=\"elementor-column elementor-col-50 elementor-inner-column elementor-element elementor-element-02c18ce\" data-id=\"02c18ce\" data-element_type=\"column\">\n\t\t\t<div class=\"elementor-widget-wrap elementor-element-populated\">\n\t\t\t\t\t\t<div class=\"elementor-element elementor-element-b6805af elementor-widget elementor-widget-text-editor\" data-id=\"b6805af\" data-element_type=\"widget\" data-widget_type=\"text-editor.default\">\n\t\t\t\t<div class=\"elementor-widget-container\">\n\t\t\t\t\t\t\t<p><span style=\"font-weight: 400;\">Profa. Dra. Alessandra Alaniz Macedo<\/span><\/p>\t\t\t\t\t\t<\/div>\n\t\t\t\t<\/div>\n\t\t\t\t<div class=\"elementor-element elementor-element-7d646f7 elementor-widget__width-initial elementor-widget elementor-widget-text-editor\" data-id=\"7d646f7\" data-element_type=\"widget\" data-widget_type=\"text-editor.default\">\n\t\t\t\t<div class=\"elementor-widget-container\">\n\t\t\t\t\t\t\t<ul><li><span style=\"font-weight: 400;\">Gradua\u00e7\u00e3o em\u00a0<\/span><span style=\"font-weight: 400;\">Ci\u00eancias da Computa\u00e7\u00e3o pela Universidade Estadual de Londrina (1996)<\/span><\/li><li><span style=\"font-weight: 400;\">Mestrado e Doutorado\u00a0<\/span>em Ci\u00eancias da Computa\u00e7\u00e3o pela Universidade de S\u00e3o Paulo (USP &#8211; S\u00e3o Carlos)<\/li><li>Professora Associada do Departamento de Computa\u00e7\u00e3o e Matem\u00e1tica da FFCLRP da Universidade de S\u00e3o Paulo (USP), Campus Ribeir\u00e3o Preto<\/li><li>Vinculada ao Programa de P\u00f3s-Gradua\u00e7\u00e3o em Computa\u00e7\u00e3o Aplicada<\/li><li><span style=\"font-weight: 400;\">A pesquisadora a<\/span>tua principalmente nos seguintes temas: Extra\u00e7\u00e3o de Informa\u00e7\u00e3o, Sistemas de Informa\u00e7\u00e3o Inteligentes, Engenharia de Documentos, Hiperm\u00eddia, Web Sem\u00e2ntica e Recupera\u00e7\u00e3o de Informa\u00e7\u00e3o em Bioci\u00eancias.<\/li><\/ul>\t\t\t\t\t\t<\/div>\n\t\t\t\t<\/div>\n\t\t\t\t<div class=\"elementor-element elementor-element-915b1b2 elementor-widget elementor-widget-html\" data-id=\"915b1b2\" data-element_type=\"widget\" data-widget_type=\"html.default\">\n\t\t\t\t<div class=\"elementor-widget-container\">\n\t\t\tale.alaniz@usp.br\t\t<\/div>\n\t\t\t\t<\/div>\n\t\t\t\t<div class=\"elementor-element elementor-element-809e50f elementor-shape-rounded elementor-grid-0 e-grid-align-center elementor-widget elementor-widget-social-icons\" data-id=\"809e50f\" data-element_type=\"widget\" data-widget_type=\"social-icons.default\">\n\t\t\t\t<div class=\"elementor-widget-container\">\n\t\t\t\t\t<div class=\"elementor-social-icons-wrapper elementor-grid\">\n\t\t\t\t\t\t\t<span class=\"elementor-grid-item\">\n\t\t\t\t\t<a class=\"elementor-icon elementor-social-icon elementor-social-icon-user-graduate elementor-animation-float elementor-repeater-item-1a5d195\" href=\"http:\/\/lattes.cnpq.br\/2407277993285186\" target=\"_blank\">\n\t\t\t\t\t\t<span class=\"elementor-screen-only\">User-graduate<\/span>\n\t\t\t\t\t\t<i class=\"fas fa-user-graduate\"><\/i>\t\t\t\t\t<\/a>\n\t\t\t\t<\/span>\n\t\t\t\t\t<\/div>\n\t\t\t\t<\/div>\n\t\t\t\t<\/div>\n\t\t\t\t\t<\/div>\n\t\t<\/div>\n\t\t\t\t\t<\/div>\n\t\t<\/section>\n\t\t\t\t\t<\/div>\n\t\t<\/div>\n\t\t\t\t\t<\/div>\n\t\t<\/section>\n\t\t\t\t<\/div>\n\t\t","protected":false},"excerpt":{"rendered":"<p>Prof. Dra. Camila Tirapelli Gradua\u00e7\u00e3o em Odontologia pela Faculdade de Odontologia de Ribeir\u00e3o Preto, Universidade de S\u00e3o Paulo\u2013 FORP\/USP (1998) Mestrado e Doutorado em Reabilita\u00e7\u00e3o Oral pela Faculdade de Odontologia de Ribeir\u00e3o Preto, Universidade de S\u00e3o Paulo\u2013 FORP\/USP Especializa\u00e7\u00e3o em Pr\u00f3tese Dent\u00e1ria (CFO) Especializa\u00e7\u00e3o em Radiologia e Imaginologia Dentomaxilofacial Especializa\u00e7\u00e3o em Pedagogia Universit\u00e1ria (GAP-USP) MBA [&hellip;]<\/p>\n","protected":false},"author":632,"featured_media":0,"parent":0,"menu_order":0,"comment_status":"closed","ping_status":"closed","template":"","meta":{"ocean_post_layout":"","ocean_both_sidebars_style":"","ocean_both_sidebars_content_width":0,"ocean_both_sidebars_sidebars_width":0,"ocean_sidebar":"","ocean_second_sidebar":"","ocean_disable_margins":"enable","ocean_add_body_class":"","ocean_shortcode_before_top_bar":"","ocean_shortcode_after_top_bar":"","ocean_shortcode_before_header":"","ocean_shortcode_after_header":"","ocean_has_shortcode":"","ocean_shortcode_after_title":"","ocean_shortcode_before_footer_widgets":"","ocean_shortcode_after_footer_widgets":"","ocean_shortcode_before_footer_bottom":"","ocean_shortcode_after_footer_bottom":"","ocean_display_top_bar":"default","ocean_display_header":"default","ocean_header_style":"","ocean_center_header_left_menu":"","ocean_custom_header_template":"","ocean_custom_logo":0,"ocean_custom_retina_logo":0,"ocean_custom_logo_max_width":0,"ocean_custom_logo_tablet_max_width":0,"ocean_custom_logo_mobile_max_width":0,"ocean_custom_logo_max_height":0,"ocean_custom_logo_tablet_max_height":0,"ocean_custom_logo_mobile_max_height":0,"ocean_header_custom_menu":"","ocean_menu_typo_font_family":"","ocean_menu_typo_font_subset":"","ocean_menu_typo_font_size":0,"ocean_menu_typo_font_size_tablet":0,"ocean_menu_typo_font_size_mobile":0,"ocean_menu_typo_font_size_unit":"px","ocean_menu_typo_font_weight":"","ocean_menu_typo_font_weight_tablet":"","ocean_menu_typo_font_weight_mobile":"","ocean_menu_typo_transform":"","ocean_menu_typo_transform_tablet":"","ocean_menu_typo_transform_mobile":"","ocean_menu_typo_line_height":0,"ocean_menu_typo_line_height_tablet":0,"ocean_menu_typo_line_height_mobile":0,"ocean_menu_typo_line_height_unit":"","ocean_menu_typo_spacing":0,"ocean_menu_typo_spacing_tablet":0,"ocean_menu_typo_spacing_mobile":0,"ocean_menu_typo_spacing_unit":"","ocean_menu_link_color":"","ocean_menu_link_color_hover":"","ocean_menu_link_color_active":"","ocean_menu_link_background":"","ocean_menu_link_hover_background":"","ocean_menu_link_active_background":"","ocean_menu_social_links_bg":"","ocean_menu_social_hover_links_bg":"","ocean_menu_social_links_color":"","ocean_menu_social_hover_links_color":"","ocean_disable_title":"default","ocean_disable_heading":"default","ocean_post_title":"","ocean_post_subheading":"","ocean_post_title_style":"","ocean_post_title_background_color":"","ocean_post_title_background":0,"ocean_post_title_bg_image_position":"","ocean_post_title_bg_image_attachment":"","ocean_post_title_bg_image_repeat":"","ocean_post_title_bg_image_size":"","ocean_post_title_height":0,"ocean_post_title_bg_overlay":0.5,"ocean_post_title_bg_overlay_color":"","ocean_disable_breadcrumbs":"default","ocean_breadcrumbs_color":"","ocean_breadcrumbs_separator_color":"","ocean_breadcrumbs_links_color":"","ocean_breadcrumbs_links_hover_color":"","ocean_display_footer_widgets":"default","ocean_display_footer_bottom":"default","ocean_custom_footer_template":"","footnotes":"","_links_to":"","_links_to_target":""},"class_list":["post-350","page","type-page","status-publish","hentry","entry"],"_links":{"self":[{"href":"https:\/\/sites.usp.br\/inredd\/wp-json\/wp\/v2\/pages\/350","targetHints":{"allow":["GET"]}}],"collection":[{"href":"https:\/\/sites.usp.br\/inredd\/wp-json\/wp\/v2\/pages"}],"about":[{"href":"https:\/\/sites.usp.br\/inredd\/wp-json\/wp\/v2\/types\/page"}],"author":[{"embeddable":true,"href":"https:\/\/sites.usp.br\/inredd\/wp-json\/wp\/v2\/users\/632"}],"replies":[{"embeddable":true,"href":"https:\/\/sites.usp.br\/inredd\/wp-json\/wp\/v2\/comments?post=350"}],"version-history":[{"count":4,"href":"https:\/\/sites.usp.br\/inredd\/wp-json\/wp\/v2\/pages\/350\/revisions"}],"predecessor-version":[{"id":837,"href":"https:\/\/sites.usp.br\/inredd\/wp-json\/wp\/v2\/pages\/350\/revisions\/837"}],"wp:attachment":[{"href":"https:\/\/sites.usp.br\/inredd\/wp-json\/wp\/v2\/media?parent=350"}],"curies":[{"name":"wp","href":"https:\/\/api.w.org\/{rel}","templated":true}]}}