{"id":361,"date":"2023-05-10T13:47:27","date_gmt":"2023-05-10T16:47:27","guid":{"rendered":"https:\/\/sites.usp.br\/inredd\/?page_id=361"},"modified":"2024-01-31T09:50:35","modified_gmt":"2024-01-31T12:50:35","slug":"pos-doutorado","status":"publish","type":"page","link":"https:\/\/sites.usp.br\/inredd\/pos-doutorado\/","title":{"rendered":"P\u00f3s-Doutorado"},"content":{"rendered":"\t\t<div data-elementor-type=\"wp-page\" data-elementor-id=\"361\" class=\"elementor elementor-361\">\n\t\t\t\t\t\t<section class=\"elementor-section elementor-top-section elementor-element elementor-element-90d9cac elementor-section-boxed elementor-section-height-default elementor-section-height-default\" data-id=\"90d9cac\" data-element_type=\"section\">\n\t\t\t\t\t\t<div class=\"elementor-container elementor-column-gap-default\">\n\t\t\t\t\t<div class=\"elementor-column elementor-col-100 elementor-top-column elementor-element elementor-element-628c23c\" data-id=\"628c23c\" data-element_type=\"column\">\n\t\t\t<div class=\"elementor-widget-wrap elementor-element-populated\">\n\t\t\t\t\t\t<section class=\"elementor-section elementor-inner-section elementor-element elementor-element-637c08e elementor-section-boxed elementor-section-height-default elementor-section-height-default\" data-id=\"637c08e\" data-element_type=\"section\" data-settings=\"{&quot;background_background&quot;:&quot;classic&quot;}\">\n\t\t\t\t\t\t<div class=\"elementor-container elementor-column-gap-default\">\n\t\t\t\t\t<div class=\"elementor-column elementor-col-50 elementor-inner-column elementor-element elementor-element-948f8a4\" data-id=\"948f8a4\" data-element_type=\"column\">\n\t\t\t<div class=\"elementor-widget-wrap elementor-element-populated\">\n\t\t\t\t\t\t<div class=\"elementor-element elementor-element-fa3f781 elementor-widget elementor-widget-image\" data-id=\"fa3f781\" data-element_type=\"widget\" data-widget_type=\"image.default\">\n\t\t\t\t<div class=\"elementor-widget-container\">\n\t\t\t\t\t\t\t\t\t\t\t\t\t<img decoding=\"async\" src=\"https:\/\/sites.usp.br\/inredd\/wp-content\/uploads\/sites\/1232\/elementor\/thumbs\/10-q5ysz42kem9o5l97kfp5o4b5s77ok3qp2q27e5kp8w.png\" title=\"10\" alt=\"10\" loading=\"lazy\" \/>\t\t\t\t\t\t\t\t\t\t\t\t\t<\/div>\n\t\t\t\t<\/div>\n\t\t\t\t\t<\/div>\n\t\t<\/div>\n\t\t\t\t<div class=\"elementor-column elementor-col-50 elementor-inner-column elementor-element elementor-element-701f2a3\" data-id=\"701f2a3\" data-element_type=\"column\">\n\t\t\t<div class=\"elementor-widget-wrap elementor-element-populated\">\n\t\t\t\t\t\t<div class=\"elementor-element elementor-element-d4fe16b elementor-widget elementor-widget-text-editor\" data-id=\"d4fe16b\" data-element_type=\"widget\" data-widget_type=\"text-editor.default\">\n\t\t\t\t<div class=\"elementor-widget-container\">\n\t\t\t\t\t\t\t<p><span style=\"font-weight: 400;\">Pedro Bastos Cruvinel<\/span><\/p>\t\t\t\t\t\t<\/div>\n\t\t\t\t<\/div>\n\t\t\t\t<div class=\"elementor-element elementor-element-482b73d elementor-widget__width-initial elementor-widget elementor-widget-text-editor\" data-id=\"482b73d\" data-element_type=\"widget\" data-widget_type=\"text-editor.default\">\n\t\t\t\t<div class=\"elementor-widget-container\">\n\t\t\t\t\t\t\t<ul><li>Gradua\u00e7\u00e3o em Odontologia pela Faculdade de Odontologia de Ribeir\u00e3o Preto, Universidade de S\u00e3o Paulo\u2013 FORP\/USP<\/li><li><span style=\"font-weight: 400;\">Mestrado em Odontologia Restauradora pela Faculdade de Odontologia de Ribeir\u00e3o Preto, Universidade de S\u00e3o Paulo\u2013 FORP\/USP<\/span><\/li><li><span style=\"font-weight: 400;\">Doutorado em Odontologia com \u00e1rea de concentra\u00e7\u00e3o em Reabilita\u00e7\u00e3o Oral pela Faculdade de Odontologia de Ribeir\u00e3o Preto da Universidade de S\u00e3o Paulo- FORP\/USP<\/span><\/li><li>P\u00f3s-Doutorando <span style=\"font-weight: 400;\">em Odontologia com \u00e1rea de concentra\u00e7\u00e3o em Reabilita\u00e7\u00e3o Oral pela Faculdade de Odontologia de Ribeir\u00e3o Preto da Universidade de S\u00e3o Paulo- FORP\/USP<\/span><\/li><\/ul>\t\t\t\t\t\t<\/div>\n\t\t\t\t<\/div>\n\t\t\t\t<div class=\"elementor-element elementor-element-6de5b6a elementor-widget elementor-widget-html\" data-id=\"6de5b6a\" data-element_type=\"widget\" data-widget_type=\"html.default\">\n\t\t\t\t<div class=\"elementor-widget-container\">\n\t\t\tpedrobcruvinel@gmail.com\t\t<\/div>\n\t\t\t\t<\/div>\n\t\t\t\t<div class=\"elementor-element elementor-element-1bd1a05 elementor-shape-rounded elementor-grid-0 e-grid-align-center elementor-widget elementor-widget-social-icons\" data-id=\"1bd1a05\" data-element_type=\"widget\" data-widget_type=\"social-icons.default\">\n\t\t\t\t<div class=\"elementor-widget-container\">\n\t\t\t\t\t<div class=\"elementor-social-icons-wrapper elementor-grid\">\n\t\t\t\t\t\t\t<span class=\"elementor-grid-item\">\n\t\t\t\t\t<a class=\"elementor-icon elementor-social-icon elementor-social-icon-user-graduate elementor-animation-float elementor-repeater-item-1a5d195\" href=\"https:\/\/buscatextual.cnpq.br\/buscatextual\/visualizacv.do?id=K4394590E0&#038;tokenCaptchar=03AL8dmw_7-jK9hA1mPnHtEbusGpWHWf4mbe1oM9yxw3ZubW1VUwbTwnwKuPLiDI84-jDmzSw6OADRu8Ex5MgAoG1Am9hovKZ40N_-0klrGA7rbMcYSxTG3vHNNpvSsCN_g9_COX8D-hESzkZfo9lnrbcsvJB47MV4ry3BFN6-sLmAOkikX9L2sZAWhNZrz_IAFtXp2yL_bUVhN9l5TQYLHFn8Cl7qHLfhMh0XVnV1BicN2_C1TsXdgP4sG5_Gs1gLEXRu9IiLTlcmMuWrCjvWSr4KmQj9Kea_Fy-8RxJkpAnYRlUqQ7m7KaNyQHMH9LlOfdO9c8dXQCwQzC3POe9qlh_hOI5t3tKwFfgC_tKcF5Qc_iTi_wnZabUTaBDb5v2H4Pio7BCL0sdB1DoE9Dk53ZxcctfS3PVFPvpJWos7lL4KGH65nYyB28YcdtSmvXnN0OBmmuWmO3YCfJxOqul3t9s2eKEDG5HBVrKDVoGAm_GpdgHeaY6vtadLzrqOvA0wR5j49SDVrMxfteF9Q2eT-3lCa32GnO8CF0_WpMMgEBM9Jdq7Bt7Aa-AlYsV0ZLneDbj7rMDw9NGK\" target=\"_blank\">\n\t\t\t\t\t\t<span class=\"elementor-screen-only\">User-graduate<\/span>\n\t\t\t\t\t\t<i class=\"fas fa-user-graduate\"><\/i>\t\t\t\t\t<\/a>\n\t\t\t\t<\/span>\n\t\t\t\t\t<\/div>\n\t\t\t\t<\/div>\n\t\t\t\t<\/div>\n\t\t\t\t\t<\/div>\n\t\t<\/div>\n\t\t\t\t\t<\/div>\n\t\t<\/section>\n\t\t\t\t\t<\/div>\n\t\t<\/div>\n\t\t\t\t\t<\/div>\n\t\t<\/section>\n\t\t\t\t<\/div>\n\t\t","protected":false},"excerpt":{"rendered":"<p>Pedro Bastos Cruvinel Gradua\u00e7\u00e3o em Odontologia pela Faculdade de Odontologia de Ribeir\u00e3o Preto, Universidade de S\u00e3o Paulo\u2013 FORP\/USP Mestrado em Odontologia Restauradora pela Faculdade de Odontologia de Ribeir\u00e3o Preto, Universidade de S\u00e3o Paulo\u2013 FORP\/USP Doutorado em Odontologia com \u00e1rea de concentra\u00e7\u00e3o em Reabilita\u00e7\u00e3o Oral pela Faculdade de Odontologia de Ribeir\u00e3o Preto da Universidade de S\u00e3o [&hellip;]<\/p>\n","protected":false},"author":632,"featured_media":0,"parent":0,"menu_order":0,"comment_status":"closed","ping_status":"closed","template":"","meta":{"ocean_post_layout":"","ocean_both_sidebars_style":"","ocean_both_sidebars_content_width":0,"ocean_both_sidebars_sidebars_width":0,"ocean_sidebar":"0","ocean_second_sidebar":"0","ocean_disable_margins":"enable","ocean_add_body_class":"","ocean_shortcode_before_top_bar":"","ocean_shortcode_after_top_bar":"","ocean_shortcode_before_header":"","ocean_shortcode_after_header":"","ocean_has_shortcode":"","ocean_shortcode_after_title":"","ocean_shortcode_before_footer_widgets":"","ocean_shortcode_after_footer_widgets":"","ocean_shortcode_before_footer_bottom":"","ocean_shortcode_after_footer_bottom":"","ocean_display_top_bar":"default","ocean_display_header":"default","ocean_header_style":"","ocean_center_header_left_menu":"0","ocean_custom_header_template":"0","ocean_custom_logo":0,"ocean_custom_retina_logo":0,"ocean_custom_logo_max_width":0,"ocean_custom_logo_tablet_max_width":0,"ocean_custom_logo_mobile_max_width":0,"ocean_custom_logo_max_height":0,"ocean_custom_logo_tablet_max_height":0,"ocean_custom_logo_mobile_max_height":0,"ocean_header_custom_menu":"0","ocean_menu_typo_font_family":"0","ocean_menu_typo_font_subset":"","ocean_menu_typo_font_size":0,"ocean_menu_typo_font_size_tablet":0,"ocean_menu_typo_font_size_mobile":0,"ocean_menu_typo_font_size_unit":"px","ocean_menu_typo_font_weight":"","ocean_menu_typo_font_weight_tablet":"","ocean_menu_typo_font_weight_mobile":"","ocean_menu_typo_transform":"","ocean_menu_typo_transform_tablet":"","ocean_menu_typo_transform_mobile":"","ocean_menu_typo_line_height":0,"ocean_menu_typo_line_height_tablet":0,"ocean_menu_typo_line_height_mobile":0,"ocean_menu_typo_line_height_unit":"","ocean_menu_typo_spacing":0,"ocean_menu_typo_spacing_tablet":0,"ocean_menu_typo_spacing_mobile":0,"ocean_menu_typo_spacing_unit":"","ocean_menu_link_color":"","ocean_menu_link_color_hover":"","ocean_menu_link_color_active":"","ocean_menu_link_background":"","ocean_menu_link_hover_background":"","ocean_menu_link_active_background":"","ocean_menu_social_links_bg":"","ocean_menu_social_hover_links_bg":"","ocean_menu_social_links_color":"","ocean_menu_social_hover_links_color":"","ocean_disable_title":"default","ocean_disable_heading":"default","ocean_post_title":"","ocean_post_subheading":"","ocean_post_title_style":"","ocean_post_title_background_color":"","ocean_post_title_background":0,"ocean_post_title_bg_image_position":"","ocean_post_title_bg_image_attachment":"","ocean_post_title_bg_image_repeat":"","ocean_post_title_bg_image_size":"","ocean_post_title_height":0,"ocean_post_title_bg_overlay":0.5,"ocean_post_title_bg_overlay_color":"","ocean_disable_breadcrumbs":"default","ocean_breadcrumbs_color":"","ocean_breadcrumbs_separator_color":"","ocean_breadcrumbs_links_color":"","ocean_breadcrumbs_links_hover_color":"","ocean_display_footer_widgets":"default","ocean_display_footer_bottom":"default","ocean_custom_footer_template":"0","footnotes":"","_links_to":"","_links_to_target":""},"class_list":["post-361","page","type-page","status-publish","hentry","entry"],"_links":{"self":[{"href":"https:\/\/sites.usp.br\/inredd\/wp-json\/wp\/v2\/pages\/361","targetHints":{"allow":["GET"]}}],"collection":[{"href":"https:\/\/sites.usp.br\/inredd\/wp-json\/wp\/v2\/pages"}],"about":[{"href":"https:\/\/sites.usp.br\/inredd\/wp-json\/wp\/v2\/types\/page"}],"author":[{"embeddable":true,"href":"https:\/\/sites.usp.br\/inredd\/wp-json\/wp\/v2\/users\/632"}],"replies":[{"embeddable":true,"href":"https:\/\/sites.usp.br\/inredd\/wp-json\/wp\/v2\/comments?post=361"}],"version-history":[{"count":4,"href":"https:\/\/sites.usp.br\/inredd\/wp-json\/wp\/v2\/pages\/361\/revisions"}],"predecessor-version":[{"id":890,"href":"https:\/\/sites.usp.br\/inredd\/wp-json\/wp\/v2\/pages\/361\/revisions\/890"}],"wp:attachment":[{"href":"https:\/\/sites.usp.br\/inredd\/wp-json\/wp\/v2\/media?parent=361"}],"curies":[{"name":"wp","href":"https:\/\/api.w.org\/{rel}","templated":true}]}}