{"id":363,"date":"2023-05-10T13:47:52","date_gmt":"2023-05-10T16:47:52","guid":{"rendered":"https:\/\/sites.usp.br\/inredd\/?page_id=363"},"modified":"2024-03-19T09:32:42","modified_gmt":"2024-03-19T12:32:42","slug":"doutorado","status":"publish","type":"page","link":"https:\/\/sites.usp.br\/inredd\/doutorado\/","title":{"rendered":"Doutorado"},"content":{"rendered":"\t\t<div data-elementor-type=\"wp-page\" data-elementor-id=\"363\" class=\"elementor elementor-363\">\n\t\t\t\t\t\t<section class=\"elementor-section elementor-top-section elementor-element elementor-element-f9ce78e elementor-section-boxed elementor-section-height-default elementor-section-height-default\" data-id=\"f9ce78e\" data-element_type=\"section\">\n\t\t\t\t\t\t<div class=\"elementor-container elementor-column-gap-default\">\n\t\t\t\t\t<div class=\"elementor-column elementor-col-100 elementor-top-column elementor-element elementor-element-e75393a\" data-id=\"e75393a\" data-element_type=\"column\">\n\t\t\t<div class=\"elementor-widget-wrap elementor-element-populated\">\n\t\t\t\t\t\t<section class=\"elementor-section elementor-inner-section elementor-element elementor-element-6e2ed1a elementor-section-boxed elementor-section-height-default elementor-section-height-default\" data-id=\"6e2ed1a\" data-element_type=\"section\" data-settings=\"{&quot;background_background&quot;:&quot;classic&quot;}\">\n\t\t\t\t\t\t<div class=\"elementor-container elementor-column-gap-default\">\n\t\t\t\t\t<div class=\"elementor-column elementor-col-50 elementor-inner-column elementor-element elementor-element-ba7b599\" data-id=\"ba7b599\" data-element_type=\"column\">\n\t\t\t<div class=\"elementor-widget-wrap elementor-element-populated\">\n\t\t\t\t\t\t<div class=\"elementor-element elementor-element-9c43209 elementor-widget__width-initial elementor-widget elementor-widget-image\" data-id=\"9c43209\" data-element_type=\"widget\" data-widget_type=\"image.default\">\n\t\t\t\t<div class=\"elementor-widget-container\">\n\t\t\t\t\t\t\t\t\t\t\t\t\t<img decoding=\"async\" src=\"https:\/\/sites.usp.br\/inredd\/wp-content\/uploads\/sites\/1232\/elementor\/thumbs\/9-q5xugo0gr7gbwzz7kvqzd5a2k12l6ybel6q5y9rftc.png\" title=\"9\" alt=\"9\" loading=\"lazy\" \/>\t\t\t\t\t\t\t\t\t\t\t\t\t<\/div>\n\t\t\t\t<\/div>\n\t\t\t\t\t<\/div>\n\t\t<\/div>\n\t\t\t\t<div class=\"elementor-column elementor-col-50 elementor-inner-column elementor-element elementor-element-8e557b5\" data-id=\"8e557b5\" data-element_type=\"column\">\n\t\t\t<div class=\"elementor-widget-wrap elementor-element-populated\">\n\t\t\t\t\t\t<div class=\"elementor-element elementor-element-3a9d545 elementor-widget elementor-widget-text-editor\" data-id=\"3a9d545\" data-element_type=\"widget\" data-widget_type=\"text-editor.default\">\n\t\t\t\t<div class=\"elementor-widget-container\">\n\t\t\t\t\t\t\t<p><strong>Camila Porto Capel<\/strong><\/p>\t\t\t\t\t\t<\/div>\n\t\t\t\t<\/div>\n\t\t\t\t<div class=\"elementor-element elementor-element-c270d2e elementor-widget__width-initial elementor-widget elementor-widget-text-editor\" data-id=\"c270d2e\" data-element_type=\"widget\" data-widget_type=\"text-editor.default\">\n\t\t\t\t<div class=\"elementor-widget-container\">\n\t\t\t\t\t\t\t<ul><li><span style=\"font-weight: 400;\">Gradua\u00e7\u00e3o em Odontologia pela Faculdade de Odontologia de Ribeir\u00e3o Preto, Universidade de S\u00e3o Paulo\u2013 FORP\/USP<\/span><\/li><li style=\"font-size: 16px;\"><span style=\"font-size: 16px; font-weight: 400;\">Mestre em Odontologia com \u00e1rea de concentra\u00e7\u00e3o em Reabilita\u00e7\u00e3o Oral pela Faculdade de Odontologia de Ribeir\u00e3o Preto da Universidade de S\u00e3o Paulo<\/span><\/li><li style=\"font-size: 16px;\"><span style=\"font-size: 16px; font-weight: 400;\">Doutoranda\u00a0<\/span>em Odontologia com \u00e1rea de concentra\u00e7\u00e3o em Reabilita\u00e7\u00e3o Oral pela Faculdade de Odontologia de Ribeir\u00e3o Preto da Universidade de S\u00e3o Paulo<\/li><\/ul>\t\t\t\t\t\t<\/div>\n\t\t\t\t<\/div>\n\t\t\t\t<div class=\"elementor-element elementor-element-74463f1 elementor-widget elementor-widget-html\" data-id=\"74463f1\" data-element_type=\"widget\" data-widget_type=\"html.default\">\n\t\t\t\t<div class=\"elementor-widget-container\">\n\t\t\tcamila.capel@usp.br\t\t<\/div>\n\t\t\t\t<\/div>\n\t\t\t\t<div class=\"elementor-element elementor-element-41ab2fe elementor-shape-rounded elementor-grid-0 e-grid-align-center elementor-widget elementor-widget-social-icons\" data-id=\"41ab2fe\" data-element_type=\"widget\" data-widget_type=\"social-icons.default\">\n\t\t\t\t<div class=\"elementor-widget-container\">\n\t\t\t\t\t<div class=\"elementor-social-icons-wrapper elementor-grid\">\n\t\t\t\t\t\t\t<span class=\"elementor-grid-item\">\n\t\t\t\t\t<a class=\"elementor-icon elementor-social-icon elementor-social-icon-user-graduate elementor-animation-float elementor-repeater-item-1a5d195\" href=\"http:\/\/lattes.cnpq.br\/9528069961011665\" target=\"_blank\">\n\t\t\t\t\t\t<span class=\"elementor-screen-only\">User-graduate<\/span>\n\t\t\t\t\t\t<i class=\"fas fa-user-graduate\"><\/i>\t\t\t\t\t<\/a>\n\t\t\t\t<\/span>\n\t\t\t\t\t<\/div>\n\t\t\t\t<\/div>\n\t\t\t\t<\/div>\n\t\t\t\t\t<\/div>\n\t\t<\/div>\n\t\t\t\t\t<\/div>\n\t\t<\/section>\n\t\t\t\t<section class=\"elementor-section elementor-inner-section elementor-element elementor-element-1e01a68 elementor-section-boxed elementor-section-height-default elementor-section-height-default\" data-id=\"1e01a68\" data-element_type=\"section\" data-settings=\"{&quot;background_background&quot;:&quot;classic&quot;}\">\n\t\t\t\t\t\t<div class=\"elementor-container elementor-column-gap-default\">\n\t\t\t\t\t<div class=\"elementor-column elementor-col-50 elementor-inner-column elementor-element elementor-element-ffd42cf\" data-id=\"ffd42cf\" data-element_type=\"column\">\n\t\t\t<div class=\"elementor-widget-wrap elementor-element-populated\">\n\t\t\t\t\t\t<div class=\"elementor-element elementor-element-1c473bf elementor-widget elementor-widget-image\" data-id=\"1c473bf\" data-element_type=\"widget\" data-widget_type=\"image.default\">\n\t\t\t\t<div class=\"elementor-widget-container\">\n\t\t\t\t\t\t\t\t\t\t\t\t\t<img decoding=\"async\" src=\"https:\/\/sites.usp.br\/inredd\/wp-content\/uploads\/sites\/1232\/elementor\/thumbs\/Sem-nome-350-\u00d7-350-px-200-\u00d7-200-px-3-q6f2lblo6g81vo659u4qeliku1orc3nf9yyo6wru8g.png\" title=\"Sem nome (350\u00a0\u00d7\u00a0350\u00a0px) (200\u00a0\u00d7\u00a0200\u00a0px) (3)\" alt=\"Sem nome (350\u00a0\u00d7\u00a0350\u00a0px) (200\u00a0\u00d7\u00a0200\u00a0px) (3)\" loading=\"lazy\" \/>\t\t\t\t\t\t\t\t\t\t\t\t\t<\/div>\n\t\t\t\t<\/div>\n\t\t\t\t\t<\/div>\n\t\t<\/div>\n\t\t\t\t<div class=\"elementor-column elementor-col-50 elementor-inner-column elementor-element elementor-element-571d716\" data-id=\"571d716\" data-element_type=\"column\">\n\t\t\t<div class=\"elementor-widget-wrap elementor-element-populated\">\n\t\t\t\t\t\t<div class=\"elementor-element elementor-element-ec81dd4 elementor-widget elementor-widget-text-editor\" data-id=\"ec81dd4\" data-element_type=\"widget\" data-widget_type=\"text-editor.default\">\n\t\t\t\t<div class=\"elementor-widget-container\">\n\t\t\t\t\t\t\t<p><span style=\"font-weight: 400;\">Gabriela Ayres de Souza<\/span><\/p>\t\t\t\t\t\t<\/div>\n\t\t\t\t<\/div>\n\t\t\t\t<div class=\"elementor-element elementor-element-19da1b4 elementor-widget__width-initial elementor-widget elementor-widget-text-editor\" data-id=\"19da1b4\" data-element_type=\"widget\" data-widget_type=\"text-editor.default\">\n\t\t\t\t<div class=\"elementor-widget-container\">\n\t\t\t\t\t\t\t<ul><li><span style=\"font-weight: 400;\">Gradua\u00e7\u00e3o em Odontologia pela Faculdade de Odontologia de Ribeir\u00e3o Preto da Universidade de S\u00e3o Paulo &#8211; FORP\/USP\u00a0<\/span><\/li><li><span style=\"font-weight: 400;\">Mestre em Odontologia com \u00e1rea de concentra\u00e7\u00e3o em Reabilita\u00e7\u00e3o Oral pela Faculdade de Odontologia de Ribeir\u00e3o Preto da Universidade de S\u00e3o Paulo<\/span><\/li><li><span style=\"font-weight: 400;\">Doutoranda\u00a0<\/span>em Odontologia com \u00e1rea de concentra\u00e7\u00e3o em Reabilita\u00e7\u00e3o Oral pela Faculdade de Odontologia de Ribeir\u00e3o Preto da Universidade de S\u00e3o Paulo<\/li><\/ul>\t\t\t\t\t\t<\/div>\n\t\t\t\t<\/div>\n\t\t\t\t<div class=\"elementor-element elementor-element-b041e0d elementor-widget elementor-widget-html\" data-id=\"b041e0d\" data-element_type=\"widget\" data-widget_type=\"html.default\">\n\t\t\t\t<div class=\"elementor-widget-container\">\n\t\t\tgabriela.ayres.souza@usp.br\t\t<\/div>\n\t\t\t\t<\/div>\n\t\t\t\t<div class=\"elementor-element elementor-element-54dd8b9 elementor-shape-rounded elementor-grid-0 e-grid-align-center elementor-widget elementor-widget-social-icons\" data-id=\"54dd8b9\" data-element_type=\"widget\" data-widget_type=\"social-icons.default\">\n\t\t\t\t<div class=\"elementor-widget-container\">\n\t\t\t\t\t<div class=\"elementor-social-icons-wrapper elementor-grid\">\n\t\t\t\t\t\t\t<span class=\"elementor-grid-item\">\n\t\t\t\t\t<a class=\"elementor-icon elementor-social-icon elementor-social-icon-user-graduate elementor-animation-float elementor-repeater-item-1a5d195\" href=\"http:\/\/lattes.cnpq.br\/6859938738453631\" target=\"_blank\">\n\t\t\t\t\t\t<span class=\"elementor-screen-only\">User-graduate<\/span>\n\t\t\t\t\t\t<i class=\"fas fa-user-graduate\"><\/i>\t\t\t\t\t<\/a>\n\t\t\t\t<\/span>\n\t\t\t\t\t<\/div>\n\t\t\t\t<\/div>\n\t\t\t\t<\/div>\n\t\t\t\t\t<\/div>\n\t\t<\/div>\n\t\t\t\t\t<\/div>\n\t\t<\/section>\n\t\t\t\t<section class=\"elementor-section elementor-inner-section elementor-element elementor-element-f406d10 elementor-section-boxed elementor-section-height-default elementor-section-height-default\" data-id=\"f406d10\" data-element_type=\"section\" data-settings=\"{&quot;background_background&quot;:&quot;classic&quot;}\">\n\t\t\t\t\t\t<div class=\"elementor-container elementor-column-gap-default\">\n\t\t\t\t\t<div class=\"elementor-column elementor-col-50 elementor-inner-column elementor-element elementor-element-a2ac455\" data-id=\"a2ac455\" data-element_type=\"column\">\n\t\t\t<div class=\"elementor-widget-wrap elementor-element-populated\">\n\t\t\t\t\t\t<div class=\"elementor-element elementor-element-6a9c887 elementor-widget__width-initial elementor-widget elementor-widget-image\" data-id=\"6a9c887\" data-element_type=\"widget\" data-widget_type=\"image.default\">\n\t\t\t\t<div class=\"elementor-widget-container\">\n\t\t\t\t\t\t\t\t\t\t\t\t\t<img decoding=\"async\" src=\"https:\/\/sites.usp.br\/inredd\/wp-content\/uploads\/sites\/1232\/elementor\/thumbs\/Sem-nome-350-\u00d7-350-px-200-\u00d7-200-px-90-x-120-cm-1-qlfw5yyj55ujbt28eq6x6r18c7vz3kis1vwx0mgp8w.png\" title=\"Sem nome (350\u00a0\u00d7\u00a0350\u00a0px) (200\u00a0\u00d7\u00a0200\u00a0px) (90 x 120 cm) (1)\" alt=\"Sem nome (350\u00a0\u00d7\u00a0350\u00a0px) (200\u00a0\u00d7\u00a0200\u00a0px) (90 x 120 cm) (1)\" loading=\"lazy\" \/>\t\t\t\t\t\t\t\t\t\t\t\t\t<\/div>\n\t\t\t\t<\/div>\n\t\t\t\t\t<\/div>\n\t\t<\/div>\n\t\t\t\t<div class=\"elementor-column elementor-col-50 elementor-inner-column elementor-element elementor-element-4732951\" data-id=\"4732951\" data-element_type=\"column\">\n\t\t\t<div class=\"elementor-widget-wrap elementor-element-populated\">\n\t\t\t\t\t\t<div class=\"elementor-element elementor-element-0e77fa4 elementor-widget elementor-widget-text-editor\" data-id=\"0e77fa4\" data-element_type=\"widget\" data-widget_type=\"text-editor.default\">\n\t\t\t\t<div class=\"elementor-widget-container\">\n\t\t\t\t\t\t\t<p><strong class=\"gmail_sendername\" dir=\"auto\">J\u00falio Ruiz Marrara<\/strong><\/p>\t\t\t\t\t\t<\/div>\n\t\t\t\t<\/div>\n\t\t\t\t<div class=\"elementor-element elementor-element-60ed83a elementor-widget__width-initial elementor-widget elementor-widget-text-editor\" data-id=\"60ed83a\" data-element_type=\"widget\" data-widget_type=\"text-editor.default\">\n\t\t\t\t<div class=\"elementor-widget-container\">\n\t\t\t\t\t\t\t<ul><li>Graduado em Medicina Dent\u00e1ria pela Faculdade de Medicina Dent\u00e1ria da Universidade do Porto, FMDUP<\/li><li>Mestre em Medicina Dent\u00e1ria com \u00e1rea de concentra\u00e7\u00e3o em DTM e Dor orofacial pela Faculdade de Medicina Dent\u00e1ria da Universidade do Porto, FMDUP<\/li><li>Doutorando em Odontologia (dupla titula\u00e7\u00e3o) com \u00e1rea de concentra\u00e7\u00e3o em Reabilita\u00e7\u00e3o Oral pela Faculdade de Odontologia de Ribeir\u00e3o Preto da Universidade de S\u00e3o Paulo, FORP-USP<\/li><li>Doutorando em Medicina Dent\u00e1ria (dupla titula\u00e7\u00e3o) com \u00e1rea de concentra\u00e7\u00e3o em Intelig\u00eancia Artificial, pela Faculdade de Medicina Dent\u00e1ria da Universidade do Porto, FMDUP<\/li><\/ul>\t\t\t\t\t\t<\/div>\n\t\t\t\t<\/div>\n\t\t\t\t<div class=\"elementor-element elementor-element-1fae33f elementor-widget elementor-widget-html\" data-id=\"1fae33f\" data-element_type=\"widget\" data-widget_type=\"html.default\">\n\t\t\t\t<div class=\"elementor-widget-container\">\n\t\t\tjuliomarrara@gmail.com\t\t<\/div>\n\t\t\t\t<\/div>\n\t\t\t\t<div class=\"elementor-element elementor-element-4864717 elementor-shape-rounded elementor-grid-0 e-grid-align-center elementor-widget elementor-widget-social-icons\" data-id=\"4864717\" data-element_type=\"widget\" data-widget_type=\"social-icons.default\">\n\t\t\t\t<div class=\"elementor-widget-container\">\n\t\t\t\t\t<div class=\"elementor-social-icons-wrapper elementor-grid\">\n\t\t\t\t\t\t\t<span class=\"elementor-grid-item\">\n\t\t\t\t\t<a class=\"elementor-icon elementor-social-icon elementor-social-icon-user-graduate elementor-animation-float elementor-repeater-item-1a5d195\" href=\"http:\/\/lattes.cnpq.br\/9528069961011665\" target=\"_blank\">\n\t\t\t\t\t\t<span class=\"elementor-screen-only\">User-graduate<\/span>\n\t\t\t\t\t\t<i class=\"fas fa-user-graduate\"><\/i>\t\t\t\t\t<\/a>\n\t\t\t\t<\/span>\n\t\t\t\t\t<\/div>\n\t\t\t\t<\/div>\n\t\t\t\t<\/div>\n\t\t\t\t\t<\/div>\n\t\t<\/div>\n\t\t\t\t\t<\/div>\n\t\t<\/section>\n\t\t\t\t<section class=\"elementor-section elementor-inner-section elementor-element elementor-element-38c16ee elementor-section-boxed elementor-section-height-default elementor-section-height-default\" data-id=\"38c16ee\" data-element_type=\"section\" data-settings=\"{&quot;background_background&quot;:&quot;classic&quot;}\">\n\t\t\t\t\t\t<div class=\"elementor-container elementor-column-gap-default\">\n\t\t\t\t\t<div class=\"elementor-column elementor-col-50 elementor-inner-column elementor-element elementor-element-216987a\" data-id=\"216987a\" data-element_type=\"column\">\n\t\t\t<div class=\"elementor-widget-wrap elementor-element-populated\">\n\t\t\t\t\t\t<div class=\"elementor-element elementor-element-0adf422 elementor-widget elementor-widget-image\" data-id=\"0adf422\" data-element_type=\"widget\" data-widget_type=\"image.default\">\n\t\t\t\t<div class=\"elementor-widget-container\">\n\t\t\t\t\t\t\t\t\t\t\t\t\t<img decoding=\"async\" src=\"https:\/\/sites.usp.br\/inredd\/wp-content\/uploads\/sites\/1232\/elementor\/thumbs\/6-q5xugjb9t19way61cbpuiogrl3pr4gsqwjgqjvyeog.png\" title=\"6\" alt=\"6\" loading=\"lazy\" \/>\t\t\t\t\t\t\t\t\t\t\t\t\t<\/div>\n\t\t\t\t<\/div>\n\t\t\t\t\t<\/div>\n\t\t<\/div>\n\t\t\t\t<div class=\"elementor-column elementor-col-50 elementor-inner-column elementor-element elementor-element-ebfa318\" data-id=\"ebfa318\" data-element_type=\"column\">\n\t\t\t<div class=\"elementor-widget-wrap elementor-element-populated\">\n\t\t\t\t\t\t<div class=\"elementor-element elementor-element-8ce040d elementor-widget elementor-widget-text-editor\" data-id=\"8ce040d\" data-element_type=\"widget\" data-widget_type=\"text-editor.default\">\n\t\t\t\t<div class=\"elementor-widget-container\">\n\t\t\t\t\t\t\t<p><span style=\"font-weight: 400;\">Leandro Cardoso<\/span><\/p>\t\t\t\t\t\t<\/div>\n\t\t\t\t<\/div>\n\t\t\t\t<div class=\"elementor-element elementor-element-b48895a elementor-widget__width-initial elementor-widget elementor-widget-text-editor\" data-id=\"b48895a\" data-element_type=\"widget\" data-widget_type=\"text-editor.default\">\n\t\t\t\t<div class=\"elementor-widget-container\">\n\t\t\t\t\t\t\t<ul>\n<li><span style=\"font-weight: 400;\">Gradua\u00e7\u00e3o em Odontologia&nbsp;<\/span>pela Faculdade de Odontologia de Piracicaba, FOP-UNICAMP&nbsp;<\/li><li><span style=\"font-weight: 400;\">Mestre e Especialista em Pr\u00f3tese Dent\u00e1ria pela Faculdade de Odontologia de Piracicaba, FOP-UNICAMP&nbsp;<\/span><\/li>\n<li><span style=\"font-weight: 400;\">Especialista em Cirurgia Pl\u00e1stica Periodontal SLMandic &#8211; Campinas<\/span><\/li>\n<li><span style=\"font-weight: 400;\">Doutorando em Reabilita\u00e7\u00e3o Oral pela Faculdade de Odontologia de Ribeir\u00e3o Preto, Universidade de S\u00e3o Paulo \u2013 FORP\/USP<\/span><\/li>\n<\/ul>\t\t\t\t\t\t<\/div>\n\t\t\t\t<\/div>\n\t\t\t\t<div class=\"elementor-element elementor-element-b5331f4 elementor-widget elementor-widget-html\" data-id=\"b5331f4\" data-element_type=\"widget\" data-widget_type=\"html.default\">\n\t\t\t\t<div class=\"elementor-widget-container\">\n\t\t\tleandrocardoso@usp.br\t\t<\/div>\n\t\t\t\t<\/div>\n\t\t\t\t<div class=\"elementor-element elementor-element-272473e elementor-shape-rounded elementor-grid-0 e-grid-align-center elementor-widget elementor-widget-social-icons\" data-id=\"272473e\" data-element_type=\"widget\" data-widget_type=\"social-icons.default\">\n\t\t\t\t<div class=\"elementor-widget-container\">\n\t\t\t\t\t<div class=\"elementor-social-icons-wrapper elementor-grid\">\n\t\t\t\t\t\t\t<span class=\"elementor-grid-item\">\n\t\t\t\t\t<a class=\"elementor-icon elementor-social-icon elementor-social-icon-user-graduate elementor-animation-float elementor-repeater-item-1a5d195\" href=\"http:\/\/lattes.cnpq.br\/5790574018465089\" target=\"_blank\">\n\t\t\t\t\t\t<span class=\"elementor-screen-only\">User-graduate<\/span>\n\t\t\t\t\t\t<i class=\"fas fa-user-graduate\"><\/i>\t\t\t\t\t<\/a>\n\t\t\t\t<\/span>\n\t\t\t\t\t<\/div>\n\t\t\t\t<\/div>\n\t\t\t\t<\/div>\n\t\t\t\t\t<\/div>\n\t\t<\/div>\n\t\t\t\t\t<\/div>\n\t\t<\/section>\n\t\t\t\t\t<\/div>\n\t\t<\/div>\n\t\t\t\t\t<\/div>\n\t\t<\/section>\n\t\t\t\t<\/div>\n\t\t","protected":false},"excerpt":{"rendered":"<p>Camila Porto Capel Gradua\u00e7\u00e3o em Odontologia pela Faculdade de Odontologia de Ribeir\u00e3o Preto, Universidade de S\u00e3o Paulo\u2013 FORP\/USP Mestre em Odontologia com \u00e1rea de concentra\u00e7\u00e3o em Reabilita\u00e7\u00e3o Oral pela Faculdade de Odontologia de Ribeir\u00e3o Preto da Universidade de S\u00e3o Paulo Doutoranda\u00a0em Odontologia com \u00e1rea de concentra\u00e7\u00e3o em Reabilita\u00e7\u00e3o Oral pela Faculdade de Odontologia de Ribeir\u00e3o [&hellip;]<\/p>\n","protected":false},"author":632,"featured_media":0,"parent":0,"menu_order":0,"comment_status":"closed","ping_status":"closed","template":"","meta":{"ocean_post_layout":"","ocean_both_sidebars_style":"","ocean_both_sidebars_content_width":0,"ocean_both_sidebars_sidebars_width":0,"ocean_sidebar":"0","ocean_second_sidebar":"0","ocean_disable_margins":"enable","ocean_add_body_class":"","ocean_shortcode_before_top_bar":"","ocean_shortcode_after_top_bar":"","ocean_shortcode_before_header":"","ocean_shortcode_after_header":"","ocean_has_shortcode":"","ocean_shortcode_after_title":"","ocean_shortcode_before_footer_widgets":"","ocean_shortcode_after_footer_widgets":"","ocean_shortcode_before_footer_bottom":"","ocean_shortcode_after_footer_bottom":"","ocean_display_top_bar":"default","ocean_display_header":"default","ocean_header_style":"","ocean_center_header_left_menu":"0","ocean_custom_header_template":"0","ocean_custom_logo":0,"ocean_custom_retina_logo":0,"ocean_custom_logo_max_width":0,"ocean_custom_logo_tablet_max_width":0,"ocean_custom_logo_mobile_max_width":0,"ocean_custom_logo_max_height":0,"ocean_custom_logo_tablet_max_height":0,"ocean_custom_logo_mobile_max_height":0,"ocean_header_custom_menu":"0","ocean_menu_typo_font_family":"0","ocean_menu_typo_font_subset":"","ocean_menu_typo_font_size":0,"ocean_menu_typo_font_size_tablet":0,"ocean_menu_typo_font_size_mobile":0,"ocean_menu_typo_font_size_unit":"px","ocean_menu_typo_font_weight":"","ocean_menu_typo_font_weight_tablet":"","ocean_menu_typo_font_weight_mobile":"","ocean_menu_typo_transform":"","ocean_menu_typo_transform_tablet":"","ocean_menu_typo_transform_mobile":"","ocean_menu_typo_line_height":0,"ocean_menu_typo_line_height_tablet":0,"ocean_menu_typo_line_height_mobile":0,"ocean_menu_typo_line_height_unit":"","ocean_menu_typo_spacing":0,"ocean_menu_typo_spacing_tablet":0,"ocean_menu_typo_spacing_mobile":0,"ocean_menu_typo_spacing_unit":"","ocean_menu_link_color":"","ocean_menu_link_color_hover":"","ocean_menu_link_color_active":"","ocean_menu_link_background":"","ocean_menu_link_hover_background":"","ocean_menu_link_active_background":"","ocean_menu_social_links_bg":"","ocean_menu_social_hover_links_bg":"","ocean_menu_social_links_color":"","ocean_menu_social_hover_links_color":"","ocean_disable_title":"default","ocean_disable_heading":"default","ocean_post_title":"","ocean_post_subheading":"","ocean_post_title_style":"","ocean_post_title_background_color":"","ocean_post_title_background":0,"ocean_post_title_bg_image_position":"","ocean_post_title_bg_image_attachment":"","ocean_post_title_bg_image_repeat":"","ocean_post_title_bg_image_size":"","ocean_post_title_height":0,"ocean_post_title_bg_overlay":0.5,"ocean_post_title_bg_overlay_color":"","ocean_disable_breadcrumbs":"default","ocean_breadcrumbs_color":"","ocean_breadcrumbs_separator_color":"","ocean_breadcrumbs_links_color":"","ocean_breadcrumbs_links_hover_color":"","ocean_display_footer_widgets":"default","ocean_display_footer_bottom":"default","ocean_custom_footer_template":"0","footnotes":"","_links_to":"","_links_to_target":""},"class_list":["post-363","page","type-page","status-publish","hentry","entry"],"_links":{"self":[{"href":"https:\/\/sites.usp.br\/inredd\/wp-json\/wp\/v2\/pages\/363","targetHints":{"allow":["GET"]}}],"collection":[{"href":"https:\/\/sites.usp.br\/inredd\/wp-json\/wp\/v2\/pages"}],"about":[{"href":"https:\/\/sites.usp.br\/inredd\/wp-json\/wp\/v2\/types\/page"}],"author":[{"embeddable":true,"href":"https:\/\/sites.usp.br\/inredd\/wp-json\/wp\/v2\/users\/632"}],"replies":[{"embeddable":true,"href":"https:\/\/sites.usp.br\/inredd\/wp-json\/wp\/v2\/comments?post=363"}],"version-history":[{"count":4,"href":"https:\/\/sites.usp.br\/inredd\/wp-json\/wp\/v2\/pages\/363\/revisions"}],"predecessor-version":[{"id":907,"href":"https:\/\/sites.usp.br\/inredd\/wp-json\/wp\/v2\/pages\/363\/revisions\/907"}],"wp:attachment":[{"href":"https:\/\/sites.usp.br\/inredd\/wp-json\/wp\/v2\/media?parent=363"}],"curies":[{"name":"wp","href":"https:\/\/api.w.org\/{rel}","templated":true}]}}