{"id":111,"date":"2017-03-27T00:01:13","date_gmt":"2017-03-27T02:01:13","guid":{"rendered":"http:\/\/sites.usp.br\/jacusprp\/?page_id=111"},"modified":"2019-05-01T14:54:00","modified_gmt":"2019-05-01T16:54:00","slug":"sobre-jac-usprp","status":"publish","type":"page","link":"https:\/\/sites.usp.br\/jacusprp\/sobre-jac-usprp\/","title":{"rendered":"SOBRE A JAC USP-RP"},"content":{"rendered":"<h1><span style=\"color: #c60077;\">O que \u00e9<\/span><\/h1>\n<p><span style=\"color: #000000;\">A Jornada de An\u00e1lise do Comportamento da USP de Ribeir\u00e3o Preto \u00e9 um evento organizado por alunos de gradua\u00e7\u00e3o do curso de Psicologia da Faculdade de Filosofia, Ci\u00eancias e Letras de Ribeir\u00e3o Preto, vinculada \u00e0 Universidade de S\u00e3o Paulo. Este evento tem o objetivo de disseminar o conhecimento abrangido pela An\u00e1lise do Comportamento, sendo oferecidos minicursos e palestras de docentes da \u00e1rea, al\u00e9m de exposi\u00e7\u00e3o de pesquisas que est\u00e3o sendo realizadas atualmente.<\/span><\/p>\n<h1><span style=\"color: #c60077;\">Comiss\u00e3o organizadora 2019<\/span><\/h1>\n<p><span style=\"color: #000000;\"><strong>Professora:<\/strong><\/span><\/p>\n<p><span style=\"color: #000000;\">Andr\u00e9ia Schmidt<\/span><\/p>\n<p><span style=\"color: #000000;\"><strong>Estudantes da gradua\u00e7\u00e3o:<\/strong><\/span><\/p>\n<p><span style=\"color: #000000;\">Ana Beatriz do Prado Schiavone<\/span><\/p>\n<p>Bruna Battaglini<\/p>\n<p><span style=\"color: #000000;\">Choi Yi Dzoen<\/span><\/p>\n<p><span style=\"color: #000000;\">Gabriela Garcia Bruneli<\/span><\/p>\n<p>Lara Ueno<\/p>\n<p>Larissa Chaves da Silva<\/p>\n<p><span style=\"color: #000000;\">Leonardo Ricieri Mantoani<\/span><\/p>\n<p>Marcos Barbosa J\u00fanior<\/p>\n<p><span style=\"color: #000000;\">Marina Piran<\/span><\/p>\n<p>Miguel Rufino<\/p>\n<p><span style=\"color: #000000;\">Rafael Monti<\/span><\/p>\n<p><span style=\"color: #000000;\">Ra\u00edsa Abrantes Penna<\/span><\/p>\n<p><span style=\"color: #000000;\">St\u00e9phanie Andrade Silva<\/span><\/p>\n<p><span style=\"color: #000000;\">Yara Luana Pereira de Souza<\/span><\/p>\n<h1><span style=\"color: #c60077;\">Comiss\u00e3o organizadora 2018<\/span><\/h1>\n<p><span style=\"color: #000000;\"><strong>Professora: <\/strong><\/span><\/p>\n<p><span style=\"color: #000000;\">Andr\u00e9ia Schmidt<\/span><\/p>\n<p><span style=\"color: #000000;\"><strong>Estudantes da gradua\u00e7\u00e3o:<\/strong><\/span><\/p>\n<p><span style=\"color: #000000;\">Aline Melina Vaz<\/span><\/p>\n<p><span style=\"color: #000000;\">Choi Yi Dzoen<\/span><\/p>\n<p><span style=\"color: #000000;\">Gabriela Bruneli<\/span><\/p>\n<p><span style=\"color: #000000;\">Leonardo Ricieri Mantoani<\/span><\/p>\n<p><span style=\"color: #000000;\">Lu\u00edsa Coscia Gasparoti<\/span><\/p>\n<p><span style=\"color: #000000;\">Marina Piran<\/span><\/p>\n<p><span style=\"color: #000000;\">N\u00e1gila Rachel Targino Cavalcante<\/span><\/p>\n<p><span style=\"color: #000000;\">Ra\u00edsa Abrantes Penna<\/span><\/p>\n<p><span style=\"color: #000000;\">Roberta Naegali<\/span><\/p>\n<p><span style=\"color: #000000;\">St\u00e9phanie Andrade Silva<\/span><\/p>\n<p><span style=\"color: #000000;\">Vin\u00edcius Alvim<\/span><\/p>\n<p><span style=\"color: #000000;\">Yara Luana Pereira de Souza<\/span><\/p>\n<p>&nbsp;<\/p>\n","protected":false},"excerpt":{"rendered":"<p>O que \u00e9 A Jornada de An\u00e1lise do Comportamento da USP de Ribeir\u00e3o Preto \u00e9 um evento organizado por alunos de gradua\u00e7\u00e3o do curso de Psicologia da Faculdade de Filosofia, Ci\u00eancias e Letras de Ribeir\u00e3o Preto, vinculada \u00e0 Universidade de S\u00e3o Paulo. Este evento tem o objetivo de disseminar o conhecimento abrangido pela An\u00e1lise do<a href=\"https:\/\/sites.usp.br\/jacusprp\/sobre-jac-usprp\/\">[&#8230;]<\/a><\/p>\n","protected":false},"author":309,"featured_media":0,"parent":0,"menu_order":6,"comment_status":"closed","ping_status":"closed","template":"","meta":{"footnotes":"","_links_to":"","_links_to_target":""},"class_list":["post-111","page","type-page","status-publish","hentry"],"_links":{"self":[{"href":"https:\/\/sites.usp.br\/jacusprp\/wp-json\/wp\/v2\/pages\/111","targetHints":{"allow":["GET"]}}],"collection":[{"href":"https:\/\/sites.usp.br\/jacusprp\/wp-json\/wp\/v2\/pages"}],"about":[{"href":"https:\/\/sites.usp.br\/jacusprp\/wp-json\/wp\/v2\/types\/page"}],"author":[{"embeddable":true,"href":"https:\/\/sites.usp.br\/jacusprp\/wp-json\/wp\/v2\/users\/309"}],"replies":[{"embeddable":true,"href":"https:\/\/sites.usp.br\/jacusprp\/wp-json\/wp\/v2\/comments?post=111"}],"version-history":[{"count":5,"href":"https:\/\/sites.usp.br\/jacusprp\/wp-json\/wp\/v2\/pages\/111\/revisions"}],"predecessor-version":[{"id":937,"href":"https:\/\/sites.usp.br\/jacusprp\/wp-json\/wp\/v2\/pages\/111\/revisions\/937"}],"wp:attachment":[{"href":"https:\/\/sites.usp.br\/jacusprp\/wp-json\/wp\/v2\/media?parent=111"}],"curies":[{"name":"wp","href":"https:\/\/api.w.org\/{rel}","templated":true}]}}