{"id":290,"date":"2017-08-29T23:09:13","date_gmt":"2017-08-30T01:09:13","guid":{"rendered":"http:\/\/sites.usp.br\/jacusprp\/?page_id=290"},"modified":"2020-03-06T14:23:36","modified_gmt":"2020-03-06T16:23:36","slug":"submissao-de-trabalhos","status":"publish","type":"page","link":"https:\/\/sites.usp.br\/jacusprp\/submissao-de-trabalhos\/","title":{"rendered":"SUBMISS\u00c3O DE TRABALHOS"},"content":{"rendered":"<div id=\"pl-290\"  class=\"panel-layout\" ><div id=\"pg-290-0\"  class=\"panel-grid panel-no-style\" ><div id=\"pgc-290-0-0\"  class=\"panel-grid-cell\" ><div id=\"panel-290-0-0-0\" class=\"so-panel widget widget_sow-editor panel-first-child panel-last-child\" data-index=\"0\" ><div\n\t\t\t\n\t\t\tclass=\"so-widget-sow-editor so-widget-sow-editor-base\"\n\t\t\t\n\t\t>\n<div class=\"siteorigin-widget-tinymce textwidget\">\n\t<h3><span style=\"color: #333333;\">Em breve mais informa\u00e7\u00f5es!<\/span><\/h3>\n<\/div>\n<\/div><\/div><\/div><\/div><div id=\"pg-290-1\"  class=\"panel-grid panel-no-style\" ><div id=\"pgc-290-1-0\"  class=\"panel-grid-cell\" ><div id=\"panel-290-1-0-0\" class=\"so-panel widget widget_sow-button panel-first-child panel-last-child\" data-index=\"1\" ><div\n\t\t\t\n\t\t\tclass=\"so-widget-sow-button so-widget-sow-button-atom-b8d2528f9481-290\"\n\t\t\t\n\t\t><div class=\"ow-button-base ow-button-align-center\"\n>\n\t\t\t<a\n\t\t\t\tclass=\"sowb-button ow-icon-placement-left ow-button-hover\" target=\"_blank\" rel=\"noopener noreferrer\" \t>\n\t\t<span>\n\t\t\t\n\t\t\tEm breve!\t\t<\/span>\n\t\t\t<\/a>\n\t<\/div>\n<\/div><\/div><\/div><div id=\"pgc-290-1-1\"  class=\"panel-grid-cell\" ><div id=\"panel-290-1-1-0\" class=\"so-panel widget widget_sow-button panel-first-child panel-last-child\" data-index=\"2\" ><div\n\t\t\t\n\t\t\tclass=\"so-widget-sow-button so-widget-sow-button-atom-b8d2528f9481-290\"\n\t\t\t\n\t\t><div class=\"ow-button-base ow-button-align-center\"\n>\n\t\t\t<a\n\t\t\t\t\thref=\"http:\/\/sites.usp.br\/jacusprp\/wp-content\/uploads\/sites\/315\/2019\/02\/Normas-submiss\u00e3o-JAC-USP-RP-2019.pdf\"\n\t\t\t\t\tclass=\"sowb-button ow-icon-placement-left ow-button-hover\" target=\"_blank\" rel=\"noopener noreferrer\" \t>\n\t\t<span>\n\t\t\t\n\t\t\tDOWNLOAD DO REGULAMENTO\t\t<\/span>\n\t\t\t<\/a>\n\t<\/div>\n<\/div><\/div><\/div><\/div><div id=\"pg-290-2\"  class=\"panel-grid panel-no-style\" ><div id=\"pgc-290-2-0\"  class=\"panel-grid-cell\" ><div id=\"panel-290-2-0-0\" class=\"so-panel widget widget_sow-editor panel-first-child panel-last-child\" data-index=\"3\" ><div\n\t\t\t\n\t\t\tclass=\"so-widget-sow-editor so-widget-sow-editor-base\"\n\t\t\t\n\t\t>\n<div class=\"siteorigin-widget-tinymce textwidget\">\n\t<h2 style=\"text-align: center;\"><span style=\"color: #c60077;\">REGULAMENTO DE SUBMISS\u00c3O DE TRABALHOS PARA SELE\u00c7\u00c3O 3\u00aa JORNADA DE AN\u00c1LISE DO COMPORTAMENTO USP RP<\/span><\/h2>\n<p>&nbsp;<\/p>\n<p><b>1\u200b.<\/b><span style=\"font-weight: 400;\"> Do regulamento e sua aplica\u00e7\u00e3o<\/span><\/p>\n<p><b>1.1<\/b><span style=\"font-weight: 400;\"> A Comiss\u00e3o Organizadora da 3\u00aa Jornada de An\u00e1lise do Comportamento USP RP, no uso de suas atribui\u00e7\u00f5es, vem tornar p\u00fablico o regulamento de submiss\u00e3o de trabalhos para sele\u00e7\u00e3o, a serem apresentados em formato de p\u00f4ster na 3\u00aa Jornada de An\u00e1lise do Comportamento USP RP, a qual ser\u00e1 realizada no campus Ribeir\u00e3o Preto, nos dias 16 e 17 de maio de 2020.<\/span><\/p>\n<p><b>1.2<\/b><span style=\"font-weight: 400;\"> A Comiss\u00e3o Cient\u00edfica \u00e9 composta por estudantes de p\u00f3s-gradua\u00e7\u00e3o e tem como atribui\u00e7\u00f5es avaliar os conte\u00fados dos trabalhos submetidos, verificando se est\u00e3o seguindo as orienta\u00e7\u00f5es deste regulamento e realizando a aprecia\u00e7\u00e3o na apresenta\u00e7\u00e3o dos p\u00f4steres no dia do evento.<\/span><\/p>\n<p><b>1.3<\/b><span style=\"font-weight: 400;\"> \u00c9 de inteira responsabilidade do participante a leitura pr\u00e9via do conte\u00fado deste documento, sendo que no ato da submiss\u00e3o do trabalho o candidato dever\u00e1 declarar ci\u00eancia de seu conte\u00fado, bem como seguir as orienta\u00e7\u00f5es deste regulamento. O n\u00e3o cumprimento das orienta\u00e7\u00f5es aqui descritas poder\u00e1 implicar em uma negativa na aprecia\u00e7\u00e3o do trabalho submetido.<\/span><\/p>\n<p>&nbsp;<\/p>\n<p><b>2\u200b.<\/b><span style=\"font-weight: 400;\"> Da submiss\u00e3o de trabalho e da sele\u00e7\u00e3o<\/span><\/p>\n<p><b>2.1<\/b><span style=\"font-weight: 400;\"> O apresentador do trabalho deve, obrigatoriamente, estar inscrito e ter realizado o pagamento para a 3\u00aa Jornada de An\u00e1lise do Comportamento USP RP; co-autores do trabalho n\u00e3o precisam estar inscritos no evento.<\/span><\/p>\n<p><b>2.2<\/b><span style=\"font-weight: 400;\"> O per\u00edodo para submiss\u00e3o de trabalhos \u00e9 de 10 de mar\u00e7o a 10 de abril de 2020, pela modalidade online.<\/span><\/p>\n<p><b>2.3<\/b><span style=\"font-weight: 400;\"> Uma pessoa s\u00f3 poder\u00e1 estar inscrita como apresentadora em apenas um p\u00f4ster como primeiro autor; essa limita\u00e7\u00e3o do n\u00famero de trabalhos como apresentador n\u00e3o impede que o participante seja co-autor em outros trabalhos. Ser\u00e1 considerado apresentador aquele cujo nome tiver sido fornecido no formul\u00e1rio de submiss\u00e3o.<\/span><\/p>\n<p><b>2.4\u200b<\/b><span style=\"font-weight: 400;\"> No ato da submiss\u00e3o, o candidato dever\u00e1:<\/span><\/p>\n<p><b>2.4.1<\/b><span style=\"font-weight: 400;\"> Preencher o formul\u00e1rio de submiss\u00e3o, dispon\u00edvel no site <\/span><a href=\"http:\/\/sites.usp.br\/jacusprp\/submissao-de-trabalhos\/\"><span style=\"font-weight: 400;\">http:\/\/sites.usp.br\/jacusprp\/submissao-de-trabalhos\/<\/span><\/a><span style=\"font-weight: 400;\">;<\/span><\/p>\n<p><b>2.4.2<\/b><span style=\"font-weight: 400;\">\u200b Assinalar a concord\u00e2ncia com os termos aqui descritos;<\/span><\/p>\n<p><b>2.4.3<\/b><span style=\"font-weight: 400;\">\u200b Fazer upload do arquivo do resumo do trabalho, em formato .docx ou .pdf;<\/span><\/p>\n<p><b>2.4.4<\/b><span style=\"font-weight: 400;\">\u200b Enviar sua submiss\u00e3o.<\/span><\/p>\n<p>&nbsp;<\/p>\n<p>&nbsp;<\/p>\n<p><b>2.5<\/b> <span style=\"font-weight: 400;\">Os trabalhos submetidos ser\u00e3o encaminhados \u00e0 Comiss\u00e3o Cient\u00edfica na ordem de chegada\" (ou na ordem de submiss\u00e3o)<\/span><span style=\"font-weight: 400;\"> e ser\u00e1 feita uma an\u00e1lise do resumo quanto a sua adequa\u00e7\u00e3o \u00e0s normas descritas nos subitens seguintes. Se o resumo estiver devidamente adequado, claro e pertinente, ser\u00e1 aprovado.<\/span><\/p>\n<p><b>2.6<\/b><span style=\"font-weight: 400;\"> Os resumos de trabalhos devem ter as caracter\u00edsticas de formata\u00e7\u00e3o descritas abaixo. Utilize o modelo para preenchimento e envio do resumo, disponibilizado <\/span><a href=\"https:\/\/drive.google.com\/file\/d\/1fenu4G2XI8lW65pkiLUEBdbQH4dd3xxK\/view\"><span style=\"font-weight: 400;\">aqui<\/span><\/a><span style=\"font-weight: 400;\">, que j\u00e1 possui as caracter\u00edsticas de formata\u00e7\u00e3o.<\/span><\/p>\n<p><b>2.6.1<\/b><span style=\"font-weight: 400;\"> \u200bTodas as margens do documento devem estar configuradas em 3 cm.<\/span><\/p>\n<p><b>2.6.2<\/b><span style=\"font-weight: 400;\"> T\u00edtulo do trabalho no topo da p\u00e1gina, centralizado e com espa\u00e7amento simples. Fonte Times New Roman, tamanho 14, com todas as letras mai\u00fasculas e em negrito. O t\u00edtulo deve ser claro, conciso e indicar o conte\u00fado do trabalho.<\/span><\/p>\n<p><b>2.6.3<\/b><span style=\"font-weight: 400;\"> Nome do(s) autor(es) centralizado(s), na linha abaixo do t\u00edtulo, com fonte Times New Roman, tamanho 12 e espa\u00e7amento simples. O nome do apresentador deve estar sublinhado. O(s) nome(s) completo(s) do(s) autor(es) deve(m) estar escrito(s) por extenso, com apenas as iniciais mai\u00fasculas.<\/span><\/p>\n<p><span style=\"font-weight: 400;\">Ex.: Correto:\u200b \"Jo\u00e3o Souza Silva\".<\/span><\/p>\n<p><span style=\"font-weight: 400;\">Incorreto:\u200b \"Jo\u00e3o Souza\", \"JO\u00c3O SOUZA SILVA\", \"Silva, J. S.\", \"Silva, Jo\u00e3o Souza\".<\/span><\/p>\n<p><b>2.6.4<\/b><span style=\"font-weight: 400;\"> Na linha imediatamente ap\u00f3s o(s) nome(s) do(s) autor(es) deve constar o endere\u00e7o eletr\u00f4nico do apresentador. Este deve estar centralizado, com fonte Times New Roman, tamanho 12, espa\u00e7amento simples e sem destaque em negrito, it\u00e1lico ou sublinhado.<\/span><\/p>\n<p><b>2.6.5<\/b><span style=\"font-weight: 400;\"> A vincula\u00e7\u00e3o institucional de cada autor deve ser explicitada utilizando numera\u00e7\u00e3o sobrescrita, sendo que o(s) nome(s) da(s) institui\u00e7\u00e3o(\u00f5es) deve(m) ser escrito(s) por extenso e em it\u00e1lico, fonte Times New Roman, tamanho 12, na linha imediatamente ap\u00f3s o(s) nome(s) do(s) autor(es) sendo mai\u00fasculas somente as iniciais. Para mais de uma institui\u00e7\u00e3o deve-se separar os nomes de cada uma por ponto e v\u00edrgula.<\/span><\/p>\n<p><span style=\"font-weight: 400;\">Ex.: Correto:\u200b \"Universidade de S\u00e3o Paulo\".<\/span><\/p>\n<p><span style=\"font-weight: 400;\">Incorreto:\u200b \u200b\"USP\" ou \"UNIVERSIDADE DE S\u00c3O PAULO\".<\/span><\/p>\n<p><b><br \/>\n<\/b><b><br \/>\n<\/b><b>2.6.6<\/b><span style=\"font-weight: 400;\"> Para iniciar o resumo, deve-se pular uma linha ap\u00f3s o(s) nome(s) da(s) institui\u00e7\u00e3o(\u00f5es). O corpo do texto deve ser escrito com fonte Times New Roman, tamanho 12, com espa\u00e7amento simples, sem destaques em negrito, it\u00e1lico ou sublinhado; deve conter o m\u00ednimo de 20 linhas e m\u00e1ximo de 30 linhas; deve ser escrito em um \u00fanico par\u00e1grafo, justificado com a primeira linha tendo recuo de 1,25cm \u00e0 direita, sem subt\u00edtulos (como \"Objetivos\", \"M\u00e9todo\", etc.).<\/span><\/p>\n<p><b>2.6.7<\/b><span style=\"font-weight: 400;\"> No resumo n\u00e3o deve haver imagens, tabelas, figuras, gr\u00e1ficos, planilhas, nem similares. Tamb\u00e9m, excetuando-se os casos em que seja imprescind\u00edvel pelo teor do trabalho (refer\u00eancia a instrumento de coleta, obra de autor que seja foco de estudo conceitual, etc.), n\u00e3o devem ser feitas cita\u00e7\u00f5es com refer\u00eancia, por exemplo: \"segundo De Souza (2004), o comportamento \u00e9...\" ou \"o comportamento (de Souza, 2004) \u00e9...\".<\/span><\/p>\n<p><b>2.6.8<\/b><span style=\"font-weight: 400;\"> No final da p\u00e1gina e alinhada \u00e0 direita, a sigla da institui\u00e7\u00e3o financiadora, se houver.<\/span><\/p>\n<p><b>2.6.9<\/b><span style=\"font-weight: 400;\"> O nome do arquivo deve ser apenas o nome completo do apresentador, sem acentos, com as palavras separadas por underline (_).<\/span><\/p>\n<p><span style=\"font-weight: 400;\">Ex.: Correto\u200b: \u201cjoao_souza_silva\u201d<\/span><\/p>\n<p><span style=\"font-weight: 400;\">Incorreto\u200b: \u201cJo\u00e3o Souza Silva\u201d; \u201cJOAO SOUZA SILVA\u201d; \u201cJo\u00e3o\u201d; \u201cResumo Jo\u00e3o\u201d...<\/span><\/p>\n<p><b>2.7<\/b><span style=\"font-weight: 400;\"> Devem constar no texto do resumo do trabalho, de maneira clara e objetiva, os seguintes aspectos (sem a utiliza\u00e7\u00e3o do recurso de \"subt\u00edtulos\" para diferenci\u00e1-los): justificativa, objetivo(s), m\u00e9todo, resultados (principais, se for o caso) e conclus\u00f5es.<\/span><\/p>\n<p><b>2.8<\/b><span style=\"font-weight: 400;\"> Ser\u00e3o aceitos somente trabalhos emp\u00edricos e\/ou te\u00f3ricos, cujo teor esteja relacionado aos grandes temas da An\u00e1lise do Comportamento, sendo eles, de maneira resumida: tratamento de aspectos te\u00f3ricos, filos\u00f3ficos, metodol\u00f3gicos, conceituais e\/ou de interpreta\u00e7\u00e3o na An\u00e1lise do Comportamento e\/ou Behaviorismo Radical; tratamento de aspectos te\u00f3ricos, filos\u00f3ficos, metodol\u00f3gicos, conceituais e\/ou de interpreta\u00e7\u00e3o em outros behaviorismos; estudos, experimentos, trabalhos conceituais e\/ou de revis\u00e3o bibliogr\u00e1fica em Ci\u00eancia do Comportamento, seja b\u00e1sica, translacional ou aplicada, sejam seus sujeitos (se for o caso) humanos ou n\u00e3o; cr\u00edtica ou complementa\u00e7\u00e3o \u00e0s abordagens acima relacionadas; aproxima\u00e7\u00f5es em rela\u00e7\u00e3o \u00e0s abordagens acima relacionadas.<\/span><\/p>\n<p><b>2.9<\/b><span style=\"font-weight: 400;\"> Os participantes apresentadores dos trabalhos ser\u00e3o comunicados no dia 20 de abril de 2020 pelo e-mail cadastrado no formul\u00e1rio de submiss\u00e3o de trabalho ou presente no resumo submetido, informando se foram selecionados para apresenta\u00e7\u00e3o ou n\u00e3o.<\/span><\/p>\n<p><b>2.10\u200b<\/b><span style=\"font-weight: 400;\"> Ser\u00e3o priorizados resumos que demonstrarem:<\/span><\/p>\n<p><b>2.10.1\u200b <\/b><span style=\"font-weight: 400;\">Clareza e objetividade em todos os seus aspectos.<\/span><\/p>\n<p><b>2.10.2<\/b><span style=\"font-weight: 400;\"> Pertin\u00eancia do trabalho em rela\u00e7\u00e3o aos grandes temas abordados pela An\u00e1lise do Comportamento.<\/span><\/p>\n<p><b>2.10.3<\/b><span style=\"font-weight: 400;\"> Potencial e pertin\u00eancia para o debate e discuss\u00e3o do trabalho, resultados e\/ou m\u00e9todo empregados na pesquisa.<\/span><\/p>\n<p><b>2.10.4<\/b><span style=\"font-weight: 400;\"> Aspectos de inova\u00e7\u00e3o na pesquisa nos objetivos, m\u00e9todo, resultados e\/ou conclus\u00f5es.<\/span><\/p>\n<p><b>2.10.5<\/b><span style=\"font-weight: 400;\">\u200b Fundamenta\u00e7\u00e3o te\u00f3rica do estudo.<\/span><\/p>\n<p><b>2.11<\/b><span style=\"font-weight: 400;\"> A Comiss\u00e3o Cient\u00edfica ser\u00e1 respons\u00e1vel pela tramita\u00e7\u00e3o das avalia\u00e7\u00f5es dos trabalhos submetidos, as quais ser\u00e3o realizadas por pareceristas ad hoc. Cada trabalho ser\u00e1 indicado pelos pareceristas como \u201cAceito\u201d, \u201cAceito com Modifica\u00e7\u00f5es\u201d ou \u201cRecusado\u201d. Apenas resumos \u201cAceitos com Modifica\u00e7\u00f5es\u201d poder\u00e3o ser editados pelos autores ap\u00f3s o recebimento da avalia\u00e7\u00e3o.<\/span><\/p>\n<p><b>2.12\u200b<\/b><span style=\"font-weight: 400;\"> Ser\u00e3o aceitas propostas nos idiomas portugu\u00eas, ingl\u00eas e espanhol.<\/span><\/p>\n<p><b>3.\u200b<\/b><span style=\"font-weight: 400;\"> Da apresenta\u00e7\u00e3o dos trabalhos<\/span><\/p>\n<p><b>3.1<\/b><span style=\"font-weight: 400;\"> A apresenta\u00e7\u00e3o dos trabalhos \u00e9 no formato de p\u00f4ster, em uma mostra para o p\u00fablico do evento, com todos os trabalhos selecionados, simultaneamente; a apresenta\u00e7\u00e3o \u00e9 parte da programa\u00e7\u00e3o do evento e ocorrer\u00e1 no s\u00e1bado, dia 16 de maio, das 13h45 \u00e0s 14h30.<\/span><\/p>\n<p><b>3.2<\/b><span style=\"font-weight: 400;\"> Certificados digitais ser\u00e3o emitidos aos trabalhos que forem efetivamente apresentados, e enviados para o e-mail do apresentador em at\u00e9 dois meses ap\u00f3s o t\u00e9rmino do evento.<\/span><\/p>\n<p><b>3.3<\/b><span style=\"font-weight: 400;\"> Sugere-se que o p\u00f4ster tenha a dimens\u00e3o de 90cm x 120cm. As fontes utilizadas n\u00e3o devem ser de tamanho inferior a 30. O t\u00edtulo deve ter destaque e recomenda-se o uso de fonte superior a 60. Aconselha-se o uso de fundo branco para o p\u00f4ster e cores escuras para o corpo do texto.<\/span><\/p>\n<p><b>3.4<\/b><span style=\"font-weight: 400;\"> Ap\u00f3s o t\u00edtulo, informe o(s) nome(s), e-mail(s) e institui\u00e7\u00e3o(\u00f5es) do(s) autor(es) e orientador(es) da atividade, como nas orienta\u00e7\u00f5es para submiss\u00e3o do resumo. O p\u00f4ster deve contemplar o conte\u00fado da atividade realizada, informando objetivos, m\u00e9todos, resultados e conclus\u00f5es.<\/span><\/p>\n<p><b>3.5<\/b><span style=\"font-weight: 400;\"> Os p\u00f4steres ser\u00e3o apreciados por avaliadores da Comiss\u00e3o Cient\u00edfica e, portanto, a presen\u00e7a do apresentador \u00e9 obrigat\u00f3ria durante a sess\u00e3o. \u00c9 recomendado que a apresenta\u00e7\u00e3o tenha, no m\u00e1ximo, 10 minutos e, em seguida, o avaliador far\u00e1 perguntas sobre o trabalho. A avalia\u00e7\u00e3o da apresenta\u00e7\u00e3o considerar\u00e1 os crit\u00e9rios abaixo:<\/span><\/p>\n<p><b>3.5.1 <\/b><span style=\"font-weight: 400;\">Conhecimentos do apresentador sobre: a(s) pergunta(s) e o(s) objetivo(s) da pesquisa; as virtudes e as limita\u00e7\u00f5es da metodologia utilizada na pesquisa; os resultados obtidos; relev\u00e2ncia\/justificativa do estudo.<\/span><\/p>\n<p><b>3.5.2<\/b><span style=\"font-weight: 400;\"> Adequa\u00e7\u00e3o do m\u00e9todo aos objetivos propostos.<\/span><\/p>\n<p><b>3.5.3 <\/b><span style=\"font-weight: 400;\">Coer\u00eancia entre pergunta de pesquisa, resultados e conclus\u00f5es.<\/span><\/p>\n<p><b>3.5.4 <\/b><span style=\"font-weight: 400;\">Comunica\u00e7\u00e3o oral clara e fundamentada.\u00a0<\/span><\/p>\n<p><b>3.5.5<\/b><span style=\"font-weight: 400;\"> O apresentador responder com clareza \u00e0s perguntas dos avaliadores.<\/span><\/p>\n<p>&nbsp;<\/p>\n<p><b>3.6<\/b><span style=\"font-weight: 400;\"> Os p\u00f4steres dever\u00e3o ser retirados pelo apresentador imediatamente ap\u00f3s a sess\u00e3o ou ser\u00e3o inutilizados.<\/span><\/p>\n<p><b>3.7<\/b><span style=\"font-weight: 400;\"> P\u00f4steres j\u00e1 usados em outros eventos podem ser reutilizados para a apresenta\u00e7\u00e3o na 3\u00aa JAC USP RP.<\/span><\/p>\n<p><b>4\u200b.<\/b><span style=\"font-weight: 400;\"> Informa\u00e7\u00f5es e casos omissos<\/span><\/p>\n<p><b>4.1<\/b><span style=\"font-weight: 400;\"> Os participantes dever\u00e3o ter conhecimento do presente regulamento a priori da inscri\u00e7\u00e3o e, em caso de d\u00favidas, entrar em contato com a organiza\u00e7\u00e3o do evento para maiores esclarecimentos;<\/span><\/p>\n<p><b>4.2<\/b><span style=\"font-weight: 400;\"> Informa\u00e7\u00f5es adicionais podem ser obtidas atrav\u00e9s do site<\/span><a href=\"http:\/\/sites.usp.br\/jacusprp\/\"><span style=\"font-weight: 400;\"> http:\/\/sites.usp.br\/jacusprp\/<\/span><\/a><span style=\"font-weight: 400;\">\u200b ou pelo e-mail \u200b<\/span><a href=\"mailto:inscricoesjacusprp@gmail.com\"><span style=\"font-weight: 400;\">inscricoesjacusprp@gmail.com<\/span><\/a><span style=\"font-weight: 400;\">\u200b;<\/span><\/p>\n<p><b>4.3<\/b><span style=\"font-weight: 400;\"> Casos omissos no presente regulamento dever\u00e3o ser avaliados pela Comiss\u00e3o Organizadora.<\/span><\/p>\n<p>&nbsp;<\/p>\n<p><span style=\"font-weight: 400;\">Ribeir\u00e3o Preto, 23 de Fevereiro de 2020.<\/span><\/p>\n<p><span style=\"font-weight: 400;\">Comiss\u00e3o Organizadora<\/span><\/p>\n<p><span style=\"font-weight: 400;\">3\u00aa Jornada de An\u00e1lise do Comportamento USP RP<\/span><\/p>\n<\/div>\n<\/div><\/div><\/div><\/div><\/div>","protected":false},"excerpt":{"rendered":"<p>Em breve mais informa\u00e7\u00f5es!<\/p>\n","protected":false},"author":578,"featured_media":0,"parent":0,"menu_order":0,"comment_status":"closed","ping_status":"closed","template":"","meta":{"footnotes":"","_links_to":"","_links_to_target":""},"class_list":["post-290","page","type-page","status-publish","hentry"],"_links":{"self":[{"href":"https:\/\/sites.usp.br\/jacusprp\/wp-json\/wp\/v2\/pages\/290","targetHints":{"allow":["GET"]}}],"collection":[{"href":"https:\/\/sites.usp.br\/jacusprp\/wp-json\/wp\/v2\/pages"}],"about":[{"href":"https:\/\/sites.usp.br\/jacusprp\/wp-json\/wp\/v2\/types\/page"}],"author":[{"embeddable":true,"href":"https:\/\/sites.usp.br\/jacusprp\/wp-json\/wp\/v2\/users\/578"}],"replies":[{"embeddable":true,"href":"https:\/\/sites.usp.br\/jacusprp\/wp-json\/wp\/v2\/comments?post=290"}],"version-history":[{"count":7,"href":"https:\/\/sites.usp.br\/jacusprp\/wp-json\/wp\/v2\/pages\/290\/revisions"}],"predecessor-version":[{"id":967,"href":"https:\/\/sites.usp.br\/jacusprp\/wp-json\/wp\/v2\/pages\/290\/revisions\/967"}],"wp:attachment":[{"href":"https:\/\/sites.usp.br\/jacusprp\/wp-json\/wp\/v2\/media?parent=290"}],"curies":[{"name":"wp","href":"https:\/\/api.w.org\/{rel}","templated":true}]}}