{"id":64,"date":"2014-02-12T11:28:54","date_gmt":"2014-02-12T13:28:54","guid":{"rendered":"http:\/\/sites.usp.br\/jacusprp\/?page_id=64"},"modified":"2020-03-06T14:20:06","modified_gmt":"2020-03-06T16:20:06","slug":"inscricoes","status":"publish","type":"page","link":"https:\/\/sites.usp.br\/jacusprp\/inscricoes\/","title":{"rendered":"INSCRI\u00c7\u00d5ES"},"content":{"rendered":"<div id=\"pl-64\"  class=\"panel-layout\" ><div id=\"pg-64-0\"  class=\"panel-grid panel-no-style\" ><div id=\"pgc-64-0-0\"  class=\"panel-grid-cell\" ><div id=\"panel-64-0-0-0\" class=\"so-panel widget widget_sow-editor panel-first-child panel-last-child\" data-index=\"0\" ><div\n\t\t\t\n\t\t\tclass=\"so-widget-sow-editor so-widget-sow-editor-base\"\n\t\t\t\n\t\t>\n<div class=\"siteorigin-widget-tinymce textwidget\">\n\t<h2 style=\"text-align: left;\"><span style=\"color: #000080;\"><span style=\"color: #333333;\">As inscri\u00e7\u00f5es para a III JAC USP RP est\u00e3o ABERTAS!<\/span><\/span><\/h2>\n<\/div>\n<\/div><\/div><\/div><\/div><div id=\"pg-64-1\"  class=\"panel-grid panel-no-style\" ><div id=\"pgc-64-1-0\"  class=\"panel-grid-cell\" ><div id=\"panel-64-1-0-0\" class=\"so-panel widget widget_sow-editor panel-first-child\" data-index=\"1\" ><div\n\t\t\t\n\t\t\tclass=\"so-widget-sow-editor so-widget-sow-editor-base\"\n\t\t\t\n\t\t>\n<div class=\"siteorigin-widget-tinymce textwidget\">\n\t<\/div>\n<\/div><\/div><div id=\"panel-64-1-0-1\" class=\"so-panel widget widget_sow-button panel-last-child\" data-index=\"2\" ><div\n\t\t\t\n\t\t\tclass=\"so-widget-sow-button so-widget-sow-button-flat-04cbbf01a940-64\"\n\t\t\t\n\t\t><div class=\"ow-button-base ow-button-align-center\"\n>\n\t\t\t<a\n\t\t\t\t\thref=\"https:\/\/forms.gle\/9ZHZ56GkXKgtF9tT7\"\n\t\t\t\t\tclass=\"sowb-button ow-icon-placement-left ow-button-hover\" target=\"_blank\" rel=\"noopener noreferrer\" \t>\n\t\t<span>\n\t\t\t\n\t\t\tINSCRI\u00c7\u00d5ES JAC USP RP 2020!\t\t<\/span>\n\t\t\t<\/a>\n\t<\/div>\n<\/div><\/div><\/div><div id=\"pgc-64-1-1\"  class=\"panel-grid-cell\" ><div id=\"panel-64-1-1-0\" class=\"so-panel widget widget_sow-editor panel-first-child\" data-index=\"3\" ><div\n\t\t\t\n\t\t\tclass=\"so-widget-sow-editor so-widget-sow-editor-base\"\n\t\t\t\n\t\t>\n<div class=\"siteorigin-widget-tinymce textwidget\">\n\t<\/div>\n<\/div><\/div><div id=\"panel-64-1-1-1\" class=\"so-panel widget widget_sow-button panel-last-child\" data-index=\"4\" ><div\n\t\t\t\n\t\t\tclass=\"so-widget-sow-button so-widget-sow-button-flat-5db09f28874e-64\"\n\t\t\t\n\t\t><div class=\"ow-button-base ow-button-align-center\"\n>\n\t\t\t<a\n\t\t\t\t\thref=\"http:\/\/sites.usp.br\/jacusprp\/wp-content\/uploads\/sites\/315\/2019\/02\/Regulamento-JAC-USP-RP-2019.pdf\"\n\t\t\t\t\tclass=\"sowb-button ow-icon-placement-left ow-button-hover\" target=\"_blank\" rel=\"noopener noreferrer\" \t>\n\t\t<span>\n\t\t\t\n\t\t\tDOWNLOAD DO REGULAMENTO\t\t<\/span>\n\t\t\t<\/a>\n\t<\/div>\n<\/div><\/div><\/div><\/div><div id=\"pg-64-2\"  class=\"panel-grid panel-no-style\" ><div id=\"pgc-64-2-0\"  class=\"panel-grid-cell\" ><div id=\"panel-64-2-0-0\" class=\"so-panel widget widget_sow-editor panel-first-child panel-last-child\" data-index=\"5\" ><div\n\t\t\t\n\t\t\tclass=\"so-widget-sow-editor so-widget-sow-editor-base\"\n\t\t\t\n\t\t>\n<div class=\"siteorigin-widget-tinymce textwidget\">\n\t<h2 style=\"text-align: center;\"><span style=\"color: #bd064f;\">REGULAMENTO DA 3\u00aa JORNADA DE AN\u00c1LISE DO COMPORTAMENTO USP RP<\/span><\/h2>\n<ol>\n<li><b>1<\/b><span style=\"font-weight: 400;\">. Do regulamento e sua aplica\u00e7\u00e3o<\/span><\/li>\n<\/ol>\n<p><b>1.1<\/b><span style=\"font-weight: 400;\"> A Comiss\u00e3o Organizadora da 3\u00aa Jornada de An\u00e1lise do Comportamento USP RP, composta por alunos regularmente matriculados no curso de Psicologia da Faculdade de Filosofia, Ci\u00eancias e Letras de Ribeir\u00e3o Preto, Universidade de S\u00e3o Paulo, no uso de suas atribui\u00e7\u00f5es, vem tornar p\u00fablico o regulamento de inscri\u00e7\u00f5es na 3\u00aa Jornada de An\u00e1lise do Comportamento USP RP, a ser realizada no campus Ribeir\u00e3o Preto, nos dias 16 e 17 de maio de 2020;<\/span><\/p>\n<p><b>1.2<\/b><span style=\"font-weight: 400;\"> Este regulamento visa caracterizar a 3\u00aa Jornada de An\u00e1lise do Comportamento USP RP, bem como informar os direitos e deveres das partes envolvidas;<\/span><\/p>\n<p><b>1.3<\/b><span style=\"font-weight: 400;\"> \u00c9 de inteira responsabilidade do participante a leitura pr\u00e9via do conte\u00fado deste documento, sendo que no ato da inscri\u00e7\u00e3o dever\u00e1 declarar ci\u00eancia de seu conte\u00fado, bem como seguir as orienta\u00e7\u00f5es deste regulamento.<\/span><\/p>\n<p>&nbsp;<\/p>\n<ol start=\"2\">\n<li><b>2<\/b><span style=\"font-weight: 400;\">. Caracteriza\u00e7\u00e3o da 3\u00aa Jornada de An\u00e1lise do Comportamento USP RP<\/span><\/li>\n<\/ol>\n<p><b>2.1<\/b><span style=\"font-weight: 400;\"> A Jornada de An\u00e1lise do Comportamento \u00e9 um evento de car\u00e1ter cient\u00edfico, sem fins lucrativos, direcionado para estudantes e profissionais da Psicologia e de outras \u00e1reas relacionadas, que tem como objetivo disseminar e promover o conhecimento abrangido pela abordagem da An\u00e1lise do Comportamento;<\/span><\/p>\n<p><b>2.2<\/b><span style=\"font-weight: 400;\"> A Comiss\u00e3o Organizadora \u00e9 composta por alunos regularmente inscritos no curso de Psicologia, respons\u00e1veis pelo gerenciamento e execu\u00e7\u00e3o do evento, e uma docente do Departamento de Psicologia, que supervisiona as atividades da Comiss\u00e3o Organizadora e a representa em inst\u00e2ncias oficiais da Institui\u00e7\u00e3o;<\/span><\/p>\n<p><b>2.3<\/b><span style=\"font-weight: 400;\"> A jornada contempla palestras, mesas redondas, exposi\u00e7\u00e3o de pain\u00e9is e minicursos, contando com a participa\u00e7\u00e3o de docentes e pesquisadores internos e externos da Universidade. Ser\u00e1 realizada nos dias 16 e 17 de maio de 2020; no primeiro dia, no per\u00edodo de 8h00 \u00e0s 12h25min e de 13h45min \u00e0s 18h45min, com dois coffee breaks do pr\u00f3prio evento; no segundo dia, no per\u00edodo de 8h00 \u00e0s 12h00, com coffee break do pr\u00f3prio evento;<\/span><\/p>\n<p><b>2.4<\/b><span style=\"font-weight: 400;\"> Durante a jornada, despesas de alimenta\u00e7\u00e3o, transporte e hospedagem s\u00e3o de inteira responsabilidade do participante;<\/span><\/p>\n<p><b>2.5<\/b><span style=\"font-weight: 400;\"> A carga hor\u00e1ria do evento no s\u00e1bado \u00e9 de 9h25min (nove horas e vinte e cinco minutos); no domingo, a carga hor\u00e1ria do minicurso \u00e9 de 4 (quatro) horas;<\/span><\/p>\n<p><b>2.6<\/b><span style=\"font-weight: 400;\"> O participante poder\u00e1 obter at\u00e9 dois certificados para fins de comprova\u00e7\u00e3o de participa\u00e7\u00e3o no evento, os quais ser\u00e3o enviados por e-mail em at\u00e9 dois meses ap\u00f3s o t\u00e9rmino do evento, desde que cumpra os requisitos descritos a seguir:<\/span><\/p>\n<p><b>2.6.1<\/b><span style=\"font-weight: 400;\"> O certificado de participa\u00e7\u00e3o no ciclo de palestras e mesa redonda, que ocorrem no s\u00e1bado, ser\u00e1 concedido ao participante que atingir o requisito de pelo menos 75% de frequ\u00eancia nessas atividades (presen\u00e7a em quatro das cinco atividades do s\u00e1bado: quatro palestras e uma mesa redonda);<\/span><\/p>\n<p><b>2.6.2<\/b><span style=\"font-weight: 400;\"> O certificado de participa\u00e7\u00e3o no minicurso, que ocorre no domingo, ser\u00e1 concedido ao participante que tiver cumprido o requisito de 100% de frequ\u00eancia nessa atividade.<\/span><\/p>\n<p><b>2.7<\/b><span style=\"font-weight: 400;\"> O participante pode tamb\u00e9m obter certificado por apresenta\u00e7\u00e3o de p\u00f4ster, se inscrever-se para tal. A inscri\u00e7\u00e3o para submiss\u00e3o de trabalhos em formato de p\u00f4ster \u00e9 tratada em regulamento \u00e0 parte e pode ser encontrada no site <\/span><a href=\"http:\/\/sites.usp.br\/jacusprp\/submissao-de-trabalhos\/\"><span style=\"font-weight: 400;\">http:\/\/sites.usp.br\/jacusprp\/submissao-de-trabalhos\/<\/span><\/a><span style=\"font-weight: 400;\">.\u00a0<\/span><\/p>\n<p>&nbsp;<\/p>\n<ol start=\"3\">\n<li><b>3<\/b><span style=\"font-weight: 400;\">. Das inscri\u00e7\u00f5es<\/span><\/li>\n<\/ol>\n<p><b>3.1<\/b><span style=\"font-weight: 400;\"> As inscri\u00e7\u00f5es para a 3\u00aa Jornada de An\u00e1lise do Comportamento USP RP ter\u00e3o in\u00edcio no dia 13 de fevereiro de 2020, sendo pela modalidade online at\u00e9 acabarem as vagas, e pessoalmente no dia do evento, se houver vagas;<\/span><\/p>\n<p><b>3.2<\/b><span style=\"font-weight: 400;\"> Os per\u00edodos de inscri\u00e7\u00f5es e seus respectivos valores est\u00e3o discriminados na tabela a seguir:<\/span><\/p>\n<p>&nbsp;<\/p>\n<table>\n<tbody>\n<tr>\n<td><b>Data<\/b><\/td>\n<td><b>Vagas Sociais<\/b><\/td>\n<td><b>Estudantes (gradua\u00e7\u00e3o e p\u00f3s)<\/b><\/td>\n<td><b>Profissionais e outros<\/b><\/td>\n<\/tr>\n<tr>\n<td><span style=\"font-weight: 400;\">28\/02 a 06\/03<\/span><\/td>\n<td><span style=\"font-weight: 400;\">R$ 35,00<\/span><\/td>\n<td><span style=\"font-weight: 400;\">-<\/span><\/td>\n<td><span style=\"font-weight: 400;\">-<\/span><\/td>\n<\/tr>\n<tr>\n<td><span style=\"font-weight: 400;\">06\/03 a 26\/03<\/span><\/td>\n<td><span style=\"font-weight: 400;\">R$ 35,00<\/span><\/td>\n<td><span style=\"font-weight: 400;\">R$75,00<\/span><\/td>\n<td><span style=\"font-weight: 400;\">R$95,00<\/span><\/td>\n<\/tr>\n<tr>\n<td><span style=\"font-weight: 400;\">27\/03 a 09\/04<\/span><\/td>\n<td><span style=\"font-weight: 400;\">R$ 35,00<\/span><\/td>\n<td><span style=\"font-weight: 400;\">R$85,00<\/span><\/td>\n<td><span style=\"font-weight: 400;\">R$105,00<\/span><\/td>\n<\/tr>\n<tr>\n<td><span style=\"font-weight: 400;\">10\/04 a 15\/05<\/span><\/td>\n<td><span style=\"font-weight: 400;\">R$ 35,00<\/span><\/td>\n<td><span style=\"font-weight: 400;\">R$95,00<\/span><\/td>\n<td><span style=\"font-weight: 400;\">R$115,00<\/span><\/td>\n<\/tr>\n<tr>\n<td><span style=\"font-weight: 400;\">No evento<\/span><\/td>\n<td><span style=\"font-weight: 400;\">-<\/span><\/td>\n<td><span style=\"font-weight: 400;\">R$105,00<\/span><\/td>\n<td><span style=\"font-weight: 400;\">R$125,00<\/span><\/td>\n<\/tr>\n<\/tbody>\n<\/table>\n<p>&nbsp;<\/p>\n<p><b>3.3<\/b><span style=\"font-weight: 400;\"> A taxa de inscri\u00e7\u00e3o se refere \u00e0 programa\u00e7\u00e3o do s\u00e1bado e do domingo, dando direito \u00e0 participa\u00e7\u00e3o em todo o evento, incluindo as palestras, as mesas redondas, a apresenta\u00e7\u00e3o de p\u00f4steres e <\/span><span style=\"font-weight: 400;\">um<\/span><span style=\"font-weight: 400;\"> minicurso;<\/span><\/p>\n<p><b>3.3.1<\/b><span style=\"font-weight: 400;\"> O participante pode optar por participar em apenas um dos dias do evento e receber o certificado deste dia, por\u00e9m a taxa de inscri\u00e7\u00e3o ser\u00e1 o valor integral, descrito na tabela acima. O formul\u00e1rio para inscri\u00e7\u00e3o tamb\u00e9m ser\u00e1 o mesmo, assim como os requisitos para obter o certificado, sendo v\u00e1lido para este caso todas as informa\u00e7\u00f5es contidas no presente documento;<\/span><\/p>\n<p><b>3.4<\/b><span style=\"font-weight: 400;\"> Poder\u00e1 inscrever-se para a 3\u00aa Jornada de An\u00e1lise do Comportamento USP RP qualquer pessoa que tenha interesse pela An\u00e1lise do Comportamento;<\/span><\/p>\n<p><b>3.5<\/b><span style=\"font-weight: 400;\"> No ato da inscri\u00e7\u00e3o, a pessoa dever\u00e1:<\/span><\/p>\n<p><b>3.5.1<\/b><span style=\"font-weight: 400;\"> Preencher o formul\u00e1rio de inscri\u00e7\u00e3o, dispon\u00edvel no site <\/span><a href=\"http:\/\/sites.usp.br\/jacusprp\/inscricoes\/\"><span style=\"font-weight: 400;\">http:\/\/sites.usp.br\/jacusprp\/inscricoes\/<\/span><\/a><span style=\"font-weight: 400;\">;\u00a0<\/span><\/p>\n<p><b>3.5.2<\/b><span style=\"font-weight: 400;\"> Assinalar na inscri\u00e7\u00e3o a concord\u00e2ncia com os termos aqui descritos;<\/span><\/p>\n<p><b>3.5.3<\/b><span style=\"font-weight: 400;\"> Selecionar os minicursos em ordem de prioridade conforme instru\u00eddo;<\/span><\/p>\n<p><b>3.5.4<\/b><span style=\"font-weight: 400;\"> Concluir seu formul\u00e1rio de inscri\u00e7\u00e3o e realizar o pagamento da taxa de inscri\u00e7\u00e3o, enviando por e-mail o comprovante e demais documentos, se for o caso, como descrito no item 4.<\/span><\/p>\n<p><b>3.5.4.1<\/b><span style=\"font-weight: 400;\"> No caso dos candidatos a vaga social, \u00e9 preciso concluir o formul\u00e1rio de inscri\u00e7\u00e3o e enviar os documentos por e-mail antes de efetuar o pagamento. A validade dos documentos ser\u00e1 analisada pela Comiss\u00e3o Organizadora, que enviar\u00e1 um email confirmando ou n\u00e3o a inscri\u00e7\u00e3o, juntamente com o prazo para o seu pagamento caso seja selecionado.<\/span><\/p>\n<p><b>3.6<\/b><span style=\"font-weight: 400;\"> Os minicursos t\u00eam vagas limitadas, que ser\u00e3o distribu\u00eddas considerando tanto a ordem das inscri\u00e7\u00f5es que recebemos quanto a ordem de prioridade dos minicursos selecionada pela pessoa inscrita.<\/span><\/p>\n<p><b>3.6.1<\/b><span style=\"font-weight: 400;\"> Assim que se inscrever, a pessoa ficar\u00e1 com a vaga reservada no minicurso de mais alta prioridade selecionado em que houver vagas, por tr\u00eas dias \u00fateis; por\u00e9m sua vaga s\u00f3 ser\u00e1 confirmada com a realiza\u00e7\u00e3o do pagamento e o envio do e-mail com comprovante (item 4) dentro do prazo;<\/span><\/p>\n<p><b>3.6.2<\/b><span style=\"font-weight: 400;\"> A inscri\u00e7\u00e3o em determinado minicurso como prioridade 1 n\u00e3o garante a participa\u00e7\u00e3o do ouvinte nele, se as vagas para este tiverem esgotado.<\/span><\/p>\n<p>&nbsp;<\/p>\n<ol start=\"4\">\n<li><b>4<\/b><span style=\"font-weight: 400;\">. Do credenciamento<\/span><\/li>\n<\/ol>\n<p><b>4.1<\/b><span style=\"font-weight: 400;\"> O inscrito deve, ap\u00f3s preencher o formul\u00e1rio, realizar o pagamento da taxa conforme os valores especificados no item 3.2 e enviar o comprovante de pagamento para o e-mail <\/span><a href=\"mailto:inscricoesjacusprp@gmail.com\"><span style=\"font-weight: 400;\">inscricoesjacusprp@gmail.com<\/span><\/a><span style=\"font-weight: 400;\"> com o assunto <\/span><i><span style=\"font-weight: 400;\">\u201cComprovante [Nome completo]\u201d<\/span><\/i><span style=\"font-weight: 400;\"> dentro do prazo de 3 (tr\u00eas) dias \u00fateis ap\u00f3s sua inscri\u00e7\u00e3o. Ap\u00f3s esse prazo, sua inscri\u00e7\u00e3o ser\u00e1 cancelada;<\/span><\/p>\n<p><b>4.2<\/b><span style=\"font-weight: 400;\"> O pagamento da taxa de inscri\u00e7\u00e3o (por dep\u00f3sito ou transfer\u00eancia) deve ser realizada para uma das seguintes contas banc\u00e1rias:<\/span><\/p>\n<p><span style=\"font-weight: 400;\"><br \/>\n<\/span><\/p>\n<p><span style=\"font-weight: 400;\">Banco do Brasil<\/span><\/p>\n<p><span style=\"font-weight: 400;\">Vitor A. Mozaner Romano<\/span><\/p>\n<p><span style=\"font-weight: 400;\">CPF\u00a0 483.229.528-48<\/span><\/p>\n<p><span style=\"font-weight: 400;\">Ag\u00eancia 1969-0<\/span><\/p>\n<p><span style=\"font-weight: 400;\">Conta corrente 11286-0<\/span><\/p>\n<p>&nbsp;<\/p>\n<p><span style=\"font-weight: 400;\">Santander<\/span><\/p>\n<p><span style=\"font-weight: 400;\">Ana Beatriz do Prado Schiavone<\/span><\/p>\n<p><span style=\"font-weight: 400;\">CPF 380.349.908-92<\/span><\/p>\n<p><span style=\"font-weight: 400;\">Ag\u00eancia 3742<\/span><\/p>\n<p><span style=\"font-weight: 400;\">Conta corrente 01098814-7<\/span><\/p>\n<p><span style=\"font-weight: 400;\"><br \/>\n<\/span><\/p>\n<p><b>4.3<\/b><span style=\"font-weight: 400;\"> Se a pessoa inscrita for estudante, al\u00e9m do comprovante de pagamento, deve anexar ao e-mail um documento atestando que \u00e9 aluno de gradua\u00e7\u00e3o ou p\u00f3s-gradua\u00e7\u00e3o;<\/span><\/p>\n<p><b>4.3.1<\/b><span style=\"font-weight: 400;\"> No que se refere \u00e0 p\u00f3s-gradua\u00e7\u00e3o, ser\u00e1 aceito: stricto sensu (mestrado e doutorado) e lato sensu (especializa\u00e7\u00e3o, aprimoramento e aperfei\u00e7oamento).<\/span><\/p>\n<p>&nbsp;<\/p>\n<p><b>4.4<\/b><span style=\"font-weight: 400;\"> Se a pessoa inscrita estiver pleiteando vaga social, al\u00e9m do atestado de aluno, deve anexar ao e-mail um documento que comprove sua condi\u00e7\u00e3o: (A) de aluno de gradua\u00e7\u00e3o de institui\u00e7\u00e3o p\u00fablica recebendo aux\u00edlio perman\u00eancia ou (B) de aluno de gradua\u00e7\u00e3o de institui\u00e7\u00e3o privada com bolsa integral na mensalidade. Este documento deve ter sido emitido h\u00e1, no m\u00e1ximo,\u00a0 dois meses da data de envio ao e-mail inscricoesjacusprp@gmail.com.<\/span><\/p>\n<p>&nbsp;<\/p>\n<p><b>4.5<\/b><span style=\"font-weight: 400;\"> Se a pessoa, j\u00e1 tendo realizado o pagamento, desistir de sua inscri\u00e7\u00e3o no evento:<\/span><\/p>\n<p><b>4.5.1<\/b><span style=\"font-weight: 400;\"> Pode solicitar reembolso do valor integral pago, at\u00e9 15\/04;<\/span><\/p>\n<p><b>4.5.2<\/b><span style=\"font-weight: 400;\"> Pode transferir sua inscri\u00e7\u00e3o para o nome de outra pessoa, at\u00e9 11\/05;<\/span><\/p>\n<p><b>4.5.3<\/b><span style=\"font-weight: 400;\"> Ap\u00f3s 15\/04, o valor pago n\u00e3o ser\u00e1 reembolsado em hip\u00f3tese alguma.<\/span><\/p>\n<p>&nbsp;<\/p>\n<ol start=\"5\">\n<li><b>5<\/b><span style=\"font-weight: 400;\">. Informa\u00e7\u00f5es e casos omissos<\/span><\/li>\n<\/ol>\n<p><b>5.1<\/b><span style=\"font-weight: 400;\"> Os participantes dever\u00e3o ter conhecimento do presente regulamento <\/span><i><span style=\"font-weight: 400;\">a priori<\/span><\/i><span style=\"font-weight: 400;\"> da inscri\u00e7\u00e3o e, em caso de d\u00favidas, entrar em contato com a organiza\u00e7\u00e3o do evento para maiores esclarecimentos;<\/span><\/p>\n<p><b>5.2<\/b><span style=\"font-weight: 400;\"> Ao participar do evento, o inscrito reconhece e permite que seja fotografado durante o mesmo, autorizando o uso de sua imagem em publica\u00e7\u00f5es de divulga\u00e7\u00e3o do evento;<\/span><\/p>\n<p><b>5.3<\/b><span style=\"font-weight: 400;\"> Informa\u00e7\u00f5es adicionais podem ser obtidas atrav\u00e9s do site <\/span><a href=\"http:\/\/sites.usp.br\/jacusprp\/\"><span style=\"font-weight: 400;\">http:\/\/sites.usp.br\/jacusprp\/<\/span><\/a><span style=\"font-weight: 400;\"> ou pelo e-mail <\/span><a href=\"mailto:inscricoesjacusprp@gmail.com\"><span style=\"font-weight: 400;\">inscricoesjacusprp@gmail.com<\/span><\/a><span style=\"font-weight: 400;\">;<\/span><\/p>\n<p><b>5.4 <\/b><span style=\"font-weight: 400;\">Casos omissos no presente regulamento dever\u00e3o ser avaliados pela Comiss\u00e3o Organizadora.<\/span><\/p>\n<p>&nbsp;<\/p>\n<p><span style=\"font-weight: 400;\">Ribeir\u00e3o Preto, 28 de Fevereiro de 2020<\/span><\/p>\n<p>&nbsp;<\/p>\n<p><span style=\"font-weight: 400;\">Comiss\u00e3o Organizadora<\/span><\/p>\n<p><span style=\"font-weight: 400;\">3\u00aa Jornada de An\u00e1lise do Comportamento USP RP<\/span><\/p>\n<\/div>\n<\/div><\/div><\/div><\/div><\/div>","protected":false},"excerpt":{"rendered":"<p>As inscri\u00e7\u00f5es para a III JAC USP RP est\u00e3o ABERTAS!<\/p>\n","protected":false},"author":1,"featured_media":0,"parent":0,"menu_order":5,"comment_status":"closed","ping_status":"closed","template":"","meta":{"footnotes":"","_links_to":"","_links_to_target":""},"class_list":["post-64","page","type-page","status-publish","hentry"],"_links":{"self":[{"href":"https:\/\/sites.usp.br\/jacusprp\/wp-json\/wp\/v2\/pages\/64","targetHints":{"allow":["GET"]}}],"collection":[{"href":"https:\/\/sites.usp.br\/jacusprp\/wp-json\/wp\/v2\/pages"}],"about":[{"href":"https:\/\/sites.usp.br\/jacusprp\/wp-json\/wp\/v2\/types\/page"}],"author":[{"embeddable":true,"href":"https:\/\/sites.usp.br\/jacusprp\/wp-json\/wp\/v2\/users\/1"}],"replies":[{"embeddable":true,"href":"https:\/\/sites.usp.br\/jacusprp\/wp-json\/wp\/v2\/comments?post=64"}],"version-history":[{"count":6,"href":"https:\/\/sites.usp.br\/jacusprp\/wp-json\/wp\/v2\/pages\/64\/revisions"}],"predecessor-version":[{"id":965,"href":"https:\/\/sites.usp.br\/jacusprp\/wp-json\/wp\/v2\/pages\/64\/revisions\/965"}],"wp:attachment":[{"href":"https:\/\/sites.usp.br\/jacusprp\/wp-json\/wp\/v2\/media?parent=64"}],"curies":[{"name":"wp","href":"https:\/\/api.w.org\/{rel}","templated":true}]}}