{"id":767,"date":"2023-07-10T23:00:46","date_gmt":"2023-07-11T01:00:46","guid":{"rendered":"https:\/\/sites.usp.br\/jopsiusprp\/?page_id=767"},"modified":"2024-07-05T11:58:21","modified_gmt":"2024-07-05T13:58:21","slug":"jornadas-passadas","status":"publish","type":"page","link":"https:\/\/sites.usp.br\/jopsiusprp\/jornadas-passadas\/","title":{"rendered":"Jornadas passadas"},"content":{"rendered":"<div id=\"pl-767\"  class=\"panel-layout\" ><div id=\"pg-767-0\"  class=\"panel-grid panel-no-style\" ><div id=\"pgc-767-0-0\"  class=\"panel-grid-cell\" ><div id=\"panel-767-0-0-0\" class=\"so-panel widget widget_media_image panel-first-child panel-last-child\" data-index=\"0\" ><img loading=\"lazy\" decoding=\"async\" width=\"1920\" height=\"1080\" src=\"https:\/\/sites.usp.br\/jopsiusprp\/wp-content\/uploads\/sites\/674\/2023\/09\/Jornadas-Passadas.png\" class=\"image wp-image-836  attachment-full size-full\" alt=\"\" style=\"max-width: 100%; height: auto;\" srcset=\"https:\/\/sites.usp.br\/jopsiusprp\/wp-content\/uploads\/sites\/674\/2023\/09\/Jornadas-Passadas.png 1920w, https:\/\/sites.usp.br\/jopsiusprp\/wp-content\/uploads\/sites\/674\/2023\/09\/Jornadas-Passadas-300x169.png 300w, https:\/\/sites.usp.br\/jopsiusprp\/wp-content\/uploads\/sites\/674\/2023\/09\/Jornadas-Passadas-1024x576.png 1024w, https:\/\/sites.usp.br\/jopsiusprp\/wp-content\/uploads\/sites\/674\/2023\/09\/Jornadas-Passadas-768x432.png 768w, https:\/\/sites.usp.br\/jopsiusprp\/wp-content\/uploads\/sites\/674\/2023\/09\/Jornadas-Passadas-1536x864.png 1536w, https:\/\/sites.usp.br\/jopsiusprp\/wp-content\/uploads\/sites\/674\/2023\/09\/Jornadas-Passadas-310x174.png 310w, https:\/\/sites.usp.br\/jopsiusprp\/wp-content\/uploads\/sites\/674\/2023\/09\/Jornadas-Passadas-400x225.png 400w\" sizes=\"auto, (max-width: 1920px) 100vw, 1920px\" \/><\/div><\/div><\/div><div id=\"pg-767-1\"  class=\"panel-grid panel-no-style\" ><div id=\"pgc-767-1-0\"  class=\"panel-grid-cell\" ><div id=\"panel-767-1-0-0\" class=\"so-panel widget widget_sow-editor panel-first-child panel-last-child\" data-index=\"1\" ><div class=\"panel-widget-style panel-widget-style-for-767-1-0-0\" ><div\n\t\t\t\n\t\t\tclass=\"so-widget-sow-editor so-widget-sow-editor-base\"\n\t\t\t\n\t\t>\n<div class=\"siteorigin-widget-tinymce textwidget\">\n\t<h1><strong>1\u00aa Jornada de Psican\u00e1lise (2021)<\/strong><\/h1>\n<\/div>\n<\/div><\/div><\/div><\/div><\/div><div id=\"pg-767-2\"  class=\"panel-grid panel-no-style\" ><div id=\"pgc-767-2-0\"  class=\"panel-grid-cell\" ><div id=\"panel-767-2-0-0\" class=\"so-panel widget widget_media_image panel-first-child\" data-index=\"2\" ><img loading=\"lazy\" decoding=\"async\" width=\"2160\" height=\"1080\" src=\"https:\/\/sites.usp.br\/jopsiusprp\/wp-content\/uploads\/sites\/674\/2021\/09\/l-1.png\" class=\"image wp-image-311  attachment-full size-full\" alt=\"\" style=\"max-width: 100%; height: auto;\" srcset=\"https:\/\/sites.usp.br\/jopsiusprp\/wp-content\/uploads\/sites\/674\/2021\/09\/l-1.png 2160w, https:\/\/sites.usp.br\/jopsiusprp\/wp-content\/uploads\/sites\/674\/2021\/09\/l-1-300x150.png 300w, https:\/\/sites.usp.br\/jopsiusprp\/wp-content\/uploads\/sites\/674\/2021\/09\/l-1-1024x512.png 1024w, https:\/\/sites.usp.br\/jopsiusprp\/wp-content\/uploads\/sites\/674\/2021\/09\/l-1-768x384.png 768w, https:\/\/sites.usp.br\/jopsiusprp\/wp-content\/uploads\/sites\/674\/2021\/09\/l-1-1536x768.png 1536w, https:\/\/sites.usp.br\/jopsiusprp\/wp-content\/uploads\/sites\/674\/2021\/09\/l-1-2048x1024.png 2048w, https:\/\/sites.usp.br\/jopsiusprp\/wp-content\/uploads\/sites\/674\/2021\/09\/l-1-600x300.png 600w, https:\/\/sites.usp.br\/jopsiusprp\/wp-content\/uploads\/sites\/674\/2021\/09\/l-1-400x200.png 400w\" sizes=\"auto, (max-width: 2160px) 100vw, 2160px\" \/><\/div><div id=\"panel-767-2-0-1\" class=\"so-panel widget widget_media_image panel-last-child\" data-index=\"3\" ><img loading=\"lazy\" decoding=\"async\" width=\"750\" height=\"729\" src=\"https:\/\/sites.usp.br\/jopsiusprp\/wp-content\/uploads\/sites\/674\/2023\/07\/WhatsApp-Image-2023-07-10-at-22.25.45.jpeg\" class=\"image wp-image-790  attachment-full size-full\" alt=\"\" style=\"max-width: 100%; height: auto;\" srcset=\"https:\/\/sites.usp.br\/jopsiusprp\/wp-content\/uploads\/sites\/674\/2023\/07\/WhatsApp-Image-2023-07-10-at-22.25.45.jpeg 750w, https:\/\/sites.usp.br\/jopsiusprp\/wp-content\/uploads\/sites\/674\/2023\/07\/WhatsApp-Image-2023-07-10-at-22.25.45-300x292.jpeg 300w, https:\/\/sites.usp.br\/jopsiusprp\/wp-content\/uploads\/sites\/674\/2023\/07\/WhatsApp-Image-2023-07-10-at-22.25.45-45x45.jpeg 45w, https:\/\/sites.usp.br\/jopsiusprp\/wp-content\/uploads\/sites\/674\/2023\/07\/WhatsApp-Image-2023-07-10-at-22.25.45-400x389.jpeg 400w\" sizes=\"auto, (max-width: 750px) 100vw, 750px\" \/><\/div><\/div><div id=\"pgc-767-2-1\"  class=\"panel-grid-cell\" ><div id=\"panel-767-2-1-0\" class=\"so-panel widget widget_sow-editor panel-first-child panel-last-child\" data-index=\"4\" ><div\n\t\t\t\n\t\t\tclass=\"so-widget-sow-editor so-widget-sow-editor-base\"\n\t\t\t\n\t\t>\n<div class=\"siteorigin-widget-tinymce textwidget\">\n\t<p><i><span style=\"font-weight: 400;\">Na contemporaneidade tem-se percebido cada vez mais a fluidez nas rela\u00e7\u00f5es humanas, bem como a dificuldade dos indiv\u00edduos em se perceberem enquanto seres \u00fanicos, com vontades e estilos pessoais de ser e de viver. A precariedade e a rapidez em viver rela\u00e7\u00f5es afetivas somadas \u00e0 cria\u00e7\u00e3o de \u201cvidas\u201d falsas foram agravadas pelo f\u00e1cil acesso \u00e0 internet e consequente dissemina\u00e7\u00e3o das redes sociais. O universo moderno traz consigo uma novidade: viver o encontro pelo ambiente virtual, produzir personalidades, desenvolver tra\u00e7os e caracter\u00edsticas de acordo com o interesse dos perfis. H\u00e1 uma dilui\u00e7\u00e3o do ser, do existir e do sentir, gerando identidades fr\u00e1geis, passageiras e v\u00ednculos cada vez mais ef\u00eameros. \u201cQue seja eterno enquanto dure\u201d \u00e9 o lema atual. Contudo, o eterno pode durar horas ou mesmo minutos\u2026<\/span><\/i><\/p>\n<\/div>\n<\/div><\/div><\/div><\/div><div id=\"pg-767-3\"  class=\"panel-grid panel-no-style\" ><div id=\"pgc-767-3-0\"  class=\"panel-grid-cell\" ><div id=\"panel-767-3-0-0\" class=\"so-panel widget widget_sow-editor panel-first-child panel-last-child\" data-index=\"5\" ><div class=\"panel-widget-style panel-widget-style-for-767-3-0-0\" ><div\n\t\t\t\n\t\t\tclass=\"so-widget-sow-editor so-widget-sow-editor-base\"\n\t\t\t\n\t\t>\n<div class=\"siteorigin-widget-tinymce textwidget\">\n\t<h1><strong>2\u00aa Jornada de Psican\u00e1lise (2022)<\/strong><\/h1>\n<\/div>\n<\/div><\/div><\/div><\/div><\/div><div id=\"pg-767-4\"  class=\"panel-grid panel-no-style\" ><div id=\"pgc-767-4-0\"  class=\"panel-grid-cell\" ><div id=\"panel-767-4-0-0\" class=\"so-panel widget widget_media_image panel-first-child\" data-index=\"6\" ><img loading=\"lazy\" decoding=\"async\" width=\"640\" height=\"335\" src=\"https:\/\/sites.usp.br\/jopsiusprp\/wp-content\/uploads\/sites\/674\/2022\/08\/Antropofagia-psicanalitica-quem-somos-diante-do-inevitavel-1024x536.png\" class=\"image wp-image-512  attachment-large size-large\" alt=\"\" style=\"max-width: 100%; height: auto;\" srcset=\"https:\/\/sites.usp.br\/jopsiusprp\/wp-content\/uploads\/sites\/674\/2022\/08\/Antropofagia-psicanalitica-quem-somos-diante-do-inevitavel-1024x536.png 1024w, https:\/\/sites.usp.br\/jopsiusprp\/wp-content\/uploads\/sites\/674\/2022\/08\/Antropofagia-psicanalitica-quem-somos-diante-do-inevitavel-300x157.png 300w, https:\/\/sites.usp.br\/jopsiusprp\/wp-content\/uploads\/sites\/674\/2022\/08\/Antropofagia-psicanalitica-quem-somos-diante-do-inevitavel-768x402.png 768w, https:\/\/sites.usp.br\/jopsiusprp\/wp-content\/uploads\/sites\/674\/2022\/08\/Antropofagia-psicanalitica-quem-somos-diante-do-inevitavel-1536x804.png 1536w, https:\/\/sites.usp.br\/jopsiusprp\/wp-content\/uploads\/sites\/674\/2022\/08\/Antropofagia-psicanalitica-quem-somos-diante-do-inevitavel-400x209.png 400w, https:\/\/sites.usp.br\/jopsiusprp\/wp-content\/uploads\/sites\/674\/2022\/08\/Antropofagia-psicanalitica-quem-somos-diante-do-inevitavel.png 1920w\" sizes=\"auto, (max-width: 640px) 100vw, 640px\" \/><\/div><div id=\"panel-767-4-0-1\" class=\"so-panel widget widget_media_image panel-last-child\" data-index=\"7\" ><img loading=\"lazy\" decoding=\"async\" width=\"750\" height=\"747\" src=\"https:\/\/sites.usp.br\/jopsiusprp\/wp-content\/uploads\/sites\/674\/2023\/07\/WhatsApp-Image-2023-07-10-at-22.25.47.jpeg\" class=\"image wp-image-791  attachment-full size-full\" alt=\"\" style=\"max-width: 100%; height: auto;\" srcset=\"https:\/\/sites.usp.br\/jopsiusprp\/wp-content\/uploads\/sites\/674\/2023\/07\/WhatsApp-Image-2023-07-10-at-22.25.47.jpeg 750w, https:\/\/sites.usp.br\/jopsiusprp\/wp-content\/uploads\/sites\/674\/2023\/07\/WhatsApp-Image-2023-07-10-at-22.25.47-300x300.jpeg 300w, https:\/\/sites.usp.br\/jopsiusprp\/wp-content\/uploads\/sites\/674\/2023\/07\/WhatsApp-Image-2023-07-10-at-22.25.47-150x150.jpeg 150w, https:\/\/sites.usp.br\/jopsiusprp\/wp-content\/uploads\/sites\/674\/2023\/07\/WhatsApp-Image-2023-07-10-at-22.25.47-250x250.jpeg 250w, https:\/\/sites.usp.br\/jopsiusprp\/wp-content\/uploads\/sites\/674\/2023\/07\/WhatsApp-Image-2023-07-10-at-22.25.47-174x174.jpeg 174w, https:\/\/sites.usp.br\/jopsiusprp\/wp-content\/uploads\/sites\/674\/2023\/07\/WhatsApp-Image-2023-07-10-at-22.25.47-45x45.jpeg 45w, https:\/\/sites.usp.br\/jopsiusprp\/wp-content\/uploads\/sites\/674\/2023\/07\/WhatsApp-Image-2023-07-10-at-22.25.47-200x200.jpeg 200w, https:\/\/sites.usp.br\/jopsiusprp\/wp-content\/uploads\/sites\/674\/2023\/07\/WhatsApp-Image-2023-07-10-at-22.25.47-400x398.jpeg 400w\" sizes=\"auto, (max-width: 750px) 100vw, 750px\" \/><\/div><\/div><div id=\"pgc-767-4-1\"  class=\"panel-grid-cell\" ><div id=\"panel-767-4-1-0\" class=\"so-panel widget widget_sow-editor panel-first-child\" data-index=\"8\" ><div\n\t\t\t\n\t\t\tclass=\"so-widget-sow-editor so-widget-sow-editor-base\"\n\t\t\t\n\t\t>\n<div class=\"siteorigin-widget-tinymce textwidget\">\n\t<p><i><span style=\"font-weight: 400;\">As quest\u00f5es de identidade sucumbem diante de tanto \u2018devoramento\u2019 vivido, seja pelos processos pand\u00eamicos, seja pela imers\u00e3o no universo vazio e desregrado das idealiza\u00e7\u00f5es. H\u00e1 necessidade de recriar nossa apar\u00eancia, nosso cerne, nossa nacionalidade. Mais do que nunca o car\u00e1ter antropof\u00e1gico mostra-se presente, cem anos da Semana de Arte Moderna que s\u00e3o revisitados, trazendo \u00e0 tona o caminho em dire\u00e7\u00e3o ao digerir, metabolizar, apropriar-se do que nos \u00e9 submetido para que sejamos \u2018donos\u2019 de n\u00f3s mesmos. Eis a insurg\u00eancia da cultura colonizada, das identidades marginalizadas e, por qu\u00ea n\u00e3o, de uma cl\u00ednica psicanal\u00edtica brasileira, em sua busca por produzir um arcabou\u00e7o te\u00f3rico capaz de compreender a singularidade nacional em que se encontra. A busca pela p\u00e1tria corporal, territorial e existencial, por uma mente que deve ser ocupada por n\u00f3s mesmos!<\/span><\/i><\/p>\n<\/div>\n<\/div><\/div><div id=\"panel-767-4-1-1\" class=\"so-panel widget widget_sow-button panel-last-child\" data-index=\"9\" ><div\n\t\t\t\n\t\t\tclass=\"so-widget-sow-button so-widget-sow-button-flat-f54c0409268f-767\"\n\t\t\t\n\t\t><div class=\"ow-button-base ow-button-align-center\"\n>\n\t\t\t<a\n\t\t\t\t\thref=\"https:\/\/drive.google.com\/drive\/folders\/1Rto3JP5oEBpYpr0eNHBtr15AX1_rq0kj\"\n\t\t\t\t\tclass=\"sowb-button ow-icon-placement-left ow-button-hover\" target=\"_blank\" rel=\"noopener noreferrer\" \t>\n\t\t<span>\n\t\t\t\n\t\t\tFotos 2\u00aa Jornada de Psican\u00e1lise\t\t<\/span>\n\t\t\t<\/a>\n\t<\/div>\n<\/div><\/div><\/div><\/div><div id=\"pg-767-5\"  class=\"panel-grid panel-no-style\" ><div id=\"pgc-767-5-0\"  class=\"panel-grid-cell\" ><div id=\"panel-767-5-0-0\" class=\"so-panel widget widget_sow-editor panel-first-child panel-last-child\" data-index=\"10\" ><div class=\"panel-widget-style panel-widget-style-for-767-5-0-0\" ><div\n\t\t\t\n\t\t\tclass=\"so-widget-sow-editor so-widget-sow-editor-base\"\n\t\t\t\n\t\t>\n<div class=\"siteorigin-widget-tinymce textwidget\">\n\t<h1><strong>3\u00aa Jornada de Psican\u00e1lise (2023)<\/strong><\/h1>\n<\/div>\n<\/div><\/div><\/div><\/div><\/div><div id=\"pg-767-6\"  class=\"panel-grid panel-no-style\" ><div id=\"pgc-767-6-0\"  class=\"panel-grid-cell\" ><div id=\"panel-767-6-0-0\" class=\"so-panel widget widget_media_image panel-first-child\" data-index=\"11\" ><img loading=\"lazy\" decoding=\"async\" width=\"640\" height=\"213\" src=\"https:\/\/sites.usp.br\/jopsiusprp\/wp-content\/uploads\/sites\/674\/2024\/07\/367417918_594966342800381_3688597504966537854_n-1024x341.jpg\" class=\"image wp-image-1007  attachment-large size-large\" alt=\"\" style=\"max-width: 100%; height: auto;\" srcset=\"https:\/\/sites.usp.br\/jopsiusprp\/wp-content\/uploads\/sites\/674\/2024\/07\/367417918_594966342800381_3688597504966537854_n-1024x341.jpg 1024w, https:\/\/sites.usp.br\/jopsiusprp\/wp-content\/uploads\/sites\/674\/2024\/07\/367417918_594966342800381_3688597504966537854_n-300x100.jpg 300w, https:\/\/sites.usp.br\/jopsiusprp\/wp-content\/uploads\/sites\/674\/2024\/07\/367417918_594966342800381_3688597504966537854_n-768x256.jpg 768w, https:\/\/sites.usp.br\/jopsiusprp\/wp-content\/uploads\/sites\/674\/2024\/07\/367417918_594966342800381_3688597504966537854_n-1536x512.jpg 1536w, https:\/\/sites.usp.br\/jopsiusprp\/wp-content\/uploads\/sites\/674\/2024\/07\/367417918_594966342800381_3688597504966537854_n-2048x683.jpg 2048w, https:\/\/sites.usp.br\/jopsiusprp\/wp-content\/uploads\/sites\/674\/2024\/07\/367417918_594966342800381_3688597504966537854_n-400x133.jpg 400w\" sizes=\"auto, (max-width: 640px) 100vw, 640px\" \/><\/div><div id=\"panel-767-6-0-1\" class=\"so-panel widget widget_media_image panel-last-child\" data-index=\"12\" ><img loading=\"lazy\" decoding=\"async\" width=\"576\" height=\"1024\" src=\"https:\/\/sites.usp.br\/jopsiusprp\/wp-content\/uploads\/sites\/674\/2024\/07\/EA30ADE3-E7AF-45E2-9E26-A1F06E6FA262-576x1024.jpg\" class=\"image wp-image-1010  attachment-large size-large\" alt=\"\" style=\"max-width: 100%; height: auto;\" srcset=\"https:\/\/sites.usp.br\/jopsiusprp\/wp-content\/uploads\/sites\/674\/2024\/07\/EA30ADE3-E7AF-45E2-9E26-A1F06E6FA262-576x1024.jpg 576w, https:\/\/sites.usp.br\/jopsiusprp\/wp-content\/uploads\/sites\/674\/2024\/07\/EA30ADE3-E7AF-45E2-9E26-A1F06E6FA262-169x300.jpg 169w, https:\/\/sites.usp.br\/jopsiusprp\/wp-content\/uploads\/sites\/674\/2024\/07\/EA30ADE3-E7AF-45E2-9E26-A1F06E6FA262-768x1365.jpg 768w, https:\/\/sites.usp.br\/jopsiusprp\/wp-content\/uploads\/sites\/674\/2024\/07\/EA30ADE3-E7AF-45E2-9E26-A1F06E6FA262-338x600.jpg 338w, https:\/\/sites.usp.br\/jopsiusprp\/wp-content\/uploads\/sites\/674\/2024\/07\/EA30ADE3-E7AF-45E2-9E26-A1F06E6FA262.jpg 828w\" sizes=\"auto, (max-width: 576px) 100vw, 576px\" \/><\/div><\/div><div id=\"pgc-767-6-1\"  class=\"panel-grid-cell\" ><div id=\"panel-767-6-1-0\" class=\"so-panel widget widget_sow-editor panel-first-child\" data-index=\"13\" ><div\n\t\t\t\n\t\t\tclass=\"so-widget-sow-editor so-widget-sow-editor-base\"\n\t\t\t\n\t\t>\n<div class=\"siteorigin-widget-tinymce textwidget\">\n\t<p><em>As no\u00e7\u00f5es de afeto t\u00eam se perdido nas diversas encruzilhadas em meio a um labirinto vivencial, seja ele particular e\/ou compartilhado, no \u00edntimo das rela\u00e7\u00f5es ou mesmo em pautas s\u00f3cio-pol\u00edticas. Urge, ent\u00e3o, a necessidade de refletir sobre o ponto mais tranquilo e seguro da caminhada, sem a necessidade de se castrar em prol ao Outro, nem sequer o apagar. Entre os limites do afeto, um interm\u00e9dio. Poss\u00edvel? \u00c9 nesse contexto, por vezes n\u00e3o t\u00e3o palp\u00e1vel assim, que muito \u00e9 violado.<\/em><br \/>\n<em>Retoma-se um movimento p\u00f3s-impressionista nas rela\u00e7\u00f5es, inovador e diversificado, valoroso nas emo\u00e7\u00f5es.<\/em><br \/>\n<em>Mas quais? Nessa esteira, a falta do afeto, do amor, do carinho tamb\u00e9m ocupa um lugar em n\u00f3s. Tal lugar que nos nutre sentimentos variados, afetos distintos e amores deturpados... Destaque a esse afeto, que nos mobiliza a algo, a psican\u00e1lise encara a vastid\u00e3o das singularidades, abrindo-nos um trajeto \u00fanico, pol\u00edtico e social.<\/em><br \/>\n<em>Quais sonhos, reflex\u00f5es e sentimentos te atravessam?<\/em><br \/>\n<em>Como s\u00e3o esses atravessamentos? <\/em><\/p>\n<\/div>\n<\/div><\/div><div id=\"panel-767-6-1-1\" class=\"so-panel widget widget_sow-button panel-last-child\" data-index=\"14\" ><div\n\t\t\t\n\t\t\tclass=\"so-widget-sow-button so-widget-sow-button-flat-66466acb9e12-767\"\n\t\t\t\n\t\t><div class=\"ow-button-base ow-button-align-center\"\n>\n\t\t\t<a\n\t\t\t\t\thref=\"https:\/\/drive.google.com\/drive\/mobile\/folders\/1Bvl6f5gznDGu12cvZega-l7nENSZS2S_\/173obMCexNXH-nnwWWFwBbsmuiTw4ZbE3?usp=sharing&#038;fbclid=PAZXh0bgNhZW0CMTEAAabXRwAl1mmI0tVUIV-FHx7lXjPFH2r6cBPaVchytj6RKQdrMeylWfIGVwE_aem_y70aciFYKsfx0MQU1qoZIA&#038;sort=13&#038;direction=a\"\n\t\t\t\t\tclass=\"sowb-button ow-icon-placement-left ow-button-hover\" target=\"_blank\" rel=\"noopener noreferrer\" \t>\n\t\t<span>\n\t\t\t\n\t\t\tFotos 3\u00aa Jornada de Psican\u00e1lise\t\t<\/span>\n\t\t\t<\/a>\n\t<\/div>\n<\/div><\/div><\/div><\/div><div id=\"pg-767-7\"  class=\"panel-grid panel-no-style\" ><div id=\"pgc-767-7-0\"  class=\"panel-grid-cell panel-grid-cell-empty\" ><\/div><\/div><\/div>","protected":false},"excerpt":{"rendered":"<p>1\u00aa Jornada de Psican\u00e1lise (2021)<\/p>\n","protected":false},"author":23239,"featured_media":0,"parent":0,"menu_order":1,"comment_status":"closed","ping_status":"closed","template":"template-fullwidth-no-title.php","meta":{"footnotes":"","_links_to":"","_links_to_target":""},"class_list":["post-767","page","type-page","status-publish","hentry"],"_links":{"self":[{"href":"https:\/\/sites.usp.br\/jopsiusprp\/wp-json\/wp\/v2\/pages\/767","targetHints":{"allow":["GET"]}}],"collection":[{"href":"https:\/\/sites.usp.br\/jopsiusprp\/wp-json\/wp\/v2\/pages"}],"about":[{"href":"https:\/\/sites.usp.br\/jopsiusprp\/wp-json\/wp\/v2\/types\/page"}],"author":[{"embeddable":true,"href":"https:\/\/sites.usp.br\/jopsiusprp\/wp-json\/wp\/v2\/users\/23239"}],"replies":[{"embeddable":true,"href":"https:\/\/sites.usp.br\/jopsiusprp\/wp-json\/wp\/v2\/comments?post=767"}],"version-history":[{"count":5,"href":"https:\/\/sites.usp.br\/jopsiusprp\/wp-json\/wp\/v2\/pages\/767\/revisions"}],"predecessor-version":[{"id":1012,"href":"https:\/\/sites.usp.br\/jopsiusprp\/wp-json\/wp\/v2\/pages\/767\/revisions\/1012"}],"wp:attachment":[{"href":"https:\/\/sites.usp.br\/jopsiusprp\/wp-json\/wp\/v2\/media?parent=767"}],"curies":[{"name":"wp","href":"https:\/\/api.w.org\/{rel}","templated":true}]}}