{"id":79,"date":"2014-02-24T16:51:20","date_gmt":"2014-02-24T18:51:20","guid":{"rendered":"http:\/\/sites.usp.br\/jopsiusprp\/?page_id=79"},"modified":"2025-07-08T16:13:33","modified_gmt":"2025-07-08T18:13:33","slug":"pagina-inicial","status":"publish","type":"page","link":"https:\/\/sites.usp.br\/jopsiusprp\/","title":{"rendered":"P\u00e1gina Inicial"},"content":{"rendered":"<div id=\"pl-79\"  class=\"panel-layout\" ><div id=\"pg-79-0\"  class=\"panel-grid panel-has-style\" ><div class=\"siteorigin-panels-stretch panel-row-style panel-row-style-for-79-0\" data-stretch-type=\"full-width-stretch\" ><div id=\"pgc-79-0-0\"  class=\"panel-grid-cell\" ><div id=\"panel-79-0-0-0\" class=\"so-panel widget widget_sow-hero panel-first-child panel-last-child\" data-index=\"0\" ><div\n\t\t\t\n\t\t\tclass=\"so-widget-sow-hero so-widget-sow-hero-default-dee6025c42ec-79 so-widget-fittext-wrapper\"\n\t\t\t data-fit-text-compressor=\"0.85\"\n\t\t>\t\t\t\t<div class=\"sow-slider-base\" style=\"display: none\" tabindex=\"0\">\n\t\t\t\t\t<ul\n\t\t\t\t\tclass=\"sow-slider-images\"\n\t\t\t\t\tdata-settings=\"{&quot;pagination&quot;:true,&quot;speed&quot;:800,&quot;timeout&quot;:8000,&quot;paused&quot;:true,&quot;pause_on_hover&quot;:false,&quot;swipe&quot;:true,&quot;nav_always_show_desktop&quot;:&quot;&quot;,&quot;nav_always_show_mobile&quot;:&quot;&quot;,&quot;breakpoint&quot;:&quot;780px&quot;,&quot;unmute&quot;:false,&quot;anchor&quot;:null}\"\n\t\t\t\t\tstyle=\"min-height: 500px\"\t\t\t\t\tdata-anchor-id=\"\"\n\t\t\t\t>\t\t<li class=\"sow-slider-image  sow-slider-image-cover\" style=\"visibility: visible;;background-color: #0f0f0f;background-image: url(https:\/\/sites.usp.br\/jopsiusprp\/wp-content\/uploads\/sites\/674\/2025\/07\/Capa-2048x779.png)\" >\n\t\t\t\t\t<div class=\"sow-slider-image-container\">\n\t\t\t<div class=\"sow-slider-image-wrapper\">\n\t\t\t\t\t\t\t<\/div>\n\t\t<\/div>\n\t\t\t\t<\/li>\n\t\t<\/ul>\t\t\t\t<ol class=\"sow-slider-pagination\">\n\t\t\t\t\t\t\t\t\t\t\t<li><a href=\"#\" data-goto=\"0\" aria-label=\"Display slide 1\"><\/a><\/li>\n\t\t\t\t\t\t\t\t\t<\/ol>\n\n\t\t\t\t<div class=\"sow-slide-nav sow-slide-nav-next\">\n\t\t\t\t\t<a href=\"#\" data-goto=\"next\" aria-label=\"Next slide\" data-action=\"next\">\n\t\t\t\t\t\t<em class=\"sow-sld-icon-thin-right\"><\/em>\n\t\t\t\t\t<\/a>\n\t\t\t\t<\/div>\n\n\t\t\t\t<div class=\"sow-slide-nav sow-slide-nav-prev\">\n\t\t\t\t\t<a href=\"#\" data-goto=\"previous\" aria-label=\"Previous slide\" data-action=\"prev\">\n\t\t\t\t\t\t<em class=\"sow-sld-icon-thin-left\"><\/em>\n\t\t\t\t\t<\/a>\n\t\t\t\t<\/div>\n\t\t\t\t<\/div><\/div><\/div><\/div><\/div><\/div><div id=\"pg-79-1\"  class=\"panel-grid panel-has-style\" ><div class=\"siteorigin-panels-stretch panel-row-style panel-row-style-for-79-1\" id=\"services\" data-stretch-type=\"full\" ><div id=\"pgc-79-1-0\"  class=\"panel-grid-cell\" ><div id=\"panel-79-1-0-0\" class=\"so-panel widget widget_sow-headline panel-first-child panel-last-child\" data-index=\"1\" ><div id=\"conheca\" class=\"panel-widget-style panel-widget-style-for-79-1-0-0\" ><div\n\t\t\t\n\t\t\tclass=\"so-widget-sow-headline so-widget-sow-headline-default-6d50d578bf49-79 so-widget-fittext-wrapper\"\n\t\t\t data-fit-text-compressor=\"0.85\"\n\t\t><div class=\"sow-headline-container \">\n\t\t\t\t\t\t\t<h1 class=\"sow-headline\">\n\t\t\t\t\t\tCONHE\u00c7A O EVENTO\t\t\t\t\t\t<\/h1>\n\t\t\t\t\t\t\t\t\t\t\t<div class=\"decoration\">\n\t\t\t\t\t\t<div class=\"decoration-inside\"><\/div>\n\t\t\t\t\t<\/div>\n\t\t\t\t\t\t\t\t\t\t\t<p class=\"sow-sub-headline\">\n\t\t\t\t\t\tA Jornada de Psican\u00e1lise foi criada por discentes e uma docente da Universidade de S\u00e3o Paulo campus Ribeir\u00e3o Preto com o objetivo de promover um espa\u00e7o de acesso ao conhecimento em Psican\u00e1lise que fosse mais pr\u00f3ximo das possibilidades de psic\u00f3logos em forma\u00e7\u00e3o.\t\t\t\t\t\t<\/p>\n\t\t\t\t\t\t<\/div>\n<\/div><\/div><\/div><\/div><\/div><\/div><div id=\"pg-79-2\"  class=\"panel-grid panel-has-style\" ><div class=\"siteorigin-panels-stretch panel-row-style panel-row-style-for-79-2\" id=\"services\" data-stretch-type=\"full\" ><div id=\"pgc-79-2-0\"  class=\"panel-grid-cell\" ><div id=\"panel-79-2-0-0\" class=\"so-panel widget widget_sow-headline panel-first-child\" data-index=\"2\" ><div id=\"conheca\" class=\"panel-widget-style panel-widget-style-for-79-2-0-0\" ><div\n\t\t\t\n\t\t\tclass=\"so-widget-sow-headline so-widget-sow-headline-default-365a046fd469-79 so-widget-fittext-wrapper\"\n\t\t\t data-fit-text-compressor=\"0.85\"\n\t\t><div class=\"sow-headline-container \">\n\t\t\t\t\t\t\t<h1 class=\"sow-headline\">\n\t\t\t\t\t\tI Pr\u00e9 Jornada de Psican\u00e1lise\t\t\t\t\t\t<\/h1>\n\t\t\t\t\t\t\t\t\t\t\t<div class=\"decoration\">\n\t\t\t\t\t\t<div class=\"decoration-inside\"><\/div>\n\t\t\t\t\t<\/div>\n\t\t\t\t\t\t\t\t\t\t\t<p class=\"sow-sub-headline\">\n\t\t\t\t\t\tNeste ano teremos uma grande novidade: a I Pr\u00e9 Jornada de Psican\u00e1lise da USP de Ribeir\u00e3o Preto! Ser\u00e1 um evento preparat\u00f3rio para a nossa V Jornada de Psican\u00e1lise, e n\u00f3s discutiremos o texto freudiano \"Psicologia das Massas e An\u00e1lise do Eu\"! A Pr\u00e9 Jornada acontecer\u00e1 nos dias 09 e 16 de agosto das 9h \u00e0s 12h na modalidade ONLINE. Se inscreva abaixo!\t\t\t\t\t\t<\/p>\n\t\t\t\t\t\t<\/div>\n<\/div><\/div><\/div><div id=\"panel-79-2-0-1\" class=\"so-panel widget widget_sow-features\" data-index=\"3\" ><div class=\"panel-widget-style panel-widget-style-for-79-2-0-1\" ><div\n\t\t\t\n\t\t\tclass=\"so-widget-sow-features so-widget-sow-features-default-f1b0f30ab5cd-79\"\n\t\t\t\n\t\t><ul\n\tclass=\"sow-features-list\n\tsow-features-responsive\">\n\n\t\t\t<li\n\t\t\tclass=\"sow-features-feature sow-icon-container-position-top\"\n\t\t\tstyle=\"display: flex; flex-direction: column; width: calc(50% - 20px);\"\n\t\t>\n\t\t\t\n\t\t\t\t\t\t<div\t\t\t\tclass=\"sow-icon-container sow-container-none\"\n\t\t\t\tstyle=\"color: #404040; \"\n\t\t\t\t\n\t\t\t\t\t\t\t>\n\t\t\t\t\t\t\t\t\t\t<div class=\"sow-icon-image\" style=\"background-image: url(https:\/\/www.even3.com.br\/i-pre-jornada-de-psicanalise-572425); font-size: 54px\"><\/div>\n\t\t\t\t\t\t\t\t\t<\/div>\n\n\t\t\t<div class=\"textwidget\">\n\t\t\t\t\n\t\t\t\t\t\t\t\t\t<h5 class=\"sow-features-feature-title\">\n\t\t\t\t\t\tINSCRI\u00c7\u00d5ES - I PR\u00c9 JORNADA\t\t\t\t\t<\/h5>\n\t\t\t\t\n\t\t\t\t\t\t\t\t\t<div class=\"sow-features-feature-text\">\n\t\t\t\t\t<p style=\"text-align: center\"><a href=\"https:\/\/www.even3.com.br\/i-pre-jornada-de-psicanalise-572425\">Clique Aqui!<\/a><\/p>\t\t\t\t\t<\/div>\n\t\t\t\t\t\t\t\t<\/div>\n\t\t\t\t\t\t\t\t<\/li>\n\n\t<\/ul>\n<\/div><\/div><\/div><div id=\"panel-79-2-0-2\" class=\"so-panel widget widget_media_image panel-last-child\" data-index=\"4\" ><a href=\"https:\/\/www.instagram.com\/jornadadepsicanaliseusprp?utm_source=ig_web_button_share_sheet&#038;igsh=ZDNlZDc0MzIxNw==\"><img loading=\"lazy\" decoding=\"async\" width=\"828\" height=\"586\" src=\"https:\/\/sites.usp.br\/jopsiusprp\/wp-content\/uploads\/sites\/674\/2025\/07\/514488701_1039894428322399_9172927084522197443_n.jpg\" class=\"image wp-image-1046  attachment-full size-full\" alt=\"\" style=\"max-width: 100%; height: auto;\" srcset=\"https:\/\/sites.usp.br\/jopsiusprp\/wp-content\/uploads\/sites\/674\/2025\/07\/514488701_1039894428322399_9172927084522197443_n.jpg 828w, https:\/\/sites.usp.br\/jopsiusprp\/wp-content\/uploads\/sites\/674\/2025\/07\/514488701_1039894428322399_9172927084522197443_n-300x212.jpg 300w, https:\/\/sites.usp.br\/jopsiusprp\/wp-content\/uploads\/sites\/674\/2025\/07\/514488701_1039894428322399_9172927084522197443_n-768x544.jpg 768w, https:\/\/sites.usp.br\/jopsiusprp\/wp-content\/uploads\/sites\/674\/2025\/07\/514488701_1039894428322399_9172927084522197443_n-400x283.jpg 400w\" sizes=\"auto, (max-width: 828px) 100vw, 828px\" \/><\/a><\/div><\/div><\/div><\/div><div id=\"pg-79-3\"  class=\"panel-grid panel-has-style\" ><div class=\"siteorigin-panels-stretch panel-row-style panel-row-style-for-79-3\" id=\"services\" data-stretch-type=\"full\" ><div id=\"pgc-79-3-0\"  class=\"panel-grid-cell\" ><div id=\"panel-79-3-0-0\" class=\"so-panel widget widget_sow-headline panel-first-child panel-last-child\" data-index=\"5\" ><div id=\"conheca\" class=\"panel-widget-style panel-widget-style-for-79-3-0-0\" ><div\n\t\t\t\n\t\t\tclass=\"so-widget-sow-headline so-widget-sow-headline-default-365a046fd469-79 so-widget-fittext-wrapper\"\n\t\t\t data-fit-text-compressor=\"0.85\"\n\t\t><div class=\"sow-headline-container \">\n\t\t\t\t\t\t\t<h1 class=\"sow-headline\">\n\t\t\t\t\t\tV Jornada de Psican\u00e1lise da USP-RP\t\t\t\t\t\t<\/h1>\n\t\t\t\t\t\t\t\t\t\t\t<div class=\"decoration\">\n\t\t\t\t\t\t<div class=\"decoration-inside\"><\/div>\n\t\t\t\t\t<\/div>\n\t\t\t\t\t\t\t\t\t\t\t<p class=\"sow-sub-headline\">\n\t\t\t\t\t\tEm 2025 teremos a nossa quinta edi\u00e7\u00e3o da Jornada de Psican\u00e1lise da USP-RP! O evento acontecer\u00e1 no dia 04 de outubro de 2025 e o nosso tema ser\u00e1: \"Fascismo, Infocracia e desesperan\u00e7a coletiva: a psican\u00e1lise existe e resiste?\". Teremos tr\u00eas mesas com debates contempor\u00e2neos e essenciais para o pensar cr\u00edtico da psican\u00e1lise! Em breve teremos a abertura das inscri\u00e7\u00f5es! Acompanhe nosso instagram: @jornadadepsicanaliseusprp\t\t\t\t\t\t<\/p>\n\t\t\t\t\t\t<\/div>\n<\/div><\/div><\/div><\/div><\/div><\/div><div id=\"pg-79-4\"  class=\"panel-grid panel-has-style\" ><div class=\"siteorigin-panels-stretch panel-row-style panel-row-style-for-79-4\" data-stretch-type=\"full-width-stretch\" ><div id=\"pgc-79-4-0\"  class=\"panel-grid-cell\" ><div id=\"panel-79-4-0-0\" class=\"so-panel widget widget_sow-hero panel-first-child panel-last-child\" data-index=\"6\" ><div class=\"panel-widget-style panel-widget-style-for-79-4-0-0\" ><div\n\t\t\t\n\t\t\tclass=\"so-widget-sow-hero so-widget-sow-hero-default-83be7817352a-79 so-widget-fittext-wrapper\"\n\t\t\t data-fit-text-compressor=\"0.85\"\n\t\t>\t\t\t\t<div class=\"sow-slider-base\" style=\"display: none\" tabindex=\"0\">\n\t\t\t\t\t<ul\n\t\t\t\t\tclass=\"sow-slider-images\"\n\t\t\t\t\tdata-settings=\"{&quot;pagination&quot;:true,&quot;speed&quot;:800,&quot;timeout&quot;:8000,&quot;paused&quot;:false,&quot;pause_on_hover&quot;:false,&quot;swipe&quot;:true,&quot;nav_always_show_desktop&quot;:&quot;&quot;,&quot;nav_always_show_mobile&quot;:&quot;&quot;,&quot;breakpoint&quot;:&quot;780px&quot;,&quot;unmute&quot;:false,&quot;anchor&quot;:null}\"\n\t\t\t\t\t\t\t\t\t\tdata-anchor-id=\"\"\n\t\t\t\t>\t\t<li class=\"sow-slider-image  sow-slider-image-cover\" style=\"visibility: visible;;background-color: #ffffff;background-image: url(https:\/\/sites.usp.br\/jopsiusprp\/wp-content\/uploads\/sites\/674\/2025\/07\/Design-sem-nome-9.png)\" >\n\t\t\t\t\t<div class=\"sow-slider-image-container\">\n\t\t\t<div class=\"sow-slider-image-wrapper\">\n\t\t\t\t<h1>Nosso tema<\/h1>\n<p><i><span style=\"font-weight: 500\">Em 1921, Freud escreveu o texto \u201cPsicologia das massas e An\u00e1lise do Eu\u201d, com a proposta de elaborar o que, naquele tempo, se mostrava como um significativo sintoma do momento hist\u00f3rico em voga: a forma\u00e7\u00e3o de massas, a despersonaliza\u00e7\u00e3o dos indiv\u00edduos e a ascens\u00e3o de l\u00edderes autorit\u00e1rios. Em sua leitura de sociedade, corroborou a proposta de Le Bon de como viviam os sujeitos das massas daquele tempo, em \u201cevanescimento da personalidade consciente, predomin\u00e2ncia da personalidade inconsciente, orienta\u00e7\u00e3o por via de sugest\u00e3o e de cont\u00e1gio dos sentimentos e das ideias num mesmo sentido, na\u00a0 tend\u00eancia de transformar imediatamente em atos as ideias sugeridas\u201d.<\/span><\/i><\/p>\n<p><i><span style=\"font-weight: 500\">Olhar para a atualidade global, de maneira semelhante, nos remete a algo parecido com o que foi vivenciado pelo psicanalista, e \u2018esperan\u00e7ar\u2019 nos ensinamentos psicanal\u00edticos aponta uma forma de resist\u00eancia. Na obra, Freud cita a afetividade mobilizada no indiv\u00edduo como o mais not\u00e1vel e o mais importante do fen\u00f4meno de massa. Foi pensando nesse afeto que constru\u00edmos o tema de nossa V Jornada de Psican\u00e1lise da USP, Ribeir\u00e3o Preto. \u00c9 inevit\u00e1vel reconhecer o fluxo de afetos que se move em dire\u00e7\u00e3o ao crescimento do fascismo atualmente, somado a uma conjuntura \u2018infocr\u00e1tica\u2019, termo elaborado por Byung Chul Han, as quais, quando postas em conjunto, resulta em uma sociedade que vive, paralelamente \u00e0 digitaliza\u00e7\u00e3o, a crise das democracias, das verdades e dos coletivos. Questionamentos emergem: quais afetos sobrevivem em tempos totalit\u00e1rios? Como a psican\u00e1lise se implica nesta \u2018infocracia\u2019? Qual o papel poss\u00edvel de ser oferecido pela psican\u00e1lise frente \u00e0 destrui\u00e7\u00e3o dos coletivos e daqueles \u2018Outros\u2019? Como construir uma psican\u00e1lise pol\u00edtica que se responsabiliza na luta contra a relativiza\u00e7\u00e3o das verdades, contra o ensimesmamento do Eu neoliberal, contra a comercializa\u00e7\u00e3o de desejos?\u00a0<\/span><\/i><\/p>\n<p><i><span style=\"font-weight: 500\">Diante de tanto obscurantismo, pensar acerca do que Freud chamou como Alma Coletiva \u00e9 um sinal de nosso desejo de resist\u00eancia, e \u00e9 o que nos trouxe aqui, na expectativa de construirmos um espa\u00e7o de di\u00e1logos e trocas. Com muita alegria, a Jornada apresenta a nossa quinta edi\u00e7\u00e3o <strong>\u2018Fascismo, Infocracia e desesperan\u00e7a coletiva: a psican\u00e1lise existe e resiste?\u2019<\/strong><\/span><\/i><\/p>\n\t\t\t<\/div>\n\t\t<\/div>\n\t\t\t\t<\/li>\n\t\t<\/ul>\t\t\t\t<ol class=\"sow-slider-pagination\">\n\t\t\t\t\t\t\t\t\t\t\t<li><a href=\"#\" data-goto=\"0\" aria-label=\"Display slide 1\"><\/a><\/li>\n\t\t\t\t\t\t\t\t\t<\/ol>\n\n\t\t\t\t<div class=\"sow-slide-nav sow-slide-nav-next\">\n\t\t\t\t\t<a href=\"#\" data-goto=\"next\" aria-label=\"Next slide\" data-action=\"next\">\n\t\t\t\t\t\t<em class=\"sow-sld-icon-thin-right\"><\/em>\n\t\t\t\t\t<\/a>\n\t\t\t\t<\/div>\n\n\t\t\t\t<div class=\"sow-slide-nav sow-slide-nav-prev\">\n\t\t\t\t\t<a href=\"#\" data-goto=\"previous\" aria-label=\"Previous slide\" data-action=\"prev\">\n\t\t\t\t\t\t<em class=\"sow-sld-icon-thin-left\"><\/em>\n\t\t\t\t\t<\/a>\n\t\t\t\t<\/div>\n\t\t\t\t<\/div><\/div><\/div><\/div><\/div><\/div><\/div><div id=\"pg-79-5\"  class=\"panel-grid panel-has-style\" ><div class=\"siteorigin-panels-stretch panel-row-style panel-row-style-for-79-5\" id=\"contact\" data-stretch-type=\"full\" ><div id=\"pgc-79-5-0\"  class=\"panel-grid-cell\" ><div id=\"panel-79-5-0-0\" class=\"so-panel widget widget_sow-headline panel-first-child panel-last-child\" data-index=\"7\" ><div id=\"faleconosco\" class=\"panel-widget-style panel-widget-style-for-79-5-0-0\" ><div\n\t\t\t\n\t\t\tclass=\"so-widget-sow-headline so-widget-sow-headline-default-d07e1e83720a-79 so-widget-fittext-wrapper\"\n\t\t\t data-fit-text-compressor=\"0.85\"\n\t\t><div class=\"sow-headline-container \">\n\t\t\t\t\t\t\t<h1 class=\"sow-headline\">\n\t\t\t\t\t\tFALE CONOSCO\t\t\t\t\t\t<\/h1>\n\t\t\t\t\t\t\t\t\t\t\t<div class=\"decoration\">\n\t\t\t\t\t\t<div class=\"decoration-inside\"><\/div>\n\t\t\t\t\t<\/div>\n\t\t\t\t\t\t\t\t\t\t\t<p class=\"sow-sub-headline\">\n\t\t\t\t\t\tMande-nos uma mensagem, responderemos o mais r\u00e1pido poss\u00edvel!\t\t\t\t\t\t<\/p>\n\t\t\t\t\t\t<\/div>\n<\/div><\/div><\/div><\/div><\/div><\/div><div id=\"pg-79-6\"  class=\"panel-grid panel-has-style\" ><div class=\"siteorigin-panels-stretch panel-row-style panel-row-style-for-79-6\" id=\"contact-2\" data-stretch-type=\"full\" ><div id=\"pgc-79-6-0\"  class=\"panel-grid-cell\" ><div id=\"panel-79-6-0-0\" class=\"so-panel widget widget_sow-contact-form panel-first-child panel-last-child\" data-index=\"8\" ><div id=\"contact\" class=\"panel-widget-style panel-widget-style-for-79-6-0-0\" ><div\n\t\t\t\n\t\t\tclass=\"so-widget-sow-contact-form so-widget-sow-contact-form-default-e42d8d289204-79\"\n\t\t\t\n\t\t>\t<form\n\t\taction=\"\/jopsiusprp\/wp-json\/wp\/v2\/pages\/79\"\n\t\tmethod=\"POST\"\n\t\tclass=\"sow-contact-form\"\n\t\tid=\"contact-form-91b1\"\n\t>\n\n\t\t\n\t\t\t\t\t<div class=\"sow-form-field sow-form-field-name\">\n\t\t\t\t<label class=\"sow-form-field-label-above\" for=\"sow-contact-form-field-seu-nome-1\">\n\t\t\t\t<strong>\n\t\t\t\t\tSeu Nome\t\t\t\t\t\t\t\t\t<\/strong>\n\t\t\t<\/label>\n\t\t\t\t\t\t\t<div class=\"sow-field-container\">\n\t\t\t\t\t\t\t<input\n\t\t\ttype=\"text\"\n\t\t\tname=\"seu-nome-1\"\n\t\t\tid=\"sow-contact-form-field-seu-nome-1\"\n\t\t\tvalue=\"\"\n\t\t\tclass=\"sow-text-field\"\n\t\t\t\t\t\t\t\t\/>\n\t\t\t\t\t\t<\/div>\n\t\t\t\t\t\t\t<\/div>\n\t\t\t\t\t\t<div class=\"sow-form-field sow-form-field-email\">\n\t\t\t\t<label class=\"sow-form-field-label-above\" for=\"sow-contact-form-field-seu-email-1\">\n\t\t\t\t<strong>\n\t\t\t\t\tSeu Email\t\t\t\t\t\t\t\t\t<\/strong>\n\t\t\t<\/label>\n\t\t\t\t\t\t\t<div class=\"sow-field-container\">\n\t\t\t\t\t\t\t<input\n\t\t\ttype=\"email\"\n\t\t\tname=\"seu-email-1\"\n\t\t\tid=\"sow-contact-form-field-seu-email-1\"\n\t\t\tvalue=\"\"\n\t\t\tclass=\"sow-text-field\"\t\t\t\t\t\t\t\t\/>\n\t\t\t\t\t\t<\/div>\n\t\t\t\t\t\t\t<\/div>\n\t\t\t\t\t\t<div class=\"sow-form-field sow-form-field-subject\">\n\t\t\t\t<label class=\"sow-form-field-label-above\" for=\"sow-contact-form-field-assunto-1\">\n\t\t\t\t<strong>\n\t\t\t\t\tAssunto\t\t\t\t\t\t\t\t\t<\/strong>\n\t\t\t<\/label>\n\t\t\t\t\t\t\t<div class=\"sow-field-container\">\n\t\t\t\t\t\t\t<input\n\t\t\ttype=\"text\"\n\t\t\tname=\"assunto-1\"\n\t\t\tid=\"sow-contact-form-field-assunto-1\"\n\t\t\tvalue=\"\"\n\t\t\tclass=\"sow-text-field\"\n\t\t\t\t\t\t\t\t\/>\n\t\t\t\t\t\t<\/div>\n\t\t\t\t\t\t\t<\/div>\n\t\t\t\t\t\t<div class=\"sow-form-field sow-form-field-textarea\">\n\t\t\t\t<label class=\"sow-form-field-label-above\" for=\"sow-contact-form-field-mensagem-1\">\n\t\t\t\t<strong>\n\t\t\t\t\tMensagem\t\t\t\t\t\t\t\t\t<\/strong>\n\t\t\t<\/label>\n\t\t\t\t\t\t\t<div class=\"sow-field-container\">\n\t\t\t\t\t\t\t<textarea\n\t\t\tname=\"mensagem-1\"\n\t\t\tid=\"sow-contact-form-field-mensagem-1\"\n\t\t\trows=\"10\"\n\t\t\t\t\t\t\t\t><\/textarea>\n\t\t\t\t\t\t<\/div>\n\t\t\t\t\t\t\t<\/div>\n\t\t\t\n\t\t\n\t\t<div class=\"sow-submit-wrapper \n\t\tsow-submit-styled\t\t\">\n\n\t\t\t<button\n\t\t\t\ttype=\"submit\"\n\t\t\t\tclass=\"sow-submit\n\t\t\t\t\t\t\t\t\"\n\t\t\t\t\t\t\t>\n\t\t\t\tEnviar\t\t\t<\/button>\n\t\t<\/div>\n\t\t\t\t<input\n\t\t\ttype=\"hidden\"\n\t\t\tname=\"instance_hash-1\"\n\t\t\tvalue=\"91b1dac6\"\n\t\t\/>\n\n\t\t<input type=\"hidden\" id=\"_wpnonce\" name=\"_wpnonce\" value=\"061817954b\" \/><input type=\"hidden\" name=\"_wp_http_referer\" value=\"\/jopsiusprp\/wp-json\/wp\/v2\/pages\/79\" \/>\t<\/form>\n\t<\/div><\/div><\/div><\/div><\/div><\/div><div id=\"pg-79-7\"  class=\"panel-grid panel-has-style\" ><div class=\"siteorigin-panels-stretch panel-row-style panel-row-style-for-79-7\" id=\"clients\" data-stretch-type=\"full\" ><div id=\"pgc-79-7-0\"  class=\"panel-grid-cell panel-grid-cell-empty\" ><\/div><\/div><\/div><div id=\"pg-79-8\"  class=\"panel-grid panel-has-style\" ><div class=\"siteorigin-panels-stretch panel-row-style panel-row-style-for-79-8\" data-stretch-type=\"full-width-stretch\" ><div id=\"pgc-79-8-0\"  class=\"panel-grid-cell panel-grid-cell-empty\" ><\/div><\/div><\/div><div id=\"pg-79-9\"  class=\"panel-grid panel-has-style\" ><div class=\"siteorigin-panels-stretch panel-row-style panel-row-style-for-79-9\" data-stretch-type=\"full-width-stretch\" ><div id=\"pgc-79-9-0\"  class=\"panel-grid-cell panel-grid-cell-empty\" ><\/div><div id=\"pgc-79-9-1\"  class=\"panel-grid-cell panel-grid-cell-empty\" ><\/div><div id=\"pgc-79-9-2\"  class=\"panel-grid-cell panel-grid-cell-empty\" ><\/div><div id=\"pgc-79-9-3\"  class=\"panel-grid-cell panel-grid-cell-empty panel-grid-cell-mobile-last\" ><\/div><div id=\"pgc-79-9-4\"  class=\"panel-grid-cell panel-grid-cell-empty\" ><\/div><\/div><\/div><div id=\"pg-79-10\"  class=\"panel-grid panel-has-style\" ><div class=\"siteorigin-panels-stretch panel-row-style panel-row-style-for-79-10\" data-stretch-type=\"full-width-stretch\" ><div id=\"pgc-79-10-0\"  class=\"panel-grid-cell\" ><\/div><div id=\"pgc-79-10-1\"  class=\"panel-grid-cell panel-grid-cell-empty\" ><\/div><div id=\"pgc-79-10-2\"  class=\"panel-grid-cell panel-grid-cell-empty\" ><\/div><div id=\"pgc-79-10-3\"  class=\"panel-grid-cell panel-grid-cell-empty panel-grid-cell-mobile-last\" ><\/div><div id=\"pgc-79-10-4\"  class=\"panel-grid-cell panel-grid-cell-empty\" ><\/div><\/div><\/div><\/div>","protected":false},"excerpt":{"rendered":"<p>CONHE\u00c7A O EVENTO A Jornada de Psican\u00e1lise foi criada por discentes e uma docente da Universidade de S\u00e3o Paulo campus Ribeir\u00e3o Preto com o objetivo de promover um espa\u00e7o de acesso ao conhecimento em Psican\u00e1lise que fosse mais pr\u00f3ximo das possibilidades de psic\u00f3logos em forma\u00e7\u00e3o. I Pr\u00e9 Jornada de Psican\u00e1lise Neste ano teremos uma grande<a href=\"https:\/\/sites.usp.br\/jopsiusprp\/\">[&#8230;]<\/a><\/p>\n","protected":false},"author":1,"featured_media":0,"parent":0,"menu_order":3,"comment_status":"closed","ping_status":"closed","template":"template-fullwidth-no-title.php","meta":{"footnotes":"","_links_to":"","_links_to_target":""},"class_list":["post-79","page","type-page","status-publish","hentry"],"_links":{"self":[{"href":"https:\/\/sites.usp.br\/jopsiusprp\/wp-json\/wp\/v2\/pages\/79","targetHints":{"allow":["GET"]}}],"collection":[{"href":"https:\/\/sites.usp.br\/jopsiusprp\/wp-json\/wp\/v2\/pages"}],"about":[{"href":"https:\/\/sites.usp.br\/jopsiusprp\/wp-json\/wp\/v2\/types\/page"}],"author":[{"embeddable":true,"href":"https:\/\/sites.usp.br\/jopsiusprp\/wp-json\/wp\/v2\/users\/1"}],"replies":[{"embeddable":true,"href":"https:\/\/sites.usp.br\/jopsiusprp\/wp-json\/wp\/v2\/comments?post=79"}],"version-history":[{"count":9,"href":"https:\/\/sites.usp.br\/jopsiusprp\/wp-json\/wp\/v2\/pages\/79\/revisions"}],"predecessor-version":[{"id":1059,"href":"https:\/\/sites.usp.br\/jopsiusprp\/wp-json\/wp\/v2\/pages\/79\/revisions\/1059"}],"wp:attachment":[{"href":"https:\/\/sites.usp.br\/jopsiusprp\/wp-json\/wp\/v2\/media?parent=79"}],"curies":[{"name":"wp","href":"https:\/\/api.w.org\/{rel}","templated":true}]}}