{"id":1895,"date":"2025-03-01T23:45:34","date_gmt":"2025-03-02T01:45:34","guid":{"rendered":"https:\/\/sites.usp.br\/keml\/?page_id=1895"},"modified":"2025-04-05T00:27:00","modified_gmt":"2025-04-05T02:27:00","slug":"creditos","status":"publish","type":"page","link":"https:\/\/sites.usp.br\/keml\/creditos\/","title":{"rendered":"Cr\u00e9ditos"},"content":{"rendered":"<p><a href=\"https:\/\/sites.usp.br\/keml\/wp-content\/uploads\/sites\/1460\/2025\/03\/logo-colorida-simplificada-fundo-preto.svg\"><img loading=\"lazy\" decoding=\"async\" class=\" wp-image-2039 alignleft\" src=\"https:\/\/sites.usp.br\/keml\/wp-content\/uploads\/sites\/1460\/2025\/03\/logo-colorida-simplificada-fundo-preto.svg\" alt=\"\" width=\"214\" height=\"241\" \/><\/a><\/p>\n<p>A plataforma HarpIA \u00e9 desenvolvida no \u00e2mbito do grupo KEML &#8211; <em>Knowledge Enhance Machine Learning<\/em>, no <em>Center for Artificial Intelligence<\/em> <a href=\"https:\/\/c4ai.inova.usp.br\/\" target=\"_blank\" rel=\"noopener\">C4AI<\/a> &#8211; uma parceria entre USP-IBM-FAPESP.<\/p>\n<hr \/>\n<p><strong>Equipe<\/strong><\/p>\n<p>Idealiza\u00e7\u00e3o e gest\u00e3o do projeto:<\/p>\n<ul>\n<li>Sarajane Marques Peres &#8211; <a href=\"mailto:sarajane@usp.br\" target=\"_blank\" rel=\"noopener\">sarajane@usp.br<\/a><\/li>\n<li>Fabio Gagliardi Cozman &#8211; <a href=\"mailto:fgcozman@usp.br\" target=\"_blank\" rel=\"noopener\">fgcozman@usp.br<\/a><\/li>\n<\/ul>\n<p>L\u00edderes de pesquisa:<\/p>\n<ul>\n<li>Anarosa Alvez Franco Brand\u00e3o &#8211; <a href=\"mailto:anarosa.brandao@usp.br\" target=\"_blank\" rel=\"noopener\">anarosa.brandao@usp.br<\/a><\/li>\n<li>Fabio Gagliardi Cozman &#8211; <a href=\"mailto:fgcozman@usp.br\" target=\"_blank\" rel=\"noopener\">fgcozman@usp.br<\/a><\/li>\n<li>Sarajane Marques Peres &#8211;\u00a0<a href=\"mailto:sarajane@usp.br\" target=\"_blank\" rel=\"noopener\">sarajane@usp.br<\/a><\/li>\n<\/ul>\n<p>Pesquisadores<\/p>\n<ul>\n<li>Bernardo Nunes Gon\u00e7alves &#8211; <a href=\"mailto:bgoncalves@ieee.org\" target=\"_blank\" rel=\"noopener\">bgoncalves@ieee.org<\/a><\/li>\n<li>Fabio Jos\u00e9 Muneratti Ortega &#8211; <a href=\"mailto:fabio.ortega@usp.br\" target=\"_blank\" rel=\"noopener\">fabio.ortega@usp.br<\/a><\/li>\n<li>Marcos Lopes &#8211; <a href=\"mailto:marcoslopes@usp.br\" target=\"_blank\" rel=\"noopener\">marcoslopes@usp.br<\/a><\/li>\n<li>Paulo Pirozelli &#8211; <a href=\"mailto:paulo.pirozelli.silva@usp.br\" target=\"_blank\" rel=\"noopener\">paulo.pirozelli.silva@usp.br<\/a><\/li>\n<\/ul>\n<p>L\u00edder de desenvolvimento e arquiteto da plataforma:<\/p>\n<ul>\n<li>Vin\u00edcius Bitencourt Matos &#8211; <a href=\"mailto:vinicius.matos@alumni.usp.br\" target=\"_blank\" rel=\"noopener\">vinicius.matos@alumni.usp.br<\/a><\/li>\n<\/ul>\n<p>Gest\u00e3o de qualidade e divulga\u00e7\u00e3o:<\/p>\n<ul>\n<li>Andr\u00e9 Paulino de Lima &#8211; <a href=\"mailto:andre.p.lima@usp.br\" target=\"_blank\" rel=\"noopener\">andre.p.lima@usp.br<\/a><\/li>\n<\/ul>\n<p>Desenvolvedores:<\/p>\n<ul>\n<li>Ayana Tanaka &#8211; <a href=\"mailto:ayana.tanaka.1401@usp.br\">ayana.tanaka.1401@usp.br<\/a> (HarpIA Lab)<\/li>\n<li>Caio Vinicius Melo da Silva &#8211; <a href=\"mailto:caiovmsilva@usp.br\">caiovmsilva@usp.br<\/a> (HarpIA Lab)<\/li>\n<li>Felipe Oliveira do Esp\u00edrito Santo &#8211; <a href=\"mailto:felipeoes@hotmail.com\" target=\"_blank\" rel=\"noopener\">felipeoes@hotmail.com<\/a> (HarpIA Recursos, HarpIA Lab)<\/li>\n<li>Gustavo Hochgraf &#8211; <a href=\"mailto:gusthoch@gmail.com\">gusthoch@gmail.com<\/a> (HarpIA Lab)<\/li>\n<li><span style=\"color: #808080;\">Gustavo Kuratomi Pereira e Costa<\/span> &#8211; <span style=\"color: #808080;\"><em>former member <\/em>(HarpIA Lab)<\/span><\/li>\n<li>Marcos Paulo Moretti &#8211; <a href=\"mailto:mpereiramoretti@gmail.com\">mpereiramoretti@gmail.com<\/a> (HarpIA Lab)<\/li>\n<li><span data-hovercard-id=\"od4ir@usp.br\" data-hovercard-owner-id=\"16\">Odair Gon\u00e7alves de Oliveira &#8211; <a href=\"mailto:od4ir@usp.br\">od4ir@usp.br<\/a> (HarpIA Lab)<\/span><\/li>\n<li>Ricardo Saraiva Grava &#8211; <a href=\"mailto:rsgrava@usp.br\" target=\"_blank\" rel=\"noopener\">rsgrava@usp.br<\/a> (HarpIA Lab &#8211; Ataque)<\/li>\n<li><span style=\"color: #808080;\">Sophia Lie Asakura\u00a0&#8211; <em>former member <\/em>(HarpIA Lab)<\/span><\/li>\n<li><span style=\"color: #808080;\">Thiago Moreira Yanitchkis Couto\u00a0&#8211; <em>former member <\/em>(HarpIA Lab)<\/span><\/li>\n<li><span style=\"color: #808080;\">Vinicius Ariel de Arruda dos Santos<\/span>\u00a0&#8211; <span style=\"color: #808080;\"><em>former member <\/em>(HarpIA Lab)<\/span><\/li>\n<li>Vin\u00edcius Bitencourt Matos &#8211; <a href=\"mailto:vinicius.matos@alumni.usp.br\" target=\"_blank\" rel=\"noopener\">vinicius.matos@alumni.usp.br<\/a> (Plataforma HarpIA, HarpIA Lab, HarpIA Survey)<\/li>\n<li>Vin\u00edcius Henrique Crispim Rosa &#8211; <a href=\"mailto:vinicius.henrique.rosa@usp.br\" target=\"_blank\" rel=\"noopener\">vinicius.henrique.rosa@usp.br<\/a> (HarpIA Lab)<\/li>\n<li>Vitor Camargo Pinheiro &#8211; <a href=\"mailto:vitorpinheiro@usp.br\" target=\"_blank\" rel=\"noopener\">vitorpinheiro@usp.br<\/a> (HarpIA Lab)<\/li>\n<li>Wesley Gabriel Rosa Fernandes &#8211; <a href=\"mailto:wesley.fernan1@usp.br\" target=\"_blank\" rel=\"noopener\">wesley.fernan1@usp.br<\/a> (HarpIA Survey)<\/li>\n<li>Yuri Matheus Barbosa de Oliveira &#8211; <a href=\"mailto:yurimatheus@usp.br\">yurimatheus@usp.br<\/a> (HarpIA Survey)<\/li>\n<\/ul>\n<p>Apoio t\u00e9cnico:<\/p>\n<ul>\n<li><span style=\"color: #808080;\">Givanildo de Sousa Gramacho\u00a0&#8211;<\/span> <span style=\"color: #808080;\"><em>former member<\/em><\/span><\/li>\n<\/ul>\n<hr \/>\n<p>As imagens que fazem men\u00e7\u00e3o \u00e0 ave harpia e ilustram essas p\u00e1ginas, incluindo o logo da plataforma, foram gerada por IA (<strong>modelo Dall.E<\/strong>) mediante prompts criados pela equipe. O logo da plataforma foi alterado a fim de mais bem se adequar aos prop\u00f3sitos de representa\u00e7\u00e3o da plataforma.<\/p>\n<hr \/>\n<p><a href=\"https:\/\/sites.usp.br\/keml\/wp-content\/uploads\/sites\/1460\/2025\/04\/equipe.jpg\"><img loading=\"lazy\" decoding=\"async\" class=\" wp-image-2100 aligncenter\" src=\"https:\/\/sites.usp.br\/keml\/wp-content\/uploads\/sites\/1460\/2025\/04\/equipe-300x81.jpg\" alt=\"\" width=\"666\" height=\"180\" srcset=\"https:\/\/sites.usp.br\/keml\/wp-content\/uploads\/sites\/1460\/2025\/04\/equipe-300x81.jpg 300w, https:\/\/sites.usp.br\/keml\/wp-content\/uploads\/sites\/1460\/2025\/04\/equipe-1024x276.jpg 1024w, https:\/\/sites.usp.br\/keml\/wp-content\/uploads\/sites\/1460\/2025\/04\/equipe-768x207.jpg 768w, https:\/\/sites.usp.br\/keml\/wp-content\/uploads\/sites\/1460\/2025\/04\/equipe-1536x414.jpg 1536w, https:\/\/sites.usp.br\/keml\/wp-content\/uploads\/sites\/1460\/2025\/04\/equipe-400x108.jpg 400w, https:\/\/sites.usp.br\/keml\/wp-content\/uploads\/sites\/1460\/2025\/04\/equipe.jpg 1558w\" sizes=\"auto, (max-width: 666px) 100vw, 666px\" \/><\/a><\/p>\n","protected":false},"excerpt":{"rendered":"<p>A plataforma HarpIA \u00e9 desenvolvida no \u00e2mbito do grupo KEML &#8211; Knowledge Enhance Machine Learning, no Center for Artificial Intelligence C4AI &#8211; uma parceria entre USP-IBM-FAPESP. Equipe Idealiza\u00e7\u00e3o e gest\u00e3o do projeto: Sarajane Marques Peres &#8211; sarajane@usp.br Fabio Gagliardi Cozman &#8211; fgcozman@usp.br L\u00edderes de pesquisa: Anarosa Alvez Franco Brand\u00e3o &#8211; anarosa.brandao@usp.br Fabio Gagliardi Cozman &#8211;<a href=\"https:\/\/sites.usp.br\/keml\/creditos\/\">[&#8230;]<\/a><\/p>\n","protected":false},"author":24022,"featured_media":0,"parent":0,"menu_order":0,"comment_status":"closed","ping_status":"closed","template":"","meta":{"inline_featured_image":false,"_monsterinsights_skip_tracking":false,"_monsterinsights_sitenote_active":false,"_monsterinsights_sitenote_note":"","_monsterinsights_sitenote_category":0,"footnotes":"","_links_to":"","_links_to_target":""},"class_list":["post-1895","page","type-page","status-publish","hentry"],"_links":{"self":[{"href":"https:\/\/sites.usp.br\/keml\/wp-json\/wp\/v2\/pages\/1895","targetHints":{"allow":["GET"]}}],"collection":[{"href":"https:\/\/sites.usp.br\/keml\/wp-json\/wp\/v2\/pages"}],"about":[{"href":"https:\/\/sites.usp.br\/keml\/wp-json\/wp\/v2\/types\/page"}],"author":[{"embeddable":true,"href":"https:\/\/sites.usp.br\/keml\/wp-json\/wp\/v2\/users\/24022"}],"replies":[{"embeddable":true,"href":"https:\/\/sites.usp.br\/keml\/wp-json\/wp\/v2\/comments?post=1895"}],"version-history":[{"count":4,"href":"https:\/\/sites.usp.br\/keml\/wp-json\/wp\/v2\/pages\/1895\/revisions"}],"predecessor-version":[{"id":2102,"href":"https:\/\/sites.usp.br\/keml\/wp-json\/wp\/v2\/pages\/1895\/revisions\/2102"}],"wp:attachment":[{"href":"https:\/\/sites.usp.br\/keml\/wp-json\/wp\/v2\/media?parent=1895"}],"curies":[{"name":"wp","href":"https:\/\/api.w.org\/{rel}","templated":true}]}}