{"id":334,"date":"2024-04-19T17:47:54","date_gmt":"2024-04-19T19:47:54","guid":{"rendered":"https:\/\/sites.usp.br\/keml\/?page_id=334"},"modified":"2024-08-31T22:44:31","modified_gmt":"2024-09-01T00:44:31","slug":"projetos","status":"publish","type":"page","link":"https:\/\/sites.usp.br\/keml\/projetos\/","title":{"rendered":"Projetos"},"content":{"rendered":"<ul>\n<li><a href=\"https:\/\/sites.usp.br\/keml\/agentes-conversacionais\/\" rel=\"noopener\">Agentes conversacionais<\/a><\/li>\n<li><a href=\"https:\/\/sites.usp.br\/keml\/avaliacao-de-grandes-modelos-de-linguagem\/\" rel=\"noopener\">Avalia\u00e7\u00e3o de grandes modelos de linguagem<\/a><\/li>\n<li><a href=\"https:\/\/sites.usp.br\/keml\/programas-logicos-probabilisticos-neurais\/\">Programas l\u00f3gicos-probabil\u00edsticos-neurais<\/a><\/li>\n<li><a href=\"https:\/\/sites.usp.br\/keml\/mineracao-de-argumentos\/\">Minera\u00e7\u00e3o de argumentos<\/a><\/li>\n<\/ul>\n","protected":false},"excerpt":{"rendered":"<p>Agentes conversacionais Avalia\u00e7\u00e3o de grandes modelos de linguagem Programas l\u00f3gicos-probabil\u00edsticos-neurais Minera\u00e7\u00e3o de argumentos<\/p>\n","protected":false},"author":24022,"featured_media":0,"parent":0,"menu_order":0,"comment_status":"closed","ping_status":"closed","template":"","meta":{"inline_featured_image":false,"_monsterinsights_skip_tracking":false,"_monsterinsights_sitenote_active":false,"_monsterinsights_sitenote_note":"","_monsterinsights_sitenote_category":0,"footnotes":"","_links_to":"","_links_to_target":""},"class_list":["post-334","page","type-page","status-publish","hentry"],"_links":{"self":[{"href":"https:\/\/sites.usp.br\/keml\/wp-json\/wp\/v2\/pages\/334","targetHints":{"allow":["GET"]}}],"collection":[{"href":"https:\/\/sites.usp.br\/keml\/wp-json\/wp\/v2\/pages"}],"about":[{"href":"https:\/\/sites.usp.br\/keml\/wp-json\/wp\/v2\/types\/page"}],"author":[{"embeddable":true,"href":"https:\/\/sites.usp.br\/keml\/wp-json\/wp\/v2\/users\/24022"}],"replies":[{"embeddable":true,"href":"https:\/\/sites.usp.br\/keml\/wp-json\/wp\/v2\/comments?post=334"}],"version-history":[{"count":5,"href":"https:\/\/sites.usp.br\/keml\/wp-json\/wp\/v2\/pages\/334\/revisions"}],"predecessor-version":[{"id":1534,"href":"https:\/\/sites.usp.br\/keml\/wp-json\/wp\/v2\/pages\/334\/revisions\/1534"}],"wp:attachment":[{"href":"https:\/\/sites.usp.br\/keml\/wp-json\/wp\/v2\/media?parent=334"}],"curies":[{"name":"wp","href":"https:\/\/api.w.org\/{rel}","templated":true}]}}