{"id":514,"date":"2024-04-20T00:53:50","date_gmt":"2024-04-20T02:53:50","guid":{"rendered":"https:\/\/sites.usp.br\/keml\/?page_id=514"},"modified":"2024-10-13T00:06:28","modified_gmt":"2024-10-13T02:06:28","slug":"codigos","status":"publish","type":"page","link":"https:\/\/sites.usp.br\/keml\/codigos\/","title":{"rendered":"C\u00f3digo"},"content":{"rendered":"<h6 style=\"text-align: right;\"><\/h6>\n<div id=\"attachment_1194\" style=\"width: 310px\" class=\"wp-caption alignleft\"><a href=\"https:\/\/sites.usp.br\/keml\/wp-content\/uploads\/sites\/1460\/2024\/05\/codigo-2.jpeg\"><img loading=\"lazy\" decoding=\"async\" aria-describedby=\"caption-attachment-1194\" class=\"wp-image-1194 size-medium\" src=\"https:\/\/sites.usp.br\/keml\/wp-content\/uploads\/sites\/1460\/2024\/05\/codigo-2-300x300.jpeg\" alt=\"\" width=\"300\" height=\"300\" srcset=\"https:\/\/sites.usp.br\/keml\/wp-content\/uploads\/sites\/1460\/2024\/05\/codigo-2-300x300.jpeg 300w, https:\/\/sites.usp.br\/keml\/wp-content\/uploads\/sites\/1460\/2024\/05\/codigo-2-150x150.jpeg 150w, https:\/\/sites.usp.br\/keml\/wp-content\/uploads\/sites\/1460\/2024\/05\/codigo-2-768x768.jpeg 768w, https:\/\/sites.usp.br\/keml\/wp-content\/uploads\/sites\/1460\/2024\/05\/codigo-2-250x250.jpeg 250w, https:\/\/sites.usp.br\/keml\/wp-content\/uploads\/sites\/1460\/2024\/05\/codigo-2-174x174.jpeg 174w, https:\/\/sites.usp.br\/keml\/wp-content\/uploads\/sites\/1460\/2024\/05\/codigo-2-45x45.jpeg 45w, https:\/\/sites.usp.br\/keml\/wp-content\/uploads\/sites\/1460\/2024\/05\/codigo-2-200x200.jpeg 200w, https:\/\/sites.usp.br\/keml\/wp-content\/uploads\/sites\/1460\/2024\/05\/codigo-2-400x400.jpeg 400w, https:\/\/sites.usp.br\/keml\/wp-content\/uploads\/sites\/1460\/2024\/05\/codigo-2.jpeg 1024w\" sizes=\"auto, (max-width: 300px) 100vw, 300px\" \/><\/a><p id=\"caption-attachment-1194\" class=\"wp-caption-text\">Imagem gerada por IA (Copilot)<\/p><\/div>\n<p>O grupo KEML, desde que foi criado em 2021, criou uma s\u00e9rie de implementa\u00e7\u00f5es para diversos prop\u00f3sito: tradutor do tipo text2SQL, modelos de linguagem anteriores ao evento dos grandes modelos de linguagem, arquiteturas para implementa\u00e7\u00e3o de agentes conversacionais, etc. Aqui voc\u00ea encontra uma lista de reposit\u00f3rios do GitHub que ilustra o trabalho j\u00e1 realizado pelo grupo.<\/p>\n<p>Mais informa\u00e7\u00f5es sobre essas implementa\u00e7\u00f5es pode ser obtidas neste website, nas op\u00e7\u00f5es do menu <a href=\"https:\/\/sites.usp.br\/keml\/recursos\/\" target=\"_blank\" rel=\"noopener\">Recursos<\/a>, ou via <a href=\"https:\/\/sites.usp.br\/keml\/contato\/\" target=\"_blank\" rel=\"noopener\">Contato<\/a> com o grupo.<\/p>\n<ul>\n<li><strong>ArGPT<\/strong>: implementa\u00e7\u00f5es associadas \u00e0 cria\u00e7\u00e3o do conjunto de dados para argumenta\u00e7\u00e3o, baseado em grandes modelos de linguagem. Acesse <a href=\"https:\/\/github.com\/C4AI\/ArGPT\" target=\"_blank\" rel=\"noopener\">aqui<\/a>.<\/li>\n<\/ul>\n<hr \/>\n<ul>\n<li><strong>Pir\u00e1<\/strong>: implementa\u00e7\u00f5es associadas \u00e0 constru\u00e7\u00e3o e curadoria do conjunto de dados Pir\u00e1: Acesse aqui &#8211; <a href=\"https:\/\/github.com\/C4AI\/data-set-result-pira-qa\" target=\"_blank\" rel=\"noopener\">constru\u00e7\u00e3o<\/a> &#8211; <a href=\"https:\/\/github.com\/C4AI\/Pira\" target=\"_blank\" rel=\"noopener\">curadoria<\/a>.<\/li>\n<li>Implementa\u00e7\u00f5es referentes \u00e0 an\u00e1lise n\u00e3o supervisionada de t\u00f3picos, usando fatora\u00e7\u00e3o de matrizes sobre os dados do conjunto Pir\u00e1. Acesse <a href=\"https:\/\/github.com\/C4AI\/unsupervised-topic-model\" target=\"_blank\" rel=\"noopener\">aqui<\/a>.<\/li>\n<\/ul>\n<hr \/>\n<ul>\n<li><strong>Framework BLAB<\/strong>: implementa\u00e7\u00f5es que permitem usar a arquitetura cliente servidor de orquestra\u00e7\u00e3o de um agente conversacional. Acesse todos os c\u00f3digos <a href=\"https:\/\/github.com\/C4AI\/BLAB\" target=\"_blank\" rel=\"noopener\">aqui<\/a>.<\/li>\n<li><strong>BLAB Q&amp;A<\/strong>: implementa\u00e7\u00f5es associadas a um sistema de perguntas e respostas sobre a Amaz\u00f4nia Azul, com conte\u00fado extra\u00eddo da wikipedia. Acesse <a href=\"https:\/\/github.com\/C4AI\/blab-qa-viz\" target=\"_blank\" rel=\"noopener\">aqui<\/a>.<\/li>\n<li><strong>BLAB Reporter<\/strong>: Implementa\u00e7\u00e3o para o BLAB Reporter, o rob\u00f4 jornalista que cobre dados da Amaz\u00f4nia Azul. Acesse <a href=\"https:\/\/github.com\/C4AI\/blab-reporter\" target=\"_blank\" rel=\"noopener\">aqui<\/a>.<\/li>\n<li><strong>Blabinha:<\/strong> Implementa\u00e7\u00e3o para o framework Blabinha Framework, um agente conversacional gameficado focado na Amaz\u00f4nia Azul. Access <a href=\"https:\/\/github.com\/C4AI\/Blabinha\" target=\"_blank\" rel=\"noopener\">here<\/a>.<\/li>\n<\/ul>\n<hr \/>\n<ul>\n<li><strong>Framework dPASP<\/strong>: implementa\u00e7\u00f5es que permitem usar o framework dPASP &#8211; Uma linguagem declarativa de alto n\u00edvel para descrever tarefas sofisticadas de racioc\u00ednio probabil\u00edstico que podem combinar percep\u00e7\u00e3o e racioc\u00ednio l\u00f3gico. Acesse <a href=\"https:\/\/github.com\/kamel-usp\/dpasp\" target=\"_blank\" rel=\"noopener\">aqui<\/a>.<\/li>\n<\/ul>\n<hr \/>\n<ul>\n<li><strong>GAP-text2SQL<\/strong>: implementa\u00e7\u00f5es associadas \u00e0 pesquisa referente \u00e0 representa\u00e7\u00f5es contextuais para an\u00e1lise sem\u00e2ntica\u00a0 do tipo texto-para-SQL. Acesse <a href=\"https:\/\/github.com\/C4AI\/gap-text2sql\" target=\"_blank\" rel=\"noopener\">aqui<\/a>.<\/li>\n<li>Implementa\u00e7\u00f5es associadas \u00e0 pesquisa sobre integra\u00e7\u00e3o de &#8220;perguntas e respostas&#8221; e &#8220;texto-para-SQL&#8221; em portugu\u00eas. Acesse <a href=\"https:\/\/github.com\/C4AI\/Integrating-Question-Answering-and-Text-to-SQL-in-Portuguese\" target=\"_blank\" rel=\"noopener\">aqui<\/a>.<\/li>\n<\/ul>\n<hr \/>\n<ul>\n<li><strong>Deepag\u00e9<\/strong>: Implementa\u00e7\u00e3o para constru\u00e7\u00e3o do modelo Deepag\u00e9, um modelo de perguntas e respostas sobre o meio ambiente brasileiro. Acesse <a href=\"https:\/\/github.com\/C4AI\/deepage\" target=\"_blank\" rel=\"noopener\">aqui<\/a>.<\/li>\n<\/ul>\n<h6 style=\"text-align: right;\"><\/h6>\n","protected":false},"excerpt":{"rendered":"<p>O grupo KEML, desde que foi criado em 2021, criou uma s\u00e9rie de implementa\u00e7\u00f5es para diversos prop\u00f3sito: tradutor do tipo text2SQL, modelos de linguagem anteriores ao evento dos grandes modelos de linguagem, arquiteturas para implementa\u00e7\u00e3o de agentes conversacionais, etc. Aqui voc\u00ea encontra uma lista de reposit\u00f3rios do GitHub que ilustra o trabalho j\u00e1 realizado pelo<a href=\"https:\/\/sites.usp.br\/keml\/codigos\/\">[&#8230;]<\/a><\/p>\n","protected":false},"author":24022,"featured_media":0,"parent":0,"menu_order":0,"comment_status":"closed","ping_status":"closed","template":"","meta":{"inline_featured_image":false,"_monsterinsights_skip_tracking":false,"_monsterinsights_sitenote_active":false,"_monsterinsights_sitenote_note":"","_monsterinsights_sitenote_category":0,"footnotes":"","_links_to":"","_links_to_target":""},"class_list":["post-514","page","type-page","status-publish","hentry"],"_links":{"self":[{"href":"https:\/\/sites.usp.br\/keml\/wp-json\/wp\/v2\/pages\/514","targetHints":{"allow":["GET"]}}],"collection":[{"href":"https:\/\/sites.usp.br\/keml\/wp-json\/wp\/v2\/pages"}],"about":[{"href":"https:\/\/sites.usp.br\/keml\/wp-json\/wp\/v2\/types\/page"}],"author":[{"embeddable":true,"href":"https:\/\/sites.usp.br\/keml\/wp-json\/wp\/v2\/users\/24022"}],"replies":[{"embeddable":true,"href":"https:\/\/sites.usp.br\/keml\/wp-json\/wp\/v2\/comments?post=514"}],"version-history":[{"count":5,"href":"https:\/\/sites.usp.br\/keml\/wp-json\/wp\/v2\/pages\/514\/revisions"}],"predecessor-version":[{"id":1670,"href":"https:\/\/sites.usp.br\/keml\/wp-json\/wp\/v2\/pages\/514\/revisions\/1670"}],"wp:attachment":[{"href":"https:\/\/sites.usp.br\/keml\/wp-json\/wp\/v2\/media?parent=514"}],"curies":[{"name":"wp","href":"https:\/\/api.w.org\/{rel}","templated":true}]}}