{"id":115,"date":"2014-04-28T16:28:49","date_gmt":"2014-04-28T19:28:49","guid":{"rendered":"http:\/\/sites.usp.brprp\/?page_id=115"},"modified":"2023-11-01T16:31:55","modified_gmt":"2023-11-01T19:31:55","slug":"contato","status":"publish","type":"page","link":"https:\/\/sites.usp.br\/kidssavelivesbrasil\/contato\/","title":{"rendered":"Contato"},"content":{"rendered":"<div style=\"width: 1918px;\" class=\"wp-video\"><video class=\"wp-video-shortcode\" id=\"video-115-1\" width=\"1918\" height=\"1080\" preload=\"metadata\" controls=\"controls\"><source type=\"video\/mp4\" src=\"https:\/\/sites.usp.br\/kidssavelivesbrasil\/wp-content\/uploads\/sites\/631\/2020\/12\/video-naomi-apresenta-guia-pratico.mp4?_=1\" \/><a href=\"https:\/\/sites.usp.br\/kidssavelivesbrasil\/wp-content\/uploads\/sites\/631\/2020\/12\/video-naomi-apresenta-guia-pratico.mp4\">https:\/\/sites.usp.br\/kidssavelivesbrasil\/wp-content\/uploads\/sites\/631\/2020\/12\/video-naomi-apresenta-guia-pratico.mp4<\/a><\/video><\/div>\n<p>&nbsp;<\/p>\n<h4 style=\"text-align: center;\">Guia Pr\u00e1tico Crian\u00e7as Salvam Vidas KIDS SAVE LIVES BRASIL<\/h4>\n<p><a href=\"https:\/\/sites.usp.br\/kidssavelivesbrasil\/wp-content\/uploads\/sites\/631\/2020\/10\/Guia-KSLB.jpg\"><img fetchpriority=\"high\" decoding=\"async\" class=\"wp-image-1432 size-medium aligncenter\" src=\"https:\/\/sites.usp.br\/kidssavelivesbrasil\/wp-content\/uploads\/sites\/631\/2020\/10\/Guia-KSLB-203x300.jpg\" alt=\"\" width=\"203\" height=\"300\" data-id=\"1432\" srcset=\"https:\/\/sites.usp.br\/kidssavelivesbrasil\/wp-content\/uploads\/sites\/631\/2020\/10\/Guia-KSLB-203x300.jpg 203w, https:\/\/sites.usp.br\/kidssavelivesbrasil\/wp-content\/uploads\/sites\/631\/2020\/10\/Guia-KSLB-691x1024.jpg 691w, https:\/\/sites.usp.br\/kidssavelivesbrasil\/wp-content\/uploads\/sites\/631\/2020\/10\/Guia-KSLB-768x1138.jpg 768w, https:\/\/sites.usp.br\/kidssavelivesbrasil\/wp-content\/uploads\/sites\/631\/2020\/10\/Guia-KSLB-1037x1536.jpg 1037w, https:\/\/sites.usp.br\/kidssavelivesbrasil\/wp-content\/uploads\/sites\/631\/2020\/10\/Guia-KSLB-1382x2048.jpg 1382w, https:\/\/sites.usp.br\/kidssavelivesbrasil\/wp-content\/uploads\/sites\/631\/2020\/10\/Guia-KSLB-400x593.jpg 400w, https:\/\/sites.usp.br\/kidssavelivesbrasil\/wp-content\/uploads\/sites\/631\/2020\/10\/Guia-KSLB.jpg 1728w\" sizes=\"(max-width: 203px) 100vw, 203px\" \/><\/a><\/p>\n<p style=\"text-align: center;\"><strong><a href=\"https:\/\/www.amazon.com.br\/Pr%C3%A1tico-Crian%C3%A7as-Salvam-Vidas-Brasil\/dp\/6586098092\/ref=mp_s_a_1_1\/?_encoding=UTF8&amp;dchild=1&amp;keywords=kids%20save%20lives&amp;qid=1603539672&amp;sr=8-1&amp;ref_=navm_em_hd_re_signin&amp;\">Adquira o Guia Pr\u00e1tico Crian\u00e7as Salvam Vidas KSLB*<\/a><\/strong><\/p>\n<h6 style=\"text-align: center;\"><em>*Resultados de vendas revertidos para o Programa KSLB.<\/em><\/h6>\n<p>&nbsp;<\/p>\n<h4><strong>Doa\u00e7\u00e3o KIDS SAVE LIVES BRASIL<\/strong><\/h4>\n<h5>Ajude com a sustentabilidade do Programa:<\/h5>\n<p>BANCO DO BRASIL<br \/>\nAg\u00eancia: 1897-X<br \/>\nConta corrente: 205930-4<br \/>\nNome da conta: FFM \u2013 DOA\u00c7\u00c3O KIDS SAVE LIVES BRASIL<br \/>\nCNPJ: 56.577.059\/0001-00<\/p>\n<p>&nbsp;<\/p>\n<h4>ADES\u00c3O \u00c0 PETI\u00c7\u00c3O EM APOIO PROJETO DE LEI 310\/2019<\/h4>\n<p>Precisamos de 50.000 apoiadores para a peti\u00e7\u00e3o a favor da aprova\u00e7\u00e3o imediata do <strong>Projeto de Lei n\u00ba 310\/2019<\/strong>, que prev\u00ea a cria\u00e7\u00e3o da <strong>Semana \u201cCrian\u00e7as Salvam Vidas \u2018Kids Save Lives\u2019 Brasil&#8221;<\/strong>, nas Escolas do Estado de S\u00e3o Paulo.<br \/>\nSua assinatura demora menos de um minuto, mas pode valer uma vida! <span class=\"_5mfr\"><span class=\"_6qdm\">\u2764<\/span><\/span><\/p>\n<p>Acesse o link para assinar:\u00a0<a href=\"http:\/\/bit.ly\/peti\u00e7\u00e3oKSLBrasil\">http:\/\/bit.ly\/peti\u00e7\u00e3oKSLBrasil<\/a><\/p>\n<p>&nbsp;<\/p>\n<p>Aqui voc\u00ea pode entrar em contato com o Kids Save Lives Brasil. Envie suas d\u00favidas e sugest\u00f5es.<\/p>\n\n<div class=\"wpcf7 no-js\" id=\"wpcf7-f117-o1\" lang=\"pt-BR\" dir=\"ltr\" data-wpcf7-id=\"117\">\n<div class=\"screen-reader-response\"><p role=\"status\" aria-live=\"polite\" aria-atomic=\"true\"><\/p> <ul><\/ul><\/div>\n<form action=\"\/kidssavelivesbrasil\/wp-json\/wp\/v2\/pages\/115#wpcf7-f117-o1\" method=\"post\" class=\"wpcf7-form init\" aria-label=\"Formul\u00e1rios de contato\" novalidate=\"novalidate\" data-status=\"init\">\n<fieldset class=\"hidden-fields-container\"><input type=\"hidden\" name=\"_wpcf7\" value=\"117\" \/><input type=\"hidden\" name=\"_wpcf7_version\" value=\"6.1.5\" \/><input type=\"hidden\" name=\"_wpcf7_locale\" value=\"pt_BR\" \/><input type=\"hidden\" name=\"_wpcf7_unit_tag\" value=\"wpcf7-f117-o1\" \/><input type=\"hidden\" name=\"_wpcf7_container_post\" value=\"0\" \/><input type=\"hidden\" name=\"_wpcf7_posted_data_hash\" value=\"\" \/><input type=\"hidden\" name=\"_wpcf7_recaptcha_response\" value=\"\" \/>\n<\/fieldset>\n<p>Seu nome (obrigat\u00f3rio)\n<\/p>\n<p><span class=\"wpcf7-form-control-wrap\" data-name=\"your-name\"><input size=\"40\" maxlength=\"400\" class=\"wpcf7-form-control wpcf7-text wpcf7-validates-as-required\" aria-required=\"true\" aria-invalid=\"false\" value=\"\" type=\"text\" name=\"your-name\" \/><\/span>\n<\/p>\n<p>Seu e-mail (obrigat\u00f3rio)\n<\/p>\n<p><span class=\"wpcf7-form-control-wrap\" data-name=\"your-email\"><input size=\"40\" maxlength=\"400\" class=\"wpcf7-form-control wpcf7-email wpcf7-validates-as-required wpcf7-text wpcf7-validates-as-email\" aria-required=\"true\" aria-invalid=\"false\" value=\"\" type=\"email\" name=\"your-email\" \/><\/span>\n<\/p>\n<p>Assunto\n<\/p>\n<p><span class=\"wpcf7-form-control-wrap\" data-name=\"your-subject\"><input size=\"40\" maxlength=\"400\" class=\"wpcf7-form-control wpcf7-text\" aria-invalid=\"false\" value=\"\" type=\"text\" name=\"your-subject\" \/><\/span>\n<\/p>\n<p>Sua mensagem\n<\/p>\n<p><span class=\"wpcf7-form-control-wrap\" data-name=\"your-message\"><textarea cols=\"40\" rows=\"10\" maxlength=\"2000\" class=\"wpcf7-form-control wpcf7-textarea\" aria-invalid=\"false\" name=\"your-message\"><\/textarea><\/span>\n<\/p>\n<p><input class=\"wpcf7-form-control wpcf7-submit has-spinner\" type=\"submit\" value=\"Enviar\" \/>\n<\/p><input type='hidden' class='wpcf7-pum' value='{\"closepopup\":false,\"closedelay\":0,\"openpopup\":false,\"openpopup_id\":0}' \/><div class=\"wpcf7-response-output\" aria-hidden=\"true\"><\/div>\n<\/form>\n<\/div>\n\n<h3><\/h3>\n<h3><b><span class=\"moze-small\">Como participar do projeto<\/span><\/b><\/h3>\n<ul>\n<li><span class=\"moze-large\"><b>Graduando da USP:\u00a0<\/b>procurar a disciplina optativa MSP 4060 no primeiro semestre e no segundo semestre.<\/span><\/li>\n<li><span class=\"moze-large\"><b>Docente, servidor, pesquisador ou p\u00f3s-graduando da USP:<\/b>\u00a0h\u00e1 uma chamada por semestre por meio da secretaria do departamento.<\/span><\/li>\n<li><span class=\"moze-large\"><b>Diretor, coordenador ou professor de escola da rede de ensino fundamental e m\u00e9dio p\u00fablicos:<\/b> procurar coordena\u00e7\u00e3o do Kids Save Lives Brasil na FMUSP ou entrar em contato pelo formul\u00e1rio acima.<\/span><\/li>\n<\/ul>\n","protected":false},"excerpt":{"rendered":"<p>&nbsp; Guia Pr\u00e1tico Crian\u00e7as Salvam Vidas KIDS SAVE LIVES BRASIL Adquira o Guia Pr\u00e1tico Crian\u00e7as [&hellip;]<\/p>\n","protected":false},"author":13,"featured_media":0,"parent":0,"menu_order":0,"comment_status":"closed","ping_status":"closed","template":"","meta":{"_monsterinsights_skip_tracking":false,"_monsterinsights_sitenote_active":false,"_monsterinsights_sitenote_note":"","_monsterinsights_sitenote_category":0,"footnotes":"","_links_to":"","_links_to_target":""},"class_list":["post-115","page","type-page","status-publish","hentry"],"_links":{"self":[{"href":"https:\/\/sites.usp.br\/kidssavelivesbrasil\/wp-json\/wp\/v2\/pages\/115","targetHints":{"allow":["GET"]}}],"collection":[{"href":"https:\/\/sites.usp.br\/kidssavelivesbrasil\/wp-json\/wp\/v2\/pages"}],"about":[{"href":"https:\/\/sites.usp.br\/kidssavelivesbrasil\/wp-json\/wp\/v2\/types\/page"}],"author":[{"embeddable":true,"href":"https:\/\/sites.usp.br\/kidssavelivesbrasil\/wp-json\/wp\/v2\/users\/13"}],"replies":[{"embeddable":true,"href":"https:\/\/sites.usp.br\/kidssavelivesbrasil\/wp-json\/wp\/v2\/comments?post=115"}],"version-history":[{"count":5,"href":"https:\/\/sites.usp.br\/kidssavelivesbrasil\/wp-json\/wp\/v2\/pages\/115\/revisions"}],"predecessor-version":[{"id":2408,"href":"https:\/\/sites.usp.br\/kidssavelivesbrasil\/wp-json\/wp\/v2\/pages\/115\/revisions\/2408"}],"wp:attachment":[{"href":"https:\/\/sites.usp.br\/kidssavelivesbrasil\/wp-json\/wp\/v2\/media?parent=115"}],"curies":[{"name":"wp","href":"https:\/\/api.w.org\/{rel}","templated":true}]}}