{"id":1377,"date":"2020-12-17T17:02:09","date_gmt":"2020-12-17T19:02:09","guid":{"rendered":"http:\/\/sites.usp.br\/maxplanck\/?page_id=1377"},"modified":"2020-12-22T17:57:08","modified_gmt":"2020-12-22T19:57:08","slug":"ensino-2","status":"publish","type":"page","link":"https:\/\/sites.usp.br\/laaae\/en\/ensino-2\/","title":{"rendered":"(Portugu\u00eas) Ensino"},"content":{"rendered":"\t\t<div data-elementor-type=\"wp-page\" data-elementor-id=\"1377\" class=\"elementor elementor-1377\" data-elementor-post-type=\"page\">\n\t\t\t\t\t\t<section class=\"elementor-section elementor-top-section elementor-element elementor-element-031715b elementor-section-boxed elementor-section-height-default elementor-section-height-default\" data-id=\"031715b\" data-element_type=\"section\">\n\t\t\t\t\t\t<div class=\"elementor-container elementor-column-gap-default\">\n\t\t\t\t\t<div class=\"elementor-column elementor-col-100 elementor-top-column elementor-element elementor-element-4bb48b8\" data-id=\"4bb48b8\" data-element_type=\"column\">\n\t\t\t<div class=\"elementor-widget-wrap elementor-element-populated\">\n\t\t\t\t\t\t<div class=\"elementor-element elementor-element-086b788 elementor-widget elementor-widget-heading\" data-id=\"086b788\" data-element_type=\"widget\" data-widget_type=\"heading.default\">\n\t\t\t\t<div class=\"elementor-widget-container\">\n\t\t\t<h2 class=\"elementor-heading-title elementor-size-xxl\">Ensino<\/h2>\t\t<\/div>\n\t\t\t\t<\/div>\n\t\t\t\t\t<\/div>\n\t\t<\/div>\n\t\t\t\t\t<\/div>\n\t\t<\/section>\n\t\t\t\t<section class=\"elementor-section elementor-top-section elementor-element elementor-element-f72b0ed elementor-section-boxed elementor-section-height-default elementor-section-height-default\" data-id=\"f72b0ed\" data-element_type=\"section\">\n\t\t\t\t\t\t<div class=\"elementor-container elementor-column-gap-default\">\n\t\t\t\t\t<div class=\"elementor-column elementor-col-100 elementor-top-column elementor-element elementor-element-a5e22f4\" data-id=\"a5e22f4\" data-element_type=\"column\">\n\t\t\t<div class=\"elementor-widget-wrap elementor-element-populated\">\n\t\t\t\t\t\t<div class=\"elementor-element elementor-element-4f5ace1 elementor-widget-divider--view-line elementor-widget elementor-widget-divider\" data-id=\"4f5ace1\" data-element_type=\"widget\" data-widget_type=\"divider.default\">\n\t\t\t\t<div class=\"elementor-widget-container\">\n\t\t\t\t\t<div class=\"elementor-divider\">\n\t\t\t<span class=\"elementor-divider-separator\">\n\t\t\t\t\t\t<\/span>\n\t\t<\/div>\n\t\t\t\t<\/div>\n\t\t\t\t<\/div>\n\t\t\t\t<div class=\"elementor-element elementor-element-46bad82 elementor-widget elementor-widget-text-editor\" data-id=\"46bad82\" data-element_type=\"widget\" data-widget_type=\"text-editor.default\">\n\t\t\t\t<div class=\"elementor-widget-container\">\n\t\t\t\t\t\t\t<p style=\"text-align: justify;\">O Laborat\u00f3rio de Arqueologia e Antropologia Ambiental e Evolutiva conta com dois docentes da Universidade de S\u00e3o Paulo que ministram disciplinas na gradua\u00e7\u00e3o e p\u00f3s-gradua\u00e7\u00e3o. O LAAAE tamb\u00e9m realiza est\u00e1gios e treinamentos t\u00e9cnicos em curadoria de remanescentes esqueletais. Finalmente, atrav\u00e9s do projeto &#8216;Evolu\u00e7\u00e3o para Todes&#8217; o LAAAE tem diversas iniciativas de divulga\u00e7\u00e3o do conhecimento cient\u00edfico para o grande p\u00fablico.<\/p>\t\t\t\t\t\t<\/div>\n\t\t\t\t<\/div>\n\t\t\t\t<div class=\"elementor-element elementor-element-1329cda elementor-widget-divider--view-line elementor-widget elementor-widget-divider\" data-id=\"1329cda\" data-element_type=\"widget\" data-widget_type=\"divider.default\">\n\t\t\t\t<div class=\"elementor-widget-container\">\n\t\t\t\t\t<div class=\"elementor-divider\">\n\t\t\t<span class=\"elementor-divider-separator\">\n\t\t\t\t\t\t<\/span>\n\t\t<\/div>\n\t\t\t\t<\/div>\n\t\t\t\t<\/div>\n\t\t\t\t\t<\/div>\n\t\t<\/div>\n\t\t\t\t\t<\/div>\n\t\t<\/section>\n\t\t\t\t<section class=\"elementor-section elementor-top-section elementor-element elementor-element-f5078f8 elementor-section-boxed elementor-section-height-default elementor-section-height-default\" data-id=\"f5078f8\" data-element_type=\"section\">\n\t\t\t\t\t\t<div class=\"elementor-container elementor-column-gap-default\">\n\t\t\t\t\t<div class=\"elementor-column elementor-col-100 elementor-top-column elementor-element elementor-element-585a431\" data-id=\"585a431\" data-element_type=\"column\">\n\t\t\t<div class=\"elementor-widget-wrap elementor-element-populated\">\n\t\t\t\t\t\t<div class=\"elementor-element elementor-element-4948d5c elementor-widget elementor-widget-text-editor\" data-id=\"4948d5c\" data-element_type=\"widget\" data-widget_type=\"text-editor.default\">\n\t\t\t\t<div class=\"elementor-widget-container\">\n\t\t\t\t\t\t\t<p style=\"font-variant-ligatures: normal; font-variant-caps: normal; font-family: Montserrat, sans-serif; font-size: 14px; font-style: normal; font-weight: 400;\">DISCIPLINAS<\/p><p style=\"font-variant-ligatures: normal; font-variant-caps: normal; font-family: Montserrat, sans-serif; font-size: 14px; font-style: normal; font-weight: 400;\">Os docentes do Laborat\u00f3rio de Arqueologia e Antropologia Ambiental e Evolutiva (LAAAE-USP) possuem as seguintes disciplinas de gradua\u00e7\u00e3o e p\u00f3s-gradua\u00e7\u00e3o cadastradas na Universidade de S\u00e3o Paulo.<\/p><p style=\"font-variant-ligatures: normal; font-variant-caps: normal; font-family: Montserrat, sans-serif; font-size: 14px; font-style: normal; font-weight: 400;\"><strong>Gradua\u00e7\u00e3o<\/strong><\/p><p style=\"font-variant-ligatures: normal; font-variant-caps: normal; font-family: Montserrat, sans-serif; font-size: 14px; font-style: normal; font-weight: 400;\"><span style=\"font-size: 14px;\">MEA-0003<\/span>\u00a0\u2013\u00a0Arqueologia Brasileira\u00a0(segundo semestre). Local: MAE-USP.\u00a0<span style=\"font-family: Montserrat, sans-serif; font-size: 14px; font-style: normal; font-variant-ligatures: normal; font-variant-caps: normal; font-weight: 400;\">Docentes: Ximena Villagran\u00a0(MAE-USP), Ver\u00f4nica Wesolowski \u00a0(MAE-USP) e Andr\u00e9 Strauss (MAE-USP)<\/span><\/p><p style=\"font-variant-ligatures: normal; font-variant-caps: normal; font-family: Montserrat, sans-serif; font-size: 14px; font-style: normal; font-weight: 400;\"><span style=\"font-size: 14px;\">BIO-0107<\/span>\u00a0\u2013 Antropologia: biologia e cultura (primeiro semestre). Local: IB-USP. Docente: Rui S\u00e9rgio Murrieta (IB-USP).<\/p><p style=\"font-variant-ligatures: normal; font-variant-caps: normal; font-family: Montserrat, sans-serif; font-size: 14px; font-style: normal; font-weight: 400;\"><strong>P\u00f3s-gradua\u00e7\u00e3o<\/strong><\/p><p style=\"font-variant-ligatures: normal; font-variant-caps: normal; font-family: Montserrat, sans-serif; font-size: 14px; font-style: normal; font-weight: 400;\"><span style=\"font-size: 14px;\">ARQ-5106\u00a0<\/span>\u2013 T\u00f3picos avan\u00e7ados em evolu\u00e7\u00e3o humana: cultura, comportamento e a anatomia comparada homin\u00f3ide. Local: MAE-USP. Docente: Andr\u00e9 Strauss (MAE-USP)<\/p><p style=\"font-variant-ligatures: normal; font-variant-caps: normal; font-family: Montserrat, sans-serif; font-size: 14px; font-style: normal; font-weight: 400;\"><span style=\"font-size: 14px;\">ARQ-5107<\/span>\u00a0\u2013 Arqueogen\u00e9tica: a hist\u00f3ria populacional humana. Local: MAE-USP. Docentes: Andr\u00e9 Strauss (MAE-USP) e T\u00e1bita H\u00fcnemeier (Dpt. de Gen\u00e9tica, IB-USP.<\/p>\t\t\t\t\t\t<\/div>\n\t\t\t\t<\/div>\n\t\t\t\t\t<\/div>\n\t\t<\/div>\n\t\t\t\t\t<\/div>\n\t\t<\/section>\n\t\t\t\t<section class=\"elementor-section elementor-top-section elementor-element elementor-element-e3a489a elementor-section-boxed elementor-section-height-default elementor-section-height-default\" data-id=\"e3a489a\" data-element_type=\"section\">\n\t\t\t\t\t\t<div class=\"elementor-container elementor-column-gap-default\">\n\t\t\t\t\t<div class=\"elementor-column elementor-col-100 elementor-top-column elementor-element elementor-element-89283ea\" data-id=\"89283ea\" data-element_type=\"column\">\n\t\t\t<div class=\"elementor-widget-wrap elementor-element-populated\">\n\t\t\t\t\t\t<div class=\"elementor-element elementor-element-86fb77d elementor-widget-divider--view-line elementor-widget elementor-widget-divider\" data-id=\"86fb77d\" data-element_type=\"widget\" data-widget_type=\"divider.default\">\n\t\t\t\t<div class=\"elementor-widget-container\">\n\t\t\t\t\t<div class=\"elementor-divider\">\n\t\t\t<span class=\"elementor-divider-separator\">\n\t\t\t\t\t\t<\/span>\n\t\t<\/div>\n\t\t\t\t<\/div>\n\t\t\t\t<\/div>\n\t\t\t\t\t<\/div>\n\t\t<\/div>\n\t\t\t\t\t<\/div>\n\t\t<\/section>\n\t\t\t\t<section class=\"elementor-section elementor-top-section elementor-element elementor-element-197caf5 elementor-section-boxed elementor-section-height-default elementor-section-height-default\" data-id=\"197caf5\" data-element_type=\"section\">\n\t\t\t\t\t\t<div class=\"elementor-container elementor-column-gap-default\">\n\t\t\t\t\t<div class=\"elementor-column elementor-col-66 elementor-top-column elementor-element elementor-element-c9a13aa\" data-id=\"c9a13aa\" data-element_type=\"column\">\n\t\t\t<div class=\"elementor-widget-wrap elementor-element-populated\">\n\t\t\t\t\t\t<div class=\"elementor-element elementor-element-e8fbd7a elementor-widget elementor-widget-text-editor\" data-id=\"e8fbd7a\" data-element_type=\"widget\" data-widget_type=\"text-editor.default\">\n\t\t\t\t<div class=\"elementor-widget-container\">\n\t\t\t\t\t\t\t<p style=\"font-variant-ligatures: normal; font-variant-caps: normal; font-family: Montserrat, sans-serif; font-size: 14px; font-style: normal; font-weight: 400; text-align: justify;\"><span style=\"font-size: 14px;\">BOLSAS DE ESTUDO<\/span><\/p><p style=\"font-variant-ligatures: normal; font-variant-caps: normal; font-family: Montserrat, sans-serif; font-size: 14px; font-style: normal; font-weight: 400; text-align: justify;\">Existem algumas possibilidades para obten\u00e7\u00e3o de bolsas de estudo para desenvolver est\u00e1gio de gradua\u00e7\u00e3o ou projetos de p\u00f3s-gradua\u00e7\u00e3o junto ao Laborat\u00f3rio de Arqueologia e Antropologia Ambiental e Evolutiva da Universidade de S\u00e3o Paulo (LAAAE-USP).<\/p><p style=\"font-variant-ligatures: normal; font-variant-caps: normal; font-family: Montserrat, sans-serif; font-size: 14px; font-style: normal; font-weight: 400; text-align: justify;\">Voc\u00ea pode obter mais informa\u00e7\u00f5es nos sites oficiais das ag\u00eancias de fomento:<\/p><ul style=\"font-variant-ligatures: normal; font-variant-caps: normal; font-family: Montserrat, sans-serif; font-size: 14px; font-style: normal; font-weight: 400;\"><li style=\"font-size: 14px; text-align: justify;\">Funda\u00e7\u00e3o de Amparo \u00e0 Pesquisa do Estado de S\u00e3o Paulo [<a style=\"font-size: 14px;\" href=\"https:\/\/fapesp.br\/bolsas\">FAPESP<\/a>]<\/li><li style=\"font-size: 14px; text-align: justify;\">Conselho Nacional de Desenvolvimento Cient\u00edfico e Tecnol\u00f3gico [<a style=\"font-size: 14px;\" href=\"https:\/\/www.gov.br\/cnpq\/pt-br\">CNPQ<\/a>]<\/li><li style=\"font-size: 14px; text-align: justify;\">Coordena\u00e7\u00e3o de Aperfei\u00e7oamento de Pessoal de N\u00edvel Superior [<a style=\"font-size: 14px;\" href=\"https:\/\/uab.capes.gov.br\/bolsas\">CAPES<\/a>]<\/li><li style=\"font-size: 14px; text-align: justify;\">Bolsa do Programa Unificado de Bolsas da Universidade de S\u00e3o Paulo [<a style=\"font-size: 14px;\" href=\"https:\/\/www.prg.usp.br\/programa-unificado-de-bolsas-de-estudo-para-estudantes-de-graduacao-pub\/\">PUB-USP<\/a>]<\/li><\/ul>\t\t\t\t\t\t<\/div>\n\t\t\t\t<\/div>\n\t\t\t\t\t<\/div>\n\t\t<\/div>\n\t\t\t\t<div class=\"elementor-column elementor-col-33 elementor-top-column elementor-element elementor-element-f58f4a4\" data-id=\"f58f4a4\" data-element_type=\"column\">\n\t\t\t<div class=\"elementor-widget-wrap elementor-element-populated\">\n\t\t\t\t\t\t<div class=\"elementor-element elementor-element-fe63bfc elementor-widget elementor-widget-image\" data-id=\"fe63bfc\" data-element_type=\"widget\" data-widget_type=\"image.default\">\n\t\t\t\t<div class=\"elementor-widget-container\">\n\t\t\t\t\t\t\t\t\t\t\t\t\t<img fetchpriority=\"high\" decoding=\"async\" width=\"1024\" height=\"1024\" src=\"https:\/\/sites.usp.br\/laaae\/wp-content\/uploads\/sites\/746\/2020\/12\/Design-sem-nome-31-1024x1024.png\" class=\"attachment-large size-large wp-image-1872\" alt=\"\" srcset=\"https:\/\/sites.usp.br\/laaae\/wp-content\/uploads\/sites\/746\/2020\/12\/Design-sem-nome-31-1024x1024.png 1024w, https:\/\/sites.usp.br\/laaae\/wp-content\/uploads\/sites\/746\/2020\/12\/Design-sem-nome-31-300x300.png 300w, https:\/\/sites.usp.br\/laaae\/wp-content\/uploads\/sites\/746\/2020\/12\/Design-sem-nome-31-150x150.png 150w, https:\/\/sites.usp.br\/laaae\/wp-content\/uploads\/sites\/746\/2020\/12\/Design-sem-nome-31-768x768.png 768w, https:\/\/sites.usp.br\/laaae\/wp-content\/uploads\/sites\/746\/2020\/12\/Design-sem-nome-31-45x45.png 45w, https:\/\/sites.usp.br\/laaae\/wp-content\/uploads\/sites\/746\/2020\/12\/Design-sem-nome-31-200x200.png 200w, https:\/\/sites.usp.br\/laaae\/wp-content\/uploads\/sites\/746\/2020\/12\/Design-sem-nome-31-400x400.png 400w, https:\/\/sites.usp.br\/laaae\/wp-content\/uploads\/sites\/746\/2020\/12\/Design-sem-nome-31.png 1080w\" sizes=\"(max-width: 1024px) 100vw, 1024px\" \/>\t\t\t\t\t\t\t\t\t\t\t\t\t<\/div>\n\t\t\t\t<\/div>\n\t\t\t\t\t<\/div>\n\t\t<\/div>\n\t\t\t\t\t<\/div>\n\t\t<\/section>\n\t\t\t\t<section class=\"elementor-section elementor-top-section elementor-element elementor-element-4e4b9e1 elementor-section-boxed elementor-section-height-default elementor-section-height-default\" data-id=\"4e4b9e1\" data-element_type=\"section\">\n\t\t\t\t\t\t<div class=\"elementor-container elementor-column-gap-default\">\n\t\t\t\t\t<div class=\"elementor-column elementor-col-100 elementor-top-column elementor-element elementor-element-8bcb21f\" data-id=\"8bcb21f\" data-element_type=\"column\">\n\t\t\t<div class=\"elementor-widget-wrap elementor-element-populated\">\n\t\t\t\t\t\t<div class=\"elementor-element elementor-element-124655a elementor-widget-divider--view-line elementor-widget elementor-widget-divider\" data-id=\"124655a\" data-element_type=\"widget\" data-widget_type=\"divider.default\">\n\t\t\t\t<div class=\"elementor-widget-container\">\n\t\t\t\t\t<div class=\"elementor-divider\">\n\t\t\t<span class=\"elementor-divider-separator\">\n\t\t\t\t\t\t<\/span>\n\t\t<\/div>\n\t\t\t\t<\/div>\n\t\t\t\t<\/div>\n\t\t\t\t\t<\/div>\n\t\t<\/div>\n\t\t\t\t\t<\/div>\n\t\t<\/section>\n\t\t\t\t<\/div>\n\t\t","protected":false},"excerpt":{"rendered":"<p>Ensino O Laborat\u00f3rio de Arqueologia e Antropologia Ambiental e Evolutiva conta com dois docentes da Universidade de S\u00e3o Paulo que ministram disciplinas na gradua\u00e7\u00e3o e p\u00f3s-gradua\u00e7\u00e3o. O LAAAE tamb\u00e9m realiza est\u00e1gios e treinamentos t\u00e9cnicos em curadoria de remanescentes esqueletais. Finalmente, atrav\u00e9s do projeto &#8216;Evolu\u00e7\u00e3o para Todes&#8217; o LAAAE tem diversas iniciativas de divulga\u00e7\u00e3o do conhecimento [&hellip;]<\/p>\n","protected":false},"author":820,"featured_media":0,"parent":0,"menu_order":0,"comment_status":"closed","ping_status":"closed","template":"","meta":{"_monsterinsights_skip_tracking":false,"_monsterinsights_sitenote_active":false,"_monsterinsights_sitenote_note":"","_monsterinsights_sitenote_category":0,"footnotes":"","_links_to":"","_links_to_target":""},"class_list":["post-1377","page","type-page","status-publish","hentry","entry"],"_links":{"self":[{"href":"https:\/\/sites.usp.br\/laaae\/en\/wp-json\/wp\/v2\/pages\/1377","targetHints":{"allow":["GET"]}}],"collection":[{"href":"https:\/\/sites.usp.br\/laaae\/en\/wp-json\/wp\/v2\/pages"}],"about":[{"href":"https:\/\/sites.usp.br\/laaae\/en\/wp-json\/wp\/v2\/types\/page"}],"author":[{"embeddable":true,"href":"https:\/\/sites.usp.br\/laaae\/en\/wp-json\/wp\/v2\/users\/820"}],"replies":[{"embeddable":true,"href":"https:\/\/sites.usp.br\/laaae\/en\/wp-json\/wp\/v2\/comments?post=1377"}],"version-history":[{"count":5,"href":"https:\/\/sites.usp.br\/laaae\/en\/wp-json\/wp\/v2\/pages\/1377\/revisions"}],"predecessor-version":[{"id":2154,"href":"https:\/\/sites.usp.br\/laaae\/en\/wp-json\/wp\/v2\/pages\/1377\/revisions\/2154"}],"wp:attachment":[{"href":"https:\/\/sites.usp.br\/laaae\/en\/wp-json\/wp\/v2\/media?parent=1377"}],"curies":[{"name":"wp","href":"https:\/\/api.w.org\/{rel}","templated":true}]}}