{"id":1679,"date":"2020-12-20T09:20:36","date_gmt":"2020-12-20T11:20:36","guid":{"rendered":"http:\/\/sites.usp.br\/maxplanck\/?page_id=1679"},"modified":"2020-12-22T16:53:00","modified_gmt":"2020-12-22T18:53:00","slug":"paminsa-2019","status":"publish","type":"page","link":"https:\/\/sites.usp.br\/laaae\/es\/eventos\/paminsa-2019\/","title":{"rendered":"Evento &#8211; Congresso da Associa\u00e7\u00e3o Latino Americana de Paleopatologia (PAMinSA) ser\u00e1 realizado na Universidade de S\u00e3o Paulo"},"content":{"rendered":"\t\t<div data-elementor-type=\"wp-page\" data-elementor-id=\"1679\" class=\"elementor elementor-1679\" data-elementor-post-type=\"page\">\n\t\t\t\t\t\t<section class=\"elementor-section elementor-top-section elementor-element elementor-element-fa8f0e7 elementor-section-boxed elementor-section-height-default elementor-section-height-default\" data-id=\"fa8f0e7\" data-element_type=\"section\">\n\t\t\t\t\t\t<div class=\"elementor-container elementor-column-gap-default\">\n\t\t\t\t\t<div class=\"elementor-column elementor-col-100 elementor-top-column elementor-element elementor-element-8e7fb91\" data-id=\"8e7fb91\" data-element_type=\"column\">\n\t\t\t<div class=\"elementor-widget-wrap elementor-element-populated\">\n\t\t\t\t\t\t<div class=\"elementor-element elementor-element-fb842d4 elementor-widget elementor-widget-image\" data-id=\"fb842d4\" data-element_type=\"widget\" data-widget_type=\"image.default\">\n\t\t\t\t<div class=\"elementor-widget-container\">\n\t\t\t\t\t\t\t\t\t\t\t\t\t<img fetchpriority=\"high\" decoding=\"async\" width=\"782\" height=\"232\" src=\"https:\/\/sites.usp.br\/laaae\/wp-content\/uploads\/sites\/746\/2020\/12\/Paminsa_logo_Cabe\u00e7alho2.jpg\" class=\"attachment-large size-large wp-image-1732\" alt=\"\" srcset=\"https:\/\/sites.usp.br\/laaae\/wp-content\/uploads\/sites\/746\/2020\/12\/Paminsa_logo_Cabe\u00e7alho2.jpg 782w, https:\/\/sites.usp.br\/laaae\/wp-content\/uploads\/sites\/746\/2020\/12\/Paminsa_logo_Cabe\u00e7alho2-300x89.jpg 300w, https:\/\/sites.usp.br\/laaae\/wp-content\/uploads\/sites\/746\/2020\/12\/Paminsa_logo_Cabe\u00e7alho2-768x228.jpg 768w, https:\/\/sites.usp.br\/laaae\/wp-content\/uploads\/sites\/746\/2020\/12\/Paminsa_logo_Cabe\u00e7alho2-400x119.jpg 400w\" sizes=\"(max-width: 782px) 100vw, 782px\" \/>\t\t\t\t\t\t\t\t\t\t\t\t\t<\/div>\n\t\t\t\t<\/div>\n\t\t\t\t<div class=\"elementor-element elementor-element-9d0941d elementor-widget elementor-widget-heading\" data-id=\"9d0941d\" data-element_type=\"widget\" data-widget_type=\"heading.default\">\n\t\t\t\t<div class=\"elementor-widget-container\">\n\t\t\t<h2 class=\"elementor-heading-title elementor-size-xxl\">PAMinSA - 2019<\/h2>\t\t<\/div>\n\t\t\t\t<\/div>\n\t\t\t\t\t<\/div>\n\t\t<\/div>\n\t\t\t\t\t<\/div>\n\t\t<\/section>\n\t\t\t\t<section class=\"elementor-section elementor-top-section elementor-element elementor-element-fc146c0 elementor-section-boxed elementor-section-height-default elementor-section-height-default\" data-id=\"fc146c0\" data-element_type=\"section\">\n\t\t\t\t\t\t<div class=\"elementor-container elementor-column-gap-default\">\n\t\t\t\t\t<div class=\"elementor-column elementor-col-100 elementor-top-column elementor-element elementor-element-91ee80b\" data-id=\"91ee80b\" data-element_type=\"column\">\n\t\t\t<div class=\"elementor-widget-wrap elementor-element-populated\">\n\t\t\t\t\t\t<div class=\"elementor-element elementor-element-b0fff3b elementor-widget-divider--view-line elementor-widget elementor-widget-divider\" data-id=\"b0fff3b\" data-element_type=\"widget\" data-widget_type=\"divider.default\">\n\t\t\t\t<div class=\"elementor-widget-container\">\n\t\t\t\t\t<div class=\"elementor-divider\">\n\t\t\t<span class=\"elementor-divider-separator\">\n\t\t\t\t\t\t<\/span>\n\t\t<\/div>\n\t\t\t\t<\/div>\n\t\t\t\t<\/div>\n\t\t\t\t\t<\/div>\n\t\t<\/div>\n\t\t\t\t\t<\/div>\n\t\t<\/section>\n\t\t\t\t<section class=\"elementor-section elementor-top-section elementor-element elementor-element-91e7063 elementor-section-boxed elementor-section-height-default elementor-section-height-default\" data-id=\"91e7063\" data-element_type=\"section\">\n\t\t\t\t\t\t<div class=\"elementor-container elementor-column-gap-default\">\n\t\t\t\t\t<div class=\"elementor-column elementor-col-100 elementor-top-column elementor-element elementor-element-e9b829a\" data-id=\"e9b829a\" data-element_type=\"column\">\n\t\t\t<div class=\"elementor-widget-wrap elementor-element-populated\">\n\t\t\t\t\t\t<div class=\"elementor-element elementor-element-436fe2a elementor-widget elementor-widget-text-editor\" data-id=\"436fe2a\" data-element_type=\"widget\" data-widget_type=\"text-editor.default\">\n\t\t\t\t<div class=\"elementor-widget-container\">\n\t\t\t\t\t\t\t<p><strong>CONGRESSO DA ASSOCIA\u00c7\u00c3O LATINO AMERICANA DE PALEOPATOLOGIA (PAMinSA)<\/strong><\/p><p style=\"text-align: justify;\"><span style=\"font-family: Montserrat, sans-serif; font-size: 14px; font-style: normal; font-variant-ligatures: normal; font-variant-caps: normal; font-weight: 400;\">O tradicional Congresso da Associa\u00e7\u00e3o Latino Americana de Paleopatologia &#8211;\u00a0<\/span><a style=\"font-family: Montserrat, sans-serif; font-size: 14px; font-style: normal; font-variant-ligatures: normal; font-variant-caps: normal; font-weight: 400; background-color: #ffffff;\" href=\"https:\/\/paleopathology-association.wildapricot.org\/\"><i style=\"font-size: 14px;\"><span style=\"font-size: 14px; font-weight: 400;\">PAMinSA<\/span><\/i><\/a><span style=\"font-family: Montserrat, sans-serif; font-size: 14px; font-style: normal; font-variant-ligatures: normal; font-variant-caps: normal; font-weight: 400;\">\u00a0&#8211; ser\u00e1 realizado na Universidade de S\u00e3o Paulo. O Laborat\u00f3rio de Arqueologia e Antropologia Ambiental e Evolutiva (LAAAE) faz parte da Comiss\u00e3o Organizadora do evento. A submiss\u00e3o de resumos j\u00e1 est\u00e1 aberta e o prazo vai at\u00e9 10\/05\/2019.<\/span><\/p><p style=\"text-align: justify;\"><span style=\"font-family: Montserrat, sans-serif; font-size: 14px; font-style: normal; font-variant-ligatures: normal; font-variant-caps: normal; font-weight: 400;\"><strong>Para maiores informa\u00e7\u00f5es acesse o site do Congresso:<\/strong> <a href=\"https:\/\/sites.usp.br\/paminsa\/pb\/\">PAMinSA<\/a><\/span><\/p>\t\t\t\t\t\t<\/div>\n\t\t\t\t<\/div>\n\t\t\t\t\t<\/div>\n\t\t<\/div>\n\t\t\t\t\t<\/div>\n\t\t<\/section>\n\t\t\t\t<\/div>\n\t\t","protected":false},"excerpt":{"rendered":"<p>PAMinSA &#8211; 2019 CONGRESSO DA ASSOCIA\u00c7\u00c3O LATINO AMERICANA DE PALEOPATOLOGIA (PAMinSA) O tradicional Congresso da Associa\u00e7\u00e3o Latino Americana de Paleopatologia &#8211;\u00a0PAMinSA\u00a0&#8211; ser\u00e1 realizado na Universidade de S\u00e3o Paulo. O Laborat\u00f3rio de Arqueologia e Antropologia Ambiental e Evolutiva (LAAAE) faz parte da Comiss\u00e3o Organizadora do evento. A submiss\u00e3o de resumos j\u00e1 est\u00e1 aberta e o prazo [&hellip;]<\/p>\n","protected":false},"author":22221,"featured_media":0,"parent":1917,"menu_order":0,"comment_status":"closed","ping_status":"closed","template":"","meta":{"_monsterinsights_skip_tracking":false,"_monsterinsights_sitenote_active":false,"_monsterinsights_sitenote_note":"","_monsterinsights_sitenote_category":0,"footnotes":"","_links_to":"","_links_to_target":""},"class_list":["post-1679","page","type-page","status-publish","hentry","entry"],"_links":{"self":[{"href":"https:\/\/sites.usp.br\/laaae\/es\/wp-json\/wp\/v2\/pages\/1679","targetHints":{"allow":["GET"]}}],"collection":[{"href":"https:\/\/sites.usp.br\/laaae\/es\/wp-json\/wp\/v2\/pages"}],"about":[{"href":"https:\/\/sites.usp.br\/laaae\/es\/wp-json\/wp\/v2\/types\/page"}],"author":[{"embeddable":true,"href":"https:\/\/sites.usp.br\/laaae\/es\/wp-json\/wp\/v2\/users\/22221"}],"replies":[{"embeddable":true,"href":"https:\/\/sites.usp.br\/laaae\/es\/wp-json\/wp\/v2\/comments?post=1679"}],"version-history":[{"count":4,"href":"https:\/\/sites.usp.br\/laaae\/es\/wp-json\/wp\/v2\/pages\/1679\/revisions"}],"predecessor-version":[{"id":2087,"href":"https:\/\/sites.usp.br\/laaae\/es\/wp-json\/wp\/v2\/pages\/1679\/revisions\/2087"}],"up":[{"embeddable":true,"href":"https:\/\/sites.usp.br\/laaae\/es\/wp-json\/wp\/v2\/pages\/1917"}],"wp:attachment":[{"href":"https:\/\/sites.usp.br\/laaae\/es\/wp-json\/wp\/v2\/media?parent=1679"}],"curies":[{"name":"wp","href":"https:\/\/api.w.org\/{rel}","templated":true}]}}