{"id":1686,"date":"2020-12-20T09:39:27","date_gmt":"2020-12-20T11:39:27","guid":{"rendered":"http:\/\/sites.usp.br\/maxplanck\/?page_id=1686"},"modified":"2020-12-21T17:54:50","modified_gmt":"2020-12-21T19:54:50","slug":"documentarios-e-videos","status":"publish","type":"page","link":"https:\/\/sites.usp.br\/laaae\/es\/extensao\/documentarios-e-videos\/","title":{"rendered":"(Portugu\u00eas) Document\u00e1rios e v\u00eddeos"},"content":{"rendered":"\t\t<div data-elementor-type=\"wp-page\" data-elementor-id=\"1686\" class=\"elementor elementor-1686\" data-elementor-post-type=\"page\">\n\t\t\t\t\t\t<section class=\"elementor-section elementor-top-section elementor-element elementor-element-fa8f0e7 elementor-section-boxed elementor-section-height-default elementor-section-height-default\" data-id=\"fa8f0e7\" data-element_type=\"section\">\n\t\t\t\t\t\t<div class=\"elementor-container elementor-column-gap-default\">\n\t\t\t\t\t<div class=\"elementor-column elementor-col-100 elementor-top-column elementor-element elementor-element-8e7fb91\" data-id=\"8e7fb91\" data-element_type=\"column\">\n\t\t\t<div class=\"elementor-widget-wrap elementor-element-populated\">\n\t\t\t\t\t\t<div class=\"elementor-element elementor-element-9d0941d elementor-widget elementor-widget-heading\" data-id=\"9d0941d\" data-element_type=\"widget\" data-widget_type=\"heading.default\">\n\t\t\t\t<div class=\"elementor-widget-container\">\n\t\t\t<h2 class=\"elementor-heading-title elementor-size-xxl\">Na M\u00eddia<\/h2>\t\t<\/div>\n\t\t\t\t<\/div>\n\t\t\t\t\t<\/div>\n\t\t<\/div>\n\t\t\t\t\t<\/div>\n\t\t<\/section>\n\t\t\t\t<section class=\"elementor-section elementor-top-section elementor-element elementor-element-fc146c0 elementor-section-boxed elementor-section-height-default elementor-section-height-default\" data-id=\"fc146c0\" data-element_type=\"section\">\n\t\t\t\t\t\t<div class=\"elementor-container elementor-column-gap-default\">\n\t\t\t\t\t<div class=\"elementor-column elementor-col-100 elementor-top-column elementor-element elementor-element-91ee80b\" data-id=\"91ee80b\" data-element_type=\"column\">\n\t\t\t<div class=\"elementor-widget-wrap elementor-element-populated\">\n\t\t\t\t\t\t<div class=\"elementor-element elementor-element-b0fff3b elementor-widget-divider--view-line elementor-widget elementor-widget-divider\" data-id=\"b0fff3b\" data-element_type=\"widget\" data-widget_type=\"divider.default\">\n\t\t\t\t<div class=\"elementor-widget-container\">\n\t\t\t\t\t<div class=\"elementor-divider\">\n\t\t\t<span class=\"elementor-divider-separator\">\n\t\t\t\t\t\t<\/span>\n\t\t<\/div>\n\t\t\t\t<\/div>\n\t\t\t\t<\/div>\n\t\t\t\t\t<\/div>\n\t\t<\/div>\n\t\t\t\t\t<\/div>\n\t\t<\/section>\n\t\t\t\t<section class=\"elementor-section elementor-top-section elementor-element elementor-element-91e7063 elementor-section-boxed elementor-section-height-default elementor-section-height-default\" data-id=\"91e7063\" data-element_type=\"section\">\n\t\t\t\t\t\t<div class=\"elementor-container elementor-column-gap-default\">\n\t\t\t\t\t<div class=\"elementor-column elementor-col-100 elementor-top-column elementor-element elementor-element-e9b829a\" data-id=\"e9b829a\" data-element_type=\"column\">\n\t\t\t<div class=\"elementor-widget-wrap elementor-element-populated\">\n\t\t\t\t\t\t<div class=\"elementor-element elementor-element-436fe2a elementor-widget elementor-widget-text-editor\" data-id=\"436fe2a\" data-element_type=\"widget\" data-widget_type=\"text-editor.default\">\n\t\t\t\t<div class=\"elementor-widget-container\">\n\t\t\t\t\t\t\t<p><strong>DOCUMENT\u00c1RIOS E V\u00cdDEOS<\/strong><\/p><p style=\"text-align: justify;\">O Laborat\u00f3rio de Arqueologia e Antropologia Ambiental e Evolutiva considera que o trabalho jornal\u00edsticos \u00e9 um dos principais vetores para a divulga\u00e7\u00e3o das nossas pesquisas junto \u00e0 sociedade. Abaixo segue uma lista de mat\u00e9rias, document\u00e1rios e programas que foram feitos sobre nosso trabalho. Nesse link voc\u00ea encontra um apanhado das principais mat\u00e9rias em v\u00eddeo.<\/p>\t\t\t\t\t\t<\/div>\n\t\t\t\t<\/div>\n\t\t\t\t\t<\/div>\n\t\t<\/div>\n\t\t\t\t\t<\/div>\n\t\t<\/section>\n\t\t\t\t<section class=\"elementor-section elementor-top-section elementor-element elementor-element-3699482 elementor-section-boxed elementor-section-height-default elementor-section-height-default\" data-id=\"3699482\" data-element_type=\"section\">\n\t\t\t\t\t\t<div class=\"elementor-container elementor-column-gap-default\">\n\t\t\t\t\t<div class=\"elementor-column elementor-col-100 elementor-top-column elementor-element elementor-element-e20b762\" data-id=\"e20b762\" data-element_type=\"column\">\n\t\t\t<div class=\"elementor-widget-wrap elementor-element-populated\">\n\t\t\t\t\t\t<div class=\"elementor-element elementor-element-a94244f elementor-widget elementor-widget-text-editor\" data-id=\"a94244f\" data-element_type=\"widget\" data-widget_type=\"text-editor.default\">\n\t\t\t\t<div class=\"elementor-widget-container\">\n\t\t\t\t\t\t\t<iframe src=\"https:\/\/www.youtube.com\/embed\/druHUqZwEFM\" width=\"560\" height=\"315\" frameborder=\"0\" allowfullscreen=\"allowfullscreen\"><\/iframe>\n\n<iframe src=\"https:\/\/www.youtube.com\/embed\/ryIOG-0ygXw\" width=\"560\" height=\"315\" frameborder=\"0\" allowfullscreen=\"allowfullscreen\"><\/iframe>\n\n<iframe src=\"https:\/\/www.youtube.com\/embed\/gBI96LSsrgk\" width=\"560\" height=\"315\" frameborder=\"0\" allowfullscreen=\"allowfullscreen\"><\/iframe>\n\n<iframe src=\"https:\/\/www.youtube.com\/embed\/hoK5yVqco4k\" width=\"560\" height=\"315\" frameborder=\"0\" allowfullscreen=\"allowfullscreen\"><\/iframe>\n\n<iframe src=\"https:\/\/www.youtube.com\/embed\/EsT6_Bhtd2Y\" width=\"560\" height=\"315\" frameborder=\"0\" allowfullscreen=\"allowfullscreen\"><\/iframe>\n\n<iframe src=\"https:\/\/www.youtube.com\/embed\/18dIK6cP5v4\" width=\"560\" height=\"315\" frameborder=\"0\" allowfullscreen=\"allowfullscreen\"><\/iframe>\n\n<iframe src=\"https:\/\/www.youtube.com\/embed\/vQEvAM2a2eo\" width=\"560\" height=\"315\" frameborder=\"0\" allowfullscreen=\"allowfullscreen\"><\/iframe>\n\n<iframe src=\"https:\/\/www.youtube.com\/embed\/B1dTLIred_8\" width=\"560\" height=\"315\" frameborder=\"0\" allowfullscreen=\"allowfullscreen\"><\/iframe>\n<p style=\"text-align: justify;\">\u00a0<strong style=\"font-size: 14px;\">ASSISTA TAMB\u00c9M:<\/strong><\/p>\n<p style=\"text-align: justify;\">Globo Terra de Minas \u2013 Escava\u00e7\u00f5es na Lapa do Santo \u2013 Parte 1 [<a href=\"https:\/\/www.youtube.com\/watch?v=fIqR7yxzCec&amp;app=desktop\">Link<\/a>].<\/p>\n<p style=\"text-align: justify;\">Globo Terra de Minas \u2013 Escava\u00e7\u00f5es na Lapa do Santo \u2013 Part 2 [<a href=\"http:\/\/redeglobo.globo.com\/mg\/globominas\/terrademinas\/videos\/t\/edicoes\/v\/terra-de-minas-acompanha-escavacoes-na-regiao-metropolitana-de-belo-horizonte\/2283604\/\">Link<\/a>].<\/p>\n<p style=\"text-align: justify;\">Globo \u2018Fant\u00e1stico\u2019 \u2013 Jornada da Vida mostra origem dos brasileiros h\u00e1 13 mil anos [<a href=\"http:\/\/g1.globo.com\/fantastico\/noticia\/2014\/12\/jornada-da-vida-mostra-origem-dos-brasileiros-ha-13-mil-anos.html\">Link<\/a>]\n<p style=\"text-align: justify;\">Globo \u2018Jornal Nacional\u2019 \u2013 Cr\u00e2nios humanos que viveram h\u00e1 mais de 10 mil anos em Minas est\u00e3o passando por exames\u201d [<a href=\"http:\/\/globotv.globo.com\/rede-globo\/jornal-nacional\/v\/cranios-humanos-que-viveram-ha-mais-de-10-mil-anos-em-minas-estao-passando-por-exames\/3818474\/\">Link<\/a>]\n<p style=\"text-align: justify;\">Globo Minas \u2018MG-TV\u2019 \u2013 Grupo de estudiosos encontra rel\u00edquias de ritual de sepultamento [<a href=\"http:\/\/globotv.globo.com\/rede-globo\/mgtv-1a-edicao\/t\/edicoes\/v\/grupo-de-estudiosos-encontra-reliquias-de-ritual-de-sepultamento\/2055914\/\">Link<\/a>]\n<p style=\"text-align: justify;\">Globo \u2018Jornal Nacional\u2019 \u2013 Arque\u00f3logos decifram como nossos antepassados enterravam os mortos [<a href=\"http:\/\/globotv.globo.com\/rede-globo\/jornal-nacional\/t\/edicoes\/v\/arqueologos-decifram-como-nossos-antepassados-enterravam-os-mortos\/2073264\/\">Link<\/a>]\n<p style=\"text-align: justify;\">Canal Curta \u2013 Em Busca dos Primeiros Brasileiros [<a href=\"https:\/\/vimeo.com\/192003467\">Link<\/a>]\t\t\t\t\t\t<\/div>\n\t\t\t\t<\/div>\n\t\t\t\t\t<\/div>\n\t\t<\/div>\n\t\t\t\t\t<\/div>\n\t\t<\/section>\n\t\t\t\t<\/div>\n\t\t","protected":false},"excerpt":{"rendered":"<p>Na M\u00eddia DOCUMENT\u00c1RIOS E V\u00cdDEOS O Laborat\u00f3rio de Arqueologia e Antropologia Ambiental e Evolutiva considera que o trabalho jornal\u00edsticos \u00e9 um dos principais vetores para a divulga\u00e7\u00e3o das nossas pesquisas junto \u00e0 sociedade. Abaixo segue uma lista de mat\u00e9rias, document\u00e1rios e programas que foram feitos sobre nosso trabalho. Nesse link voc\u00ea encontra um apanhado das [&hellip;]<\/p>\n","protected":false},"author":22221,"featured_media":0,"parent":1080,"menu_order":0,"comment_status":"closed","ping_status":"closed","template":"","meta":{"_monsterinsights_skip_tracking":false,"_monsterinsights_sitenote_active":false,"_monsterinsights_sitenote_note":"","_monsterinsights_sitenote_category":0,"footnotes":"","_links_to":"","_links_to_target":""},"class_list":["post-1686","page","type-page","status-publish","hentry","entry"],"_links":{"self":[{"href":"https:\/\/sites.usp.br\/laaae\/es\/wp-json\/wp\/v2\/pages\/1686","targetHints":{"allow":["GET"]}}],"collection":[{"href":"https:\/\/sites.usp.br\/laaae\/es\/wp-json\/wp\/v2\/pages"}],"about":[{"href":"https:\/\/sites.usp.br\/laaae\/es\/wp-json\/wp\/v2\/types\/page"}],"author":[{"embeddable":true,"href":"https:\/\/sites.usp.br\/laaae\/es\/wp-json\/wp\/v2\/users\/22221"}],"replies":[{"embeddable":true,"href":"https:\/\/sites.usp.br\/laaae\/es\/wp-json\/wp\/v2\/comments?post=1686"}],"version-history":[{"count":4,"href":"https:\/\/sites.usp.br\/laaae\/es\/wp-json\/wp\/v2\/pages\/1686\/revisions"}],"predecessor-version":[{"id":1959,"href":"https:\/\/sites.usp.br\/laaae\/es\/wp-json\/wp\/v2\/pages\/1686\/revisions\/1959"}],"up":[{"embeddable":true,"href":"https:\/\/sites.usp.br\/laaae\/es\/wp-json\/wp\/v2\/pages\/1080"}],"wp:attachment":[{"href":"https:\/\/sites.usp.br\/laaae\/es\/wp-json\/wp\/v2\/media?parent=1686"}],"curies":[{"name":"wp","href":"https:\/\/api.w.org\/{rel}","templated":true}]}}