{"id":1755,"date":"2020-12-20T11:58:30","date_gmt":"2020-12-20T13:58:30","guid":{"rendered":"http:\/\/sites.usp.br\/maxplanck\/?page_id=1755"},"modified":"2020-12-21T16:41:01","modified_gmt":"2020-12-21T18:41:01","slug":"coloquios-laaae","status":"publish","type":"page","link":"https:\/\/sites.usp.br\/laaae\/es\/eventos\/coloquios-laaae\/","title":{"rendered":"Evento &#8211; Col\u00f3quios"},"content":{"rendered":"\t\t<div data-elementor-type=\"wp-page\" data-elementor-id=\"1755\" class=\"elementor elementor-1755\" data-elementor-post-type=\"page\">\n\t\t\t\t\t\t<section class=\"elementor-section elementor-top-section elementor-element elementor-element-fa8f0e7 elementor-section-boxed elementor-section-height-default elementor-section-height-default\" data-id=\"fa8f0e7\" data-element_type=\"section\">\n\t\t\t\t\t\t<div class=\"elementor-container elementor-column-gap-default\">\n\t\t\t\t\t<div class=\"elementor-column elementor-col-100 elementor-top-column elementor-element elementor-element-8e7fb91\" data-id=\"8e7fb91\" data-element_type=\"column\">\n\t\t\t<div class=\"elementor-widget-wrap elementor-element-populated\">\n\t\t\t\t\t\t<div class=\"elementor-element elementor-element-9d0941d elementor-widget elementor-widget-heading\" data-id=\"9d0941d\" data-element_type=\"widget\" data-widget_type=\"heading.default\">\n\t\t\t\t<div class=\"elementor-widget-container\">\n\t\t\t<h2 class=\"elementor-heading-title elementor-size-xxl\">Col\u00f3quios - LAAAE<\/h2>\t\t<\/div>\n\t\t\t\t<\/div>\n\t\t\t\t\t<\/div>\n\t\t<\/div>\n\t\t\t\t\t<\/div>\n\t\t<\/section>\n\t\t\t\t<section class=\"elementor-section elementor-top-section elementor-element elementor-element-fc146c0 elementor-section-boxed elementor-section-height-default elementor-section-height-default\" data-id=\"fc146c0\" data-element_type=\"section\">\n\t\t\t\t\t\t<div class=\"elementor-container elementor-column-gap-default\">\n\t\t\t\t\t<div class=\"elementor-column elementor-col-100 elementor-top-column elementor-element elementor-element-91ee80b\" data-id=\"91ee80b\" data-element_type=\"column\">\n\t\t\t<div class=\"elementor-widget-wrap elementor-element-populated\">\n\t\t\t\t\t\t<div class=\"elementor-element elementor-element-b0fff3b elementor-widget-divider--view-line elementor-widget elementor-widget-divider\" data-id=\"b0fff3b\" data-element_type=\"widget\" data-widget_type=\"divider.default\">\n\t\t\t\t<div class=\"elementor-widget-container\">\n\t\t\t\t\t<div class=\"elementor-divider\">\n\t\t\t<span class=\"elementor-divider-separator\">\n\t\t\t\t\t\t<\/span>\n\t\t<\/div>\n\t\t\t\t<\/div>\n\t\t\t\t<\/div>\n\t\t\t\t\t<\/div>\n\t\t<\/div>\n\t\t\t\t\t<\/div>\n\t\t<\/section>\n\t\t\t\t<section class=\"elementor-section elementor-top-section elementor-element elementor-element-91e7063 elementor-section-boxed elementor-section-height-default elementor-section-height-default\" data-id=\"91e7063\" data-element_type=\"section\">\n\t\t\t\t\t\t<div class=\"elementor-container elementor-column-gap-default\">\n\t\t\t\t\t<div class=\"elementor-column elementor-col-100 elementor-top-column elementor-element elementor-element-e9b829a\" data-id=\"e9b829a\" data-element_type=\"column\">\n\t\t\t<div class=\"elementor-widget-wrap elementor-element-populated\">\n\t\t\t\t\t\t<div class=\"elementor-element elementor-element-436fe2a elementor-widget elementor-widget-text-editor\" data-id=\"436fe2a\" data-element_type=\"widget\" data-widget_type=\"text-editor.default\">\n\t\t\t\t<div class=\"elementor-widget-container\">\n\t\t\t\t\t\t\t<p style=\"text-align: justify;\">Nos Col\u00f3quios-LAAAE nossa equipe organiza uma s\u00e9rie de palestras com especialistas em diferentes temas correlacionados \u00e0s nossas linhas de pesquisa ao longo do ano. Em formato de palestras, tais col\u00f3quios s\u00e3o abertos ao p\u00fablico (o que inclui comunidade interna e externa da USP).<\/p><p style=\"text-align: justify;\"><span style=\"font-weight: 400;\">N\u00e3o h\u00e1 col\u00f3quios programados para o futuro pr\u00f3ximo.\u00a0\u00a0<\/span><\/p><p style=\"text-align: justify;\">\u00a0<\/p>\t\t\t\t\t\t<\/div>\n\t\t\t\t<\/div>\n\t\t\t\t\t<\/div>\n\t\t<\/div>\n\t\t\t\t\t<\/div>\n\t\t<\/section>\n\t\t\t\t<section class=\"elementor-section elementor-top-section elementor-element elementor-element-51be19d elementor-section-boxed elementor-section-height-default elementor-section-height-default\" data-id=\"51be19d\" data-element_type=\"section\">\n\t\t\t\t\t\t<div class=\"elementor-container elementor-column-gap-default\">\n\t\t\t\t\t<div class=\"elementor-column elementor-col-100 elementor-top-column elementor-element elementor-element-70d77e2\" data-id=\"70d77e2\" data-element_type=\"column\">\n\t\t\t<div class=\"elementor-widget-wrap elementor-element-populated\">\n\t\t\t\t\t\t<div class=\"elementor-element elementor-element-03d18d9 gallery-spacing-custom elementor-widget elementor-widget-image-gallery\" data-id=\"03d18d9\" data-element_type=\"widget\" data-widget_type=\"image-gallery.default\">\n\t\t\t\t<div class=\"elementor-widget-container\">\n\t\t\t\t\t<div class=\"elementor-image-gallery\">\n\t\t\t<div id='gallery-1' class='gallery galleryid-1755 gallery-columns-3 gallery-size-medium'><figure class='gallery-item'>\n\t\t\t<div class='gallery-icon portrait'>\n\t\t\t\t<a data-elementor-open-lightbox=\"yes\" data-elementor-lightbox-slideshow=\"03d18d9\" data-elementor-lightbox-title=\"2020-01\" data-e-action-hash=\"#elementor-action%3Aaction%3Dlightbox%26settings%3DeyJpZCI6MTIwNywidXJsIjoiaHR0cHM6XC9cL3NpdGVzLnVzcC5iclwvbGFhYWVcL3dwLWNvbnRlbnRcL3VwbG9hZHNcL3NpdGVzXC83NDZcLzIwMjBcLzExXC8yMDIwLTAxLmpwZyIsInNsaWRlc2hvdyI6IjAzZDE4ZDkifQ%3D%3D\" href='https:\/\/sites.usp.br\/laaae\/wp-content\/uploads\/sites\/746\/2020\/11\/2020-01.jpg'><img fetchpriority=\"high\" decoding=\"async\" width=\"212\" height=\"300\" src=\"https:\/\/sites.usp.br\/laaae\/wp-content\/uploads\/sites\/746\/2020\/11\/2020-01-212x300.jpg\" class=\"attachment-medium size-medium\" alt=\"\" srcset=\"https:\/\/sites.usp.br\/laaae\/wp-content\/uploads\/sites\/746\/2020\/11\/2020-01-212x300.jpg 212w, https:\/\/sites.usp.br\/laaae\/wp-content\/uploads\/sites\/746\/2020\/11\/2020-01-400x566.jpg 400w, https:\/\/sites.usp.br\/laaae\/wp-content\/uploads\/sites\/746\/2020\/11\/2020-01.jpg 724w\" sizes=\"(max-width: 212px) 100vw, 212px\" \/><\/a>\n\t\t\t<\/div><\/figure><figure class='gallery-item'>\n\t\t\t<div class='gallery-icon portrait'>\n\t\t\t\t<a data-elementor-open-lightbox=\"yes\" data-elementor-lightbox-slideshow=\"03d18d9\" data-elementor-lightbox-title=\"2020-02\" data-e-action-hash=\"#elementor-action%3Aaction%3Dlightbox%26settings%3DeyJpZCI6MTIwNiwidXJsIjoiaHR0cHM6XC9cL3NpdGVzLnVzcC5iclwvbGFhYWVcL3dwLWNvbnRlbnRcL3VwbG9hZHNcL3NpdGVzXC83NDZcLzIwMjBcLzExXC8yMDIwLTAyLmpwZyIsInNsaWRlc2hvdyI6IjAzZDE4ZDkifQ%3D%3D\" href='https:\/\/sites.usp.br\/laaae\/wp-content\/uploads\/sites\/746\/2020\/11\/2020-02.jpg'><img decoding=\"async\" width=\"212\" height=\"300\" src=\"https:\/\/sites.usp.br\/laaae\/wp-content\/uploads\/sites\/746\/2020\/11\/2020-02-212x300.jpg\" class=\"attachment-medium size-medium\" alt=\"\" srcset=\"https:\/\/sites.usp.br\/laaae\/wp-content\/uploads\/sites\/746\/2020\/11\/2020-02-212x300.jpg 212w, https:\/\/sites.usp.br\/laaae\/wp-content\/uploads\/sites\/746\/2020\/11\/2020-02-400x566.jpg 400w, https:\/\/sites.usp.br\/laaae\/wp-content\/uploads\/sites\/746\/2020\/11\/2020-02.jpg 724w\" sizes=\"(max-width: 212px) 100vw, 212px\" \/><\/a>\n\t\t\t<\/div><\/figure><figure class='gallery-item'>\n\t\t\t<div class='gallery-icon portrait'>\n\t\t\t\t<a data-elementor-open-lightbox=\"yes\" data-elementor-lightbox-slideshow=\"03d18d9\" data-elementor-lightbox-title=\"2019-01\" data-e-action-hash=\"#elementor-action%3Aaction%3Dlightbox%26settings%3DeyJpZCI6MTIwNSwidXJsIjoiaHR0cHM6XC9cL3NpdGVzLnVzcC5iclwvbGFhYWVcL3dwLWNvbnRlbnRcL3VwbG9hZHNcL3NpdGVzXC83NDZcLzIwMjBcLzExXC8yMDE5LTAxLmpwZyIsInNsaWRlc2hvdyI6IjAzZDE4ZDkifQ%3D%3D\" href='https:\/\/sites.usp.br\/laaae\/wp-content\/uploads\/sites\/746\/2020\/11\/2019-01.jpg'><img decoding=\"async\" width=\"212\" height=\"300\" src=\"https:\/\/sites.usp.br\/laaae\/wp-content\/uploads\/sites\/746\/2020\/11\/2019-01-212x300.jpg\" class=\"attachment-medium size-medium\" alt=\"\" srcset=\"https:\/\/sites.usp.br\/laaae\/wp-content\/uploads\/sites\/746\/2020\/11\/2019-01-212x300.jpg 212w, https:\/\/sites.usp.br\/laaae\/wp-content\/uploads\/sites\/746\/2020\/11\/2019-01-400x566.jpg 400w, https:\/\/sites.usp.br\/laaae\/wp-content\/uploads\/sites\/746\/2020\/11\/2019-01.jpg 724w\" sizes=\"(max-width: 212px) 100vw, 212px\" \/><\/a>\n\t\t\t<\/div><\/figure><figure class='gallery-item'>\n\t\t\t<div class='gallery-icon portrait'>\n\t\t\t\t<a data-elementor-open-lightbox=\"yes\" data-elementor-lightbox-slideshow=\"03d18d9\" data-elementor-lightbox-title=\"2019-02\" data-e-action-hash=\"#elementor-action%3Aaction%3Dlightbox%26settings%3DeyJpZCI6MTIwNCwidXJsIjoiaHR0cHM6XC9cL3NpdGVzLnVzcC5iclwvbGFhYWVcL3dwLWNvbnRlbnRcL3VwbG9hZHNcL3NpdGVzXC83NDZcLzIwMjBcLzExXC8yMDE5LTAyLmpwZyIsInNsaWRlc2hvdyI6IjAzZDE4ZDkifQ%3D%3D\" href='https:\/\/sites.usp.br\/laaae\/wp-content\/uploads\/sites\/746\/2020\/11\/2019-02.jpg'><img loading=\"lazy\" decoding=\"async\" width=\"212\" height=\"300\" src=\"https:\/\/sites.usp.br\/laaae\/wp-content\/uploads\/sites\/746\/2020\/11\/2019-02-212x300.jpg\" class=\"attachment-medium size-medium\" alt=\"\" srcset=\"https:\/\/sites.usp.br\/laaae\/wp-content\/uploads\/sites\/746\/2020\/11\/2019-02-212x300.jpg 212w, https:\/\/sites.usp.br\/laaae\/wp-content\/uploads\/sites\/746\/2020\/11\/2019-02-400x566.jpg 400w, https:\/\/sites.usp.br\/laaae\/wp-content\/uploads\/sites\/746\/2020\/11\/2019-02.jpg 724w\" sizes=\"(max-width: 212px) 100vw, 212px\" \/><\/a>\n\t\t\t<\/div><\/figure><figure class='gallery-item'>\n\t\t\t<div class='gallery-icon portrait'>\n\t\t\t\t<a data-elementor-open-lightbox=\"yes\" data-elementor-lightbox-slideshow=\"03d18d9\" data-elementor-lightbox-title=\"2019-03\" data-e-action-hash=\"#elementor-action%3Aaction%3Dlightbox%26settings%3DeyJpZCI6MTIwMywidXJsIjoiaHR0cHM6XC9cL3NpdGVzLnVzcC5iclwvbGFhYWVcL3dwLWNvbnRlbnRcL3VwbG9hZHNcL3NpdGVzXC83NDZcLzIwMjBcLzExXC8yMDE5LTAzLmpwZyIsInNsaWRlc2hvdyI6IjAzZDE4ZDkifQ%3D%3D\" href='https:\/\/sites.usp.br\/laaae\/wp-content\/uploads\/sites\/746\/2020\/11\/2019-03.jpg'><img loading=\"lazy\" decoding=\"async\" width=\"212\" height=\"300\" src=\"https:\/\/sites.usp.br\/laaae\/wp-content\/uploads\/sites\/746\/2020\/11\/2019-03-212x300.jpg\" class=\"attachment-medium size-medium\" alt=\"\" srcset=\"https:\/\/sites.usp.br\/laaae\/wp-content\/uploads\/sites\/746\/2020\/11\/2019-03-212x300.jpg 212w, https:\/\/sites.usp.br\/laaae\/wp-content\/uploads\/sites\/746\/2020\/11\/2019-03-400x566.jpg 400w, https:\/\/sites.usp.br\/laaae\/wp-content\/uploads\/sites\/746\/2020\/11\/2019-03.jpg 724w\" sizes=\"(max-width: 212px) 100vw, 212px\" \/><\/a>\n\t\t\t<\/div><\/figure><figure class='gallery-item'>\n\t\t\t<div class='gallery-icon portrait'>\n\t\t\t\t<a data-elementor-open-lightbox=\"yes\" data-elementor-lightbox-slideshow=\"03d18d9\" data-elementor-lightbox-title=\"2018-04\" data-e-action-hash=\"#elementor-action%3Aaction%3Dlightbox%26settings%3DeyJpZCI6MTE5OSwidXJsIjoiaHR0cHM6XC9cL3NpdGVzLnVzcC5iclwvbGFhYWVcL3dwLWNvbnRlbnRcL3VwbG9hZHNcL3NpdGVzXC83NDZcLzIwMjBcLzExXC8yMDE4LTA0LmpwZyIsInNsaWRlc2hvdyI6IjAzZDE4ZDkifQ%3D%3D\" href='https:\/\/sites.usp.br\/laaae\/wp-content\/uploads\/sites\/746\/2020\/11\/2018-04.jpg'><img loading=\"lazy\" decoding=\"async\" width=\"212\" height=\"300\" src=\"https:\/\/sites.usp.br\/laaae\/wp-content\/uploads\/sites\/746\/2020\/11\/2018-04-212x300.jpg\" class=\"attachment-medium size-medium\" alt=\"\" srcset=\"https:\/\/sites.usp.br\/laaae\/wp-content\/uploads\/sites\/746\/2020\/11\/2018-04-212x300.jpg 212w, https:\/\/sites.usp.br\/laaae\/wp-content\/uploads\/sites\/746\/2020\/11\/2018-04-400x566.jpg 400w, https:\/\/sites.usp.br\/laaae\/wp-content\/uploads\/sites\/746\/2020\/11\/2018-04.jpg 679w\" sizes=\"(max-width: 212px) 100vw, 212px\" \/><\/a>\n\t\t\t<\/div><\/figure><figure class='gallery-item'>\n\t\t\t<div class='gallery-icon portrait'>\n\t\t\t\t<a data-elementor-open-lightbox=\"yes\" data-elementor-lightbox-slideshow=\"03d18d9\" data-elementor-lightbox-title=\"2018-01\" data-e-action-hash=\"#elementor-action%3Aaction%3Dlightbox%26settings%3DeyJpZCI6MTIwMiwidXJsIjoiaHR0cHM6XC9cL3NpdGVzLnVzcC5iclwvbGFhYWVcL3dwLWNvbnRlbnRcL3VwbG9hZHNcL3NpdGVzXC83NDZcLzIwMjBcLzExXC8yMDE4LTAxLmpwZyIsInNsaWRlc2hvdyI6IjAzZDE4ZDkifQ%3D%3D\" href='https:\/\/sites.usp.br\/laaae\/wp-content\/uploads\/sites\/746\/2020\/11\/2018-01.jpg'><img loading=\"lazy\" decoding=\"async\" width=\"212\" height=\"300\" src=\"https:\/\/sites.usp.br\/laaae\/wp-content\/uploads\/sites\/746\/2020\/11\/2018-01-212x300.jpg\" class=\"attachment-medium size-medium\" alt=\"\" srcset=\"https:\/\/sites.usp.br\/laaae\/wp-content\/uploads\/sites\/746\/2020\/11\/2018-01-212x300.jpg 212w, https:\/\/sites.usp.br\/laaae\/wp-content\/uploads\/sites\/746\/2020\/11\/2018-01-400x566.jpg 400w, https:\/\/sites.usp.br\/laaae\/wp-content\/uploads\/sites\/746\/2020\/11\/2018-01.jpg 678w\" sizes=\"(max-width: 212px) 100vw, 212px\" \/><\/a>\n\t\t\t<\/div><\/figure><figure class='gallery-item'>\n\t\t\t<div class='gallery-icon portrait'>\n\t\t\t\t<a data-elementor-open-lightbox=\"yes\" data-elementor-lightbox-slideshow=\"03d18d9\" data-elementor-lightbox-title=\"2018-02\" data-e-action-hash=\"#elementor-action%3Aaction%3Dlightbox%26settings%3DeyJpZCI6MTIwMSwidXJsIjoiaHR0cHM6XC9cL3NpdGVzLnVzcC5iclwvbGFhYWVcL3dwLWNvbnRlbnRcL3VwbG9hZHNcL3NpdGVzXC83NDZcLzIwMjBcLzExXC8yMDE4LTAyLmpwZyIsInNsaWRlc2hvdyI6IjAzZDE4ZDkifQ%3D%3D\" href='https:\/\/sites.usp.br\/laaae\/wp-content\/uploads\/sites\/746\/2020\/11\/2018-02.jpg'><img loading=\"lazy\" decoding=\"async\" width=\"212\" height=\"300\" src=\"https:\/\/sites.usp.br\/laaae\/wp-content\/uploads\/sites\/746\/2020\/11\/2018-02-212x300.jpg\" class=\"attachment-medium size-medium\" alt=\"\" srcset=\"https:\/\/sites.usp.br\/laaae\/wp-content\/uploads\/sites\/746\/2020\/11\/2018-02-212x300.jpg 212w, https:\/\/sites.usp.br\/laaae\/wp-content\/uploads\/sites\/746\/2020\/11\/2018-02-724x1024.jpg 724w, https:\/\/sites.usp.br\/laaae\/wp-content\/uploads\/sites\/746\/2020\/11\/2018-02-768x1086.jpg 768w, https:\/\/sites.usp.br\/laaae\/wp-content\/uploads\/sites\/746\/2020\/11\/2018-02-400x566.jpg 400w, https:\/\/sites.usp.br\/laaae\/wp-content\/uploads\/sites\/746\/2020\/11\/2018-02.jpg 905w\" sizes=\"(max-width: 212px) 100vw, 212px\" \/><\/a>\n\t\t\t<\/div><\/figure><figure class='gallery-item'>\n\t\t\t<div class='gallery-icon portrait'>\n\t\t\t\t<a data-elementor-open-lightbox=\"yes\" data-elementor-lightbox-slideshow=\"03d18d9\" data-elementor-lightbox-title=\"2018-03\" data-e-action-hash=\"#elementor-action%3Aaction%3Dlightbox%26settings%3DeyJpZCI6MTIwMCwidXJsIjoiaHR0cHM6XC9cL3NpdGVzLnVzcC5iclwvbGFhYWVcL3dwLWNvbnRlbnRcL3VwbG9hZHNcL3NpdGVzXC83NDZcLzIwMjBcLzExXC8yMDE4LTAzLmpwZyIsInNsaWRlc2hvdyI6IjAzZDE4ZDkifQ%3D%3D\" href='https:\/\/sites.usp.br\/laaae\/wp-content\/uploads\/sites\/746\/2020\/11\/2018-03.jpg'><img loading=\"lazy\" decoding=\"async\" width=\"212\" height=\"300\" src=\"https:\/\/sites.usp.br\/laaae\/wp-content\/uploads\/sites\/746\/2020\/11\/2018-03-212x300.jpg\" class=\"attachment-medium size-medium\" alt=\"\" srcset=\"https:\/\/sites.usp.br\/laaae\/wp-content\/uploads\/sites\/746\/2020\/11\/2018-03-212x300.jpg 212w, https:\/\/sites.usp.br\/laaae\/wp-content\/uploads\/sites\/746\/2020\/11\/2018-03-724x1024.jpg 724w, https:\/\/sites.usp.br\/laaae\/wp-content\/uploads\/sites\/746\/2020\/11\/2018-03-768x1086.jpg 768w, https:\/\/sites.usp.br\/laaae\/wp-content\/uploads\/sites\/746\/2020\/11\/2018-03-400x566.jpg 400w, https:\/\/sites.usp.br\/laaae\/wp-content\/uploads\/sites\/746\/2020\/11\/2018-03.jpg 905w\" sizes=\"(max-width: 212px) 100vw, 212px\" \/><\/a>\n\t\t\t<\/div><\/figure>\n\t\t<\/div>\n\t\t<\/div>\n\t\t\t\t<\/div>\n\t\t\t\t<\/div>\n\t\t\t\t\t<\/div>\n\t\t<\/div>\n\t\t\t\t\t<\/div>\n\t\t<\/section>\n\t\t\t\t<section class=\"elementor-section elementor-top-section elementor-element elementor-element-ae822ba elementor-section-boxed elementor-section-height-default elementor-section-height-default\" data-id=\"ae822ba\" data-element_type=\"section\">\n\t\t\t\t\t\t<div class=\"elementor-container elementor-column-gap-default\">\n\t\t\t\t\t<div class=\"elementor-column elementor-col-100 elementor-top-column elementor-element elementor-element-bad9548\" data-id=\"bad9548\" data-element_type=\"column\">\n\t\t\t<div class=\"elementor-widget-wrap elementor-element-populated\">\n\t\t\t\t\t\t<div class=\"elementor-element elementor-element-ec80aff elementor-widget elementor-widget-text-editor\" data-id=\"ec80aff\" data-element_type=\"widget\" data-widget_type=\"text-editor.default\">\n\t\t\t\t<div class=\"elementor-widget-container\">\n\t\t\t\t\t\t\t<p style=\"text-align: justify;\"><strong style=\"font-size: 14px;\">2020<\/strong><\/p><p style=\"text-align: justify;\"><span style=\"font-size: 14px; font-weight: 400;\">Dra. T\u00e1bita H\u00fcnemeier (Dpt. de Gen\u00e9tica e Biologia Evolutiva da USP, Brasil). 10 de mar\u00e7o de 2020. \u201cOrigem e dispers\u00e3o dos Nativos Brasileiros costeiros\u201d<\/span><\/p><p style=\"text-align: justify;\"><strong>2019<\/strong><\/p><p style=\"text-align: justify;\"><span style=\"font-weight: 400;\">Dr. Stephanie Schnorr (University of Nevada, Department of Anthropology, EUA; Konrad Lorenz Institute, Austria). 27 de novembro de 2019. \u201cAncient foods, fiber, and bugs: microbiomes and functional genetics to discover past human behaviors\u201d<\/span><\/p><p style=\"text-align: justify;\"><span style=\"font-weight: 400;\">Dr. M\u00e1rcio Ferreira da Silva (Dpt de Antropologia da USP, Brasil). 4 de novembro de 2019. \u201cPor uma arqueologia do parentesco\u201d<\/span><\/p><p style=\"text-align: justify;\"><span style=\"font-weight: 400;\">Dr. Luiz Pezo Lanfranco (Dpt. de Gen\u00e9tica e Biologia Evolutiva da USP, Brasil). 28 de mar\u00e7o de 2019. \u201cBioarqueologia em Caral: ber\u00e7o da civiliza\u00e7\u00e3o andina\u201d<\/span><\/p><p style=\"text-align: justify;\"><span style=\"font-weight: 400;\">Dra. Eliane Sebeika Rapchan (Universidade Estadual de Maring\u00e1, Brasil). 15 de fevereiro de 2019. \u201cRela\u00e7\u00f5es entre animais humanos e n\u00e3o-humanos\u201d<\/span><\/p><p style=\"text-align: justify;\"><span style=\"font-weight: 400;\">Dr. Eduardo Guerra Amorin (University of California \u2013 UCLA, EUA). 24 de janeiro de 2019. \u201cPaleogen\u00e9tica das migra\u00e7\u00f5es b\u00e1rbaras\u201d<\/span><\/p><p style=\"text-align: justify;\"><strong>2018<\/strong><\/p><p style=\"text-align: justify;\"><span style=\"font-weight: 400;\">Dr. Cosimo Posth (Max Planck Institute for the Science of Human History, Alemanha). 26 de novembro de 2018. \u201cArcheo-genetics of the Americas\u201d<\/span><\/p><p style=\"text-align: justify;\"><span style=\"font-weight: 400;\">Dr. Lucas Bueno (Universidade Federal de Santa Catarina, Brasil). 9 de dezembro de 2018. \u201cMobilidade e territ\u00f3rio no povoamento do planalto central Brasileiro\u201d<\/span><\/p><p style=\"text-align: justify;\"><span style=\"font-weight: 400;\">Dr. Andr\u00e9 Strauss (Museu de Arqueologia e Etnologia da USP, Brasil). 12 de novembro de 2018. \u201cArqueogen\u00e9tica do Povo de Luzia: implica\u00e7\u00f5es para o povoamento da Am\u00e9rica\u201d<\/span><\/p><p style=\"text-align: justify;\"><span style=\"font-weight: 400;\">Msc. Priscilla Ulguim (Teeside University). 19 de outubro de 2018. \u201cBits, bytes and bones: possibilidades da bioarqueologia digital\u201d<\/span><\/p><p style=\"text-align: justify;\"><span style=\"font-weight: 400;\">Dr. Jennifer Kerner (Universit\u00e9 Paris Nanterre, Fran\u00e7a). 19 de outubro de 2018. \u201cAs pr\u00e1ticas funer\u00e1rias no sul da China no in\u00edcio do Neol\u00edtico\u201c<\/span><\/p>\t\t\t\t\t\t<\/div>\n\t\t\t\t<\/div>\n\t\t\t\t\t<\/div>\n\t\t<\/div>\n\t\t\t\t\t<\/div>\n\t\t<\/section>\n\t\t\t\t<\/div>\n\t\t","protected":false},"excerpt":{"rendered":"<p>Col\u00f3quios &#8211; LAAAE Nos Col\u00f3quios-LAAAE nossa equipe organiza uma s\u00e9rie de palestras com especialistas em diferentes temas correlacionados \u00e0s nossas linhas de pesquisa ao longo do ano. Em formato de palestras, tais col\u00f3quios s\u00e3o abertos ao p\u00fablico (o que inclui comunidade interna e externa da USP). N\u00e3o h\u00e1 col\u00f3quios programados para o futuro pr\u00f3ximo.\u00a0\u00a0 \u00a0 [&hellip;]<\/p>\n","protected":false},"author":22221,"featured_media":0,"parent":1917,"menu_order":0,"comment_status":"closed","ping_status":"closed","template":"","meta":{"_monsterinsights_skip_tracking":false,"_monsterinsights_sitenote_active":false,"_monsterinsights_sitenote_note":"","_monsterinsights_sitenote_category":0,"footnotes":"","_links_to":"","_links_to_target":""},"class_list":["post-1755","page","type-page","status-publish","hentry","entry"],"_links":{"self":[{"href":"https:\/\/sites.usp.br\/laaae\/es\/wp-json\/wp\/v2\/pages\/1755","targetHints":{"allow":["GET"]}}],"collection":[{"href":"https:\/\/sites.usp.br\/laaae\/es\/wp-json\/wp\/v2\/pages"}],"about":[{"href":"https:\/\/sites.usp.br\/laaae\/es\/wp-json\/wp\/v2\/types\/page"}],"author":[{"embeddable":true,"href":"https:\/\/sites.usp.br\/laaae\/es\/wp-json\/wp\/v2\/users\/22221"}],"replies":[{"embeddable":true,"href":"https:\/\/sites.usp.br\/laaae\/es\/wp-json\/wp\/v2\/comments?post=1755"}],"version-history":[{"count":4,"href":"https:\/\/sites.usp.br\/laaae\/es\/wp-json\/wp\/v2\/pages\/1755\/revisions"}],"predecessor-version":[{"id":1926,"href":"https:\/\/sites.usp.br\/laaae\/es\/wp-json\/wp\/v2\/pages\/1755\/revisions\/1926"}],"up":[{"embeddable":true,"href":"https:\/\/sites.usp.br\/laaae\/es\/wp-json\/wp\/v2\/pages\/1917"}],"wp:attachment":[{"href":"https:\/\/sites.usp.br\/laaae\/es\/wp-json\/wp\/v2\/media?parent=1755"}],"curies":[{"name":"wp","href":"https:\/\/api.w.org\/{rel}","templated":true}]}}